{"id":12693,"date":"2023-11-07T14:36:54","date_gmt":"2023-11-07T13:36:54","guid":{"rendered":"https:\/\/www.camping-lyon.com\/fete-des-lumieres-lyon-8-decembre\/"},"modified":"2025-10-13T17:49:02","modified_gmt":"2025-10-13T15:49:02","slug":"fete-des-lumieres-lyon-8-decembre","status":"publish","type":"page","link":"https:\/\/www.camping-lyon.com\/de\/fete-des-lumieres-lyon-8-decembre\/","title":{"rendered":"F\u00eate des Lumi\u00e8res"},"content":{"rendered":"<div class=\"wpb-content-wrapper\"><p>[vc_row][vc_column][vc_empty_space]<img decoding=\"async\" class=\"header-img\" src=\"https:\/\/www.camping-lyon.com\/uploads\/sites\/3\/2023\/11\/citykamp-lyon-fete-des-lumieres-header.jpeg\"><div class=\"wrappedcontent\">[vc_column_text css=&#8220;&#8220;]<\/p>\n<h1 style=\"text-align: center;\"><strong>F\u00caTE DES LUMI\u00c8RES \u00c0 LYON<br \/>\n<span style=\"font-size: 24pt;\">INFORMATIONS ET PROGRAMME DE L&#8217;\u00c9DITION 2025<\/span><br \/>\n<\/strong><\/h1>\n<p>[\/vc_column_text]<\/div>[\/vc_column][\/vc_row][vc_row css=&#8220;.vc_custom_1699363666591{background-color: rgba(232,78,27,0.2) !important;*background-color: rgb(232,78,27) !important;}&#8220;][vc_column]<div class=\"wrappedcontent\">[vc_column_text css=&#8220;&#8220;]<\/p>\n<h2 style=\"text-align: center;\"><strong>LE 8 D\u00c9CEMBRE : UN \u00c9VENEMENT EMBL\u00c9MATIQUE DE LA VILLE DE LYON<\/strong><\/h2>\n<p style=\"text-align: center;\"><span style=\"color: #e84e1b;\">du 5 au 8 D\u00e9cembre 2025<\/span><\/p>\n<p style=\"text-align: center;\"><span style=\"font-size: 14pt;\">Chaque ann\u00e9e, d\u00e9but d\u00e9cembre, Lyon (Rh\u00f4ne), <strong>la ville lumi\u00e8re<\/strong>, se m\u00e9tamorphose en un <strong>spectacle lumineux gratuit \u00e0 ciel ouvert<\/strong>, ponctu\u00e9 d&#8217;installations majestueuses et de spectacles \u00e0 couper le souffle.<\/span><\/p>\n<p style=\"text-align: center;\"><span style=\"font-size: 14pt;\">La F\u00eate des Lumi\u00e8res \u00e0 Lyon est plus qu\u2019un simple \u00e9v\u00e9nement et devient une exp\u00e9rience sensorielle, culturelle et \u00e9motionnelle inoubliable qui attire des millions de visiteurs chaque ann\u00e9e. Pr\u00e9parez-vous \u00e0 \u00eatre \u00e9merveill\u00e9 et \u00e0 vivre une exp\u00e9rience inoubliable.<\/span><\/p>\n<p>[\/vc_column_text]<div class=\"text-center btnwrap\"><a class=\"btn btn-huttopia-cta\" href=\"http:\/\/checkout.citykamp.com\/site\/fr\/890\" role=\"button\" target=\"\" onclick=\"dataLayer.push({'event':'clickCity', 'clickText':'JE R\u00c9SERVE'})\">JE R\u00c9SERVE<\/a><\/div><\/div>[\/vc_column][\/vc_row][vc_row][vc_column]<div class=\"wrappedcontent\">[vc_column_text css=&#8220;&#8220;]<\/p>\n<h2 style=\"text-align: center;\">PROGRAMME DE L\u2019\u00c9DITION 2025<\/h2>\n<h3 style=\"text-align: center;\"><strong>HORAIRES ET DATES DE LA F\u00caTE DES LUMI\u00c8RES 2025<\/strong><\/h3>\n<p style=\"text-align: center;\"><strong>La F\u00eate des Lumi\u00e8res, cette ann\u00e9e, se d\u00e9roulera :<\/strong><br \/>\n&#8211; Du jeudi 5 au samedi 8 d\u00e9cembre de 19h \u00e0 23h.<br \/>\n&#8211; Le dimanche 7 d\u00e9cembre de 18h \u00e0 22h.<\/p>\n<p>[\/vc_column_text]<\/div>[\/vc_column][\/vc_row][vc_row css=&#8220;.vc_custom_1699364768644{background-color: rgba(232,78,27,0.2) !important;*background-color: rgb(232,78,27) !important;}&#8220;][vc_column]<div class=\"wrappedcontent\">[vc_column_text]<\/p>\n<h3 style=\"text-align: center;\"><strong>QUELS SONT LES INCONTOURNABLES DE LA F\u00caTE DES LUMI\u00c8RES ?<\/strong><\/h3>\n<p style=\"text-align: center;\"><span style=\"font-size: 14pt;\">Voici l\u2019itin\u00e9raire id\u00e9al pour ne rien rater :<\/span><\/p>\n<p>[\/vc_column_text][vc_row_inner gap=&#8220;30&#8243; css=&#8220;.vc_custom_1699435468668{margin-left: -0.5px !important;}&#8220;][vc_column_inner width=&#8220;1\/3&#8243;][vc_single_image image=&#8220;12600&#8243; img_size=&#8220;600*400&#8243; alignment=&#8220;center&#8220;][\/vc_column_inner][vc_column_inner width=&#8220;1\/3&#8243;][vc_single_image image=&#8220;12606&#8243; img_size=&#8220;600*400&#8243; alignment=&#8220;center&#8220;][\/vc_column_inner][vc_column_inner width=&#8220;1\/3&#8243;][vc_single_image image=&#8220;12612&#8243; img_size=&#8220;600*400&#8243; alignment=&#8220;center&#8220;][\/vc_column_inner][\/vc_row_inner][vc_empty_space][vc_column_text]<\/p>\n<ul>\n<li style=\"text-align: left;\"><em>\u00c0 partir de 19h00 &#8211; <\/em>Dirigez-vous vers le <strong>Vieux Lyon<\/strong>, fl\u00e2nez dans les rues pittoresques et appr\u00e9ciez les installations lumineuses sur la <strong>Cath\u00e9drale Saint-Jean<\/strong>.<\/li>\n<li style=\"text-align: left;\">Direction <strong>Place Bellecour<\/strong> pour assister aux spectacles lumineux projet\u00e9s sur la place et la grande roue illumin\u00e9e.<\/li>\n<li style=\"text-align: left;\">Prenez la Rue de la R\u00e9publique, visitez la <strong>Place des Jacobins<\/strong>, la <strong>Place des C\u00e9lestins<\/strong>, Le <strong>Grand H\u00f4tel-Dieu<\/strong>.<\/li>\n<li style=\"text-align: left;\">Continuez ensuite <strong>Place Louis-Pradel<\/strong> \u00e0 c\u00f4t\u00e9 de l\u2019op\u00e9ra de Lyon, l\u2019<strong>H\u00f4tel de Ville<\/strong>, la <strong>Place des Terreaux<\/strong>, notre coup de c\u0153ur : les spectacles qui s&#8217;y d\u00e9roulent sont toujours grandioses.<\/li>\n<li style=\"text-align: left;\">Terminez votre soir\u00e9e en vous rendant sur les rives de Sa\u00f4ne pour admirer les installations lumineuses sur le <strong>Palais de Justice<\/strong> et pour avoir une vue imprenable sur la <strong>Basilique de Fourvi\u00e8re<\/strong>.<\/li>\n<\/ul>\n<p>[\/vc_column_text]<\/div>[\/vc_column][\/vc_row][vc_row][vc_column]<div class=\"wrappedcontent\">[vc_column_text]<\/p>\n<h3 style=\"text-align: center;\"><strong>A FAIRE EN FAMILLE LE 8 D\u00c9CEMBRE<\/strong><\/h3>\n<p style=\"text-align: center;\">Rejoignez la <strong>mont\u00e9e aux flambeaux<\/strong> qui d\u00e9bute chaque ann\u00e9e sur le parvis de la <strong>Cath\u00e9drale Saint-Jean<\/strong>, vers 18h30, pour vous rendre \u00e0 la Basilique Notre-Dame de Fourvi\u00e8re, situ\u00e9e au sommet de la colline de Fourvi\u00e8re.<\/p>\n<p>[\/vc_column_text]<\/div>[\/vc_column][\/vc_row][vc_row css=&#8220;.vc_custom_1699365501258{background-color: rgba(232,78,27,0.2) !important;*background-color: rgb(232,78,27) !important;}&#8220;][vc_column]<div class=\"wrappedcontent\">[vc_column_text]<\/p>\n<h2 style=\"text-align: center;\">PR\u00c9PARATIFS ET CONSEILS<\/h2>\n<h3 style=\"text-align: center;\"><strong>O\u00d9 DORMIR A LYON PENDANT LA F\u00caTE DES LUMI\u00c8RES ?<\/strong><\/h3>\n<p>[\/vc_column_text][vc_empty_space height=&#8220;60px&#8220;][vc_row_inner gap=&#8220;30&#8243; css=&#8220;.vc_custom_1699435490102{margin-left: -0.5px !important;}&#8220;][vc_column_inner width=&#8220;1\/6&#8243;][\/vc_column_inner][vc_column_inner width=&#8220;2\/6&#8243;][vc_single_image image=&#8220;12620&#8243; img_size=&#8220;600*400&#8243; alignment=&#8220;center&#8220; css=&#8220;.vc_custom_1699368315646{padding-bottom: 20px !important;}&#8220;][vc_single_image image=&#8220;12632&#8243; img_size=&#8220;600*400&#8243; alignment=&#8220;center&#8220; css=&#8220;.vc_custom_1699368328829{padding-top: 20px !important;}&#8220;][\/vc_column_inner][vc_column_inner width=&#8220;2\/6&#8243;][vc_single_image image=&#8220;12626&#8243; img_size=&#8220;600*400&#8243; alignment=&#8220;center&#8220; css=&#8220;.vc_custom_1699368321361{padding-bottom: 20px !important;}&#8220;][vc_single_image image=&#8220;12638&#8243; img_size=&#8220;600*400&#8243; alignment=&#8220;center&#8220; css=&#8220;.vc_custom_1699368334498{padding-top: 20px !important;}&#8220;][\/vc_column_inner][vc_column_inner width=&#8220;1\/6&#8243;][\/vc_column_inner][\/vc_row_inner][vc_empty_space][vc_column_text]<\/p>\n<h4 style=\"text-align: center;\"><strong>H\u00c9BERGEMENTS OU EMPLACEMENTS DE CAMPING<br \/>\nPENDANT LA F\u00caTE DES LUMI\u00c8RES<\/strong><\/h4>\n<p style=\"text-align: center;\">Vous venez visiter la belle ville de Lyon \u00e0 l&#8217;occasion des festivit\u00e9s du 8 d\u00e9cembre, pour la F\u00eate des Lumi\u00e8res ?<br \/>\nChoisissez le Camping de Lyon pour vous loger !<\/p>\n<p style=\"text-align: center;\"><a href=\"https:\/\/www.camping-lyon.com\/locatifs-2\/\"><strong>Appr\u00e9ciez le confort de nos chalets, roulottes ou mobile-homes<\/strong><\/a> qui accueillent jusqu\u2019\u00e0 6 personnes.<br \/>\nUn s\u00e9jour spacieux, une cuisine \u00e9quip\u00e9e et les draps et les serviettes inclus. <strong>Tout le confort d&#8217;une chambre d&#8217;h\u00f4tel, l&#8217;espace et la nature en plus !<\/strong><br \/>\nPour un s\u00e9jour \u00e9conomique au plus pr\u00e8s de la nature, profitez de nos <a href=\"https:\/\/www.camping-lyon.com\/emplacements\/\"><strong>emplacements de camping<\/strong> pour stationner votre van ou votre camping-cars<\/a> lors de votre escapade lyonnaise.<\/p>\n<p>[\/vc_column_text]<div class=\"text-center btnwrap\"><a class=\"btn btn-huttopia-cta\" href=\"http:\/\/checkout.citykamp.com\/site\/fr\/890\" role=\"button\" target=\"\" onclick=\"dataLayer.push({'event':'clickCity', 'clickText':'JE R\u00c9SERVE'})\">JE R\u00c9SERVE<\/a><\/div><\/div>[\/vc_column][\/vc_row][vc_row][vc_column]<div class=\"wrappedcontent\">[vc_row_inner gap=&#8220;30&#8243; css=&#8220;.vc_custom_1699435497928{margin-left: -0.5px !important;}&#8220;][vc_column_inner width=&#8220;1\/3&#8243;][vc_single_image image=&#8220;12650&#8243; img_size=&#8220;600*400&#8243; alignment=&#8220;center&#8220;][\/vc_column_inner][vc_column_inner width=&#8220;2\/3&#8243;][vc_column_text]<\/p>\n<h4><strong><br \/>\nLE CENTRE DE VIE<\/strong><\/h4>\n<p>Apr\u00e8s une journ\u00e9e riche en d\u00e9couvertes, <a href=\"https:\/\/www.camping-lyon.com\/activites-services\/\">venez appr\u00e9cier notre centre de vie convivial et chaleureux<\/a>. Profitez du <strong>bar du camping<\/strong>, venez vous r\u00e9chauffer avec un bon chocolat chaud entre amis ou en famille, et partagez des moment de qualit\u00e9 autour d\u2019un <strong>jeu de soci\u00e9t\u00e9<\/strong> ou du <strong>baby-foot<\/strong>.[\/vc_column_text][\/vc_column_inner][\/vc_row_inner]<\/div>[\/vc_column][\/vc_row][vc_row css=&#8220;.vc_custom_1699371130227{background-color: rgba(232,78,27,0.2) !important;*background-color: rgb(232,78,27) !important;}&#8220;][vc_column]<div class=\"wrappedcontent\">[vc_column_text]<\/p>\n<h3 style=\"text-align: center;\"><strong>SE D\u00c9PLACER EN TOUTE SIMPLICIT\u00c9 \u00c0 DEUX PAS DE LA F\u00caTE DES LUMI\u00c8RES<\/strong><\/h3>\n<p>[\/vc_column_text][vc_row_inner gap=&#8220;30&#8243; css=&#8220;.vc_custom_1699435503892{margin-left: -0.5px !important;}&#8220;][vc_column_inner width=&#8220;1\/6&#8243;][\/vc_column_inner][vc_column_inner width=&#8220;2\/6&#8243;][vc_single_image image=&#8220;12656&#8243; img_size=&#8220;71*71&#8243; alignment=&#8220;center&#8220;][vc_column_text css=&#8220;.vc_custom_1699371149703{padding-top: 20px !important;}&#8220;]<\/p>\n<h4 style=\"text-align: center;\"><span style=\"font-size: 14pt;\"><strong>TRANSPORT EN COMMUN (TCL)<\/strong><\/span><\/h4>\n<p>[\/vc_column_text][vc_empty_space][vc_column_text css=&#8220;&#8220;]Notre camping se situe \u00e0 proximit\u00e9 imm\u00e9diate des transports en commun.<br \/>\nLe vendredi 8 d\u00e9cembre, les Transports en Commun Lyonnais (TCL) sont gratuits \u00e0 partir de 16h.<br \/>\n&#8211; Du 7 au 10 d\u00e9cembre &#8211; vous pourrez profiter des tickets \u00ab TCL en F\u00eate \u00bb au prix de (trajets illimit\u00e9s \u00e0 partir de 16h).<br \/>\n&#8211; Autre option : Ticket 24h, 48h, 72h : trajets journ\u00e9e illimit\u00e9s.<br \/>\n&#8211; Ticket famille 24h : trajets journ\u00e9e illimit\u00e9s.<br \/>\n&#8211; Lyon CityCard : 1, 2, 3 ou 4 jours pour circuler et visiter Lyon.<br \/>\nRenseignements \u00e0 l\u2019accueil du camping.[\/vc_column_text][\/vc_column_inner][vc_column_inner width=&#8220;2\/6&#8243;][vc_single_image image=&#8220;12662&#8243; img_size=&#8220;71*71&#8243; alignment=&#8220;center&#8220;][vc_column_text css=&#8220;.vc_custom_1699371164951{padding-top: 20px !important;}&#8220;]<\/p>\n<h4 style=\"text-align: center;\"><span style=\"font-size: 14pt;\"><strong>EN VOITURE<\/strong><\/span><\/h4>\n<p>[\/vc_column_text][vc_empty_space][vc_column_text]Les parkings ouverts durant la F\u00eate des Lumi\u00e8res :<br \/>\n&#8211; Parking Op\u00e9ra <em>(Tholozan)<\/em><br \/>\n&#8211; Cordeliers <em>(sortie des v\u00e9hicules par la place des Cordeliers vers le quai Jean Moulin)<\/em><br \/>\n&#8211; Confluence<br \/>\n&#8211; Gros Caillou <em>(Croix-Rousse)<\/em><br \/>\n&#8211; Rozier<br \/>\n&#8211; Saint-Just<\/p>\n<p>Ainsi que les 24 parcs relais TCL ouverts aux utilisateurs du r\u00e9seau TCL.[\/vc_column_text][\/vc_column_inner][vc_column_inner width=&#8220;1\/6&#8243;][\/vc_column_inner][\/vc_row_inner]<\/div>[\/vc_column][\/vc_row][vc_row][vc_column]<div class=\"wrappedcontent\">[vc_column_text]<\/p>\n<h3 style=\"text-align: center;\"><strong>ORIGINE DE LA F\u00caTE DES LUMI\u00c8RES ET SIGNIFICATION <\/strong><\/h3>\n<p>[\/vc_column_text][vc_empty_space][vc_column_text]D&#8217;apr\u00e8s la l\u00e9gende populaire, le 8 septembre 1643 <strong>les Lyonnais implor\u00e8rent la Vierge Marie de pr\u00e9server Lyon des terribles ravages de la peste<\/strong> qui s\u00e9vissaient \u00e0 grande ampleur \u00e0 cette \u00e9poque. La ville ayant \u00e9t\u00e9 effectivement \u00e9pargn\u00e9e par la peste, un p\u00e8lerinage annuel fut instaur\u00e9, marqu\u00e9 par la date du 8 septembre, en signe de gratitude.<\/p>\n<p>En 1850, les autorit\u00e9s religieuses de la ville d\u00e9cid\u00e8rent d&#8217;organiser un concours pour la <strong>cr\u00e9ation d&#8217;une statue \u00e0 l&#8217;effigie de la Vierge Marie<\/strong>, afin d&#8217;exprimer la gratitude du peuple lyonnais \u00e0 Marie pour sa protection. Le sculpteur Joseph-Hugues Fabisch fut choisi pour r\u00e9aliser cette statue, qui serait \u00e9rig\u00e9e sur la colline de Fourvi\u00e8re. L&#8217;inauguration de la statue \u00e9tait initialement pr\u00e9vue pour le 8 septembre 1852 : une date symbolique dans le calendrier religieux. Cependant, un \u00e9v\u00e9nement impr\u00e9vu perturba les pr\u00e9paratifs. Une <strong>crue de la Sa\u00f4ne<\/strong> inonda ce jour-ci la ville de Lyon. Les autorit\u00e9s furent oblig\u00e9es de reporter l&#8217;inauguration au 8 d\u00e9cembre 1852.<\/p>\n<p>Le jour de l&#8217;inauguration tant attendue, le mauvais temps mena\u00e7ait une fois de plus les festivit\u00e9s. Les autorit\u00e9s religieuses envisag\u00e8rent d&#8217;annuler l&#8217;\u00e9v\u00e9nement en raison des conditions m\u00e9t\u00e9orologiques d\u00e9favorables. Cependant, \u00e0 la surprise de tous, le ciel se d\u00e9gagea soudainement. En un geste spontan\u00e9, les habitants de Lyon r\u00e9agirent en pla\u00e7ant des bougies sur leurs fen\u00eatres, illuminant ainsi toute la ville. Lorsque la nuit tomba, Lyon se transforma en un v\u00e9ritable oc\u00e9an de lumi\u00e8res. Les autorit\u00e9s religieuses suivirent rapidement cet \u00e9lan en <strong>illuminant la majestueuse Basilique de Fourvi\u00e8re<\/strong>.<\/p>\n<p>Cet \u00e9v\u00e9nement marqua la naissance de la F\u00eate des Lumi\u00e8res, qui se tient d\u00e9sormais chaque ann\u00e9e \u00e0 cette date du 8 d\u00e9cembre.<\/p>\n<p>En 1989, la ville a commenc\u00e9 \u00e0 <strong>illuminer ses monuments<\/strong> les plus embl\u00e9matiques tous les 8 d\u00e9cembre. \u00c0 partir de 1999, la F\u00eate des Lumi\u00e8res a \u00e9t\u00e9 \u00e9tendue sur une p\u00e9riode de quatre jours, devenant ainsi une c\u00e9l\u00e9bration majeure \u00e0 Lyon. Au fil des ans, les installations lumineuses sont devenues de plus en plus spectaculaires, de v\u00e9ritables prouesses artistiques con\u00e7ues par des artistes talentueux, des sp\u00e9cialistes de l&#8217;\u00e9clairage, des concepteurs et des vid\u00e9astes de renom. La F\u00eate des Lumi\u00e8res est devenue une occasion incontournable pour les cr\u00e9ateurs du monde entier, transformant Lyon en une sc\u00e8ne de premier plan pour l&#8217;art de la lumi\u00e8re. Elle est devenue le premier \u00e9v\u00e9nement d\u00e9di\u00e9 \u00e0 la lumi\u00e8re au niveau mondial. Elle attire d\u00e9sormais des visiteurs du monde entier pour c\u00e9l\u00e9brer la beaut\u00e9 de la lumi\u00e8re et de l&#8217;art \u00e0 Lyon.[\/vc_column_text][vc_empty_space][vc_row_inner gap=&#8220;30&#8243; css=&#8220;.vc_custom_1699435512018{margin-left: -0.5px !important;}&#8220;][vc_column_inner width=&#8220;1\/4&#8243;][\/vc_column_inner][vc_column_inner width=&#8220;1\/4&#8243;][vc_single_image image=&#8220;12668&#8243; img_size=&#8220;600*400&#8243; alignment=&#8220;center&#8220;][\/vc_column_inner][vc_column_inner width=&#8220;1\/4&#8243;][vc_single_image image=&#8220;12674&#8243; img_size=&#8220;600*400&#8243; alignment=&#8220;center&#8220;][\/vc_column_inner][vc_column_inner width=&#8220;1\/4&#8243;][\/vc_column_inner][\/vc_row_inner][vc_empty_space]<\/div>[\/vc_column][\/vc_row][vc_row css=&#8220;.vc_custom_1699372057076{background-color: rgba(232,78,27,0.2) !important;*background-color: rgb(232,78,27) !important;}&#8220;][vc_column]<div class=\"wrappedcontent\">[vc_column_text]<\/p>\n<h3 style=\"text-align: center;\"><strong>UNE TRADITION QUI PERDURE<\/strong><\/h3>\n<p>[\/vc_column_text][vc_empty_space][vc_column_text]Vivez pleinement l&#8217;exp\u00e9rience de la F\u00eate des Lumi\u00e8res et impr\u00e9gnez-vous de la tradition lyonnaise ! Pour l&#8217;occasion, s\u00e9journez \u00e0 proximit\u00e9 de l&#8217;ambiance f\u00e9\u00e9rique du centre ville et de ses installations lumineuses, tout en profitant du <strong>calme<\/strong> et de la <strong>qui\u00e9tude de la nature<\/strong> offerts par le Camping de Lyon, \u00e0 l&#8217;\u00e9cart de l&#8217;agitation des foules.[\/vc_column_text][vc_column_text]Depuis 1852, chaque 8 d\u00e9cembre les habitants de Lyon allument et d\u00e9posent aux bords de leurs fen\u00eatres des \u201c<strong>lumignons<\/strong>\u201d (petites bougies gliss\u00e9es dans des photophores).<\/p>\n<p>Comme chaque ann\u00e9e, la F\u00eate des Lumi\u00e8res fait une <strong>op\u00e9ration Lumignons du C\u0153ur<\/strong> dont les b\u00e9n\u00e9fices sont revers\u00e9s \u00e0 une association caritative.[\/vc_column_text]<div class=\"text-center btnwrap\"><a class=\"btn btn-huttopia-cta\" href=\"http:\/\/checkout.citykamp.com\/site\/fr\/890\" role=\"button\" target=\"\" onclick=\"dataLayer.push({'event':'clickCity', 'clickText':'JE R\u00c9SERVE'})\">JE R\u00c9SERVE<\/a><\/div><\/div>[\/vc_column][\/vc_row]<\/p>\n<\/div>","protected":false},"excerpt":{"rendered":"<p>[vc_row][vc_column][vc_empty_space][\/vc_column][\/vc_row][vc_row css=&#8220;.vc_custom_1699363666591{background-color: rgba(232,78,27,0.2) !important;*background-color: rgb(232,78,27) !important;}&#8220;][vc_column][\/vc_column][\/vc_row][vc_row][vc_column][\/vc_column][\/vc_row][vc_row css=&#8220;.vc_custom_1699364768644{background-color: rgba(232,78,27,0.2) !important;*background-color: rgb(232,78,27) !important;}&#8220;][vc_column][\/vc_column][\/vc_row][vc_row][vc_column][\/vc_column][\/vc_row][vc_row css=&#8220;.vc_custom_1699365501258{background-color: rgba(232,78,27,0.2) !important;*background-color: rgb(232,78,27) !important;}&#8220;][vc_column][\/vc_column][\/vc_row][vc_row][vc_column][\/vc_column][\/vc_row][vc_row css=&#8220;.vc_custom_1699371130227{background-color: rgba(232,78,27,0.2) !important;*background-color: rgb(232,78,27) !important;}&#8220;][vc_column][\/vc_column][\/vc_row][vc_row][vc_column][\/vc_column][\/vc_row][vc_row css=&#8220;.vc_custom_1699372057076{background-color: rgba(232,78,27,0.2) !important;*background-color: rgb(232,78,27) !important;}&#8220;][vc_column][\/vc_column][\/vc_row]<\/p>\n","protected":false},"author":1,"featured_media":0,"parent":0,"menu_order":0,"comment_status":"closed","ping_status":"closed","template":"","meta":{"footnotes":""},"class_list":["post-12693","page","type-page","status-publish","hentry"],"yoast_head":"<!-- This site is optimized with the Yoast SEO plugin v25.6 - https:\/\/yoast.com\/wordpress\/plugins\/seo\/ -->\n<title>F\u00eate des Lumi\u00e8res in Lyon, Unterkunft | Camping de Lyon<\/title>\n<meta name=\"description\" content=\"M\u00f6chten Sie das Lichterfest in Lyon in vollen Z\u00fcgen erleben? Dann \u00fcbernachten Sie auf dem Campingplatz in Lyon.\" \/>\n<meta name=\"robots\" content=\"index, follow, max-snippet:-1, max-image-preview:large, max-video-preview:-1\" \/>\n<link rel=\"canonical\" href=\"https:\/\/www.camping-lyon.com\/de\/fete-des-lumieres-lyon-8-decembre\/\" \/>\n<meta property=\"og:locale\" content=\"de_DE\" \/>\n<meta property=\"og:type\" content=\"article\" \/>\n<meta property=\"og:title\" content=\"F\u00eate des Lumi\u00e8res in Lyon, Unterkunft | Camping de Lyon\" \/>\n<meta property=\"og:description\" content=\"M\u00f6chten Sie das Lichterfest in Lyon in vollen Z\u00fcgen erleben? Dann \u00fcbernachten Sie auf dem Campingplatz in Lyon.\" \/>\n<meta property=\"og:url\" content=\"https:\/\/www.camping-lyon.com\/de\/fete-des-lumieres-lyon-8-decembre\/\" \/>\n<meta property=\"og:site_name\" content=\"Camping de Lyon\" \/>\n<meta property=\"article:modified_time\" content=\"2025-10-13T15:49:02+00:00\" \/>\n<meta name=\"twitter:card\" content=\"summary_large_image\" \/>\n<meta name=\"twitter:label1\" content=\"Est. reading time\" \/>\n\t<meta name=\"twitter:data1\" content=\"10 Minuten\" \/>\n<script type=\"application\/ld+json\" class=\"yoast-schema-graph\">{\"@context\":\"https:\/\/schema.org\",\"@graph\":[{\"@type\":\"WebPage\",\"@id\":\"https:\/\/www.camping-lyon.com\/de\/fete-des-lumieres-lyon-8-decembre\/\",\"url\":\"https:\/\/www.camping-lyon.com\/de\/fete-des-lumieres-lyon-8-decembre\/\",\"name\":\"F\u00eate des Lumi\u00e8res in Lyon, Unterkunft | Camping de Lyon\",\"isPartOf\":{\"@id\":\"https:\/\/www.camping-lyon.com\/de\/#website\"},\"datePublished\":\"2023-11-07T13:36:54+00:00\",\"dateModified\":\"2025-10-13T15:49:02+00:00\",\"description\":\"M\u00f6chten Sie das Lichterfest in Lyon in vollen Z\u00fcgen erleben? Dann \u00fcbernachten Sie auf dem Campingplatz in Lyon.\",\"breadcrumb\":{\"@id\":\"https:\/\/www.camping-lyon.com\/de\/fete-des-lumieres-lyon-8-decembre\/#breadcrumb\"},\"inLanguage\":\"de-DE\",\"potentialAction\":[{\"@type\":\"ReadAction\",\"target\":[\"https:\/\/www.camping-lyon.com\/de\/fete-des-lumieres-lyon-8-decembre\/\"]}]},{\"@type\":\"BreadcrumbList\",\"@id\":\"https:\/\/www.camping-lyon.com\/de\/fete-des-lumieres-lyon-8-decembre\/#breadcrumb\",\"itemListElement\":[{\"@type\":\"ListItem\",\"position\":1,\"name\":\"Accueil\",\"item\":\"https:\/\/www.camping-lyon.com\/de\/\"},{\"@type\":\"ListItem\",\"position\":2,\"name\":\"F\u00eate des Lumi\u00e8res\"}]},{\"@type\":\"WebSite\",\"@id\":\"https:\/\/www.camping-lyon.com\/de\/#website\",\"url\":\"https:\/\/www.camping-lyon.com\/de\/\",\"name\":\"Camping de Lyon\",\"description\":\"Un site utilisant Citykamp\",\"potentialAction\":[{\"@type\":\"SearchAction\",\"target\":{\"@type\":\"EntryPoint\",\"urlTemplate\":\"https:\/\/www.camping-lyon.com\/de\/?s={search_term_string}\"},\"query-input\":{\"@type\":\"PropertyValueSpecification\",\"valueRequired\":true,\"valueName\":\"search_term_string\"}}],\"inLanguage\":\"de-DE\"}]}<\/script>\n<!-- \/ Yoast SEO plugin. -->","yoast_head_json":{"title":"F\u00eate des Lumi\u00e8res in Lyon, Unterkunft | Camping de Lyon","description":"M\u00f6chten Sie das Lichterfest in Lyon in vollen Z\u00fcgen erleben? Dann \u00fcbernachten Sie auf dem Campingplatz in Lyon.","robots":{"index":"index","follow":"follow","max-snippet":"max-snippet:-1","max-image-preview":"max-image-preview:large","max-video-preview":"max-video-preview:-1"},"canonical":"https:\/\/www.camping-lyon.com\/de\/fete-des-lumieres-lyon-8-decembre\/","og_locale":"de_DE","og_type":"article","og_title":"F\u00eate des Lumi\u00e8res in Lyon, Unterkunft | Camping de Lyon","og_description":"M\u00f6chten Sie das Lichterfest in Lyon in vollen Z\u00fcgen erleben? Dann \u00fcbernachten Sie auf dem Campingplatz in Lyon.","og_url":"https:\/\/www.camping-lyon.com\/de\/fete-des-lumieres-lyon-8-decembre\/","og_site_name":"Camping de Lyon","article_modified_time":"2025-10-13T15:49:02+00:00","twitter_card":"summary_large_image","twitter_misc":{"Est. reading time":"10 Minuten"},"schema":{"@context":"https:\/\/schema.org","@graph":[{"@type":"WebPage","@id":"https:\/\/www.camping-lyon.com\/de\/fete-des-lumieres-lyon-8-decembre\/","url":"https:\/\/www.camping-lyon.com\/de\/fete-des-lumieres-lyon-8-decembre\/","name":"F\u00eate des Lumi\u00e8res in Lyon, Unterkunft | Camping de Lyon","isPartOf":{"@id":"https:\/\/www.camping-lyon.com\/de\/#website"},"datePublished":"2023-11-07T13:36:54+00:00","dateModified":"2025-10-13T15:49:02+00:00","description":"M\u00f6chten Sie das Lichterfest in Lyon in vollen Z\u00fcgen erleben? Dann \u00fcbernachten Sie auf dem Campingplatz in Lyon.","breadcrumb":{"@id":"https:\/\/www.camping-lyon.com\/de\/fete-des-lumieres-lyon-8-decembre\/#breadcrumb"},"inLanguage":"de-DE","potentialAction":[{"@type":"ReadAction","target":["https:\/\/www.camping-lyon.com\/de\/fete-des-lumieres-lyon-8-decembre\/"]}]},{"@type":"BreadcrumbList","@id":"https:\/\/www.camping-lyon.com\/de\/fete-des-lumieres-lyon-8-decembre\/#breadcrumb","itemListElement":[{"@type":"ListItem","position":1,"name":"Accueil","item":"https:\/\/www.camping-lyon.com\/de\/"},{"@type":"ListItem","position":2,"name":"F\u00eate des Lumi\u00e8res"}]},{"@type":"WebSite","@id":"https:\/\/www.camping-lyon.com\/de\/#website","url":"https:\/\/www.camping-lyon.com\/de\/","name":"Camping de Lyon","description":"Un site utilisant Citykamp","potentialAction":[{"@type":"SearchAction","target":{"@type":"EntryPoint","urlTemplate":"https:\/\/www.camping-lyon.com\/de\/?s={search_term_string}"},"query-input":{"@type":"PropertyValueSpecification","valueRequired":true,"valueName":"search_term_string"}}],"inLanguage":"de-DE"}]}},"_links":{"self":[{"href":"https:\/\/www.camping-lyon.com\/de\/wp-json\/wp\/v2\/pages\/12693","targetHints":{"allow":["GET"]}}],"collection":[{"href":"https:\/\/www.camping-lyon.com\/de\/wp-json\/wp\/v2\/pages"}],"about":[{"href":"https:\/\/www.camping-lyon.com\/de\/wp-json\/wp\/v2\/types\/page"}],"author":[{"embeddable":true,"href":"https:\/\/www.camping-lyon.com\/de\/wp-json\/wp\/v2\/users\/1"}],"replies":[{"embeddable":true,"href":"https:\/\/www.camping-lyon.com\/de\/wp-json\/wp\/v2\/comments?post=12693"}],"version-history":[{"count":3,"href":"https:\/\/www.camping-lyon.com\/de\/wp-json\/wp\/v2\/pages\/12693\/revisions"}],"predecessor-version":[{"id":13344,"href":"https:\/\/www.camping-lyon.com\/de\/wp-json\/wp\/v2\/pages\/12693\/revisions\/13344"}],"wp:attachment":[{"href":"https:\/\/www.camping-lyon.com\/de\/wp-json\/wp\/v2\/media?parent=12693"}],"curies":[{"name":"wp","href":"https:\/\/api.w.org\/{rel}","templated":true}]}}