{"id":67,"date":"2018-01-04T17:29:18","date_gmt":"2018-01-04T16:29:18","guid":{"rendered":"http:\/\/www.citykamp.com\/lyon\/de\/accueil\/"},"modified":"2026-02-24T14:59:14","modified_gmt":"2026-02-24T13:59:14","slug":"home","status":"publish","type":"page","link":"https:\/\/www.camping-lyon.com\/de\/","title":{"rendered":"Home"},"content":{"rendered":"<div class=\"wpb-content-wrapper\"><p>[vc_row el_id=&#8220;fdl&#8220;][vc_column]<div class=\"wrappedcontent\">[vc_row_inner content_placement=&#8220;middle&#8220; gap=&#8220;35&#8243; css=&#8220;.vc_custom_1636103945462{margin-left: -0.5px !important;}&#8220;][vc_column_inner][vc_column_text]<\/p>\n<h2 style=\"text-align: center;\"><span style=\"font-size: 24pt;\"><strong>IN EINEM WUNDERSCH\u00d6NEN NATURPARK, VOR DEN TOREN LYONS<\/strong><\/span><\/h2>\n<p style=\"text-align: center;\"><span style=\"font-size: 12pt;\"><em><span style=\"color: #e84e1b;\">Ganzj\u00e4hrig ge\u00f6ffnet<\/span><\/em><\/span><\/p>\n<p style=\"text-align: center;\">Die Vier-Sterne-Camping de Lyon begr\u00fc\u00dft Sie in einem 6 Hektar gro\u00dfen Naturpark in idealer Lage, um Lyon und das Beaujolais kennen zu lernen&#8230;<br \/>\nErstklassige Leistungen, um sich nach einem ereignisreichen Tag in der Stadt zu entspannen.<\/p>\n<p style=\"text-align: center;\">Kehren Sie in das gr\u00fcne Naturparadies der Campinganlage zur\u00fcck und profitieren Sie von qualitativ hochwertigen Anlagen: ein heller und moderner Gemeinschaftsbereich mit Zugang auf eine herrliche Hangterrasse, die das Gel\u00e4nde \u00fcberragt, ein Kinderspielplatz, ein beheiztes Schwimmbad f\u00fcr ein erfrischendes Bad an sonnigen Tagen&#8230;<\/p>\n<p>&nbsp;<\/p>\n<h3 style=\"text-align: center;\">Entscheiden Sie sich f\u00fcr einen Natururlaub in Stadtn\u00e4he<\/h3>\n<p style=\"text-align: center;\">Stellen Sie Ihren Wohnwagen, Ihr Wohnmobil oder Ihr Zelt auf einem wundersch\u00f6nen Stellplatz auf. Oder soll es doch lieber eine der komfortablen Unterk\u00fcnfte sein? Sie haben die Wahl zwischen Schindelwagen, Mobilheimen oder \u201eToile &amp; Bois\u201c-Zelten! Der ideale Ort f\u00fcr einen erholsamen Zwischenstopp auf dem Weg in den S\u00fcden oder f\u00fcr eine St\u00e4dtereise, um die faszinierende Stadt Lyon zu entdecken, die zum Weltkulturerbe der Unesco geh\u00f6rt!<\/p>\n<p>[\/vc_column_text][\/vc_column_inner][\/vc_row_inner][vc_empty_space height=&#8220;35px&#8220;]<div class=\"text-center btnwrap\"><a class=\"btn btn-huttopia-cta\" href=\"http:\/\/checkout.citykamp.com\/site\/de\/7\" role=\"button\" target=\"\" onclick=\"dataLayer.push({'event':'clickCity', 'clickText':'Aufenthalt buchen'})\">Aufenthalt buchen<\/a><\/div>[vc_empty_space height=&#8220;35px&#8220;][vc_row_inner gap=&#8220;15&#8243;][vc_column_inner width=&#8220;1\/4&#8243;][vc_masonry_media_grid element_width=&#8220;12&#8243; gap=&#8220;0&#8243; item=&#8220;748&#8243; grid_id=&#8220;vc_gid:1759134362187-35dbdbc3-4647-5&#8243; include=&#8220;12265&#8243;][\/vc_column_inner][vc_column_inner width=&#8220;1\/4&#8243;][vc_masonry_media_grid element_width=&#8220;12&#8243; gap=&#8220;0&#8243; item=&#8220;747&#8243; grid_id=&#8220;vc_gid:1759134362190-1f769265-5594-8&#8243; include=&#8220;11185&#8243;][\/vc_column_inner][vc_column_inner width=&#8220;1\/4&#8243;][vc_masonry_media_grid element_width=&#8220;12&#8243; gap=&#8220;0&#8243; item=&#8220;750&#8243; grid_id=&#8220;vc_gid:1759134362191-06e8ad00-5774-3&#8243; include=&#8220;12271&#8243;][\/vc_column_inner][vc_column_inner width=&#8220;1\/4&#8243;][vc_masonry_media_grid element_width=&#8220;12&#8243; gap=&#8220;0&#8243; item=&#8220;749&#8243; grid_id=&#8220;vc_gid:1759134362192-4420bf94-d246-1&#8243; include=&#8220;11197&#8243;][\/vc_column_inner][\/vc_row_inner][vc_empty_space height=&#8220;50px&#8220;][vc_row_inner gap=&#8220;30&#8243; css=&#8220;.vc_custom_1678812708110{margin-left: -0.5px !important;background-color: rgba(232,78,27,0.2) !important;*background-color: rgb(232,78,27) !important;}&#8220;][vc_column_inner width=&#8220;1\/3&#8243;][vc_masonry_media_grid element_width=&#8220;12&#8243; gap=&#8220;0&#8243; grid_id=&#8220;vc_gid:1759134362193-c3c44ae0-d41e-4&#8243; include=&#8220;11944&#8243;][\/vc_column_inner][vc_column_inner width=&#8220;2\/3&#8243;][vc_column_text]<\/p>\n<h2><span style=\"color: #e94e1b;\">CAMPING CARD<\/span><\/h2>\n<p><span style=\"font-size: 12pt;\">Campen Sie ab <span style=\"color: #e84e1b;\"><strong>15\u20ac<\/strong><\/span>* pro \u00dcbernachtung mit der <span style=\"color: #e94e1b;\"><a style=\"color: #e94e1b;\" href=\"https:\/\/www.citykamp.com\/de\/camping-card\/\"><span style=\"text-decoration: underline;\">Camping Card<\/span><\/a><\/span>\u00a0Huttopia.<\/span><br \/>\n<span style=\"font-size: 12pt;\">Profitieren Sie von reduzierten Preisen und Gratis\u00fcbernachtungen in der Vor- und Nachsaison auf allen <span style=\"text-decoration: underline; color: #e94e1b;\"><a style=\"color: #e94e1b; text-decoration: underline;\" href=\"https:\/\/www.citykamp.com\/de\/reiseziele\/\">CityKamp<\/a><\/span> Campingpl\u00e4tzen, <span style=\"text-decoration: underline; color: #e94e1b;\"><a style=\"color: #e94e1b; text-decoration: underline;\" href=\"https:\/\/www.onlycamp.fr\/en\/\">Onlycamp<\/a><\/span> en <span style=\"text-decoration: underline; color: #e94e1b;\"><a style=\"color: #e94e1b; text-decoration: underline;\" href=\"https:\/\/europe.huttopia.com\/de\/destinations\/campings\/\">Huttopia Campingpl\u00e4tzen<\/a><\/span>.<\/span><\/p>\n<p><em><span style=\"font-size: 10pt;\">*Preis beinhaltet 1 Stellplatz f\u00fcr 2 Personen mit Stromanschluss (+ Haustier gratis)<\/span><\/em>[\/vc_column_text]<div class=\" btnwrap\"><a class=\"btn btn-huttopia-cta\" href=\"https:\/\/www.citykamp.com\/de\/camping-card\/\" role=\"button\" target=\"\" onclick=\"dataLayer.push({'event':'clickCity', 'clickText':'Mehr erfahren'})\">Mehr erfahren<\/a><\/div>[\/vc_column_inner][\/vc_row_inner][vc_empty_space height=&#8220;50px&#8220;][vc_row_inner css=&#8220;.vc_custom_1515141529135{margin-bottom: -50px !important;}&#8220;][vc_column_inner][vc_icon icon_fontawesome=&#8220;fa fa-quote-left&#8220; color=&#8220;custom&#8220; custom_color=&#8220;#e84e1b&#8220;][vc_column_text]<\/p>\n<p style=\"text-align: center;\"><span style=\"font-size: 12pt;\"><em><span style=\"font-size: 16pt;\">Familienfreundlicher Campingplatz, zuvorkommendes Personal: Wir sind begeistert!<\/span>\u00a0 \u00a0<\/em><\/span><span style=\"font-size: 10pt;\">\u00a0\u00a0Virginie F.<\/span>\u00a0\u00a0<span style=\"color: #e84e1b;\">\u2605\u2605\u2605\u2605\u2605<\/span><\/p>\n<p style=\"text-align: center;\"><em><span style=\"font-size: 16pt;\">Sehr angenehmer Aufenthalt. Baxie, unser Hund, hat die Natur ebenso genossen wie wir \u2026!\u00a0<\/span><\/em> <strong><em>\u00a0\u00a0<\/em><\/strong><span style=\"font-size: 10pt;\">Laurence D.\u00a0 \u00a0<span style=\"font-size: 12pt;\"><span style=\"color: #e84e1b;\">\u2605\u2605\u2605\u2605<\/span><\/span><\/span><\/p>\n<p style=\"text-align: center;\"><em><span style=\"font-size: 16pt;\">Idealer Campingplatz, um Lyon zu besichtigen und au\u00dferhalb der Stadt zu \u00fcbernachten. Absolut empfehlenswert! <\/span>\u00a0<\/em><span style=\"font-size: 10pt;\">Paul C.<\/span> <span style=\"color: #e84e1b;\">\u2605\u2605\u2605\u2605\u2605<\/span><\/p>\n<p>[\/vc_column_text][vc_icon icon_fontawesome=&#8220;fa fa-quote-right&#8220; color=&#8220;custom&#8220; align=&#8220;right&#8220; custom_color=&#8220;#e84e1b&#8220;][\/vc_column_inner][\/vc_row_inner][vc_empty_space height=&#8220;50px&#8220;][vc_row_inner equal_height=&#8220;yes&#8220; content_placement=&#8220;middle&#8220; gap=&#8220;20&#8243; css=&#8220;.vc_custom_1524658721266{margin-left: -0.5px !important;}&#8220;][vc_column_inner width=&#8220;1\/3&#8243; css=&#8220;.vc_custom_1524667083074{background-color: #e8e8e8 !important;}&#8220;][vc_icon icon_fontawesome=&#8220;far fa-map&#8220; color=&#8220;custom&#8220; size=&#8220;lg&#8220; align=&#8220;center&#8220; css=&#8220;.vc_custom_1675951399100{margin-bottom: -10px !important;padding-top: 15px !important;}&#8220; custom_color=&#8220;#e84e1b&#8220; link=&#8220;url:https%3A%2F%2Fmedia.huttopia.com%2Fdestinations%2Flyon%2Fplan-camping-citykamp-lyon.pdf|target:_blank&#8220;][vc_column_text css=&#8220;.vc_custom_1675951405190{padding-top: 25px !important;padding-right: 15px !important;padding-bottom: 15px !important;padding-left: 15px !important;}&#8220;]<\/p>\n<p style=\"text-align: center;\"><a href=\"https:\/\/media.huttopia.com\/destinations\/lyon\/plan-camping-citykamp-lyon.pdf\" target=\"_blank\" rel=\"noopener noreferrer\"><strong>Platzplan<\/strong><\/a><\/p>\n<p>[\/vc_column_text][\/vc_column_inner][vc_column_inner width=&#8220;1\/3&#8243; css=&#8220;.vc_custom_1524667091667{background-color: #e8e8e8 !important;}&#8220;][vc_icon icon_fontawesome=&#8220;fa fa-envelope-o&#8220; color=&#8220;custom&#8220; size=&#8220;lg&#8220; align=&#8220;center&#8220; css=&#8220;.vc_custom_1526045626981{margin-bottom: -10px !important;padding-top: 15px !important;}&#8220; custom_color=&#8220;#e84e1b&#8220; link=&#8220;url:https%3A%2F%2Fwww.camping-lyon.com%2Fde%2Fkontakt%2F||target:%20_blank|&#8220;][vc_column_text css=&#8220;.vc_custom_1526045616097{padding-top: 25px !important;padding-right: 15px !important;padding-bottom: 15px !important;padding-left: 15px !important;}&#8220;]<\/p>\n<p style=\"text-align: center;\"><a href=\"https:\/\/www.camping-lyon.com\/de\/kontakt\/\"><strong>Kontakt<\/strong><\/a><\/p>\n<p>[\/vc_column_text][\/vc_column_inner][vc_column_inner width=&#8220;1\/3&#8243; css=&#8220;.vc_custom_1524668872863{background-color: #e8e8e8 !important;}&#8220;][vc_icon icon_fontawesome=&#8220;fa fa-map-marker&#8220; color=&#8220;custom&#8220; size=&#8220;lg&#8220; align=&#8220;center&#8220; css=&#8220;.vc_custom_1524654636610{margin-bottom: -10px !important;padding-top: 15px !important;}&#8220; custom_color=&#8220;#e84e1b&#8220; link=&#8220;url:https%3A%2F%2Fgoo.gl%2Fmaps%2FHE8uVSAqvh52||target:%20_blank|&#8220;][vc_column_text css=&#8220;.vc_custom_1526042985946{padding-top: 25px !important;padding-right: 15px !important;padding-bottom: 15px !important;padding-left: 15px !important;}&#8220;]<\/p>\n<p style=\"text-align: center;\"><a href=\"https:\/\/goo.gl\/maps\/HE8uVSAqvh52\"><strong>Reiseroute<\/strong><\/a><\/p>\n<p>[\/vc_column_text][\/vc_column_inner][\/vc_row_inner][vc_empty_space height=&#8220;50px&#8220;]<\/div>[vc_row_inner][vc_column_inner][vc_column_text]<iframe loading=\"lazy\" style=\"width: 100%; height: 70vh; position: relative; border: 0;\" src=\"https:\/\/campmap.com\/frlyon\/\" width=\"100%\" height=\"70vh\"> <\/iframe>[\/vc_column_text][\/vc_column_inner][\/vc_row_inner][\/vc_column][\/vc_row][vc_row css=&#8220;.vc_custom_1515085139586{background-color: #e8e8e8 !important;}&#8220;][vc_column]<div class=\"wrappedcontent\">[vc_column_text]<\/p>\n<h3 style=\"text-align: center;\"><strong>ANREISE<\/strong><\/h3>\n<p><strong>Mit dem Zug:<\/strong> TGV-Bahnhof \u2013 Lyon Perrache (11 km), Lyon Part-Dieu (15 km), Lyon Vaise (9 km)<br \/>\n<strong>Mit dem Flugzeug:<\/strong>\u00a0Flughafen Lyon Saint-Exup\u00e9ry (44 km)<\/p>\n<p>Anfahrt \u00fcber die Autobahn A6, Ausfahrt Limonest\/Dardilly (aus s\u00fcdlicher Richtung: Ausfahrt 33.2 \/ aus n\u00f6rdlicher Richtung: Ausfahrt 33)<br \/>\n\u00d6ffentliche Verkehrsmittel direkt am Campingplatz<br \/>\nLeichte Erreichbarkeit der Lyoner Au\u00dfenbezirke: 25 Min. bis Bron und 30 Min. bis Givors[\/vc_column_text]<\/div>\n    <div id=\"map700773\" class=\"map\"><\/div>\n    <script type=\"text\/javascript\">\n        let iconType = L.icon({\n            iconUrl: baseDirectory + '\/img\/pin.png',\n            iconSize: [22, 48],\n            iconAnchor: [11, 46],\n            popupAnchor: [0, -46]\n        });\n        let map = L.map('map700773', {\n            center: L.latLng(45.818813, 4.762511),\n            zoom: 10.8,\n            layers: [L.tileLayer('https:\/\/cartodb-basemaps-b.global.ssl.fastly.net\/light_all\/{z}\/{x}\/{y}.png', {\n                attribution: '&copy; <a href=\"https:\/\/www.openstreetmap.org\/copyright\">OpenStreetMap<\/a>'\n            })],\n            zoomSnap: 0.2\n        });\n        setTimeout(map.invalidateSize.bind(map), 100);\n        let contentString = '<div id=\"content\">' +\n            '<div id=\"siteNotice\">' +\n            '<\/div>' +\n            '<h4 id=\"firstHeading\" class=\"firstHeading\">Lyoner Campingplatz<\/h4>' +\n            '<div id=\"bodyContent\">' +\n            '<p>Porte de Lyon<\/p>' +\n            '<p>69570 DARDILLY<\/p>' +\n            '<\/div>' +\n            '<\/div>';\n        let marker = L.marker([45.818813, 4.762511], {icon: iconType}).addTo(map);\n        marker.bindPopup(contentString).openPopup();\n        let iwOuter = document.querySelector('.leaflet-popup-content-wrapper');\n        let iwArrow = document.querySelector('.leaflet-popup-tip');\n        iwOuter.style.backgroundColor = '#E84E1B';\n        iwArrow.style.backgroundColor = '#E84E1B';\n    <\/script>\n    <div class=\"wrappedcontent\">[vc_row_inner css=&#8220;.vc_custom_1515084882006{margin-bottom: -90px !important;}&#8220;][vc_column_inner width=&#8220;1\/4&#8243;][vc_column_text]<\/p>\n<p style=\"text-align: center;\"><span style=\"font-size: 10pt;\">4 Sterne<\/span><\/p>\n<p>[\/vc_column_text][vc_icon icon_fontawesome=&#8220;fa fa-star&#8220; color=&#8220;mulled_wine&#8220; size=&#8220;xs&#8220; align=&#8220;center&#8220;][\/vc_column_inner][vc_column_inner width=&#8220;1\/4&#8243;][vc_column_text]<\/p>\n<p style=\"text-align: center;\"><span style=\"font-size: 10pt;\">Gesamtfl\u00e4che: 6 ha<\/span><\/p>\n<p>[\/vc_column_text][vc_icon type=&#8220;typicons&#8220; icon_typicons=&#8220;typcn typcn-leaf&#8220; color=&#8220;mulled_wine&#8220; size=&#8220;xs&#8220; align=&#8220;center&#8220;][\/vc_column_inner][vc_column_inner width=&#8220;1\/4&#8243;][vc_column_text]<\/p>\n<p style=\"text-align: center;\"><span style=\"font-size: 10pt;\">239 Stellpl\u00e4tze<\/span><\/p>\n<p>[\/vc_column_text][vc_icon type=&#8220;material&#8220; icon_material=&#8220;vc-material vc-material-home&#8220; color=&#8220;mulled_wine&#8220; size=&#8220;xs&#8220; align=&#8220;center&#8220;][\/vc_column_inner][vc_column_inner width=&#8220;1\/4&#8243;][vc_column_text]<\/p>\n<p style=\"text-align: center;\"><span style=\"font-size: 10pt;\">Barrierefreier Campingplatz<\/span><\/p>\n<p>[\/vc_column_text][vc_icon icon_fontawesome=&#8220;fa fa-wheelchair&#8220; color=&#8220;mulled_wine&#8220; size=&#8220;xs&#8220; align=&#8220;center&#8220;][\/vc_column_inner][\/vc_row_inner]<\/div>[\/vc_column][\/vc_row][vc_row][vc_column]<div class=\"wrappedcontent\">[vc_row_inner css=&#8220;.vc_custom_1646039869009{margin-left: -0.5px !important;}&#8220;][vc_column_inner width=&#8220;1\/4&#8243;][vc_single_image image=&#8220;11124&#8243; img_size=&#8220;150&#215;150&#8243; alignment=&#8220;center&#8220;][\/vc_column_inner][vc_column_inner width=&#8220;1\/4&#8243;][vc_single_image image=&#8220;11085&#8243; img_size=&#8220;150&#215;150&#8243; alignment=&#8220;center&#8220;][\/vc_column_inner][vc_column_inner width=&#8220;1\/4&#8243;][vc_single_image image=&#8220;11097&#8243; img_size=&#8220;150&#215;150&#8243; alignment=&#8220;center&#8220;][\/vc_column_inner][vc_column_inner width=&#8220;1\/4&#8243;][vc_single_image image=&#8220;11091&#8243; img_size=&#8220;150&#215;150&#8243; alignment=&#8220;center&#8220;][\/vc_column_inner][\/vc_row_inner]<\/div>[\/vc_column][\/vc_row]<\/p>\n<\/div>","protected":false},"excerpt":{"rendered":"<p>[vc_row el_id=&#8220;fdl&#8220;][vc_column][vc_row_inner][vc_column_inner][vc_column_text] [\/vc_column_text][\/vc_column_inner][\/vc_row_inner][\/vc_column][\/vc_row][vc_row css=&#8220;.vc_custom_1515085139586{background-color: #e8e8e8 !important;}&#8220;][vc_column][\/vc_column][\/vc_row][vc_row][vc_column][\/vc_column][\/vc_row]<\/p>\n","protected":false},"author":1,"featured_media":0,"parent":0,"menu_order":0,"comment_status":"closed","ping_status":"closed","template":"templates\/page-home.php","meta":{"footnotes":""},"class_list":["post-67","page","type-page","status-publish","hentry"],"yoast_head":"<!-- This site is optimized with the Yoast SEO plugin v25.6 - https:\/\/yoast.com\/wordpress\/plugins\/seo\/ -->\n<title>Campingplatz Lyon - Aufenthalt in einem Naturpark<\/title>\n<meta name=\"description\" content=\"Camping das ganze Jahr auf einer Fl\u00e4che von 6 ha, ideal gelegen, um Lyon und Beaujolais zu besuchen.\" \/>\n<meta name=\"robots\" content=\"index, follow, max-snippet:-1, max-image-preview:large, max-video-preview:-1\" \/>\n<link rel=\"canonical\" href=\"https:\/\/www.camping-lyon.com\/de\/\" \/>\n<meta property=\"og:locale\" content=\"de_DE\" \/>\n<meta property=\"og:type\" content=\"article\" \/>\n<meta property=\"og:title\" content=\"Campingplatz Lyon - Aufenthalt in einem Naturpark\" \/>\n<meta property=\"og:description\" content=\"Camping das ganze Jahr auf einer Fl\u00e4che von 6 ha, ideal gelegen, um Lyon und Beaujolais zu besuchen.\" \/>\n<meta property=\"og:url\" content=\"https:\/\/www.camping-lyon.com\/de\/\" \/>\n<meta property=\"og:site_name\" content=\"Camping de Lyon\" \/>\n<meta property=\"article:modified_time\" content=\"2026-02-24T13:59:14+00:00\" \/>\n<meta property=\"og:image\" content=\"https:\/\/www.camping-lyon.com\/uploads\/sites\/3\/2023\/05\/citykamp-camping-lyon-header-desktop-centre-de-vie.jpg\" \/>\n\t<meta property=\"og:image:width\" content=\"1440\" \/>\n\t<meta property=\"og:image:height\" content=\"908\" \/>\n\t<meta property=\"og:image:type\" content=\"image\/jpeg\" \/>\n<meta name=\"twitter:card\" content=\"summary_large_image\" \/>\n<meta name=\"twitter:label1\" content=\"Est. reading time\" \/>\n\t<meta name=\"twitter:data1\" content=\"3 Minuten\" \/>\n<script type=\"application\/ld+json\" class=\"yoast-schema-graph\">{\"@context\":\"https:\/\/schema.org\",\"@graph\":[{\"@type\":\"WebPage\",\"@id\":\"https:\/\/www.camping-lyon.com\/de\/\",\"url\":\"https:\/\/www.camping-lyon.com\/de\/\",\"name\":\"Campingplatz Lyon - Aufenthalt in einem Naturpark\",\"isPartOf\":{\"@id\":\"https:\/\/www.camping-lyon.com\/de\/#website\"},\"datePublished\":\"2018-01-04T16:29:18+00:00\",\"dateModified\":\"2026-02-24T13:59:14+00:00\",\"description\":\"Camping das ganze Jahr auf einer Fl\u00e4che von 6 ha, ideal gelegen, um Lyon und Beaujolais zu besuchen.\",\"breadcrumb\":{\"@id\":\"https:\/\/www.camping-lyon.com\/de\/#breadcrumb\"},\"inLanguage\":\"de-DE\",\"potentialAction\":[{\"@type\":\"ReadAction\",\"target\":[\"https:\/\/www.camping-lyon.com\/de\/\"]}]},{\"@type\":\"BreadcrumbList\",\"@id\":\"https:\/\/www.camping-lyon.com\/de\/#breadcrumb\",\"itemListElement\":[{\"@type\":\"ListItem\",\"position\":1,\"name\":\"Accueil\",\"item\":\"https:\/\/www.camping-lyon.com\/de\/\"},{\"@type\":\"ListItem\",\"position\":2,\"name\":\"Home\"}]},{\"@type\":\"WebSite\",\"@id\":\"https:\/\/www.camping-lyon.com\/de\/#website\",\"url\":\"https:\/\/www.camping-lyon.com\/de\/\",\"name\":\"Camping de Lyon\",\"description\":\"Un site utilisant Citykamp\",\"potentialAction\":[{\"@type\":\"SearchAction\",\"target\":{\"@type\":\"EntryPoint\",\"urlTemplate\":\"https:\/\/www.camping-lyon.com\/de\/?s={search_term_string}\"},\"query-input\":{\"@type\":\"PropertyValueSpecification\",\"valueRequired\":true,\"valueName\":\"search_term_string\"}}],\"inLanguage\":\"de-DE\"}]}<\/script>\n<!-- \/ Yoast SEO plugin. -->","yoast_head_json":{"title":"Campingplatz Lyon - Aufenthalt in einem Naturpark","description":"Camping das ganze Jahr auf einer Fl\u00e4che von 6 ha, ideal gelegen, um Lyon und Beaujolais zu besuchen.","robots":{"index":"index","follow":"follow","max-snippet":"max-snippet:-1","max-image-preview":"max-image-preview:large","max-video-preview":"max-video-preview:-1"},"canonical":"https:\/\/www.camping-lyon.com\/de\/","og_locale":"de_DE","og_type":"article","og_title":"Campingplatz Lyon - Aufenthalt in einem Naturpark","og_description":"Camping das ganze Jahr auf einer Fl\u00e4che von 6 ha, ideal gelegen, um Lyon und Beaujolais zu besuchen.","og_url":"https:\/\/www.camping-lyon.com\/de\/","og_site_name":"Camping de Lyon","article_modified_time":"2026-02-24T13:59:14+00:00","og_image":[{"width":1440,"height":908,"url":"https:\/\/www.camping-lyon.com\/uploads\/sites\/3\/2023\/05\/citykamp-camping-lyon-header-desktop-centre-de-vie.jpg","type":"image\/jpeg"}],"twitter_card":"summary_large_image","twitter_misc":{"Est. reading time":"3 Minuten"},"schema":{"@context":"https:\/\/schema.org","@graph":[{"@type":"WebPage","@id":"https:\/\/www.camping-lyon.com\/de\/","url":"https:\/\/www.camping-lyon.com\/de\/","name":"Campingplatz Lyon - Aufenthalt in einem Naturpark","isPartOf":{"@id":"https:\/\/www.camping-lyon.com\/de\/#website"},"datePublished":"2018-01-04T16:29:18+00:00","dateModified":"2026-02-24T13:59:14+00:00","description":"Camping das ganze Jahr auf einer Fl\u00e4che von 6 ha, ideal gelegen, um Lyon und Beaujolais zu besuchen.","breadcrumb":{"@id":"https:\/\/www.camping-lyon.com\/de\/#breadcrumb"},"inLanguage":"de-DE","potentialAction":[{"@type":"ReadAction","target":["https:\/\/www.camping-lyon.com\/de\/"]}]},{"@type":"BreadcrumbList","@id":"https:\/\/www.camping-lyon.com\/de\/#breadcrumb","itemListElement":[{"@type":"ListItem","position":1,"name":"Accueil","item":"https:\/\/www.camping-lyon.com\/de\/"},{"@type":"ListItem","position":2,"name":"Home"}]},{"@type":"WebSite","@id":"https:\/\/www.camping-lyon.com\/de\/#website","url":"https:\/\/www.camping-lyon.com\/de\/","name":"Camping de Lyon","description":"Un site utilisant Citykamp","potentialAction":[{"@type":"SearchAction","target":{"@type":"EntryPoint","urlTemplate":"https:\/\/www.camping-lyon.com\/de\/?s={search_term_string}"},"query-input":{"@type":"PropertyValueSpecification","valueRequired":true,"valueName":"search_term_string"}}],"inLanguage":"de-DE"}]}},"_links":{"self":[{"href":"https:\/\/www.camping-lyon.com\/de\/wp-json\/wp\/v2\/pages\/67","targetHints":{"allow":["GET"]}}],"collection":[{"href":"https:\/\/www.camping-lyon.com\/de\/wp-json\/wp\/v2\/pages"}],"about":[{"href":"https:\/\/www.camping-lyon.com\/de\/wp-json\/wp\/v2\/types\/page"}],"author":[{"embeddable":true,"href":"https:\/\/www.camping-lyon.com\/de\/wp-json\/wp\/v2\/users\/1"}],"replies":[{"embeddable":true,"href":"https:\/\/www.camping-lyon.com\/de\/wp-json\/wp\/v2\/comments?post=67"}],"version-history":[{"count":7,"href":"https:\/\/www.camping-lyon.com\/de\/wp-json\/wp\/v2\/pages\/67\/revisions"}],"predecessor-version":[{"id":13360,"href":"https:\/\/www.camping-lyon.com\/de\/wp-json\/wp\/v2\/pages\/67\/revisions\/13360"}],"wp:attachment":[{"href":"https:\/\/www.camping-lyon.com\/de\/wp-json\/wp\/v2\/media?parent=67"}],"curies":[{"name":"wp","href":"https:\/\/api.w.org\/{rel}","templated":true}]}}