{"id":83,"date":"2018-01-04T17:31:38","date_gmt":"2018-01-04T16:31:38","guid":{"rendered":"http:\/\/www.citykamp.com\/lyon\/de\/activites-services\/"},"modified":"2026-04-29T08:45:35","modified_gmt":"2026-04-29T06:45:35","slug":"aktivitaten-dienstleistungen","status":"publish","type":"page","link":"https:\/\/www.camping-lyon.com\/de\/aktivitaten-dienstleistungen\/","title":{"rendered":"AKTIVIT\u00c4TEN \/ DIENSTLEISTUNGEN"},"content":{"rendered":"<div class=\"wpb-content-wrapper\"><p>[vc_row][vc_column][vc_single_image image=&#8220;12283&#8243; img_size=&#8220;1900&#215;500&#8243; alignment=&#8220;center&#8220;][\/vc_column][\/vc_row][vc_row][vc_column]<div class=\"wrappedcontent\">[vc_empty_space height=&#8220;30px&#8220;][vc_column_text]<span style=\"font-size: 14pt;\"><strong>Auf dem Campingplatz sind Entspannung und Freizeit angesagt<\/strong><\/span>[\/vc_column_text][vc_empty_space height=&#8220;30px&#8220;][vc_row_inner equal_height=&#8220;yes&#8220; gap=&#8220;35&#8243; css=&#8220;.vc_custom_1652105921913{margin-left: -0.5px !important;}&#8220;][vc_column_inner width=&#8220;1\/3&#8243;][vc_masonry_media_grid element_width=&#8220;12&#8243; gap=&#8220;0&#8243; grid_id=&#8220;vc_gid:1777445103696-0cd4fd06-eb8d-0&#8243; include=&#8220;11249&#8243;][vc_empty_space height=&#8220;15px&#8220;][vc_column_text css=&#8220;&#8220;]<span style=\"color: #e94e1b;\"><strong>Sch\u00f6ner beheizter pool<\/strong><\/span><br \/>\nUm nach einem aufregenden Tag in der Stadt zu entspannen Liegest\u00fchle und Sonnenschirme stehen zur Verf\u00fcgung und die Kleinen k\u00f6nnen sich im Planschbecken vergn\u00fcgen. (vom 1\/05. bis 27.09.)[\/vc_column_text][\/vc_column_inner][vc_column_inner width=&#8220;1\/3&#8243;][vc_masonry_media_grid element_width=&#8220;12&#8243; gap=&#8220;0&#8243; grid_id=&#8220;vc_gid:1777445103697-f59e0d4d-235e-10&#8243; include=&#8220;11255&#8243;][vc_empty_space height=&#8220;15px&#8220;][vc_column_text]<span style=\"color: #e94e1b;\"><strong>Tischtennis, boule, spielplatz<\/strong><\/span><br \/>\nF\u00fcr grenzenloses Vergn\u00fcgen mit der Familie oder Freunden![\/vc_column_text][\/vc_column_inner][vc_column_inner width=&#8220;1\/3&#8243;][vc_masonry_media_grid element_width=&#8220;12&#8243; gap=&#8220;0&#8243; grid_id=&#8220;vc_gid:1777445103697-35ab0322-0eca-8&#8243; include=&#8220;11261&#8243;][vc_empty_space height=&#8220;15px&#8220;][vc_column_text]<span style=\"color: #e94e1b;\"><strong>Aktivit\u00e4ten in der Umgebung<\/strong><\/span><br \/>\nTennisplatz (400 m), Golfplatz (4 km), Reiten (6 km) \u2026 Nicht zu vergessen der Ausflug nach Lyon \u2013 ein absolutes Muss![\/vc_column_text][\/vc_column_inner][\/vc_row_inner][vc_empty_space height=&#8220;30px&#8220;][vc_empty_space height=&#8220;30px&#8220;][vc_column_text]<\/p>\n<h4 style=\"text-align: center;\"><span style=\"color: #333333;\">\u2014<\/span> Auf dem Camping de Lyon finden Sie <span style=\"color: #333333;\">\u2014<\/span><\/h4>\n<p>[\/vc_column_text][vc_empty_space height=&#8220;30px&#8220;][vc_row_inner equal_height=&#8220;yes&#8220; gap=&#8220;35&#8243; css=&#8220;.vc_custom_1652105921913{margin-left: -0.5px !important;}&#8220;][vc_column_inner width=&#8220;1\/3&#8243;][vc_masonry_media_grid element_width=&#8220;12&#8243; gap=&#8220;0&#8243; grid_id=&#8220;vc_gid:1777445103698-50f42c29-5555-5&#8243; include=&#8220;11267&#8243;][vc_empty_space height=&#8220;15px&#8220;][vc_column_text]<span style=\"color: #e94e1b;\"><strong>Eine einladende rezeption<\/strong><\/span><br \/>\nMit allen Informationen f\u00fcr einen rundum gelungenen Aufenthalt: Wir sind ein Info-Punkt des Fremdenverkehrsb\u00fcros von Lyon.[\/vc_column_text][\/vc_column_inner][vc_column_inner width=&#8220;1\/3&#8243;][vc_masonry_media_grid element_width=&#8220;12&#8243; gap=&#8220;0&#8243; grid_id=&#8220;vc_gid:1777445103698-d8cfd34d-6494-4&#8243; include=&#8220;11273&#8243;][vc_empty_space height=&#8220;15px&#8220;][vc_column_text css=&#8220;&#8220;]<span style=\"color: #e94e1b;\"><strong>Ein caf\u00e9 comptoir<\/strong><\/span><br \/>\nEntspannen Sie sich bei einem Drink auf der Terrasse oder genie\u00dfen Sie mit Ihrer Familie eine hausgemachte Pizza! \u00d6ffnungszeiten: Im Sommer und w\u00e4hrend der Br\u00fcckentage im Mai jeden Abend. 6 Tage die Woche abends in den Monaten Mai, Juni, September und Oktober sowie w\u00e4hrend der Fr\u00fchlings- und Herbstferien.[\/vc_column_text][\/vc_column_inner][vc_column_inner width=&#8220;1\/3&#8243;][vc_masonry_media_grid element_width=&#8220;12&#8243; gap=&#8220;0&#8243; grid_id=&#8220;vc_gid:1777445103699-f6a03ecd-87da-0&#8243; include=&#8220;11279&#8243;][vc_empty_space height=&#8220;15px&#8220;][vc_column_text]<span style=\"color: #e94e1b;\"><strong>Ein gem\u00fctlichen Gemeinschaftsbereich<\/strong><\/span><br \/>\nZu jeder Jahreszeit ge\u00f6ffneten, in dem Sie einen Kaffee genie\u00dfen, ein Buch \u00fcber die Region lesen, ein Gesellschaftsspiel spielen oder fernsehen k\u00f6nnen.<br \/>\nGratis-WLAN[\/vc_column_text][\/vc_column_inner][\/vc_row_inner][vc_empty_space height=&#8220;30px&#8220;][vc_row_inner equal_height=&#8220;yes&#8220; gap=&#8220;35&#8243; css=&#8220;.vc_custom_1652105921913{margin-left: -0.5px !important;}&#8220;][vc_column_inner width=&#8220;1\/3&#8243;][vc_masonry_media_grid element_width=&#8220;12&#8243; gap=&#8220;0&#8243; grid_id=&#8220;vc_gid:1777445103699-a5804f37-d7a8-9&#8243; include=&#8220;11291&#8243;][vc_empty_space height=&#8220;15px&#8220;][vc_column_text]<span style=\"color: #e94e1b;\"><strong>Brot und croissants am morgen<\/strong><\/span><br \/>\nAuf Anfrage, f\u00fcr ein kr\u00e4ftiges Fr\u00fchst\u00fcck!<br \/>\nEin kleiner Lebensmittelladen: Grundnahrungsmittel k\u00f6nnen Sie direkt auf dem Campingplatz kaufen.[\/vc_column_text][\/vc_column_inner][vc_column_inner width=&#8220;1\/3&#8243;][vc_empty_space height=&#8220;15px&#8220;][vc_masonry_media_grid element_width=&#8220;12&#8243; gap=&#8220;0&#8243; grid_id=&#8220;vc_gid:1777445103700-b862a5db-0c4d-0&#8243; include=&#8220;12290&#8243;][vc_column_text css=&#8220;&#8220;]<span style=\"color: #e94e1b;\"><strong>Ein verleihservice<\/strong><\/span><br \/>\nJe nach Verf\u00fcgbarkeit.<br \/>\nVerleih von Elektrofahrr\u00e4dern.<br \/>\nVerleih von Grill- und Racletteger\u00e4ten, Crepemakern, Kleinkindausstattung (Hochstuhl und Kinderbett).<br \/>\nWaschraum mit Waschmaschine (Chips am Empfang erh\u00e4ltlich).<br \/>\nServicestation f\u00fcr Wohnmobile (kostenlos mit Ihrem Stellplatz).[\/vc_column_text][\/vc_column_inner][vc_column_inner width=&#8220;1\/3&#8243;][vc_masonry_media_grid element_width=&#8220;12&#8243; gap=&#8220;0&#8243; grid_id=&#8220;vc_gid:1777445103700-03d8a871-3b98-7&#8243; include=&#8220;11297&#8243;][vc_empty_space height=&#8220;15px&#8220;][vc_column_text]<span style=\"color: #e94e1b;\"><strong>N\u00fctzliche dienstleistungen in der N\u00e4he<\/strong><\/span><br \/>\nBushaltestelle mit Linien nach Lyon in 50 m Entfernung<br \/>\nBank in 50 m Entfernung<br \/>\nSupermarkt in 500 m Entfernung[\/vc_column_text][\/vc_column_inner][\/vc_row_inner][vc_empty_space height=&#8220;60px&#8220;][vc_row_inner][vc_column_inner width=&#8220;1\/6&#8243;][vc_icon type=&#8220;material&#8220; icon_material=&#8220;vc-material vc-material-home&#8220; color=&#8220;custom&#8220; size=&#8220;lg&#8220; align=&#8220;center&#8220; custom_color=&#8220;#e84e1b&#8220;][\/vc_column_inner][vc_column_inner width=&#8220;1\/6&#8243;][vc_icon type=&#8220;material&#8220; icon_material=&#8220;vc-material vc-material-wifi&#8220; color=&#8220;custom&#8220; size=&#8220;lg&#8220; align=&#8220;center&#8220; custom_color=&#8220;#e84e1b&#8220;][\/vc_column_inner][vc_column_inner width=&#8220;1\/6&#8243;][vc_icon type=&#8220;material&#8220; icon_material=&#8220;vc-material vc-material-pool&#8220; color=&#8220;custom&#8220; size=&#8220;lg&#8220; align=&#8220;center&#8220; custom_color=&#8220;#e84e1b&#8220;][\/vc_column_inner][vc_column_inner width=&#8220;1\/6&#8243;][vc_icon type=&#8220;typicons&#8220; icon_typicons=&#8220;typcn typcn-leaf&#8220; color=&#8220;custom&#8220; size=&#8220;lg&#8220; align=&#8220;center&#8220; custom_color=&#8220;#e84e1b&#8220;][\/vc_column_inner][vc_column_inner width=&#8220;1\/6&#8243;][vc_icon type=&#8220;material&#8220; icon_material=&#8220;vc-material vc-material-restaurant&#8220; color=&#8220;custom&#8220; size=&#8220;lg&#8220; align=&#8220;center&#8220; custom_color=&#8220;#e84e1b&#8220;][\/vc_column_inner][vc_column_inner width=&#8220;1\/6&#8243;][vc_icon type=&#8220;material&#8220; icon_material=&#8220;vc-material vc-material-local_bar&#8220; color=&#8220;custom&#8220; size=&#8220;lg&#8220; align=&#8220;center&#8220; custom_color=&#8220;#e84e1b&#8220;][\/vc_column_inner][\/vc_row_inner][vc_empty_space height=&#8220;40px&#8220;][vc_row_inner equal_height=&#8220;yes&#8220; content_placement=&#8220;middle&#8220; gap=&#8220;20&#8243; css=&#8220;.vc_custom_1524658721266{margin-left: -0.5px !important;}&#8220;][vc_column_inner width=&#8220;1\/3&#8243; css=&#8220;.vc_custom_1524667083074{background-color: #e8e8e8 !important;}&#8220;][vc_icon icon_fontawesome=&#8220;far fa-map&#8220; color=&#8220;custom&#8220; size=&#8220;lg&#8220; align=&#8220;center&#8220; css=&#8220;.vc_custom_1675951637615{margin-bottom: -10px !important;padding-top: 15px !important;}&#8220; custom_color=&#8220;#e84e1b&#8220; link=&#8220;url:https%3A%2F%2Fmedia.huttopia.com%2Fdestinations%2Flyon%2Fplan-camping-citykamp-lyon.pdf|target:_blank&#8220;][vc_column_text css=&#8220;.vc_custom_1675951644821{padding-top: 25px !important;padding-right: 15px !important;padding-bottom: 15px !important;padding-left: 15px !important;}&#8220;]<\/p>\n<p style=\"text-align: center;\"><a href=\"https:\/\/media.huttopia.com\/destinations\/lyon\/plan-camping-citykamp-lyon.pdf\" target=\"_blank\" rel=\"noopener noreferrer\"><strong>Platzplan<\/strong><\/a><\/p>\n<p>[\/vc_column_text][\/vc_column_inner][vc_column_inner width=&#8220;1\/3&#8243; css=&#8220;.vc_custom_1524667091667{background-color: #e8e8e8 !important;}&#8220;][vc_icon icon_fontawesome=&#8220;far fa-calendar-check&#8220; color=&#8220;custom&#8220; size=&#8220;lg&#8220; align=&#8220;center&#8220; css=&#8220;.vc_custom_1652170296729{margin-bottom: -10px !important;padding-top: 15px !important;}&#8220; custom_color=&#8220;#e84e1b&#8220; link=&#8220;url:http%3A%2F%2Fcheckout.citykamp.com%2Fsite%2Fde%2F7|target:_blank&#8220;][vc_column_text css=&#8220;.vc_custom_1652170275444{padding-top: 25px !important;padding-right: 15px !important;padding-bottom: 15px !important;padding-left: 15px !important;}&#8220;]<\/p>\n<p style=\"text-align: center;\"><a href=\"http:\/\/checkout.citykamp.com\/site\/de\/7\"><strong>Ihren Aufenthalt buchen<\/strong><\/a><\/p>\n<p>[\/vc_column_text][\/vc_column_inner][vc_column_inner width=&#8220;1\/3&#8243; css=&#8220;.vc_custom_1524668568121{background-color: #e8e8e8 !important;}&#8220;][vc_icon icon_fontawesome=&#8220;fa fa-map-marker&#8220; color=&#8220;custom&#8220; size=&#8220;lg&#8220; align=&#8220;center&#8220; css=&#8220;.vc_custom_1524654636610{margin-bottom: -10px !important;padding-top: 15px !important;}&#8220; custom_color=&#8220;#e84e1b&#8220; link=&#8220;url:https%3A%2F%2Fgoo.gl%2Fmaps%2FHE8uVSAqvh52||target:%20_blank|&#8220;][vc_column_text css=&#8220;.vc_custom_1652170303038{padding-top: 25px !important;padding-right: 15px !important;padding-bottom: 15px !important;padding-left: 15px !important;}&#8220;]<\/p>\n<p style=\"text-align: center;\"><a href=\"https:\/\/goo.gl\/maps\/HE8uVSAqvh52\"><strong>Reiseroute<\/strong><\/a><\/p>\n<p>[\/vc_column_text][\/vc_column_inner][\/vc_row_inner]<\/div>[\/vc_column][\/vc_row][vc_row css=&#8220;.vc_custom_1524668593898{background-color: #e8e8e8 !important;}&#8220;][vc_column css=&#8220;.vc_custom_1524658156681{margin-top: -30px !important;margin-bottom: -30px !important;}&#8220;]<div class=\"wrappedcontent\">[vc_column_text]<\/p>\n<h4>Fotos von mietunterk\u00fcnfte von Camping de Lyon<\/h4>\n<p>[\/vc_column_text][vc_empty_space height=&#8220;18px&#8220;][vc_masonry_media_grid style=&#8220;load-more&#8220; items_per_page=&#8220;4&#8243; element_width=&#8220;3&#8243; gap=&#8220;10&#8243; item=&#8220;1083&#8243; btn_title=&#8220;MEHR&#8220; btn_style=&#8220;modern&#8220; btn_shape=&#8220;square&#8220; btn_color=&#8220;default&#8220; btn_size=&#8220;xs&#8220; btn_i_icon_fontawesome=&#8220;fas fa-camera&#8220; btn_add_icon=&#8220;true&#8220; grid_id=&#8220;vc_gid:1777445103702-2d3c74e7-adda-8&#8243; include=&#8220;11303,11309,11315,11321,11327,11333,11339,11345,11351,11357,11363,11369,11375,11381,11387,11393,12306,12324,12318,12312&#8243;]<\/div>[\/vc_column][\/vc_row]<\/p>\n<\/div>","protected":false},"excerpt":{"rendered":"<p>[vc_row][vc_column][vc_single_image image=&#8220;12283&#8243; img_size=&#8220;1900&#215;500&#8243; alignment=&#8220;center&#8220;][\/vc_column][\/vc_row][vc_row][vc_column][\/vc_column][\/vc_row][vc_row css=&#8220;.vc_custom_1524668593898{background-color: #e8e8e8 !important;}&#8220;][vc_column css=&#8220;.vc_custom_1524658156681{margin-top: -30px !important;margin-bottom: -30px !important;}&#8220;][\/vc_column][\/vc_row]<\/p>\n","protected":false},"author":1,"featured_media":0,"parent":0,"menu_order":0,"comment_status":"closed","ping_status":"closed","template":"","meta":{"footnotes":""},"class_list":["post-83","page","type-page","status-publish","hentry"],"yoast_head":"<!-- This site is optimized with the Yoast SEO plugin v25.6 - https:\/\/yoast.com\/wordpress\/plugins\/seo\/ -->\n<title>Aktivit\u00e4ten und Dienstleistungen - Der Lyoner Campingplatz<\/title>\n<meta name=\"description\" content=\"Entdecken Sie die zahlreichen Dienstleistungen und Aktivit\u00e4ten des Camping de Lyon f\u00fcr einen Aufenthalt zwischen Entspannung und Freizeit.\" \/>\n<meta name=\"robots\" content=\"index, follow, max-snippet:-1, max-image-preview:large, max-video-preview:-1\" \/>\n<link rel=\"canonical\" href=\"https:\/\/www.camping-lyon.com\/de\/aktivitaten-dienstleistungen\/\" \/>\n<meta property=\"og:locale\" content=\"de_DE\" \/>\n<meta property=\"og:type\" content=\"article\" \/>\n<meta property=\"og:title\" content=\"Aktivit\u00e4ten und Dienstleistungen - Der Lyoner Campingplatz\" \/>\n<meta property=\"og:description\" content=\"Entdecken Sie die zahlreichen Dienstleistungen und Aktivit\u00e4ten des Camping de Lyon f\u00fcr einen Aufenthalt zwischen Entspannung und Freizeit.\" \/>\n<meta property=\"og:url\" content=\"https:\/\/www.camping-lyon.com\/de\/aktivitaten-dienstleistungen\/\" \/>\n<meta property=\"og:site_name\" content=\"Camping de Lyon\" \/>\n<meta property=\"article:modified_time\" content=\"2026-04-29T06:45:35+00:00\" \/>\n<meta name=\"twitter:card\" content=\"summary_large_image\" \/>\n<meta name=\"twitter:label1\" content=\"Est. reading time\" \/>\n\t<meta name=\"twitter:data1\" content=\"9 Minuten\" \/>\n<script type=\"application\/ld+json\" class=\"yoast-schema-graph\">{\"@context\":\"https:\/\/schema.org\",\"@graph\":[{\"@type\":\"WebPage\",\"@id\":\"https:\/\/www.camping-lyon.com\/de\/aktivitaten-dienstleistungen\/\",\"url\":\"https:\/\/www.camping-lyon.com\/de\/aktivitaten-dienstleistungen\/\",\"name\":\"Aktivit\u00e4ten und Dienstleistungen - Der Lyoner Campingplatz\",\"isPartOf\":{\"@id\":\"https:\/\/www.camping-lyon.com\/de\/#website\"},\"datePublished\":\"2018-01-04T16:31:38+00:00\",\"dateModified\":\"2026-04-29T06:45:35+00:00\",\"description\":\"Entdecken Sie die zahlreichen Dienstleistungen und Aktivit\u00e4ten des Camping de Lyon f\u00fcr einen Aufenthalt zwischen Entspannung und Freizeit.\",\"breadcrumb\":{\"@id\":\"https:\/\/www.camping-lyon.com\/de\/aktivitaten-dienstleistungen\/#breadcrumb\"},\"inLanguage\":\"de-DE\",\"potentialAction\":[{\"@type\":\"ReadAction\",\"target\":[\"https:\/\/www.camping-lyon.com\/de\/aktivitaten-dienstleistungen\/\"]}]},{\"@type\":\"BreadcrumbList\",\"@id\":\"https:\/\/www.camping-lyon.com\/de\/aktivitaten-dienstleistungen\/#breadcrumb\",\"itemListElement\":[{\"@type\":\"ListItem\",\"position\":1,\"name\":\"Accueil\",\"item\":\"https:\/\/www.camping-lyon.com\/de\/\"},{\"@type\":\"ListItem\",\"position\":2,\"name\":\"AKTIVIT\u00c4TEN \/ DIENSTLEISTUNGEN\"}]},{\"@type\":\"WebSite\",\"@id\":\"https:\/\/www.camping-lyon.com\/de\/#website\",\"url\":\"https:\/\/www.camping-lyon.com\/de\/\",\"name\":\"Camping de Lyon\",\"description\":\"Un site utilisant Citykamp\",\"potentialAction\":[{\"@type\":\"SearchAction\",\"target\":{\"@type\":\"EntryPoint\",\"urlTemplate\":\"https:\/\/www.camping-lyon.com\/de\/?s={search_term_string}\"},\"query-input\":{\"@type\":\"PropertyValueSpecification\",\"valueRequired\":true,\"valueName\":\"search_term_string\"}}],\"inLanguage\":\"de-DE\"}]}<\/script>\n<!-- \/ Yoast SEO plugin. -->","yoast_head_json":{"title":"Aktivit\u00e4ten und Dienstleistungen - Der Lyoner Campingplatz","description":"Entdecken Sie die zahlreichen Dienstleistungen und Aktivit\u00e4ten des Camping de Lyon f\u00fcr einen Aufenthalt zwischen Entspannung und Freizeit.","robots":{"index":"index","follow":"follow","max-snippet":"max-snippet:-1","max-image-preview":"max-image-preview:large","max-video-preview":"max-video-preview:-1"},"canonical":"https:\/\/www.camping-lyon.com\/de\/aktivitaten-dienstleistungen\/","og_locale":"de_DE","og_type":"article","og_title":"Aktivit\u00e4ten und Dienstleistungen - Der Lyoner Campingplatz","og_description":"Entdecken Sie die zahlreichen Dienstleistungen und Aktivit\u00e4ten des Camping de Lyon f\u00fcr einen Aufenthalt zwischen Entspannung und Freizeit.","og_url":"https:\/\/www.camping-lyon.com\/de\/aktivitaten-dienstleistungen\/","og_site_name":"Camping de Lyon","article_modified_time":"2026-04-29T06:45:35+00:00","twitter_card":"summary_large_image","twitter_misc":{"Est. reading time":"9 Minuten"},"schema":{"@context":"https:\/\/schema.org","@graph":[{"@type":"WebPage","@id":"https:\/\/www.camping-lyon.com\/de\/aktivitaten-dienstleistungen\/","url":"https:\/\/www.camping-lyon.com\/de\/aktivitaten-dienstleistungen\/","name":"Aktivit\u00e4ten und Dienstleistungen - Der Lyoner Campingplatz","isPartOf":{"@id":"https:\/\/www.camping-lyon.com\/de\/#website"},"datePublished":"2018-01-04T16:31:38+00:00","dateModified":"2026-04-29T06:45:35+00:00","description":"Entdecken Sie die zahlreichen Dienstleistungen und Aktivit\u00e4ten des Camping de Lyon f\u00fcr einen Aufenthalt zwischen Entspannung und Freizeit.","breadcrumb":{"@id":"https:\/\/www.camping-lyon.com\/de\/aktivitaten-dienstleistungen\/#breadcrumb"},"inLanguage":"de-DE","potentialAction":[{"@type":"ReadAction","target":["https:\/\/www.camping-lyon.com\/de\/aktivitaten-dienstleistungen\/"]}]},{"@type":"BreadcrumbList","@id":"https:\/\/www.camping-lyon.com\/de\/aktivitaten-dienstleistungen\/#breadcrumb","itemListElement":[{"@type":"ListItem","position":1,"name":"Accueil","item":"https:\/\/www.camping-lyon.com\/de\/"},{"@type":"ListItem","position":2,"name":"AKTIVIT\u00c4TEN \/ DIENSTLEISTUNGEN"}]},{"@type":"WebSite","@id":"https:\/\/www.camping-lyon.com\/de\/#website","url":"https:\/\/www.camping-lyon.com\/de\/","name":"Camping de Lyon","description":"Un site utilisant Citykamp","potentialAction":[{"@type":"SearchAction","target":{"@type":"EntryPoint","urlTemplate":"https:\/\/www.camping-lyon.com\/de\/?s={search_term_string}"},"query-input":{"@type":"PropertyValueSpecification","valueRequired":true,"valueName":"search_term_string"}}],"inLanguage":"de-DE"}]}},"_links":{"self":[{"href":"https:\/\/www.camping-lyon.com\/de\/wp-json\/wp\/v2\/pages\/83","targetHints":{"allow":["GET"]}}],"collection":[{"href":"https:\/\/www.camping-lyon.com\/de\/wp-json\/wp\/v2\/pages"}],"about":[{"href":"https:\/\/www.camping-lyon.com\/de\/wp-json\/wp\/v2\/types\/page"}],"author":[{"embeddable":true,"href":"https:\/\/www.camping-lyon.com\/de\/wp-json\/wp\/v2\/users\/1"}],"replies":[{"embeddable":true,"href":"https:\/\/www.camping-lyon.com\/de\/wp-json\/wp\/v2\/comments?post=83"}],"version-history":[{"count":7,"href":"https:\/\/www.camping-lyon.com\/de\/wp-json\/wp\/v2\/pages\/83\/revisions"}],"predecessor-version":[{"id":13512,"href":"https:\/\/www.camping-lyon.com\/de\/wp-json\/wp\/v2\/pages\/83\/revisions\/13512"}],"wp:attachment":[{"href":"https:\/\/www.camping-lyon.com\/de\/wp-json\/wp\/v2\/media?parent=83"}],"curies":[{"name":"wp","href":"https:\/\/api.w.org\/{rel}","templated":true}]}}