{"id":88,"date":"2018-01-04T17:29:32","date_gmt":"2018-01-04T16:29:32","guid":{"rendered":"http:\/\/www.citykamp.com\/lyon\/de\/emplacements\/"},"modified":"2024-03-27T09:19:47","modified_gmt":"2024-03-27T08:19:47","slug":"stellplatze","status":"publish","type":"page","link":"https:\/\/www.camping-lyon.com\/de\/stellplatze\/","title":{"rendered":"STELLPL\u00c4TZE"},"content":{"rendered":"<div class=\"wpb-content-wrapper\"><p>[vc_row][vc_column][vc_single_image image=&#8220;12336&#8243; img_size=&#8220;1900&#215;500&#8243; alignment=&#8220;center&#8220;][\/vc_column][\/vc_row][vc_row][vc_column]<div class=\"wrappedcontent\">[vc_column_text]<\/p>\n<h3><span style=\"color: #333333;\">Das ganze Jahr \u00fcber stehen Ihnen ger\u00e4umige, schattige und leicht zug\u00e4ngliche Stellpl\u00e4tze zur Verf\u00fcgung.<\/span><\/h3>\n<p>[\/vc_column_text][vc_empty_space height=&#8220;35px&#8220;][vc_column_text]Die Camping de Lyon**** bietet 239 schattige und begr\u00fcnte Stellpl\u00e4tze auf einem 6 Hektar gro\u00dfen Gel\u00e4nde im Herzen eines reizvollen Naturparks[\/vc_column_text][vc_empty_space height=&#8220;20px&#8220;][vc_row_inner equal_height=&#8220;yes&#8220; gap=&#8220;35&#8243; css=&#8220;.vc_custom_1651481195495{margin-left: -0.5px !important;}&#8220;][vc_column_inner width=&#8220;1\/3&#8243;][vc_masonry_media_grid element_width=&#8220;12&#8243; gap=&#8220;0&#8243; grid_id=&#8220;vc_gid:1711527561544-63e8d993-66e4-4&#8243; include=&#8220;12342&#8243;][vc_empty_space height=&#8220;15px&#8220;][vc_column_text]<span style=\"font-size: 14pt; color: #e94e1b;\"><strong>Der Campingplatz<\/strong><\/span><br \/>\nDie Stellpl\u00e4tze sind leicht zug\u00e4nglich. G\u00e4ste mit Zelt, Wohnwagen und Wohnmobil sind bei uns das ganze Jahr \u00fcber herzlich willkommen.<br \/>\nZudem bieten wir den Verleih von Grillger\u00e4ten usw. (vorbehaltlich Verf\u00fcgbarkeit).[\/vc_column_text][\/vc_column_inner][vc_column_inner width=&#8220;1\/3&#8243;][vc_masonry_media_grid element_width=&#8220;12&#8243; gap=&#8220;0&#8243; grid_id=&#8220;vc_gid:1711527561546-7b7507f0-51a8-2&#8243; include=&#8220;2088&#8243;][vc_empty_space height=&#8220;15px&#8220;][vc_column_text]<span style=\"font-size: 14pt; color: #e94e1b;\"><strong>Die Reisemobile<\/strong><\/span><br \/>\nF\u00fcr die Wohnmobile steht eine Entsorgungsstation zur Verf\u00fcgung. Zahlreiche Dienstleistungen f\u00fcr die Camper sorgen f\u00fcr einen noch angenehmeren Aufenthalt: der Brotverkauf, ein kleiner Lebensmittelladen, \u2026[\/vc_column_text][\/vc_column_inner][vc_column_inner width=&#8220;1\/3&#8243;][vc_masonry_media_grid element_width=&#8220;12&#8243; gap=&#8220;0&#8243; grid_id=&#8220;vc_gid:1711527561547-edeedbc9-e7e2-0&#8243; include=&#8220;9841&#8243;][vc_empty_space height=&#8220;15px&#8220;][vc_column_text]<span style=\"font-size: 14pt; color: #e94e1b;\"><strong>Die Sanit\u00e4ranlagen<\/strong><\/span><br \/>\nNutzen Sie die brandneuen Sanit\u00e4ranlagen! Ger\u00e4umig, komfortabel und beheizt, ganzj\u00e4hrig ge\u00f6ffnet \u2026 Die sanit\u00e4ren Einrichtungen sind f\u00fcr Familien (Babybereich und Familienbadezimmer) und Personen mit eingeschr\u00e4nkter Mobilit\u00e4t geeignet.[\/vc_column_text][\/vc_column_inner][\/vc_row_inner][vc_empty_space height=&#8220;20px&#8220;]<div class=\"text-center btnwrap\"><a class=\"btn btn-huttopia-cta\" href=\"http:\/\/checkout.citykamp.com\/site\/de\/7\" role=\"button\" target=\"\" onclick=\"dataLayer.push({'event':'clickCity', 'clickText':'Aufenthalt buchen'})\">Aufenthalt buchen<\/a><\/div>[vc_empty_space][vc_separator color=&#8220;custom&#8220; el_width=&#8220;90&#8243; accent_color=&#8220;#e84e1b&#8220;][vc_empty_space][vc_row_inner equal_height=&#8220;yes&#8220; gap=&#8220;30&#8243; css=&#8220;.vc_custom_1678725928104{margin-left: -0.5px !important;background-color: rgba(232,78,27,0.2) !important;*background-color: rgb(232,78,27) !important;}&#8220;][vc_column_inner width=&#8220;1\/3&#8243;][vc_single_image image=&#8220;11914&#8243; img_size=&#8220;600*500&#8243; alignment=&#8220;center&#8220;][\/vc_column_inner][vc_column_inner width=&#8220;2\/3&#8243;][vc_column_text]<\/p>\n<h2><span style=\"color: #e94e1b;\">CAMPING CARD<\/span><\/h2>\n<p><span style=\"font-size: 12pt;\">Campen Sie ab <span style=\"color: #e84e1b;\"><strong>15\u20ac<\/strong><\/span>* pro \u00dcbernachtung mit der <span style=\"color: #e94e1b;\"><a style=\"color: #e94e1b;\" href=\"https:\/\/www.citykamp.com\/de\/camping-card\/\"><span style=\"text-decoration: underline;\">Camping Card<\/span><\/a><\/span>\u00a0Huttopia.<\/span><br \/>\n<span style=\"font-size: 12pt;\">Profitieren Sie von reduzierten Preisen und Gratis\u00fcbernachtungen in der Vor- und Nachsaison auf allen <span style=\"text-decoration: underline; color: #e94e1b;\"><a style=\"color: #e94e1b; text-decoration: underline;\" href=\"https:\/\/www.citykamp.com\/de\/reiseziele\/\">CityKamp<\/a><\/span> Campingpl\u00e4tzen, <span style=\"text-decoration: underline; color: #e94e1b;\"><a style=\"color: #e94e1b; text-decoration: underline;\" href=\"https:\/\/www.onlycamp.fr\/en\/\">Onlycamp<\/a><\/span> en <span style=\"text-decoration: underline; color: #e94e1b;\"><a style=\"color: #e94e1b; text-decoration: underline;\" href=\"https:\/\/europe.huttopia.com\/de\/destinations\/campings\/\">Huttopia Campingpl\u00e4tzen<\/a><\/span>.<\/span><\/p>\n<p><em><span style=\"font-size: 10pt;\">*Preis beinhaltet 1 Stellplatz f\u00fcr 2 Personen mit Stromanschluss (+ Haustier gratis)<\/span><\/em>[\/vc_column_text]<div class=\" btnwrap\"><a class=\"btn btn-huttopia-cta\" href=\"https:\/\/www.citykamp.com\/de\/camping-card\/\" role=\"button\" target=\"true\" onclick=\"dataLayer.push({'event':'clickCity', 'clickText':'MEHR ERFAHREN'})\">MEHR ERFAHREN<\/a><\/div>[\/vc_column_inner][\/vc_row_inner][vc_empty_space][vc_separator color=&#8220;custom&#8220; el_width=&#8220;90&#8243; accent_color=&#8220;#e84e1b&#8220;][vc_empty_space height=&#8220;40px&#8220;][vc_row_inner equal_height=&#8220;yes&#8220; content_placement=&#8220;middle&#8220; gap=&#8220;20&#8243; css=&#8220;.vc_custom_1524658721266{margin-left: -0.5px !important;}&#8220;][vc_column_inner width=&#8220;1\/3&#8243; css=&#8220;.vc_custom_1524667083074{background-color: #e8e8e8 !important;}&#8220;][vc_icon icon_fontawesome=&#8220;far fa-map&#8220; color=&#8220;custom&#8220; size=&#8220;lg&#8220; align=&#8220;center&#8220; custom_color=&#8220;#e84e1b&#8220; link=&#8220;url:https%3A%2F%2Fmedia.huttopia.com%2Fdestinations%2Flyon%2Fplan-camping-citykamp-lyon.pdf|target:_blank&#8220; css=&#8220;.vc_custom_1675954208328{margin-bottom: -10px !important;padding-top: 15px !important;}&#8220;][vc_column_text css=&#8220;.vc_custom_1675954214271{padding-top: 25px !important;padding-right: 15px !important;padding-bottom: 15px !important;padding-left: 15px !important;}&#8220;]<\/p>\n<p style=\"text-align: center;\"><a href=\"https:\/\/media.huttopia.com\/destinations\/lyon\/plan-camping-citykamp-lyon.pdf\" target=\"_blank\" rel=\"noopener noreferrer\"><strong>Platzplan<\/strong><\/a><\/p>\n<p>[\/vc_column_text][\/vc_column_inner][vc_column_inner width=&#8220;1\/3&#8243; css=&#8220;.vc_custom_1524667091667{background-color: #e8e8e8 !important;}&#8220;][vc_icon icon_fontawesome=&#8220;fa fa-calendar-check-o&#8220; color=&#8220;custom&#8220; size=&#8220;lg&#8220; align=&#8220;center&#8220; custom_color=&#8220;#e84e1b&#8220; link=&#8220;url:http%3A%2F%2Fcheckout.citykamp.com%2Fsite%2Fde%2F7||target:%20_blank|&#8220; css=&#8220;.vc_custom_1526042937279{margin-bottom: -10px !important;padding-top: 15px !important;}&#8220;][vc_column_text css=&#8220;.vc_custom_1526042947192{padding-top: 25px !important;padding-right: 15px !important;padding-bottom: 15px !important;padding-left: 15px !important;}&#8220;]<\/p>\n<p style=\"text-align: center;\"><a href=\"http:\/\/checkout.citykamp.com\/site\/de\/7\"><strong>Ihren Aufenthalt buchen<\/strong><\/a><\/p>\n<p>[\/vc_column_text][\/vc_column_inner][vc_column_inner width=&#8220;1\/3&#8243; css=&#8220;.vc_custom_1524668872863{background-color: #e8e8e8 !important;}&#8220;][vc_icon icon_fontawesome=&#8220;fa fa-map-marker&#8220; color=&#8220;custom&#8220; size=&#8220;lg&#8220; align=&#8220;center&#8220; custom_color=&#8220;#e84e1b&#8220; link=&#8220;url:https%3A%2F%2Fgoo.gl%2Fmaps%2FHE8uVSAqvh52||target:%20_blank|&#8220; css=&#8220;.vc_custom_1524654636610{margin-bottom: -10px !important;padding-top: 15px !important;}&#8220;][vc_column_text css=&#8220;.vc_custom_1526042985946{padding-top: 25px !important;padding-right: 15px !important;padding-bottom: 15px !important;padding-left: 15px !important;}&#8220;]<\/p>\n<p style=\"text-align: center;\"><a href=\"https:\/\/goo.gl\/maps\/HE8uVSAqvh52\"><strong>Reiseroute<\/strong><\/a><\/p>\n<p>[\/vc_column_text][\/vc_column_inner][\/vc_row_inner]<\/div>[\/vc_column][\/vc_row][vc_row css=&#8220;.vc_custom_1524659443949{background-color: #e8e8e8 !important;}&#8220;][vc_column css=&#8220;.vc_custom_1524658156681{margin-top: -30px !important;margin-bottom: -30px !important;}&#8220;]<div class=\"wrappedcontent\">[vc_column_text]<\/p>\n<h4>Fotos der Stellpl\u00e4tze in Lyon<\/h4>\n<p>[\/vc_column_text][vc_empty_space height=&#8220;18px&#8220;][vc_masonry_media_grid style=&#8220;load-more&#8220; items_per_page=&#8220;4&#8243; element_width=&#8220;3&#8243; gap=&#8220;10&#8243; item=&#8220;1083&#8243; btn_title=&#8220;MEHR&#8220; btn_style=&#8220;custom&#8220; btn_custom_background=&#8220;#e84e1b&#8220; btn_custom_text=&#8220;#ffffff&#8220; btn_shape=&#8220;square&#8220; btn_i_icon_fontawesome=&#8220;fa fa-camera&#8220; btn_add_icon=&#8220;true&#8220; grid_id=&#8220;vc_gid:1711527561553-d866f0a4-b0ec-9&#8243; include=&#8220;2913,2928,2918,2968,2923,2933,2938,2943&#8243;]<\/div>[\/vc_column][\/vc_row]<\/p>\n<\/div>","protected":false},"excerpt":{"rendered":"<p>[vc_row][vc_column][vc_single_image image=&#8220;12336&#8243; img_size=&#8220;1900&#215;500&#8243; alignment=&#8220;center&#8220;][\/vc_column][\/vc_row][vc_row][vc_column][\/vc_column][\/vc_row][vc_row css=&#8220;.vc_custom_1524659443949{background-color: #e8e8e8 !important;}&#8220;][vc_column css=&#8220;.vc_custom_1524658156681{margin-top: -30px !important;margin-bottom: -30px !important;}&#8220;][\/vc_column][\/vc_row]<\/p>\n","protected":false},"author":1,"featured_media":0,"parent":0,"menu_order":0,"comment_status":"closed","ping_status":"closed","template":"","meta":{"footnotes":""},"class_list":["post-88","page","type-page","status-publish","hentry"],"yoast_head":"<!-- This site is optimized with the Yoast SEO plugin v25.6 - https:\/\/yoast.com\/wordpress\/plugins\/seo\/ -->\n<title>Entdecken Sie unsere Stellpl\u00e4tze - Der Lyoner Campingplatz<\/title>\n<meta name=\"description\" content=\"Der Camping de Lyon verf\u00fcgt \u00fcber 135 schattige und gr\u00fcne Stellpl\u00e4tze auf 6 Hektar, die alle mit Camper verbundenen Dienstleistungen f\u00fcr einen angenehmen Aufenthalt verbinden.\" \/>\n<meta name=\"robots\" content=\"index, follow, max-snippet:-1, max-image-preview:large, max-video-preview:-1\" \/>\n<link rel=\"canonical\" href=\"https:\/\/www.camping-lyon.com\/de\/stellplatze\/\" \/>\n<meta property=\"og:locale\" content=\"de_DE\" \/>\n<meta property=\"og:type\" content=\"article\" \/>\n<meta property=\"og:title\" content=\"Entdecken Sie unsere Stellpl\u00e4tze - Der Lyoner Campingplatz\" \/>\n<meta property=\"og:description\" content=\"Der Camping de Lyon verf\u00fcgt \u00fcber 135 schattige und gr\u00fcne Stellpl\u00e4tze auf 6 Hektar, die alle mit Camper verbundenen Dienstleistungen f\u00fcr einen angenehmen Aufenthalt verbinden.\" \/>\n<meta property=\"og:url\" content=\"https:\/\/www.camping-lyon.com\/de\/stellplatze\/\" \/>\n<meta property=\"og:site_name\" content=\"Camping de Lyon\" \/>\n<meta property=\"article:modified_time\" content=\"2024-03-27T08:19:47+00:00\" \/>\n<meta name=\"twitter:card\" content=\"summary_large_image\" \/>\n<meta name=\"twitter:label1\" content=\"Est. reading time\" \/>\n\t<meta name=\"twitter:data1\" content=\"2 Minuten\" \/>\n<script type=\"application\/ld+json\" class=\"yoast-schema-graph\">{\"@context\":\"https:\/\/schema.org\",\"@graph\":[{\"@type\":\"WebPage\",\"@id\":\"https:\/\/www.camping-lyon.com\/de\/stellplatze\/\",\"url\":\"https:\/\/www.camping-lyon.com\/de\/stellplatze\/\",\"name\":\"Entdecken Sie unsere Stellpl\u00e4tze - Der Lyoner Campingplatz\",\"isPartOf\":{\"@id\":\"https:\/\/www.camping-lyon.com\/de\/#website\"},\"datePublished\":\"2018-01-04T16:29:32+00:00\",\"dateModified\":\"2024-03-27T08:19:47+00:00\",\"description\":\"Der Camping de Lyon verf\u00fcgt \u00fcber 135 schattige und gr\u00fcne Stellpl\u00e4tze auf 6 Hektar, die alle mit Camper verbundenen Dienstleistungen f\u00fcr einen angenehmen Aufenthalt verbinden.\",\"breadcrumb\":{\"@id\":\"https:\/\/www.camping-lyon.com\/de\/stellplatze\/#breadcrumb\"},\"inLanguage\":\"de-DE\",\"potentialAction\":[{\"@type\":\"ReadAction\",\"target\":[\"https:\/\/www.camping-lyon.com\/de\/stellplatze\/\"]}]},{\"@type\":\"BreadcrumbList\",\"@id\":\"https:\/\/www.camping-lyon.com\/de\/stellplatze\/#breadcrumb\",\"itemListElement\":[{\"@type\":\"ListItem\",\"position\":1,\"name\":\"Accueil\",\"item\":\"https:\/\/www.camping-lyon.com\/de\/\"},{\"@type\":\"ListItem\",\"position\":2,\"name\":\"STELLPL\u00c4TZE\"}]},{\"@type\":\"WebSite\",\"@id\":\"https:\/\/www.camping-lyon.com\/de\/#website\",\"url\":\"https:\/\/www.camping-lyon.com\/de\/\",\"name\":\"Camping de Lyon\",\"description\":\"Un site utilisant Citykamp\",\"potentialAction\":[{\"@type\":\"SearchAction\",\"target\":{\"@type\":\"EntryPoint\",\"urlTemplate\":\"https:\/\/www.camping-lyon.com\/de\/?s={search_term_string}\"},\"query-input\":{\"@type\":\"PropertyValueSpecification\",\"valueRequired\":true,\"valueName\":\"search_term_string\"}}],\"inLanguage\":\"de-DE\"}]}<\/script>\n<!-- \/ Yoast SEO plugin. -->","yoast_head_json":{"title":"Entdecken Sie unsere Stellpl\u00e4tze - Der Lyoner Campingplatz","description":"Der Camping de Lyon verf\u00fcgt \u00fcber 135 schattige und gr\u00fcne Stellpl\u00e4tze auf 6 Hektar, die alle mit Camper verbundenen Dienstleistungen f\u00fcr einen angenehmen Aufenthalt verbinden.","robots":{"index":"index","follow":"follow","max-snippet":"max-snippet:-1","max-image-preview":"max-image-preview:large","max-video-preview":"max-video-preview:-1"},"canonical":"https:\/\/www.camping-lyon.com\/de\/stellplatze\/","og_locale":"de_DE","og_type":"article","og_title":"Entdecken Sie unsere Stellpl\u00e4tze - Der Lyoner Campingplatz","og_description":"Der Camping de Lyon verf\u00fcgt \u00fcber 135 schattige und gr\u00fcne Stellpl\u00e4tze auf 6 Hektar, die alle mit Camper verbundenen Dienstleistungen f\u00fcr einen angenehmen Aufenthalt verbinden.","og_url":"https:\/\/www.camping-lyon.com\/de\/stellplatze\/","og_site_name":"Camping de Lyon","article_modified_time":"2024-03-27T08:19:47+00:00","twitter_card":"summary_large_image","twitter_misc":{"Est. reading time":"2 Minuten"},"schema":{"@context":"https:\/\/schema.org","@graph":[{"@type":"WebPage","@id":"https:\/\/www.camping-lyon.com\/de\/stellplatze\/","url":"https:\/\/www.camping-lyon.com\/de\/stellplatze\/","name":"Entdecken Sie unsere Stellpl\u00e4tze - Der Lyoner Campingplatz","isPartOf":{"@id":"https:\/\/www.camping-lyon.com\/de\/#website"},"datePublished":"2018-01-04T16:29:32+00:00","dateModified":"2024-03-27T08:19:47+00:00","description":"Der Camping de Lyon verf\u00fcgt \u00fcber 135 schattige und gr\u00fcne Stellpl\u00e4tze auf 6 Hektar, die alle mit Camper verbundenen Dienstleistungen f\u00fcr einen angenehmen Aufenthalt verbinden.","breadcrumb":{"@id":"https:\/\/www.camping-lyon.com\/de\/stellplatze\/#breadcrumb"},"inLanguage":"de-DE","potentialAction":[{"@type":"ReadAction","target":["https:\/\/www.camping-lyon.com\/de\/stellplatze\/"]}]},{"@type":"BreadcrumbList","@id":"https:\/\/www.camping-lyon.com\/de\/stellplatze\/#breadcrumb","itemListElement":[{"@type":"ListItem","position":1,"name":"Accueil","item":"https:\/\/www.camping-lyon.com\/de\/"},{"@type":"ListItem","position":2,"name":"STELLPL\u00c4TZE"}]},{"@type":"WebSite","@id":"https:\/\/www.camping-lyon.com\/de\/#website","url":"https:\/\/www.camping-lyon.com\/de\/","name":"Camping de Lyon","description":"Un site utilisant Citykamp","potentialAction":[{"@type":"SearchAction","target":{"@type":"EntryPoint","urlTemplate":"https:\/\/www.camping-lyon.com\/de\/?s={search_term_string}"},"query-input":{"@type":"PropertyValueSpecification","valueRequired":true,"valueName":"search_term_string"}}],"inLanguage":"de-DE"}]}},"_links":{"self":[{"href":"https:\/\/www.camping-lyon.com\/de\/wp-json\/wp\/v2\/pages\/88","targetHints":{"allow":["GET"]}}],"collection":[{"href":"https:\/\/www.camping-lyon.com\/de\/wp-json\/wp\/v2\/pages"}],"about":[{"href":"https:\/\/www.camping-lyon.com\/de\/wp-json\/wp\/v2\/types\/page"}],"author":[{"embeddable":true,"href":"https:\/\/www.camping-lyon.com\/de\/wp-json\/wp\/v2\/users\/1"}],"replies":[{"embeddable":true,"href":"https:\/\/www.camping-lyon.com\/de\/wp-json\/wp\/v2\/comments?post=88"}],"version-history":[{"count":5,"href":"https:\/\/www.camping-lyon.com\/de\/wp-json\/wp\/v2\/pages\/88\/revisions"}],"predecessor-version":[{"id":12792,"href":"https:\/\/www.camping-lyon.com\/de\/wp-json\/wp\/v2\/pages\/88\/revisions\/12792"}],"wp:attachment":[{"href":"https:\/\/www.camping-lyon.com\/de\/wp-json\/wp\/v2\/media?parent=88"}],"curies":[{"name":"wp","href":"https:\/\/api.w.org\/{rel}","templated":true}]}}