{"id":100,"date":"2018-01-04T17:29:46","date_gmt":"2018-01-04T16:29:46","guid":{"rendered":"http:\/\/www.citykamp.com\/lyon\/es\/professionnels\/"},"modified":"2023-10-25T15:47:34","modified_gmt":"2023-10-25T13:47:34","slug":"negocios","status":"publish","type":"page","link":"https:\/\/www.camping-lyon.com\/es\/negocios\/","title":{"rendered":"Negocios"},"content":{"rendered":"<div class=\"wpb-content-wrapper\"><p>[vc_row][vc_column][vc_single_image image=\u00bb1630&#8243; img_size=\u00bb1900&#215;500&#8243;][\/vc_column][\/vc_row][vc_row][vc_column]<div class=\"wrappedcontent\">[vc_column_text]<\/p>\n<h3><span style=\"color: #333333;\">Desplazamientos de trabajo<\/span><\/h3>\n<p>[\/vc_column_text][vc_empty_space height=\u00bb50px\u00bb][vc_column_text]<\/p>\n<h4>\u00a1La mejor alternativa al hotel para los viajes de trabajo!<\/h4>\n<p>\u00bfEst\u00e1s de viaje de trabajo, destino temporal, formaci\u00f3n o est\u00e1s visitando una feria o exponiendo en ella&#8230; en Lyon? Descubre el camping de Lyon. Cerca del centro de Lyon, estar\u00e1s en el lugar ideal para visitar el centro de la ciudad y adem\u00e1s, en plena naturaleza. Situado en la entrada norte de Lyon, llegar\u00e1s al centro en 15 minutos en coche. Tambi\u00e9n podr\u00e1s utilizar el transporte p\u00fablico que se encuentra a las puertas del camping.<\/p>\n<p>M\u00e1s econ\u00f3mico que un hotel en Lyon, este camping es una alternativa en la naturaleza para tu estancia. \u00bfEstancia de una noche o varias semanas? \u00a1Todo es posible![\/vc_column_text][vc_empty_space][vc_masonry_media_grid element_width=\u00bb6&#8243; gap=\u00bb25&#8243; item=\u00bb285&#8243; grid_id=\u00bbvc_gid:1698241576113-8089f5e4-8339-3&#8243; include=\u00bb8992,8998&#8243;][vc_empty_space height=\u00bb10px\u00bb][vc_masonry_media_grid gap=\u00bb15&#8243; item=\u00bb285&#8243; grid_id=\u00bbvc_gid:1698241576115-25262e46-b209-7&#8243; include=\u00bb2685,2690,8220&#8243;][vc_empty_space]<div class=\"text-center btnwrap\"><a class=\"btn btn-huttopia-cta\" href=\"http:\/\/checkout.citykamp.com\/site\/es\/7\" role=\"button\" target=\"\" onclick=\"dataLayer.push({'event':'clickCity', 'clickText':'Reserva tu estancia'})\">Reserva tu estancia<\/a><\/div>[vc_empty_space height=\u00bb50px\u00bb][vc_column_text]<\/p>\n<h4 style=\"text-align: center;\">\u2013\u00a0<span style=\"color: #333333;\">\u00a1Trabaja, descansa y desconecta!\u00a0<\/span>\u2013<\/h4>\n<p>[\/vc_column_text][vc_empty_space height=\u00bb50px\u00bb][vc_masonry_media_grid gap=\u00bb10&#8243; item=\u00bb284&#8243; grid_id=\u00bbvc_gid:1698241576117-aa54fef9-c730-2&#8243; include=\u00bb2645,2680,2675&#8243;][vc_empty_space height=\u00bb10px\u00bb][vc_masonry_media_grid gap=\u00bb10&#8243; item=\u00bb284&#8243; grid_id=\u00bbvc_gid:1698241576120-e4fa7307-78c2-1&#8243; include=\u00bb2650,2635,2655&#8243;][vc_empty_space height=\u00bb50px\u00bb][vc_column_text]<\/p>\n<h4 style=\"text-align: center;\">\u2013 <span style=\"color: #333333;\">Una situaci\u00f3n ideal: un rinc\u00f3n de la naturaleza en la entrada de Lyon<\/span> \u2013<\/h4>\n<p>[\/vc_column_text][vc_empty_space height=\u00bb50px\u00bb][vc_row_inner][vc_column_inner width=\u00bb2\/3&#8243;][vc_masonry_media_grid element_width=\u00bb6&#8243; gap=\u00bb10&#8243; item=\u00bb283&#8243; grid_id=\u00bbvc_gid:1698241576122-66b568f7-fd97-4&#8243; include=\u00bb2600,2640&#8243;][\/vc_column_inner][vc_column_inner width=\u00bb1\/3&#8243;][vc_gmaps link=\u00bb#E-8_JTNDaWZyYW1lJTIwc3JjJTNEJTIyaHR0cHMlM0ElMkYlMkZ3d3cuZ29vZ2xlLmNvbSUyRm1hcHMlMkZlbWJlZCUzRnBiJTNEJTIxMW0xNCUyMTFtOCUyMTFtMyUyMTFkMTExMjIuNDkwNjU4Njc0MTQ5JTIxMmQ0Ljc2MjUxMDglMjEzZDQ1LjgxODgxNDklMjEzbTIlMjExaTEwMjQlMjEyaTc2OCUyMTRmMTMuMSUyMTNtMyUyMTFtMiUyMTFzMHgwJTI1M0EweDc3ODI1MjBmZDk3NGVmZDYlMjEyc0NhbXBpbmclMkJkZSUyQkx5b24lMjE1ZTAlMjEzbTIlMjExc2ZyJTIxMnNmciUyMTR2MTUxMzI0MDY1NTc1NiUyMiUyMHdpZHRoJTNEJTIyNjAwJTIyJTIwaGVpZ2h0JTNEJTIyNDUwJTIyJTIwZnJhbWVib3JkZXIlM0QlMjIwJTIyJTIwc3R5bGUlM0QlMjJib3JkZXIlM0EwJTIyJTIwYWxsb3dmdWxsc2NyZWVuJTNFJTNDJTJGaWZyYW1lJTNF\u00bb][\/vc_column_inner][\/vc_row_inner][vc_empty_space height=\u00bb50px\u00bb][vc_row_inner css=\u00bb.vc_custom_1515146293459{margin-bottom: -35px !important;}\u00bb][vc_column_inner width=\u00bb1\/6&#8243;][vc_icon type=\u00bbmaterial\u00bb icon_material=\u00bbvc-material vc-material-home\u00bb color=\u00bbcustom\u00bb size=\u00bblg\u00bb align=\u00bbcenter\u00bb custom_color=\u00bb#e84e1b\u00bb][\/vc_column_inner][vc_column_inner width=\u00bb1\/6&#8243;][vc_icon type=\u00bbmaterial\u00bb icon_material=\u00bbvc-material vc-material-wifi\u00bb color=\u00bbcustom\u00bb size=\u00bblg\u00bb align=\u00bbcenter\u00bb custom_color=\u00bb#e84e1b\u00bb][\/vc_column_inner][vc_column_inner width=\u00bb1\/6&#8243;][vc_icon type=\u00bbmaterial\u00bb icon_material=\u00bbvc-material vc-material-business_center\u00bb color=\u00bbcustom\u00bb size=\u00bblg\u00bb align=\u00bbcenter\u00bb custom_color=\u00bb#e84e1b\u00bb][\/vc_column_inner][vc_column_inner width=\u00bb1\/6&#8243;][vc_icon type=\u00bbmaterial\u00bb icon_material=\u00bbvc-material vc-material-local_bar\u00bb color=\u00bbcustom\u00bb size=\u00bblg\u00bb align=\u00bbcenter\u00bb custom_color=\u00bb#e84e1b\u00bb][\/vc_column_inner][vc_column_inner width=\u00bb1\/6&#8243;][vc_icon type=\u00bbmaterial\u00bb icon_material=\u00bbvc-material vc-material-restaurant\u00bb color=\u00bbcustom\u00bb size=\u00bblg\u00bb align=\u00bbcenter\u00bb custom_color=\u00bb#e84e1b\u00bb][\/vc_column_inner][vc_column_inner width=\u00bb1\/6&#8243;][vc_icon type=\u00bbtypicons\u00bb icon_typicons=\u00bbtypcn typcn-leaf\u00bb color=\u00bbcustom\u00bb size=\u00bblg\u00bb align=\u00bbcenter\u00bb custom_color=\u00bb#e84e1b\u00bb][\/vc_column_inner][\/vc_row_inner][vc_empty_space height=\u00bb40px\u00bb]<\/div>[\/vc_column][\/vc_row]<\/p>\n<\/div>","protected":false},"excerpt":{"rendered":"<p>[vc_row][vc_column][vc_single_image image=\u00bb1630&#8243; img_size=\u00bb1900&#215;500&#8243;][\/vc_column][\/vc_row][vc_row][vc_column][\/vc_column][\/vc_row]<\/p>\n","protected":false},"author":1,"featured_media":0,"parent":0,"menu_order":0,"comment_status":"closed","ping_status":"closed","template":"","meta":{"footnotes":""},"class_list":["post-100","page","type-page","status-publish","hentry"],"yoast_head":"<!-- This site is optimized with the Yoast SEO plugin v25.6 - https:\/\/yoast.com\/wordpress\/plugins\/seo\/ -->\n<title>Viajes de negocios - Camping de Lyon<\/title>\n<meta name=\"description\" content=\"\u00bfViajas a Lyon? Qu\u00e9dese en un camping para su estancia profesional: la naturaleza alternativa para desconectar, \u00a1cerca de Lyon!\" \/>\n<meta name=\"robots\" content=\"index, follow, max-snippet:-1, max-image-preview:large, max-video-preview:-1\" \/>\n<link rel=\"canonical\" href=\"https:\/\/www.camping-lyon.com\/es\/negocios\/\" \/>\n<meta property=\"og:locale\" content=\"es_ES\" \/>\n<meta property=\"og:type\" content=\"article\" \/>\n<meta property=\"og:title\" content=\"Viajes de negocios - Camping de Lyon\" \/>\n<meta property=\"og:description\" content=\"\u00bfViajas a Lyon? Qu\u00e9dese en un camping para su estancia profesional: la naturaleza alternativa para desconectar, \u00a1cerca de Lyon!\" \/>\n<meta property=\"og:url\" content=\"https:\/\/www.camping-lyon.com\/es\/negocios\/\" \/>\n<meta property=\"og:site_name\" content=\"Camping de Lyon\" \/>\n<meta property=\"article:modified_time\" content=\"2023-10-25T13:47:34+00:00\" \/>\n<meta name=\"twitter:card\" content=\"summary_large_image\" \/>\n<meta name=\"twitter:label1\" content=\"Est. reading time\" \/>\n\t<meta name=\"twitter:data1\" content=\"2 minutos\" \/>\n<script type=\"application\/ld+json\" class=\"yoast-schema-graph\">{\"@context\":\"https:\/\/schema.org\",\"@graph\":[{\"@type\":\"WebPage\",\"@id\":\"https:\/\/www.camping-lyon.com\/es\/negocios\/\",\"url\":\"https:\/\/www.camping-lyon.com\/es\/negocios\/\",\"name\":\"Viajes de negocios - Camping de Lyon\",\"isPartOf\":{\"@id\":\"https:\/\/www.camping-lyon.com\/es\/#website\"},\"datePublished\":\"2018-01-04T16:29:46+00:00\",\"dateModified\":\"2023-10-25T13:47:34+00:00\",\"description\":\"\u00bfViajas a Lyon? Qu\u00e9dese en un camping para su estancia profesional: la naturaleza alternativa para desconectar, \u00a1cerca de Lyon!\",\"breadcrumb\":{\"@id\":\"https:\/\/www.camping-lyon.com\/es\/negocios\/#breadcrumb\"},\"inLanguage\":\"es\",\"potentialAction\":[{\"@type\":\"ReadAction\",\"target\":[\"https:\/\/www.camping-lyon.com\/es\/negocios\/\"]}]},{\"@type\":\"BreadcrumbList\",\"@id\":\"https:\/\/www.camping-lyon.com\/es\/negocios\/#breadcrumb\",\"itemListElement\":[{\"@type\":\"ListItem\",\"position\":1,\"name\":\"Accueil\",\"item\":\"https:\/\/www.camping-lyon.com\/es\/\"},{\"@type\":\"ListItem\",\"position\":2,\"name\":\"Negocios\"}]},{\"@type\":\"WebSite\",\"@id\":\"https:\/\/www.camping-lyon.com\/es\/#website\",\"url\":\"https:\/\/www.camping-lyon.com\/es\/\",\"name\":\"Camping de Lyon\",\"description\":\"Un site utilisant Citykamp\",\"potentialAction\":[{\"@type\":\"SearchAction\",\"target\":{\"@type\":\"EntryPoint\",\"urlTemplate\":\"https:\/\/www.camping-lyon.com\/es\/?s={search_term_string}\"},\"query-input\":{\"@type\":\"PropertyValueSpecification\",\"valueRequired\":true,\"valueName\":\"search_term_string\"}}],\"inLanguage\":\"es\"}]}<\/script>\n<!-- \/ Yoast SEO plugin. -->","yoast_head_json":{"title":"Viajes de negocios - Camping de Lyon","description":"\u00bfViajas a Lyon? Qu\u00e9dese en un camping para su estancia profesional: la naturaleza alternativa para desconectar, \u00a1cerca de Lyon!","robots":{"index":"index","follow":"follow","max-snippet":"max-snippet:-1","max-image-preview":"max-image-preview:large","max-video-preview":"max-video-preview:-1"},"canonical":"https:\/\/www.camping-lyon.com\/es\/negocios\/","og_locale":"es_ES","og_type":"article","og_title":"Viajes de negocios - Camping de Lyon","og_description":"\u00bfViajas a Lyon? Qu\u00e9dese en un camping para su estancia profesional: la naturaleza alternativa para desconectar, \u00a1cerca de Lyon!","og_url":"https:\/\/www.camping-lyon.com\/es\/negocios\/","og_site_name":"Camping de Lyon","article_modified_time":"2023-10-25T13:47:34+00:00","twitter_card":"summary_large_image","twitter_misc":{"Est. reading time":"2 minutos"},"schema":{"@context":"https:\/\/schema.org","@graph":[{"@type":"WebPage","@id":"https:\/\/www.camping-lyon.com\/es\/negocios\/","url":"https:\/\/www.camping-lyon.com\/es\/negocios\/","name":"Viajes de negocios - Camping de Lyon","isPartOf":{"@id":"https:\/\/www.camping-lyon.com\/es\/#website"},"datePublished":"2018-01-04T16:29:46+00:00","dateModified":"2023-10-25T13:47:34+00:00","description":"\u00bfViajas a Lyon? Qu\u00e9dese en un camping para su estancia profesional: la naturaleza alternativa para desconectar, \u00a1cerca de Lyon!","breadcrumb":{"@id":"https:\/\/www.camping-lyon.com\/es\/negocios\/#breadcrumb"},"inLanguage":"es","potentialAction":[{"@type":"ReadAction","target":["https:\/\/www.camping-lyon.com\/es\/negocios\/"]}]},{"@type":"BreadcrumbList","@id":"https:\/\/www.camping-lyon.com\/es\/negocios\/#breadcrumb","itemListElement":[{"@type":"ListItem","position":1,"name":"Accueil","item":"https:\/\/www.camping-lyon.com\/es\/"},{"@type":"ListItem","position":2,"name":"Negocios"}]},{"@type":"WebSite","@id":"https:\/\/www.camping-lyon.com\/es\/#website","url":"https:\/\/www.camping-lyon.com\/es\/","name":"Camping de Lyon","description":"Un site utilisant Citykamp","potentialAction":[{"@type":"SearchAction","target":{"@type":"EntryPoint","urlTemplate":"https:\/\/www.camping-lyon.com\/es\/?s={search_term_string}"},"query-input":{"@type":"PropertyValueSpecification","valueRequired":true,"valueName":"search_term_string"}}],"inLanguage":"es"}]}},"_links":{"self":[{"href":"https:\/\/www.camping-lyon.com\/es\/wp-json\/wp\/v2\/pages\/100","targetHints":{"allow":["GET"]}}],"collection":[{"href":"https:\/\/www.camping-lyon.com\/es\/wp-json\/wp\/v2\/pages"}],"about":[{"href":"https:\/\/www.camping-lyon.com\/es\/wp-json\/wp\/v2\/types\/page"}],"author":[{"embeddable":true,"href":"https:\/\/www.camping-lyon.com\/es\/wp-json\/wp\/v2\/users\/1"}],"replies":[{"embeddable":true,"href":"https:\/\/www.camping-lyon.com\/es\/wp-json\/wp\/v2\/comments?post=100"}],"version-history":[{"count":3,"href":"https:\/\/www.camping-lyon.com\/es\/wp-json\/wp\/v2\/pages\/100\/revisions"}],"predecessor-version":[{"id":12447,"href":"https:\/\/www.camping-lyon.com\/es\/wp-json\/wp\/v2\/pages\/100\/revisions\/12447"}],"wp:attachment":[{"href":"https:\/\/www.camping-lyon.com\/es\/wp-json\/wp\/v2\/media?parent=100"}],"curies":[{"name":"wp","href":"https:\/\/api.w.org\/{rel}","templated":true}]}}