{"id":105,"date":"2018-01-04T17:29:53","date_gmt":"2018-01-04T16:29:53","guid":{"rendered":"http:\/\/www.citykamp.com\/lyon\/es\/region\/"},"modified":"2023-10-26T14:09:59","modified_gmt":"2023-10-26T12:09:59","slug":"region","status":"publish","type":"page","link":"https:\/\/www.camping-lyon.com\/es\/region\/","title":{"rendered":"R\u00e9gion"},"content":{"rendered":"<div class=\"wpb-content-wrapper\"><p>[vc_row][vc_column][vc_single_image image=\u00bb12459&#8243; img_size=\u00bb1900&#215;500&#8243;][\/vc_column][\/vc_row][vc_row][vc_column]<div class=\"wrappedcontent\">[vc_column_text]<\/p>\n<h1 style=\"text-align: center;\"><strong>DESCUBRA LYON Y SUS ALREDEDORES !<\/strong><\/h1>\n<p style=\"text-align: center;\">La Ciudad de Lyon es la m\u00e1s importante de la Regi\u00f3n y ocupa un lugar privilegiado en el valle del R\u00f3dano.Es una ciudad adosada por el Norte por el Pa\u00eds Baujolais, por el oeste por los Montes Lioneses y por el este y el norte por los Dombes y l&#8217;Is\u00e8re. Lyon es arte, cultura, tradiciones y, por supuesto, gastronom\u00eda. Paseando por la ciudad descubrir\u00e1s, a trav\u00e9s de los museos y lugares hist\u00f3ricos, dos milenios que han forjado un excepcional patrimonio arquitect\u00f3nico.<\/p>\n<p>[\/vc_column_text]<\/div>[\/vc_column][\/vc_row][vc_row css=\u00bb.vc_custom_1698246115393{background-color: rgba(232,78,27,0.2) !important;*background-color: rgb(232,78,27) !important;}\u00bb][vc_column]<div class=\"wrappedcontent\">[vc_column_text]<\/p>\n<h2 style=\"text-align: center;\"><strong>LO QUE HAY QUE VER EN LYON<\/strong><\/h2>\n<p>[\/vc_column_text][vc_empty_space][vc_row_inner gap=\u00bb30&#8243; css=\u00bb.vc_custom_1698246799371{margin-left: -0.5px !important;}\u00bb][vc_column_inner width=\u00bb1\/4&#8243;][vc_single_image image=\u00bb1710&#8243; img_size=\u00bb600*400&#8243; alignment=\u00bbcenter\u00bb][vc_empty_space][vc_column_text]<\/p>\n<h3 style=\"text-align: center;\"><strong><span style=\"font-size: 14pt;\">CATEDRAL DE SAINT-JEAN<\/span><\/strong><\/h3>\n<p>[\/vc_column_text][vc_empty_space][vc_column_text]<\/p>\n<p style=\"text-align: center;\">Gran monumento medieval situado en el coraz\u00f3n del barrio del Vieux Lyon.<\/p>\n<p>[\/vc_column_text][\/vc_column_inner][vc_column_inner width=\u00bb1\/4&#8243;][vc_single_image image=\u00bb12477&#8243; img_size=\u00bb600*400&#8243; alignment=\u00bbcenter\u00bb][vc_empty_space][vc_column_text]<\/p>\n<h3 style=\"text-align: center;\"><strong><span style=\"font-size: 14pt;\">TEATRO DE C\u00c9LESTINS<\/span><\/strong><\/h3>\n<p>[\/vc_column_text][vc_empty_space][vc_column_text]<\/p>\n<p style=\"text-align: center;\">Lleva a tus ni\u00f1os a uno de los teatros de Lyon: Croix-Rousse, Saint-Jean\u2026<\/p>\n<p>[\/vc_column_text][\/vc_column_inner][vc_column_inner width=\u00bb1\/4&#8243;][vc_single_image image=\u00bb12465&#8243; img_size=\u00bb600*400&#8243; alignment=\u00bbcenter\u00bb][vc_empty_space][vc_column_text]<\/p>\n<h3 style=\"text-align: center;\"><strong><span style=\"font-size: 14pt;\">LA COLINA DE FOURVI\u00c8RE<\/span><\/strong><\/h3>\n<p>[\/vc_column_text][vc_empty_space][vc_column_text]<\/p>\n<p style=\"text-align: center;\">Su bas\u00edlica y sus teatros romanos.<\/p>\n<p>[\/vc_column_text][\/vc_column_inner][vc_column_inner width=\u00bb1\/4&#8243;][vc_single_image image=\u00bb12471&#8243; img_size=\u00bb600*400&#8243; alignment=\u00bbcenter\u00bb][vc_empty_space][vc_column_text]<\/p>\n<h3 style=\"text-align: center;\"><strong><span style=\"font-size: 14pt;\">MUSEO DE BELLAS ARTES<br \/>\nPLACE DES TERREAUX<\/span><\/strong><\/h3>\n<p>[\/vc_column_text][vc_empty_space][vc_column_text]<\/p>\n<p style=\"text-align: center;\">Sin olvidarse del Museo de Arte Contempor\u00e1neo, el Instituto Lumi\u00e8re, el Museo Galo-Romano&#8230;<\/p>\n<p>[\/vc_column_text][\/vc_column_inner][\/vc_row_inner]<\/div>[\/vc_column][\/vc_row][vc_row][vc_column]<div class=\"wrappedcontent\">[vc_column_text]<\/p>\n<h2 style=\"text-align: center;\"><strong>LYON , INSCRITA EN EL PATRIMONIO MUNDIAL DE LA UNESCO<\/strong><\/h2>\n<p>[\/vc_column_text][vc_empty_space][vc_row_inner gap=\u00bb30&#8243; css=\u00bb.vc_custom_1698246052464{margin-left: -0.5px !important;}\u00bb][vc_column_inner width=\u00bb1\/3&#8243;][vc_single_image image=\u00bb12484&#8243; img_size=\u00bb600*400&#8243; alignment=\u00bbcenter\u00bb][vc_empty_space][vc_column_text]<\/p>\n<h3 style=\"text-align: center;\"><strong><span style=\"font-size: 14pt;\">MUSEO DE CONFLUENCES<\/span><\/strong><\/h3>\n<p>[\/vc_column_text][vc_empty_space][vc_column_text]<\/p>\n<p style=\"text-align: center;\">El Museo de Confluences de arquitectura singular se encuentra donde confluyen el R\u00f3dano y el Soana. Un museo de historia natural, antropolog\u00eda y sociedades y civilizaciones que encantar\u00e1 a toda la familia, gracias a sus numerosas exposiciones.<\/p>\n<p>[\/vc_column_text][\/vc_column_inner][vc_column_inner width=\u00bb1\/3&#8243;][vc_single_image image=\u00bb1740&#8243; img_size=\u00bb600*400&#8243; alignment=\u00bbcenter\u00bb][vc_empty_space][vc_column_text]<\/p>\n<h3 style=\"text-align: center;\"><span style=\"font-size: 14pt;\"><strong>F\u00caTE DES LUMI\u00c8RES<br \/>\n(FIESTA DE LAS LUCES)<\/strong><br \/>\n<\/span><\/h3>\n<p>[\/vc_column_text][vc_empty_space][vc_column_text]<\/p>\n<p style=\"text-align: center;\">Celebraci\u00f3n religiosa del siglo XIX que tiene lugar todos los a\u00f1os alrededor del 8 de diciembre. Cita obligada con casi 4 millones de visitantes. \u00a1Los espect\u00e1culos nocturnos y las velas iluminan la ciudad con miles de luces!<\/p>\n<p>[\/vc_column_text][\/vc_column_inner][vc_column_inner width=\u00bb1\/3&#8243;][vc_single_image image=\u00bb12491&#8243; img_size=\u00bb600*400&#8243; alignment=\u00bbcenter\u00bb][vc_empty_space][vc_column_text]<\/p>\n<h3 style=\"text-align: center;\"><strong><span style=\"font-size: 14pt;\">BEAUJOLAIS Y PIEDRAS DORADAS<\/span><\/strong><\/h3>\n<p>[\/vc_column_text][vc_empty_space][vc_column_text]<\/p>\n<p style=\"text-align: center;\">Mundialmente conocido por su vino joven. Sus pueblecitos de piedras doradas, sus castillos fortificados, sus vi\u00f1edos&#8230; \u00a1Una regi\u00f3n magn\u00edfica por explorar!<\/p>\n<p>[\/vc_column_text][\/vc_column_inner][\/vc_row_inner][vc_row_inner gap=\u00bb30&#8243; css=\u00bb.vc_custom_1698246046578{margin-left: -0.5px !important;}\u00bb][vc_column_inner width=\u00bb1\/3&#8243;][vc_single_image image=\u00bb12497&#8243; img_size=\u00bb600*400&#8243; alignment=\u00bbcenter\u00bb][vc_empty_space][vc_column_text]<\/p>\n<h3 style=\"text-align: center;\"><strong><span style=\"font-size: 14pt;\">D\u00cdA DE COMPRAS<\/span><\/strong><\/h3>\n<p>[\/vc_column_text][vc_empty_space][vc_column_text]<\/p>\n<p style=\"text-align: center;\">2600 comercios con una diversidad extraordinaria entre la Presqu\u2019\u00eele, la Part-Dieu y el centro comercial de Confluence de reciente apertura.<\/p>\n<p>[\/vc_column_text][\/vc_column_inner][vc_column_inner width=\u00bb1\/3&#8243;][vc_single_image image=\u00bb1700&#8243; img_size=\u00bb600*400&#8243; alignment=\u00bbcenter\u00bb][vc_empty_space][vc_column_text]<\/p>\n<h3 style=\"text-align: center;\"><span style=\"font-size: 14pt;\"><strong>RIBERAS DEL R\u00d3DANO<\/strong><br \/>\n<\/span><\/h3>\n<p>[\/vc_column_text][vc_empty_space][vc_column_text]<\/p>\n<p style=\"text-align: center;\">\u00a1Entre el R\u00f3dano y el Soana, hay unas riberas reacondicionadas para disfrutar de los placeres del agua!<\/p>\n<p>[\/vc_column_text][\/vc_column_inner][vc_column_inner width=\u00bb1\/3&#8243;][vc_single_image image=\u00bb12503&#8243; img_size=\u00bb600*400&#8243; alignment=\u00bbcenter\u00bb][vc_empty_space][vc_column_text]<\/p>\n<h3 style=\"text-align: center;\"><span style=\"font-size: 14pt;\"><strong>FUENTE BARTHOLDI<\/strong><br \/>\n<\/span><\/h3>\n<p>[\/vc_column_text][vc_empty_space][vc_column_text]<\/p>\n<p style=\"text-align: center;\">La Presqu\u2019\u00eele rebosa peque\u00f1os tesoros&#8230;<br \/>\nLa fuente se encuentra en la Place des Terreaux<\/p>\n<p>[\/vc_column_text][\/vc_column_inner][\/vc_row_inner]<\/div>[\/vc_column][\/vc_row][vc_row css=\u00bb.vc_custom_1698246230611{background-color: rgba(232,78,27,0.2) !important;*background-color: rgb(232,78,27) !important;}\u00bb][vc_column]<div class=\"wrappedcontent\">[vc_column_text]<\/p>\n<h2 style=\"text-align: center;\"><strong>UNA CIUDAD POR DESCUBRIR EN FAMILIA<\/strong><\/h2>\n<p>[\/vc_column_text][vc_empty_space][vc_row_inner gap=\u00bb30&#8243; css=\u00bb.vc_custom_1698246835298{margin-left: -0.5px !important;}\u00bb][vc_column_inner width=\u00bb1\/4&#8243;][vc_single_image image=\u00bb12509&#8243; img_size=\u00bb600*400&#8243; alignment=\u00bbcenter\u00bb][vc_empty_space][vc_column_text]<\/p>\n<h3 style=\"text-align: center;\"><span style=\"font-size: 14pt;\"><strong>PARQUE DE LA T\u00caTE D\u2019OR<\/strong><br \/>\n<\/span><\/h3>\n<p>[\/vc_column_text][vc_empty_space][vc_column_text]<\/p>\n<p style=\"text-align: center;\">Parque donde podr\u00e1s descubrir un bonito zoo e invernaderos tropicales.<\/p>\n<p>[\/vc_column_text][\/vc_column_inner][vc_column_inner width=\u00bb1\/4&#8243;][vc_single_image image=\u00bb12515&#8243; img_size=\u00bb600*400&#8243; alignment=\u00bbcenter\u00bb][vc_empty_space][vc_column_text]<\/p>\n<h3 style=\"text-align: center;\"><span style=\"font-size: 14pt;\"><strong>BARRIO DE VIEUX LYON<\/strong><br \/>\n<\/span><\/h3>\n<p>[\/vc_column_text][vc_empty_space][vc_column_text]<\/p>\n<p style=\"text-align: center;\">\u00a1Los bouchons lyonnais, visita de las traboules (calles peatonales), tradiciones y ambiente acogedor!<\/p>\n<p>[\/vc_column_text][\/vc_column_inner][vc_column_inner width=\u00bb1\/4&#8243;][vc_single_image image=\u00bb1705&#8243; img_size=\u00bb600*400&#8243; alignment=\u00bbcenter\u00bb][vc_empty_space][vc_column_text]<\/p>\n<h3 style=\"text-align: center;\"><span style=\"font-size: 14pt;\"><strong>PRALIN\u00c9S<\/strong><br \/>\n<\/span><\/h3>\n<p>[\/vc_column_text][vc_empty_space][vc_column_text]<\/p>\n<p style=\"text-align: center;\">En brioche, en crujiente, en tarta o \u00abal natural\u00bb, \u00a1a degustar en todas sus formas!<\/p>\n<p>[\/vc_column_text][\/vc_column_inner][vc_column_inner width=\u00bb1\/4&#8243;][vc_single_image image=\u00bb1720&#8243; img_size=\u00bb600*400&#8243; alignment=\u00bbcenter\u00bb][vc_empty_space][vc_column_text]<\/p>\n<h3 style=\"text-align: center;\"><span style=\"font-size: 14pt;\"><strong>GUIGNOL<\/strong><br \/>\n<\/span><\/h3>\n<p>[\/vc_column_text][vc_empty_space][vc_column_text]<\/p>\n<p style=\"text-align: center;\">Guignol es un personaje emblem\u00e1tico de Lyon y forma parte de su patrimonio cultural.<\/p>\n<p>[\/vc_column_text][\/vc_column_inner][\/vc_row_inner]<\/div>[\/vc_column][\/vc_row][vc_row][vc_column]<div class=\"wrappedcontent\">[vc_row_inner equal_height=\u00bbyes\u00bb content_placement=\u00bbmiddle\u00bb gap=\u00bb20&#8243; css=\u00bb.vc_custom_1524658721266{margin-left: -0.5px !important;}\u00bb][vc_column_inner width=\u00bb1\/3&#8243; css=\u00bb.vc_custom_1698246857337{background-color: rgba(232,78,27,0.2) !important;*background-color: rgb(232,78,27) !important;}\u00bb][vc_single_image image=\u00bb12539&#8243; img_size=\u00bb71*71&#8243; alignment=\u00bbcenter\u00bb onclick=\u00bbcustom_link\u00bb link=\u00bbhttps:\/\/media.huttopia.com\/destinations\/lyon\/plan-camping-citykamp-lyon.pdf\u00bb][vc_column_text css=\u00bb.vc_custom_1698322075323{padding-top: 25px !important;padding-right: 15px !important;padding-bottom: 15px !important;padding-left: 15px !important;}\u00bb]<\/p>\n<p style=\"text-align: center;\"><a href=\"https:\/\/media.huttopia.com\/destinations\/lyon\/plan-camping-citykamp-lyon.pdf\" target=\"_blank\" rel=\"noopener\"><strong>Plano del camping<\/strong><\/a><\/p>\n<p>[\/vc_column_text][\/vc_column_inner][vc_column_inner width=\u00bb1\/3&#8243; css=\u00bb.vc_custom_1698246870350{background-color: rgba(232,78,27,0.2) !important;*background-color: rgb(232,78,27) !important;}\u00bb][vc_single_image image=\u00bb12533&#8243; img_size=\u00bb71*71&#8243; alignment=\u00bbcenter\u00bb onclick=\u00bbcustom_link\u00bb link=\u00bbhttps:\/\/checkout.citykamp.com\/7\/es\/\u00bb][vc_column_text css=\u00bb.vc_custom_1698322117058{padding-top: 25px !important;padding-right: 15px !important;padding-bottom: 15px !important;padding-left: 15px !important;}\u00bb]<\/p>\n<p style=\"text-align: center;\"><a href=\"https:\/\/checkout.citykamp.com\/7\/es\/\"><strong>Reserva tu estancia<\/strong><\/a><\/p>\n<p>[\/vc_column_text][\/vc_column_inner][vc_column_inner width=\u00bb1\/3&#8243; css=\u00bb.vc_custom_1698246878940{background-color: rgba(232,78,27,0.2) !important;*background-color: rgb(232,78,27) !important;}\u00bb][vc_single_image image=\u00bb12545&#8243; img_size=\u00bb71*71&#8243; alignment=\u00bbcenter\u00bb onclick=\u00bbcustom_link\u00bb link=\u00bbhttps:\/\/goo.gl\/maps\/HE8uVSAqvh52&#8243;][vc_column_text css=\u00bb.vc_custom_1698322134217{padding-top: 25px !important;padding-right: 15px !important;padding-bottom: 15px !important;padding-left: 15px !important;}\u00bb]<\/p>\n<p style=\"text-align: center;\"><a href=\"https:\/\/goo.gl\/maps\/HE8uVSAqvh52\"><strong>Ruta<\/strong><\/a><\/p>\n<p>[\/vc_column_text][\/vc_column_inner][\/vc_row_inner]<\/div>[\/vc_column][\/vc_row][vc_row css=\u00bb.vc_custom_1698246912338{background-color: rgba(232,78,27,0.2) !important;*background-color: rgb(232,78,27) !important;}\u00bb][vc_column css=\u00bb.vc_custom_1524658156681{margin-top: -30px !important;margin-bottom: -30px !important;}\u00bb]<div class=\"wrappedcontent\">[vc_column_text]<strong><span style=\"font-size: 14pt;\">Fotos de la regi\u00f3n del camping de Lyon<\/span><\/strong>[\/vc_column_text][vc_empty_space height=\u00bb18px\u00bb][vc_masonry_media_grid style=\u00bbload-more\u00bb items_per_page=\u00bb4&#8243; element_width=\u00bb3&#8243; gap=\u00bb10&#8243; item=\u00bb1083&#8243; btn_title=\u00bbVER M\u00c1S\u00bb btn_style=\u00bbcustom\u00bb btn_custom_background=\u00bb#e84e1b\u00bb btn_custom_text=\u00bb#ffffff\u00bb btn_shape=\u00bbsquare\u00bb btn_i_icon_fontawesome=\u00bbfab fa-accessible-icon\u00bb btn_add_icon=\u00bbtrue\u00bb grid_id=\u00bbvc_gid:1698316867384-73112f09-b882-7&#8243; include=\u00bb12522,3270,3250,3320,3260,3350,3265,3325,3245,3255,3305,3285,3280,3275,3315,3330,3295,3335,3310,3340,3345&#8243;]<\/div>[\/vc_column][\/vc_row]<\/p>\n<\/div>","protected":false},"excerpt":{"rendered":"<p>[vc_row][vc_column][vc_single_image image=\u00bb12459&#8243; img_size=\u00bb1900&#215;500&#8243;][\/vc_column][\/vc_row][vc_row][vc_column][\/vc_column][\/vc_row][vc_row css=\u00bb.vc_custom_1698246115393{background-color: rgba(232,78,27,0.2) !important;*background-color: rgb(232,78,27) !important;}\u00bb][vc_column][\/vc_column][\/vc_row][vc_row][vc_column][\/vc_column][\/vc_row][vc_row css=\u00bb.vc_custom_1698246230611{background-color: rgba(232,78,27,0.2) !important;*background-color: rgb(232,78,27) !important;}\u00bb][vc_column][\/vc_column][\/vc_row][vc_row][vc_column][\/vc_column][\/vc_row][vc_row css=\u00bb.vc_custom_1698246912338{background-color: rgba(232,78,27,0.2) !important;*background-color: rgb(232,78,27) !important;}\u00bb][vc_column css=\u00bb.vc_custom_1524658156681{margin-top: -30px !important;margin-bottom: -30px !important;}\u00bb][\/vc_column][\/vc_row]<\/p>\n","protected":false},"author":1,"featured_media":0,"parent":0,"menu_order":0,"comment_status":"closed","ping_status":"closed","template":"","meta":{"footnotes":""},"class_list":["post-105","page","type-page","status-publish","hentry"],"yoast_head":"<!-- This site is optimized with the Yoast SEO plugin v25.6 - https:\/\/yoast.com\/wordpress\/plugins\/seo\/ -->\n<title>Descubra la regi\u00f3n de Lyon | Camping de Lyon<\/title>\n<meta name=\"description\" content=\"La ciudad de Lyon, declarada Patrimonio de la Humanidad por la UNESCO, ocupa una posici\u00f3n privilegiada en el coraz\u00f3n del Valle del R\u00f3dano. \u00a1Descubre esta ciudad \u00fanica!\" \/>\n<meta name=\"robots\" content=\"index, follow, max-snippet:-1, max-image-preview:large, max-video-preview:-1\" \/>\n<link rel=\"canonical\" href=\"https:\/\/www.camping-lyon.com\/es\/region\/\" \/>\n<meta property=\"og:locale\" content=\"es_ES\" \/>\n<meta property=\"og:type\" content=\"article\" \/>\n<meta property=\"og:title\" content=\"Descubra la regi\u00f3n de Lyon | Camping de Lyon\" \/>\n<meta property=\"og:description\" content=\"La ciudad de Lyon, declarada Patrimonio de la Humanidad por la UNESCO, ocupa una posici\u00f3n privilegiada en el coraz\u00f3n del Valle del R\u00f3dano. \u00a1Descubre esta ciudad \u00fanica!\" \/>\n<meta property=\"og:url\" content=\"https:\/\/www.camping-lyon.com\/es\/region\/\" \/>\n<meta property=\"og:site_name\" content=\"Camping de Lyon\" \/>\n<meta property=\"article:modified_time\" content=\"2023-10-26T12:09:59+00:00\" \/>\n<meta name=\"twitter:card\" content=\"summary_large_image\" \/>\n<meta name=\"twitter:label1\" content=\"Est. reading time\" \/>\n\t<meta name=\"twitter:data1\" content=\"4 minutos\" \/>\n<script type=\"application\/ld+json\" class=\"yoast-schema-graph\">{\"@context\":\"https:\/\/schema.org\",\"@graph\":[{\"@type\":\"WebPage\",\"@id\":\"https:\/\/www.camping-lyon.com\/es\/region\/\",\"url\":\"https:\/\/www.camping-lyon.com\/es\/region\/\",\"name\":\"Descubra la regi\u00f3n de Lyon | Camping de Lyon\",\"isPartOf\":{\"@id\":\"https:\/\/www.camping-lyon.com\/es\/#website\"},\"datePublished\":\"2018-01-04T16:29:53+00:00\",\"dateModified\":\"2023-10-26T12:09:59+00:00\",\"description\":\"La ciudad de Lyon, declarada Patrimonio de la Humanidad por la UNESCO, ocupa una posici\u00f3n privilegiada en el coraz\u00f3n del Valle del R\u00f3dano. \u00a1Descubre esta ciudad \u00fanica!\",\"breadcrumb\":{\"@id\":\"https:\/\/www.camping-lyon.com\/es\/region\/#breadcrumb\"},\"inLanguage\":\"es\",\"potentialAction\":[{\"@type\":\"ReadAction\",\"target\":[\"https:\/\/www.camping-lyon.com\/es\/region\/\"]}]},{\"@type\":\"BreadcrumbList\",\"@id\":\"https:\/\/www.camping-lyon.com\/es\/region\/#breadcrumb\",\"itemListElement\":[{\"@type\":\"ListItem\",\"position\":1,\"name\":\"Accueil\",\"item\":\"https:\/\/www.camping-lyon.com\/es\/\"},{\"@type\":\"ListItem\",\"position\":2,\"name\":\"R\u00e9gion\"}]},{\"@type\":\"WebSite\",\"@id\":\"https:\/\/www.camping-lyon.com\/es\/#website\",\"url\":\"https:\/\/www.camping-lyon.com\/es\/\",\"name\":\"Camping de Lyon\",\"description\":\"Un site utilisant Citykamp\",\"potentialAction\":[{\"@type\":\"SearchAction\",\"target\":{\"@type\":\"EntryPoint\",\"urlTemplate\":\"https:\/\/www.camping-lyon.com\/es\/?s={search_term_string}\"},\"query-input\":{\"@type\":\"PropertyValueSpecification\",\"valueRequired\":true,\"valueName\":\"search_term_string\"}}],\"inLanguage\":\"es\"}]}<\/script>\n<!-- \/ Yoast SEO plugin. -->","yoast_head_json":{"title":"Descubra la regi\u00f3n de Lyon | Camping de Lyon","description":"La ciudad de Lyon, declarada Patrimonio de la Humanidad por la UNESCO, ocupa una posici\u00f3n privilegiada en el coraz\u00f3n del Valle del R\u00f3dano. \u00a1Descubre esta ciudad \u00fanica!","robots":{"index":"index","follow":"follow","max-snippet":"max-snippet:-1","max-image-preview":"max-image-preview:large","max-video-preview":"max-video-preview:-1"},"canonical":"https:\/\/www.camping-lyon.com\/es\/region\/","og_locale":"es_ES","og_type":"article","og_title":"Descubra la regi\u00f3n de Lyon | Camping de Lyon","og_description":"La ciudad de Lyon, declarada Patrimonio de la Humanidad por la UNESCO, ocupa una posici\u00f3n privilegiada en el coraz\u00f3n del Valle del R\u00f3dano. \u00a1Descubre esta ciudad \u00fanica!","og_url":"https:\/\/www.camping-lyon.com\/es\/region\/","og_site_name":"Camping de Lyon","article_modified_time":"2023-10-26T12:09:59+00:00","twitter_card":"summary_large_image","twitter_misc":{"Est. reading time":"4 minutos"},"schema":{"@context":"https:\/\/schema.org","@graph":[{"@type":"WebPage","@id":"https:\/\/www.camping-lyon.com\/es\/region\/","url":"https:\/\/www.camping-lyon.com\/es\/region\/","name":"Descubra la regi\u00f3n de Lyon | Camping de Lyon","isPartOf":{"@id":"https:\/\/www.camping-lyon.com\/es\/#website"},"datePublished":"2018-01-04T16:29:53+00:00","dateModified":"2023-10-26T12:09:59+00:00","description":"La ciudad de Lyon, declarada Patrimonio de la Humanidad por la UNESCO, ocupa una posici\u00f3n privilegiada en el coraz\u00f3n del Valle del R\u00f3dano. \u00a1Descubre esta ciudad \u00fanica!","breadcrumb":{"@id":"https:\/\/www.camping-lyon.com\/es\/region\/#breadcrumb"},"inLanguage":"es","potentialAction":[{"@type":"ReadAction","target":["https:\/\/www.camping-lyon.com\/es\/region\/"]}]},{"@type":"BreadcrumbList","@id":"https:\/\/www.camping-lyon.com\/es\/region\/#breadcrumb","itemListElement":[{"@type":"ListItem","position":1,"name":"Accueil","item":"https:\/\/www.camping-lyon.com\/es\/"},{"@type":"ListItem","position":2,"name":"R\u00e9gion"}]},{"@type":"WebSite","@id":"https:\/\/www.camping-lyon.com\/es\/#website","url":"https:\/\/www.camping-lyon.com\/es\/","name":"Camping de Lyon","description":"Un site utilisant Citykamp","potentialAction":[{"@type":"SearchAction","target":{"@type":"EntryPoint","urlTemplate":"https:\/\/www.camping-lyon.com\/es\/?s={search_term_string}"},"query-input":{"@type":"PropertyValueSpecification","valueRequired":true,"valueName":"search_term_string"}}],"inLanguage":"es"}]}},"_links":{"self":[{"href":"https:\/\/www.camping-lyon.com\/es\/wp-json\/wp\/v2\/pages\/105","targetHints":{"allow":["GET"]}}],"collection":[{"href":"https:\/\/www.camping-lyon.com\/es\/wp-json\/wp\/v2\/pages"}],"about":[{"href":"https:\/\/www.camping-lyon.com\/es\/wp-json\/wp\/v2\/types\/page"}],"author":[{"embeddable":true,"href":"https:\/\/www.camping-lyon.com\/es\/wp-json\/wp\/v2\/users\/1"}],"replies":[{"embeddable":true,"href":"https:\/\/www.camping-lyon.com\/es\/wp-json\/wp\/v2\/comments?post=105"}],"version-history":[{"count":3,"href":"https:\/\/www.camping-lyon.com\/es\/wp-json\/wp\/v2\/pages\/105\/revisions"}],"predecessor-version":[{"id":12567,"href":"https:\/\/www.camping-lyon.com\/es\/wp-json\/wp\/v2\/pages\/105\/revisions\/12567"}],"wp:attachment":[{"href":"https:\/\/www.camping-lyon.com\/es\/wp-json\/wp\/v2\/media?parent=105"}],"curies":[{"name":"wp","href":"https:\/\/api.w.org\/{rel}","templated":true}]}}