{"id":12705,"date":"2023-11-07T14:36:54","date_gmt":"2023-11-07T13:36:54","guid":{"rendered":"https:\/\/www.camping-lyon.com\/fete-des-lumieres-lyon-8-decembre\/"},"modified":"2025-10-13T17:54:59","modified_gmt":"2025-10-13T15:54:59","slug":"fiesta-de-las-luces-lyon-8-decembre","status":"publish","type":"page","link":"https:\/\/www.camping-lyon.com\/es\/fiesta-de-las-luces-lyon-8-decembre\/","title":{"rendered":"F\u00eate des Lumi\u00e8res"},"content":{"rendered":"<div class=\"wpb-content-wrapper\"><p>[vc_row][vc_column][vc_empty_space]<img decoding=\"async\" class=\"header-img\" src=\"https:\/\/www.camping-lyon.com\/uploads\/sites\/3\/2023\/11\/citykamp-lyon-fete-des-lumieres-header.jpeg\"><div class=\"wrappedcontent\">[vc_column_text css=\u00bb\u00bb]<\/p>\n<h1 style=\"text-align: center;\"><strong>LA FIESTA DE LAS LUCES EN LYON<br \/>\n<span style=\"font-size: 24pt;\">INFORMACI\u00d3N Y PROGRAMA DE LA EDICI\u00d3N DE 2025<\/span><br \/>\n<\/strong><\/h1>\n<p>[\/vc_column_text]<\/div>[\/vc_column][\/vc_row][vc_row css=\u00bb.vc_custom_1699363666591{background-color: rgba(232,78,27,0.2) !important;*background-color: rgb(232,78,27) !important;}\u00bb][vc_column]<div class=\"wrappedcontent\">[vc_column_text css=\u00bb\u00bb]<\/p>\n<h2 style=\"text-align: center;\"><strong>EL 8 DE DICIEMBRE LYON CELEBRA SU EVENTO M\u00c1S EMBLEM\u00c1TICO<\/strong><\/h2>\n<p style=\"text-align: center;\"><span style=\"color: #e84e1b;\">del 5 al 8 de diciembre de 2025<\/span><\/p>\n<p style=\"text-align: center;\"><span style=\"font-size: 14pt;\">Cada a\u00f1o, a principios de diciembre, <strong>Lyon<\/strong> (departamento de R\u00f3dano), la ciudad de la luz, <strong>se transforma en un espect\u00e1culo de luz gratuito al aire libre<\/strong>, salpicado de majestuosas instalaciones y espect\u00e1culos que dejan sin aliento. <\/span><\/p>\n<p style=\"text-align: center;\"><span style=\"font-size: 14pt;\">La Fiesta de las Luces (F\u00eate des Lumi\u00e8res) de Lyon es m\u00e1s que un simple evento, es una experiencia sensorial, cultural y emocional inolvidable que atrae a millones de visitantes cada a\u00f1o. Prep\u00e1rate para sorprenderte y vivir una experiencia inolvidable.<\/span><\/p>\n<p>[\/vc_column_text]<div class=\"text-center btnwrap\"><a class=\"btn btn-huttopia-cta\" href=\"http:\/\/checkout.citykamp.com\/site\/es\/890\" role=\"button\" target=\"\" onclick=\"dataLayer.push({'event':'clickCity', 'clickText':'RESERVAR'})\">RESERVAR<\/a><\/div><\/div>[\/vc_column][\/vc_row][vc_row][vc_column]<div class=\"wrappedcontent\">[vc_column_text css=\u00bb\u00bb]<\/p>\n<h2 style=\"text-align: center;\">PROGRAMA DE LA EDICI\u00d3N DE 2025<\/h2>\n<h3 style=\"text-align: center;\"><strong>HORARIOS Y FECHAS DE LA FIESTA DE LAS LUCES 2025<\/strong><\/h3>\n<p style=\"text-align: center;\"><strong>Este a\u00f1o, la Fiesta de las Luces se celebrar\u00e1 :<\/strong><br \/>\n&#8211; del jueves 5 al s\u00e1bado 8 de diciembre de 19:00 a 23:00 h.<br \/>\n&#8211; el domingo 7 de diciembre de 18:00 a 22:00 h.<\/p>\n<p>[\/vc_column_text]<\/div>[\/vc_column][\/vc_row][vc_row css=\u00bb.vc_custom_1699364768644{background-color: rgba(232,78,27,0.2) !important;*background-color: rgb(232,78,27) !important;}\u00bb][vc_column]<div class=\"wrappedcontent\">[vc_column_text]<\/p>\n<h3 style=\"text-align: center;\"><strong>LO QUE HAY QUE VER S\u00cd O S\u00cd EN LA FIESTA DE LAS LUCES<\/strong><\/h3>\n<p style=\"text-align: center;\"><span style=\"font-size: 14pt;\">Te presentamos una ruta perfecta para no perderte nada: <\/span><\/p>\n<p>[\/vc_column_text][vc_row_inner gap=\u00bb30&#8243; css=\u00bb.vc_custom_1699435468668{margin-left: -0.5px !important;}\u00bb][vc_column_inner width=\u00bb1\/3&#8243;][vc_single_image image=\u00bb12602&#8243; img_size=\u00bb600*400&#8243; alignment=\u00bbcenter\u00bb][\/vc_column_inner][vc_column_inner width=\u00bb1\/3&#8243;][vc_single_image image=\u00bb12608&#8243; img_size=\u00bb600*400&#8243; alignment=\u00bbcenter\u00bb][\/vc_column_inner][vc_column_inner width=\u00bb1\/3&#8243;][vc_single_image image=\u00bb12614&#8243; img_size=\u00bb600*400&#8243; alignment=\u00bbcenter\u00bb][\/vc_column_inner][\/vc_row_inner][vc_empty_space][vc_column_text]<\/p>\n<ul>\n<li style=\"text-align: left;\"><em>A partir de las 19:00 h<\/em>: Dir\u00edgete hacia el <strong>Vieux Lyon<\/strong>, pasea por sus callejuelas y disfruta de las instalaciones luminosas de la <strong>catedral de Saint-Jean<\/strong>.<\/li>\n<li style=\"text-align: left;\">En la <strong>Place Bellecour<\/strong> podr\u00e1s contemplar los espect\u00e1culos luminosos que se proyectan en la plaza y la gran noria iluminada.<\/li>\n<li style=\"text-align: left;\">Recorre la <strong>Rue de la R\u00e9publique<\/strong>, visita la <strong>Place des Jacobins<\/strong>, la <strong>Place des C\u00e9lestins<\/strong> o el <strong>Grand H\u00f4tel-Dieu<\/strong>.<\/li>\n<li style=\"text-align: left;\">No te pierdas la <strong>Place Louis-Pradel<\/strong>, junto a la <strong>Op\u00e9ra de Lyon<\/strong>, el <strong>H\u00f4tel de Ville<\/strong> y la <strong>Place des Terreaux<\/strong>, nuestra favorita: sus espect\u00e1culos siempre son grandiosos.<\/li>\n<li style=\"text-align: left;\">Termina la noche en la <strong>ribera del Saona<\/strong> para admirar las instalaciones luminosas del <strong>Palais de Justice<\/strong> y disfrutar de unas vistas incre\u00edbles de la <strong>bas\u00edlica de Fourvi\u00e8re<\/strong>.<\/li>\n<\/ul>\n<p>[\/vc_column_text]<\/div>[\/vc_column][\/vc_row][vc_row][vc_column]<div class=\"wrappedcontent\">[vc_column_text]<\/p>\n<h3 style=\"text-align: center;\"><strong>PLANES FAMILIARES PARA EL 8 DE DICIEMBRE<\/strong><\/h3>\n<p style=\"text-align: center;\">\u00danete a la <strong>subida con antorchas<\/strong> que comienza cada a\u00f1o en la plaza de la catedral de Saint-Jean, hacia las 18:30, y llega hasta la <strong>bas\u00edlica de Notre-Dame de Fourvi\u00e8re<\/strong>, situada en lo alto de la colina de Fourvi\u00e8re.<\/p>\n<p>[\/vc_column_text]<\/div>[\/vc_column][\/vc_row][vc_row css=\u00bb.vc_custom_1699365501258{background-color: rgba(232,78,27,0.2) !important;*background-color: rgb(232,78,27) !important;}\u00bb][vc_column]<div class=\"wrappedcontent\">[vc_column_text]<\/p>\n<h2 style=\"text-align: center;\">PREPARATIVOS Y CONSEJOS<\/h2>\n<h3 style=\"text-align: center;\"><strong>\u00bfD\u00d3NDE DORMIR EN LYON DURANTE LA FIESTA DE LAS LUCES?<\/strong><\/h3>\n<p>[\/vc_column_text][vc_empty_space height=\u00bb60px\u00bb][vc_row_inner gap=\u00bb30&#8243; css=\u00bb.vc_custom_1699435490102{margin-left: -0.5px !important;}\u00bb][vc_column_inner width=\u00bb1\/6&#8243;][\/vc_column_inner][vc_column_inner width=\u00bb2\/6&#8243;][vc_single_image image=\u00bb12622&#8243; img_size=\u00bb600*400&#8243; alignment=\u00bbcenter\u00bb css=\u00bb.vc_custom_1699368315646{padding-bottom: 20px !important;}\u00bb][vc_single_image image=\u00bb12634&#8243; img_size=\u00bb600*400&#8243; alignment=\u00bbcenter\u00bb css=\u00bb.vc_custom_1699368328829{padding-top: 20px !important;}\u00bb][\/vc_column_inner][vc_column_inner width=\u00bb2\/6&#8243;][vc_single_image image=\u00bb12628&#8243; img_size=\u00bb600*400&#8243; alignment=\u00bbcenter\u00bb css=\u00bb.vc_custom_1699368321361{padding-bottom: 20px !important;}\u00bb][vc_single_image image=\u00bb12640&#8243; img_size=\u00bb600*400&#8243; alignment=\u00bbcenter\u00bb css=\u00bb.vc_custom_1699368334498{padding-top: 20px !important;}\u00bb][\/vc_column_inner][vc_column_inner width=\u00bb1\/6&#8243;][\/vc_column_inner][\/vc_row_inner][vc_empty_space][vc_column_text]<\/p>\n<h4 style=\"text-align: center;\"><strong>ALOJAMIENTOS O PARCELAS DE CAMPING DURANTE LA FIESTA DE LAS LUCES <\/strong><\/h4>\n<p style=\"text-align: center;\">\u00bfVas a visitar la preciosa ciudad de Lyon con ocasi\u00f3n de la Fiesta de las Luces del 8 de diciembre?<br \/>\n\u00a1Al\u00f3jate en el Camping de Lyon!<\/p>\n<p style=\"text-align: center;\"><a href=\"https:\/\/www.camping-lyon.com\/es\/alojamientos-2\/\">Disfruta de la comodidad de nuestros chalets, caravanas o casas m\u00f3viles<\/a>, con capacidad hasta para 6 personas.<br \/>\nUna sala de estar espaciosa, cocina equipada y s\u00e1banas y toallas incluidas. <strong>Todas las comodidades de una habitaci\u00f3n de hotel, \u00a1pero con m\u00e1s espacio y m\u00e1s naturaleza!<\/strong><br \/>\nSi buscas una estancia econ\u00f3mica cerca de la naturaleza, <a href=\"https:\/\/www.camping-lyon.com\/es\/parcelas\/\">elige nuestras parcelas de camping<\/a> para aparcar tu furgoneta o tu autocaravana en tu escapada a Lyon.<\/p>\n<p>[\/vc_column_text]<div class=\"text-center btnwrap\"><a class=\"btn btn-huttopia-cta\" href=\"http:\/\/checkout.citykamp.com\/site\/es\/890\" role=\"button\" target=\"\" onclick=\"dataLayer.push({'event':'clickCity', 'clickText':'RESERVAR'})\">RESERVAR<\/a><\/div><\/div>[\/vc_column][\/vc_row][vc_row][vc_column]<div class=\"wrappedcontent\">[vc_row_inner gap=\u00bb30&#8243; css=\u00bb.vc_custom_1699435497928{margin-left: -0.5px !important;}\u00bb][vc_column_inner width=\u00bb1\/3&#8243;][vc_single_image image=\u00bb12652&#8243; img_size=\u00bb600*400&#8243; alignment=\u00bbcenter\u00bb][\/vc_column_inner][vc_column_inner width=\u00bb2\/3&#8243;][vc_column_text]<\/p>\n<h4><strong><br \/>\nEL CENTRE DE VIE<\/strong><\/h4>\n<p>Despu\u00e9s de una jornada de visitas, ven a <a href=\"https:\/\/www.camping-lyon.com\/es\/actividades-servicios\/\">disfrutar de nuestro c\u00e1lido y acogedor centro social<\/a>. Descubre el bar del camping, entra en calor con un buen chocolate caliente con los amigos o la familia y comparte buenos momentos en torno a un <strong>juego de mesa<\/strong> o al <strong>futbol\u00edn<\/strong>.[\/vc_column_text][\/vc_column_inner][\/vc_row_inner]<\/div>[\/vc_column][\/vc_row][vc_row css=\u00bb.vc_custom_1699371130227{background-color: rgba(232,78,27,0.2) !important;*background-color: rgb(232,78,27) !important;}\u00bb][vc_column]<div class=\"wrappedcontent\">[vc_column_text]<\/p>\n<h3 style=\"text-align: center;\"><strong>FACILIDAD PARA MOVERSE A DOS PASOS DE LA FIESTA DE LAS LUCES<\/strong><\/h3>\n<p>[\/vc_column_text][vc_row_inner gap=\u00bb30&#8243; css=\u00bb.vc_custom_1699435503892{margin-left: -0.5px !important;}\u00bb][vc_column_inner width=\u00bb1\/6&#8243;][\/vc_column_inner][vc_column_inner width=\u00bb2\/6&#8243;][vc_single_image image=\u00bb12658&#8243; img_size=\u00bb71*71&#8243; alignment=\u00bbcenter\u00bb][vc_column_text css=\u00bb.vc_custom_1699442953764{padding-top: 20px !important;}\u00bb]<\/p>\n<h4 style=\"text-align: center;\"><span style=\"font-size: 14pt;\"><strong>TRANSPORTE P\u00daBLICO (TCL)<\/strong><\/span><\/h4>\n<p>[\/vc_column_text][vc_empty_space][vc_column_text css=\u00bb\u00bb]<\/p>\n<div>Nuestro camping est\u00e1 situado muy cerca de la red de transporte p\u00fablico.<\/div>\n<div>8 de diciembre el transporte p\u00fablico de Lyon (TCL) es gratuito a partir de las 16:00 h.<\/div>\n<div>&#8211; Del 5 al 8 de diciembre, podr\u00e1s adquirir los bonos \u00abTCL en F\u00eate\u00bb (trayectos ilimitados a partir de las 16:00 h).<\/div>\n<div>&#8211; Otras opciones:\u00a0 Bono de 24 horas, 48 horas y 72 horas : trayectos ilimitados en el\/los d\u00eda\/s.<\/div>\n<div>&#8211; Bono familia 24 horas : trayectos ilimitados en el d\u00eda.<\/div>\n<div>&#8211; Lyon City Card: 1, 2, 3 o 4 d\u00edas para moverte y visitar Lyon.<\/div>\n<div>Informaci\u00f3n en la recepci\u00f3n del camping.<\/div>\n<p>[\/vc_column_text][\/vc_column_inner][vc_column_inner width=\u00bb2\/6&#8243;][vc_single_image image=\u00bb12664&#8243; img_size=\u00bb71*71&#8243; alignment=\u00bbcenter\u00bb][vc_column_text css=\u00bb.vc_custom_1699442995794{padding-top: 20px !important;}\u00bb]<\/p>\n<h4 style=\"text-align: center;\"><span style=\"font-size: 14pt;\"><strong>EN COCHE<\/strong><\/span><\/h4>\n<p>[\/vc_column_text][vc_empty_space][vc_column_text]Parkings abiertos durante la Fiesta de las Luces:<br \/>\n&#8211; Parking Op\u00e9ra <em>(Tholozan)<\/em><br \/>\n&#8211; Cordeliers<em> (salida de veh\u00edculos por la Place des Cordeliers hacia Quai Jean Moulin)<\/em><br \/>\n&#8211; Confluence<br \/>\n&#8211; Gros Caillou <em>(Croix-Rousse)<\/em><br \/>\n&#8211; Rozier<br \/>\n&#8211; Saint-Just<\/p>\n<p>Adem\u00e1s de los 24 aparcamientos disuasorios TCL abiertos para los usuarios de la red TCL.[\/vc_column_text][\/vc_column_inner][vc_column_inner width=\u00bb1\/6&#8243;][\/vc_column_inner][\/vc_row_inner]<\/div>[\/vc_column][\/vc_row][vc_row][vc_column]<div class=\"wrappedcontent\">[vc_column_text]<\/p>\n<h3 style=\"text-align: center;\"><strong>ORIGEN DE LA FIESTA DE LAS LUCES Y SIGNIFICADO <\/strong><\/h3>\n<p>[\/vc_column_text][vc_empty_space][vc_column_text]Seg\u00fan la leyenda popular, el 8 de septiembre de 1643 los lioneses pidieron a la Virgen Mar\u00eda que protegiera a la ciudad de Lyon de la terrible peste que estaba causando estragos en la \u00e9poca. Y as\u00ed fue. La ciudad se libr\u00f3 de la peste y se estableci\u00f3 una peregrinaci\u00f3n anual, marcada por la fecha del 8 de septiembre, en muestra de gratitud.<\/p>\n<p>Seg\u00fan la leyenda popular, el 8 de septiembre de 1643 los lioneses pidieron a la Virgen Mar\u00eda que protegiera a la ciudad de Lyon de la terrible peste que estaba causando estragos en la \u00e9poca. Y as\u00ed fue. La ciudad se libr\u00f3 de la peste y se estableci\u00f3 una peregrinaci\u00f3n anual, marcada por la fecha del 8 de septiembre, en muestra de gratitud.<\/p>\n<p>El d\u00eda de la inauguraci\u00f3n, tan esperado, el mal tiempo amenazaba una vez m\u00e1s con arruinar los festejos, por lo que las autoridades religiosas se plantearon cancelar el evento. Sin embargo, para sorpresa de todos, el cielo se despej\u00f3 de repente, como si el mismo cielo aprobara la inauguraci\u00f3n de la estatua. En un gesto espont\u00e1neo, los habitantes de Lyon reaccionaron poniendo velas en las ventanas, iluminando as\u00ed toda la ciudad. Cuando cay\u00f3 la noche, Lyon se hab\u00eda transformado en un aut\u00e9ntico mar de luces. Las autoridades religiosas enseguida se unieron a la iniciativa iluminando la majestuosa bas\u00edlica de Fourvi\u00e8re, creando as\u00ed una escena deslumbrante en la oscuridad de la noche.<\/p>\n<p>Ese acontecimiento marcar\u00eda el nacimiento de la Fiesta de las Luces, que se celebra desde entonces cada 8 de diciembre.<\/p>\n<p>En 1989, la ciudad comenz\u00f3 a iluminar sus monumentos m\u00e1s emblem\u00e1ticos con motivo de la festividad. Desde 1999, la Fiesta de las Luces se celebra a lo largo de un periodo ampliado de cuatro d\u00edas en diciembre, convirti\u00e9ndose en una de las principales celebraciones de Lyon. Con los a\u00f1os, las instalaciones luminosas han pasado a ser cada vez m\u00e1s espectaculares, verdaderas proezas art\u00edsticas dise\u00f1adas por talentosos artistas, especialistas de la iluminaci\u00f3n, creadores y videoartistas de prestigio. La Fiesta de las Luces se ha convertido as\u00ed en un evento imperdible para creadores de todo el mundo, que transforman Lyon en un escenario de primer nivel para el arte de la luz. Se trata del primer evento dedicado a la luz a nivel mundial, que atrae a visitantes del mundo entero para celebrar la belleza de la luz y el arte en Lyon.[\/vc_column_text][vc_empty_space][vc_row_inner gap=\u00bb30&#8243; css=\u00bb.vc_custom_1699435512018{margin-left: -0.5px !important;}\u00bb][vc_column_inner width=\u00bb1\/4&#8243;][\/vc_column_inner][vc_column_inner width=\u00bb1\/4&#8243;][vc_single_image image=\u00bb12670&#8243; img_size=\u00bb600*400&#8243; alignment=\u00bbcenter\u00bb][\/vc_column_inner][vc_column_inner width=\u00bb1\/4&#8243;][vc_single_image image=\u00bb12676&#8243; img_size=\u00bb600*400&#8243; alignment=\u00bbcenter\u00bb][\/vc_column_inner][vc_column_inner width=\u00bb1\/4&#8243;][\/vc_column_inner][\/vc_row_inner][vc_empty_space]<\/div>[\/vc_column][\/vc_row][vc_row css=\u00bb.vc_custom_1699372057076{background-color: rgba(232,78,27,0.2) !important;*background-color: rgb(232,78,27) !important;}\u00bb][vc_column]<div class=\"wrappedcontent\">[vc_column_text]<\/p>\n<h3 style=\"text-align: center;\"><strong>UNA TRADICI\u00d3N QUE PERDURA<\/strong><\/h3>\n<p>[\/vc_column_text][vc_empty_space][vc_column_text]Desde 1852, cada 8 de diciembre los habitantes de Lyon encienden y ponen en los alf\u00e9izares de las ventanas sus \u00ab<strong>lumignons<\/strong>\u00ab, unas peque\u00f1as velas colocadas dentro de unos vasos portavelas.<\/p>\n<p>Como cada a\u00f1o, con la Fiesta de las Luces se celebra tambi\u00e9n la <strong>operaci\u00f3n Lumignons du C\u0153ur<\/strong>, cuyos beneficios se destinan a una organizaci\u00f3n caritativa.[\/vc_column_text][vc_column_text]\u00a1Vive plenamente la experiencia de la Fiesta de las Luces y d\u00e9jate envolver por la tradici\u00f3n lionesa! Al\u00f3jate cerca del ambiente m\u00e1gico del centro de la ciudad y de todas las instalaciones de luz, disfrutando al mismo tiempo de la <strong>calma<\/strong> y la <strong>tranquilidad de la naturaleza<\/strong> que ofrece el Camping de Lyon, lejos del ajetreo y las multitudes.[\/vc_column_text]<div class=\"text-center btnwrap\"><a class=\"btn btn-huttopia-cta\" href=\"http:\/\/checkout.citykamp.com\/site\/es\/890\" role=\"button\" target=\"\" onclick=\"dataLayer.push({'event':'clickCity', 'clickText':'RESERVAR'})\">RESERVAR<\/a><\/div><\/div>[\/vc_column][\/vc_row]<\/p>\n<\/div>","protected":false},"excerpt":{"rendered":"<p>[vc_row][vc_column][vc_empty_space][\/vc_column][\/vc_row][vc_row css=\u00bb.vc_custom_1699363666591{background-color: rgba(232,78,27,0.2) !important;*background-color: rgb(232,78,27) !important;}\u00bb][vc_column][\/vc_column][\/vc_row][vc_row][vc_column][\/vc_column][\/vc_row][vc_row css=\u00bb.vc_custom_1699364768644{background-color: rgba(232,78,27,0.2) !important;*background-color: rgb(232,78,27) !important;}\u00bb][vc_column][\/vc_column][\/vc_row][vc_row][vc_column][\/vc_column][\/vc_row][vc_row css=\u00bb.vc_custom_1699365501258{background-color: rgba(232,78,27,0.2) !important;*background-color: rgb(232,78,27) !important;}\u00bb][vc_column][\/vc_column][\/vc_row][vc_row][vc_column][\/vc_column][\/vc_row][vc_row css=\u00bb.vc_custom_1699371130227{background-color: rgba(232,78,27,0.2) !important;*background-color: rgb(232,78,27) !important;}\u00bb][vc_column][\/vc_column][\/vc_row][vc_row][vc_column][\/vc_column][\/vc_row][vc_row css=\u00bb.vc_custom_1699372057076{background-color: rgba(232,78,27,0.2) !important;*background-color: rgb(232,78,27) !important;}\u00bb][vc_column][\/vc_column][\/vc_row]<\/p>\n","protected":false},"author":1,"featured_media":0,"parent":0,"menu_order":0,"comment_status":"closed","ping_status":"closed","template":"","meta":{"footnotes":""},"class_list":["post-12705","page","type-page","status-publish","hentry"],"yoast_head":"<!-- This site is optimized with the Yoast SEO plugin v25.6 - https:\/\/yoast.com\/wordpress\/plugins\/seo\/ -->\n<title>Fiesta de las Luces en Lyon, alojamiento | Camping de Lyon<\/title>\n<meta name=\"description\" content=\"\u00bfDesea vivir plenamente la Fiesta de las Luces en Lyon? Al\u00f3jese en una parcela o en un alojamiento del Camping de Lyon.\" \/>\n<meta name=\"robots\" content=\"index, follow, max-snippet:-1, max-image-preview:large, max-video-preview:-1\" \/>\n<link rel=\"canonical\" href=\"https:\/\/www.camping-lyon.com\/es\/fiesta-de-las-luces-lyon-8-decembre\/\" \/>\n<meta property=\"og:locale\" content=\"es_ES\" \/>\n<meta property=\"og:type\" content=\"article\" \/>\n<meta property=\"og:title\" content=\"Fiesta de las Luces en Lyon, alojamiento | Camping de Lyon\" \/>\n<meta property=\"og:description\" content=\"\u00bfDesea vivir plenamente la Fiesta de las Luces en Lyon? Al\u00f3jese en una parcela o en un alojamiento del Camping de Lyon.\" \/>\n<meta property=\"og:url\" content=\"https:\/\/www.camping-lyon.com\/es\/fiesta-de-las-luces-lyon-8-decembre\/\" \/>\n<meta property=\"og:site_name\" content=\"Camping de Lyon\" \/>\n<meta property=\"article:modified_time\" content=\"2025-10-13T15:54:59+00:00\" \/>\n<meta name=\"twitter:card\" content=\"summary_large_image\" \/>\n<meta name=\"twitter:label1\" content=\"Est. reading time\" \/>\n\t<meta name=\"twitter:data1\" content=\"8 minutos\" \/>\n<script type=\"application\/ld+json\" class=\"yoast-schema-graph\">{\"@context\":\"https:\/\/schema.org\",\"@graph\":[{\"@type\":\"WebPage\",\"@id\":\"https:\/\/www.camping-lyon.com\/es\/fiesta-de-las-luces-lyon-8-decembre\/\",\"url\":\"https:\/\/www.camping-lyon.com\/es\/fiesta-de-las-luces-lyon-8-decembre\/\",\"name\":\"Fiesta de las Luces en Lyon, alojamiento | Camping de Lyon\",\"isPartOf\":{\"@id\":\"https:\/\/www.camping-lyon.com\/es\/#website\"},\"datePublished\":\"2023-11-07T13:36:54+00:00\",\"dateModified\":\"2025-10-13T15:54:59+00:00\",\"description\":\"\u00bfDesea vivir plenamente la Fiesta de las Luces en Lyon? Al\u00f3jese en una parcela o en un alojamiento del Camping de Lyon.\",\"breadcrumb\":{\"@id\":\"https:\/\/www.camping-lyon.com\/es\/fiesta-de-las-luces-lyon-8-decembre\/#breadcrumb\"},\"inLanguage\":\"es\",\"potentialAction\":[{\"@type\":\"ReadAction\",\"target\":[\"https:\/\/www.camping-lyon.com\/es\/fiesta-de-las-luces-lyon-8-decembre\/\"]}]},{\"@type\":\"BreadcrumbList\",\"@id\":\"https:\/\/www.camping-lyon.com\/es\/fiesta-de-las-luces-lyon-8-decembre\/#breadcrumb\",\"itemListElement\":[{\"@type\":\"ListItem\",\"position\":1,\"name\":\"Accueil\",\"item\":\"https:\/\/www.camping-lyon.com\/es\/\"},{\"@type\":\"ListItem\",\"position\":2,\"name\":\"F\u00eate des Lumi\u00e8res\"}]},{\"@type\":\"WebSite\",\"@id\":\"https:\/\/www.camping-lyon.com\/es\/#website\",\"url\":\"https:\/\/www.camping-lyon.com\/es\/\",\"name\":\"Camping de Lyon\",\"description\":\"Un site utilisant Citykamp\",\"potentialAction\":[{\"@type\":\"SearchAction\",\"target\":{\"@type\":\"EntryPoint\",\"urlTemplate\":\"https:\/\/www.camping-lyon.com\/es\/?s={search_term_string}\"},\"query-input\":{\"@type\":\"PropertyValueSpecification\",\"valueRequired\":true,\"valueName\":\"search_term_string\"}}],\"inLanguage\":\"es\"}]}<\/script>\n<!-- \/ Yoast SEO plugin. -->","yoast_head_json":{"title":"Fiesta de las Luces en Lyon, alojamiento | Camping de Lyon","description":"\u00bfDesea vivir plenamente la Fiesta de las Luces en Lyon? Al\u00f3jese en una parcela o en un alojamiento del Camping de Lyon.","robots":{"index":"index","follow":"follow","max-snippet":"max-snippet:-1","max-image-preview":"max-image-preview:large","max-video-preview":"max-video-preview:-1"},"canonical":"https:\/\/www.camping-lyon.com\/es\/fiesta-de-las-luces-lyon-8-decembre\/","og_locale":"es_ES","og_type":"article","og_title":"Fiesta de las Luces en Lyon, alojamiento | Camping de Lyon","og_description":"\u00bfDesea vivir plenamente la Fiesta de las Luces en Lyon? Al\u00f3jese en una parcela o en un alojamiento del Camping de Lyon.","og_url":"https:\/\/www.camping-lyon.com\/es\/fiesta-de-las-luces-lyon-8-decembre\/","og_site_name":"Camping de Lyon","article_modified_time":"2025-10-13T15:54:59+00:00","twitter_card":"summary_large_image","twitter_misc":{"Est. reading time":"8 minutos"},"schema":{"@context":"https:\/\/schema.org","@graph":[{"@type":"WebPage","@id":"https:\/\/www.camping-lyon.com\/es\/fiesta-de-las-luces-lyon-8-decembre\/","url":"https:\/\/www.camping-lyon.com\/es\/fiesta-de-las-luces-lyon-8-decembre\/","name":"Fiesta de las Luces en Lyon, alojamiento | Camping de Lyon","isPartOf":{"@id":"https:\/\/www.camping-lyon.com\/es\/#website"},"datePublished":"2023-11-07T13:36:54+00:00","dateModified":"2025-10-13T15:54:59+00:00","description":"\u00bfDesea vivir plenamente la Fiesta de las Luces en Lyon? Al\u00f3jese en una parcela o en un alojamiento del Camping de Lyon.","breadcrumb":{"@id":"https:\/\/www.camping-lyon.com\/es\/fiesta-de-las-luces-lyon-8-decembre\/#breadcrumb"},"inLanguage":"es","potentialAction":[{"@type":"ReadAction","target":["https:\/\/www.camping-lyon.com\/es\/fiesta-de-las-luces-lyon-8-decembre\/"]}]},{"@type":"BreadcrumbList","@id":"https:\/\/www.camping-lyon.com\/es\/fiesta-de-las-luces-lyon-8-decembre\/#breadcrumb","itemListElement":[{"@type":"ListItem","position":1,"name":"Accueil","item":"https:\/\/www.camping-lyon.com\/es\/"},{"@type":"ListItem","position":2,"name":"F\u00eate des Lumi\u00e8res"}]},{"@type":"WebSite","@id":"https:\/\/www.camping-lyon.com\/es\/#website","url":"https:\/\/www.camping-lyon.com\/es\/","name":"Camping de Lyon","description":"Un site utilisant Citykamp","potentialAction":[{"@type":"SearchAction","target":{"@type":"EntryPoint","urlTemplate":"https:\/\/www.camping-lyon.com\/es\/?s={search_term_string}"},"query-input":{"@type":"PropertyValueSpecification","valueRequired":true,"valueName":"search_term_string"}}],"inLanguage":"es"}]}},"_links":{"self":[{"href":"https:\/\/www.camping-lyon.com\/es\/wp-json\/wp\/v2\/pages\/12705","targetHints":{"allow":["GET"]}}],"collection":[{"href":"https:\/\/www.camping-lyon.com\/es\/wp-json\/wp\/v2\/pages"}],"about":[{"href":"https:\/\/www.camping-lyon.com\/es\/wp-json\/wp\/v2\/types\/page"}],"author":[{"embeddable":true,"href":"https:\/\/www.camping-lyon.com\/es\/wp-json\/wp\/v2\/users\/1"}],"replies":[{"embeddable":true,"href":"https:\/\/www.camping-lyon.com\/es\/wp-json\/wp\/v2\/comments?post=12705"}],"version-history":[{"count":4,"href":"https:\/\/www.camping-lyon.com\/es\/wp-json\/wp\/v2\/pages\/12705\/revisions"}],"predecessor-version":[{"id":13349,"href":"https:\/\/www.camping-lyon.com\/es\/wp-json\/wp\/v2\/pages\/12705\/revisions\/13349"}],"wp:attachment":[{"href":"https:\/\/www.camping-lyon.com\/es\/wp-json\/wp\/v2\/media?parent=12705"}],"curies":[{"name":"wp","href":"https:\/\/api.w.org\/{rel}","templated":true}]}}