{"id":1342,"date":"2018-05-31T15:38:01","date_gmt":"2018-05-31T13:38:01","guid":{"rendered":"http:\/\/www.camping-lyon.com\/politique-de-confidentialite\/"},"modified":"2023-01-05T10:43:31","modified_gmt":"2023-01-05T09:43:31","slug":"politica-de-proteccion-de-datos-personales","status":"publish","type":"page","link":"https:\/\/www.camping-lyon.com\/es\/politica-de-proteccion-de-datos-personales\/","title":{"rendered":"Pol\u00edtica de protecci\u00f3n de datos personales"},"content":{"rendered":"<div class=\"wpb-content-wrapper\"><p>[vc_row][vc_column]<div class=\"wrappedcontent\">[vc_empty_space height=\u00bb65px\u00bb][vc_column_text]<\/p>\n<p style=\"text-align: center;\"><span style=\"font-size: 16pt; color: #e84e1b;\"><strong>Pol\u00edtica de protecci\u00f3n de datos personales<\/strong><\/span><\/p>\n<p style=\"text-align: center;\">Para Huttopia la vida privada de sus clientes es importante.<br \/>\nPor tanto, de conformidad con la normativa vigente en materia de protecci\u00f3n de datos personales \u2014la ley francesa n.\u00ba 78-17 de \u00abInform\u00e1tica y Libertades\u00bb modificada el 27 de julio de 2019 y el Reglamento general de protecci\u00f3n de datos (RGPD) 2016\/679\u2014, hemos designado un delegado de protecci\u00f3n de datos y aplicamos lo mejor posible las recomendaciones de la CNIL y del CEPB\/G29.<\/p>\n<p style=\"text-align: center;\"><strong>Tratamos los datos de nuestros usuarios, clientes o prospectos con las siguientes caracter\u00edsticas:<\/strong><\/p>\n<p>[\/vc_column_text]<\/div>[\/vc_column][\/vc_row][vc_row css=\u00bb.vc_custom_1615372878385{background-color: #e8e8e8 !important;}\u00bb][vc_column]<div class=\"wrappedcontent\">[vc_column_text]<span style=\"font-size: 14pt; color: #e84e1b;\"><strong>1. Datos recopilados<\/strong><\/span><\/p>\n<p>Los datos personales que se recogen en este sitio son los siguientes:<\/p>\n<p><strong>Apertura de cuenta:<\/strong>\u00a0durante la creaci\u00f3n de la cuenta del usuario, su nombre, apellidos y direcci\u00f3n de correo electr\u00f3nico.<br \/>\n<strong>Conexi\u00f3n:<\/strong>\u00a0durante la conexi\u00f3n del usuario al sitio, este registra concretamente su nombre, apellidos, datos de conexi\u00f3n, de uso y de localizaci\u00f3n.<br \/>\n<strong>Perfil:<\/strong>\u00a0el uso de las prestaciones previstas en el sitio permite completar un perfil que puede incluir una direcci\u00f3n y un n\u00famero de tel\u00e9fono.<br \/>\n<strong>Pago:<\/strong>\u00a0en relaci\u00f3n con el pago de los productos y las prestaciones ofrecidas en el sitio, este registra datos financieros relativos a la cuenta bancaria o a la tarjeta de cr\u00e9dito del usuario.<br \/>\n<strong>Cookies:<\/strong>\u00a0las cookies se usan en relaci\u00f3n con el uso del sitio. El usuario tiene la opci\u00f3n de desactivar las cookies en la primera conexi\u00f3n y posteriormente mediante la configuraci\u00f3n de su navegador.[\/vc_column_text]<\/div>[\/vc_column][\/vc_row][vc_row][vc_column]<div class=\"wrappedcontent\">[vc_column_text]<span style=\"font-size: 14pt; color: #e84e1b;\"><strong>2. Objetivo del tratamiento<\/strong><\/span><\/p>\n<p>Los datos personales recogidos de los usuarios tienen como objeto la puesta a disposici\u00f3n de los servicios del sitio, su mejora y el mantenimiento de un entorno seguro. En concreto, los usos son los siguientes:<\/p>\n<p>\u2013 Acceso y uso del sitio por parte del usuario;<br \/>\n\u2013 Gesti\u00f3n del funcionamiento y optimizaci\u00f3n del sitio;<br \/>\n\u2013 Comprobaci\u00f3n, identificaci\u00f3n y autenticaci\u00f3n de los datos transmitidos por el usuario;<br \/>\n\u2013 Prestaci\u00f3n de ayuda a usuarios;<br \/>\n\u2013 Personalizaci\u00f3n de los servicios que muestran publicidad en funci\u00f3n del historial de navegaci\u00f3n del usuario, seg\u00fan sus preferencias;<br \/>\n\u2013 Prevenci\u00f3n y detecci\u00f3n de fraudes, malware (\u00absoftware malicioso\u00bb o programas malintencionados) y gesti\u00f3n de las incidencias de seguridad;<br \/>\n\u2013 Gesti\u00f3n de posibles disputas con los usuarios;<br \/>\n\u2013 Env\u00edo de informaciones comerciales y publicitarias, en funci\u00f3n de las preferencias del usuario.[\/vc_column_text]<\/div>[\/vc_column][\/vc_row][vc_row css=\u00bb.vc_custom_1615372878385{background-color: #e8e8e8 !important;}\u00bb][vc_column]<div class=\"wrappedcontent\">[vc_column_text]<span style=\"font-size: 14pt; color: #e84e1b;\"><strong>3. Duraci\u00f3n de la conservaci\u00f3n<\/strong><\/span><\/p>\n<p>Los datos personales se conservan durante un periodo de tiempo limitado que no superar\u00e1 la duraci\u00f3n necesaria para el objetivo de la recopilaci\u00f3n.[\/vc_column_text]<\/div>[\/vc_column][\/vc_row][vc_row][vc_column]<div class=\"wrappedcontent\">[vc_column_text]<span style=\"font-size: 14pt; color: #e84e1b;\"><strong>4. Base jur\u00eddica<\/strong><\/span><\/p>\n<p>La base jur\u00eddica elegida es para las actividades de tratamiento enumeradas a continuaci\u00f3n:<br \/>\n\u2013\u00a0<strong>La gesti\u00f3n de prospectos:<\/strong>\u00a0el inter\u00e9s leg\u00edtimo<br \/>\n\u2013\u00a0<strong>La inscripci\u00f3n y gesti\u00f3n de la newsletter:<\/strong>\u00a0el consentimiento<br \/>\n\u2013\u00a0<strong>El an\u00e1lisis de comportamiento de compras:<\/strong>\u00a0el inter\u00e9s leg\u00edtimo<br \/>\n\u2013\u00a0<strong>La gesti\u00f3n de una estancia<\/strong>\u00a0(reserva, facturaci\u00f3n): necesaria para la ejecuci\u00f3n de un contrato<br \/>\n\u2013\u00a0<strong>La satisfacci\u00f3n del cliente:<\/strong>\u00a0el inter\u00e9s leg\u00edtimo[\/vc_column_text]<\/div>[\/vc_column][\/vc_row][vc_row css=\u00bb.vc_custom_1615372878385{background-color: #e8e8e8 !important;}\u00bb][vc_column]<div class=\"wrappedcontent\">[vc_column_text]<span style=\"font-size: 14pt; color: #e84e1b;\"><strong>5. Intercambio de los datos personales con terceros<\/strong><\/span><\/p>\n<p>Los datos personales pueden compartirse con empresas terceras, en los siguientes casos:<\/p>\n<p>\u2013 Cuando el usuario utilice los servicios de pago, para la prestaci\u00f3n de estos servicios, el sitio conecta con entidades bancarias y financieras terceras con las que ha firmado contratos.<br \/>\n\u2013 Cuando el usuario publica, en las zonas de comentarios del sitio, informaci\u00f3n accesible para el p\u00fablico.<br \/>\n\u2013 Cuando el usuario autoriza el acceso a sus datos al sitio web de un tercero.<br \/>\n\u2013 Cuando el sitio recurre a los servicios de proveedores para prestar asistencia a los usuarios, publicidad y servicios de pago. Dichos proveedores disponen de acceso limitado a los datos del usuario, en relaci\u00f3n con la ejecuci\u00f3n de dichas prestaciones y tienen la obligaci\u00f3n contractual de utilizarlos conforme a las disposiciones de la legislaci\u00f3n aplicable en materia de protecci\u00f3n de datos personales.<br \/>\n\u2013 Si la ley as\u00ed lo requiere, el sitio puede realizar la transmisi\u00f3n de datos para responder a las reclamaciones presentadas contra el sitio y para cumplir con los procesos administrativos y judiciales.<br \/>\n\u2013 Si el sitio est\u00e1 implicado en una operaci\u00f3n de fusi\u00f3n, adquisici\u00f3n, cesi\u00f3n de activos o un procedimiento de recuperaci\u00f3n judicial, podr\u00e1 verse obligado a ceder o compartir todo o parte de sus activos, incluidos los datos personales. En ese caso, los usuarios ser\u00e1n informados, antes de que los datos personales se transfieran a una tercera parte.[\/vc_column_text]<\/div>[\/vc_column][\/vc_row][vc_row][vc_column]<div class=\"wrappedcontent\">[vc_column_text]<span style=\"font-size: 14pt; color: #e84e1b;\"><strong>6. Transferencia de datos personales<\/strong><\/span><\/p>\n<p>Los datos recopilados en este sitio web no se transmitir\u00e1n fuera de la Uni\u00f3n Europea.<\/p>\n<p>Sin embargo, si el usuario desea reservar una estancia en los Estados Unidos y\/o en Canad\u00e1, se aplicar\u00e1n las condiciones generales de venta del sitio web https:\/\/canada-usa.huttopia.com\/<br \/>\nEn Estados Unidos, debe tenerse en cuenta que a partir del 16 de julio de 2020 el Escudo de Privacidad (Privacy Shield) fue invalidado por el Tribunal de Justicia de la Uni\u00f3n Europea, es decir, que ya no se reconoce como un marco jur\u00eddico que garantice una adecuada protecci\u00f3n de los datos personales.<\/p>\n<p>En Canad\u00e1 y en la provincia de Qu\u00e9bec, los datos personales se usan conforme a la Ley federal de Informaci\u00f3n Personal y los Documentos Electr\u00f3nicos de Canad\u00e1 (LPRPDE, por sus siglas en franc\u00e9s) y a la ley de Qu\u00e9bec en materia de protecci\u00f3n de datos personales del sector privado.<\/p>\n<p>Huttopia le informa que aplica el mismo nivel de protecci\u00f3n de datos personales en todo el mundo, en funci\u00f3n del marco normativo.[\/vc_column_text]<\/div>[\/vc_column][\/vc_row][vc_row css=\u00bb.vc_custom_1615372878385{background-color: #e8e8e8 !important;}\u00bb][vc_column]<div class=\"wrappedcontent\">[vc_column_text]<span style=\"font-size: 14pt; color: #e84e1b;\"><strong>7. Seguridad y confidencialidad<\/strong><\/span><\/p>\n<p>El sitio aplica medidas organizativas, t\u00e9cnicas, inform\u00e1ticas y f\u00edsicas en materia de seguridad digital para proteger los datos personales contra posibles alteraciones, destrucciones y accesos no autorizados. No obstante, t\u00e9ngase en cuenta que internet no es un entorno totalmente seguro y que el sitio no puede garantizar la seguridad de la transmisi\u00f3n o el almacenaje de datos en internet.[\/vc_column_text]<\/div>[\/vc_column][\/vc_row][vc_row][vc_column]<div class=\"wrappedcontent\">[vc_column_text]<span style=\"font-size: 14pt; color: #e84e1b;\"><strong>8. Aplicaci\u00f3n de los derechos de las personas afectadas<\/strong><\/span><\/p>\n<p>En conformidad con la legislaci\u00f3n, dispone de un determinado n\u00famero de los derechos en lo relativo a sus datos personales. Puede obtener m\u00e1s informaci\u00f3n y consejos sobre sus derechos ante la autoridad competente en materia de protecci\u00f3n de datos de su pa\u00eds (en Francia, la Comisi\u00f3n Nacional de Inform\u00e1tica y Libertades (CNIL: https:\/\/www.cnil.fr\/).<\/p>\n<p><strong>1- El derecho a la informaci\u00f3n \u2013<\/strong>\u00a0Tiene derecho a recibir informaci\u00f3n clara, transparente y f\u00e1cilmente comprensible sobre la forma en que utilizamos sus datos y sobre sus derechos. Es la raz\u00f3n por la cual le comunicamos esta informaci\u00f3n a trav\u00e9s de la presente pol\u00edtica de confidencialidad.<\/p>\n<p><strong>2- El derecho de acceso \u2013<\/strong>\u00a0Tiene derecho a acceder a su informaci\u00f3n (si nos encargamos de su tratamiento) y a otros datos (como los que se incluyen aqu\u00ed). La finalidad es que est\u00e9 al corriente y pueda verificar que hacemos un uso de sus datos con arreglo a la legislaci\u00f3n en materia de protecci\u00f3n de datos.<\/p>\n<p><strong>3- El derecho de rectificaci\u00f3n \u2013<\/strong>\u00a0Tiene derecho a que se rectifiquen sus datos si son incorrectos o est\u00e1n incompletos.<\/p>\n<p><strong>4- El derecho de eliminaci\u00f3n \u2013<\/strong>\u00a0Este derecho tambi\u00e9n se conoce como el \u00abderecho al olvido\u00bb y, en pocas palabras, le permite solicitar la eliminaci\u00f3n o la supresi\u00f3n de sus datos cuando no exista una raz\u00f3n imperiosa para que sigamos utiliz\u00e1ndolos. Por tanto, no se trata de un derecho general a la eliminaci\u00f3n de los datos y tiene excepciones.<\/p>\n<p><strong>5- El derecho a la limitaci\u00f3n del tratamiento \u2013<\/strong>\u00a0Tiene derecho a \u00abbloquear\u00bb o eliminar cualquier uso posterior de sus datos. Si se limita su tratamiento, podremos almacenarlos, pero no seguir us\u00e1ndolos. Disponemos de una lista de personas que han solicitado el bloqueo del uso posterior de sus datos, a fin de garantizar el respeto de la medida de restricci\u00f3n.<\/p>\n<p><strong>6- El derecho a la portabilidad de los datos \u2013<\/strong>\u00a0Tiene derecho a obtener y reutilizar sus datos personales para sus necesidades propias y en otros servicios. Esto le permite cambiarlos de lugar, copiarlos o transferirlos de forma sencilla entre nuestros sistemas inform\u00e1ticos y de terceros con total seguridad, sin afectar a su capacidad de ser utilizados.<\/p>\n<p><strong>7- El derecho de oposici\u00f3n \u2013<\/strong>\u00a0Tiene derecho a oponerse a determinados tipos de tratamiento, incluido el tratamiento con fines comerciales directos (que solo es posible con su consentimiento).<\/p>\n<p><strong>8- El derecho de presentar una reclamaci\u00f3n \u2013<\/strong>\u00a0Tiene derecho a quejarse sobre la forma en que tratamos o gestionamos sus datos personales ante la autoridad competente en la materia (en Francia, la Comisi\u00f3n Nacional de Inform\u00e1tica y Libertades (CNIL: https:\/\/www.cnil.fr\/).<\/p>\n<p><strong>9- El derecho a retirar su consentimiento \u2013<\/strong>\u00a0Si ha dado su consentimiento al tratamiento o el uso de sus datos personales, puede retirarlo en cualquier momento (aunque si lo hace, esto no significa que todo lo que hemos hecho con su consentimiento hasta esa dicha fecha haya sido ilegal). Esto incluye el derecho a retirar su consentimiento para el uso de sus datos personales con fines comerciales.<\/p>\n<p>Respondemos a las solicitudes y ofrecemos informaci\u00f3n de forma gratuita; no obstante, podemos cargar una tarifa razonable para cubrir nuestros costes administrativos, en caso de solicitudes duplicadas.<\/p>\n<p>Asimismo, tenemos derecho a negarnos a tramitar una solicitud. Considere su solicitud de forma responsable antes de presentarla. Le daremos una respuesta a la mayor brevedad: por lo general, en un plazo de un mes a contar desde la fecha de recepci\u00f3n; pero si el tratamiento de la solicitud llevase m\u00e1s tiempo, se lo har\u00edamos saber.<\/p>\n<p><strong>Para contactarnos sobre la protecci\u00f3n de datos personales:<\/strong><\/p>\n<p>Por correo electr\u00f3nico a la siguiente direcci\u00f3n: data.privacy@huttopia.com<br \/>\nPor correo postal: HUTTOPIA, A la atenci\u00f3n del delegado de protecci\u00f3n de datos personales rue du Chapoly 69290 Saint Genis les Olli\u00e8res (Francia).[\/vc_column_text]<\/div>[\/vc_column][\/vc_row][vc_row css=\u00bb.vc_custom_1615373043112{background-color: #e8e8e8 !important;}\u00bb][vc_column]<div class=\"wrappedcontent\">[vc_column_text]<span style=\"font-size: 14pt; color: #e84e1b;\"><strong>9. Evoluci\u00f3n de la presente pol\u00edtica<\/strong><\/span><\/p>\n<p>Huttopia SA se reserva el derecho a modificar en cualquier momento la presente pol\u00edtica relativa a la protecci\u00f3n de datos personales. Si se modificase la presente pol\u00edtica de protecci\u00f3n de datos personales, Huttopia SA se compromete a publicar la nueva versi\u00f3n en su web.[\/vc_column_text]<\/div>[\/vc_column][\/vc_row]<\/p>\n<\/div>","protected":false},"excerpt":{"rendered":"<p>[vc_row][vc_column][\/vc_column][\/vc_row][vc_row css=\u00bb.vc_custom_1615372878385{background-color: #e8e8e8 !important;}\u00bb][vc_column][\/vc_column][\/vc_row][vc_row][vc_column][\/vc_column][\/vc_row][vc_row css=\u00bb.vc_custom_1615372878385{background-color: #e8e8e8 !important;}\u00bb][vc_column][\/vc_column][\/vc_row][vc_row][vc_column][\/vc_column][\/vc_row][vc_row css=\u00bb.vc_custom_1615372878385{background-color: #e8e8e8 !important;}\u00bb][vc_column][\/vc_column][\/vc_row][vc_row][vc_column][\/vc_column][\/vc_row][vc_row css=\u00bb.vc_custom_1615372878385{background-color: #e8e8e8 !important;}\u00bb][vc_column][\/vc_column][\/vc_row][vc_row][vc_column][\/vc_column][\/vc_row][vc_row css=\u00bb.vc_custom_1615373043112{background-color: #e8e8e8 !important;}\u00bb][vc_column][\/vc_column][\/vc_row]<\/p>\n","protected":false},"author":1,"featured_media":0,"parent":0,"menu_order":0,"comment_status":"closed","ping_status":"closed","template":"","meta":{"footnotes":""},"class_list":["post-1342","page","type-page","status-publish","hentry"],"yoast_head":"<!-- This site is optimized with the Yoast SEO plugin v25.6 - https:\/\/yoast.com\/wordpress\/plugins\/seo\/ -->\n<title>Pol\u00edtica de protecci\u00f3n de datos personales - Camping de Lyon<\/title>\n<meta name=\"robots\" content=\"index, follow, max-snippet:-1, max-image-preview:large, max-video-preview:-1\" \/>\n<link rel=\"canonical\" href=\"https:\/\/www.camping-lyon.com\/es\/politica-de-proteccion-de-datos-personales\/\" \/>\n<meta property=\"og:locale\" content=\"es_ES\" \/>\n<meta property=\"og:type\" content=\"article\" \/>\n<meta property=\"og:title\" content=\"Pol\u00edtica de protecci\u00f3n de datos personales - Camping de Lyon\" \/>\n<meta property=\"og:description\" content=\"[vc_row][vc_column][\/vc_column][\/vc_row][vc_row css=\u00bb.vc_custom_1615372878385{background-color: #e8e8e8 !important;}\u00bb][vc_column][\/vc_column][\/vc_row][vc_row][vc_column][\/vc_column][\/vc_row][vc_row css=\u00bb.vc_custom_1615372878385{background-color: #e8e8e8 !important;}\u00bb][vc_column][\/vc_column][\/vc_row][vc_row][vc_column][\/vc_column][\/vc_row][vc_row css=\u00bb.vc_custom_1615372878385{background-color: #e8e8e8 !important;}\u00bb][vc_column][\/vc_column][\/vc_row][vc_row][vc_column][\/vc_column][\/vc_row][vc_row css=\u00bb.vc_custom_1615372878385{background-color: #e8e8e8 !important;}\u00bb][vc_column][\/vc_column][\/vc_row][vc_row][vc_column][\/vc_column][\/vc_row][vc_row css=\u00bb.vc_custom_1615373043112{background-color: #e8e8e8 !important;}\u00bb][vc_column][\/vc_column][\/vc_row]\" \/>\n<meta property=\"og:url\" content=\"https:\/\/www.camping-lyon.com\/es\/politica-de-proteccion-de-datos-personales\/\" \/>\n<meta property=\"og:site_name\" content=\"Camping de Lyon\" \/>\n<meta property=\"article:modified_time\" content=\"2023-01-05T09:43:31+00:00\" \/>\n<meta name=\"twitter:card\" content=\"summary_large_image\" \/>\n<meta name=\"twitter:label1\" content=\"Est. reading time\" \/>\n\t<meta name=\"twitter:data1\" content=\"9 minutos\" \/>\n<script type=\"application\/ld+json\" class=\"yoast-schema-graph\">{\"@context\":\"https:\/\/schema.org\",\"@graph\":[{\"@type\":\"WebPage\",\"@id\":\"https:\/\/www.camping-lyon.com\/es\/politica-de-proteccion-de-datos-personales\/\",\"url\":\"https:\/\/www.camping-lyon.com\/es\/politica-de-proteccion-de-datos-personales\/\",\"name\":\"Pol\u00edtica de protecci\u00f3n de datos personales - Camping de Lyon\",\"isPartOf\":{\"@id\":\"https:\/\/www.camping-lyon.com\/es\/#website\"},\"datePublished\":\"2018-05-31T13:38:01+00:00\",\"dateModified\":\"2023-01-05T09:43:31+00:00\",\"breadcrumb\":{\"@id\":\"https:\/\/www.camping-lyon.com\/es\/politica-de-proteccion-de-datos-personales\/#breadcrumb\"},\"inLanguage\":\"es\",\"potentialAction\":[{\"@type\":\"ReadAction\",\"target\":[\"https:\/\/www.camping-lyon.com\/es\/politica-de-proteccion-de-datos-personales\/\"]}]},{\"@type\":\"BreadcrumbList\",\"@id\":\"https:\/\/www.camping-lyon.com\/es\/politica-de-proteccion-de-datos-personales\/#breadcrumb\",\"itemListElement\":[{\"@type\":\"ListItem\",\"position\":1,\"name\":\"Accueil\",\"item\":\"https:\/\/www.camping-lyon.com\/es\/\"},{\"@type\":\"ListItem\",\"position\":2,\"name\":\"Pol\u00edtica de protecci\u00f3n de datos personales\"}]},{\"@type\":\"WebSite\",\"@id\":\"https:\/\/www.camping-lyon.com\/es\/#website\",\"url\":\"https:\/\/www.camping-lyon.com\/es\/\",\"name\":\"Camping de Lyon\",\"description\":\"Un site utilisant Citykamp\",\"potentialAction\":[{\"@type\":\"SearchAction\",\"target\":{\"@type\":\"EntryPoint\",\"urlTemplate\":\"https:\/\/www.camping-lyon.com\/es\/?s={search_term_string}\"},\"query-input\":{\"@type\":\"PropertyValueSpecification\",\"valueRequired\":true,\"valueName\":\"search_term_string\"}}],\"inLanguage\":\"es\"}]}<\/script>\n<!-- \/ Yoast SEO plugin. -->","yoast_head_json":{"title":"Pol\u00edtica de protecci\u00f3n de datos personales - Camping de Lyon","robots":{"index":"index","follow":"follow","max-snippet":"max-snippet:-1","max-image-preview":"max-image-preview:large","max-video-preview":"max-video-preview:-1"},"canonical":"https:\/\/www.camping-lyon.com\/es\/politica-de-proteccion-de-datos-personales\/","og_locale":"es_ES","og_type":"article","og_title":"Pol\u00edtica de protecci\u00f3n de datos personales - Camping de Lyon","og_description":"[vc_row][vc_column][\/vc_column][\/vc_row][vc_row css=\u00bb.vc_custom_1615372878385{background-color: #e8e8e8 !important;}\u00bb][vc_column][\/vc_column][\/vc_row][vc_row][vc_column][\/vc_column][\/vc_row][vc_row css=\u00bb.vc_custom_1615372878385{background-color: #e8e8e8 !important;}\u00bb][vc_column][\/vc_column][\/vc_row][vc_row][vc_column][\/vc_column][\/vc_row][vc_row css=\u00bb.vc_custom_1615372878385{background-color: #e8e8e8 !important;}\u00bb][vc_column][\/vc_column][\/vc_row][vc_row][vc_column][\/vc_column][\/vc_row][vc_row css=\u00bb.vc_custom_1615372878385{background-color: #e8e8e8 !important;}\u00bb][vc_column][\/vc_column][\/vc_row][vc_row][vc_column][\/vc_column][\/vc_row][vc_row css=\u00bb.vc_custom_1615373043112{background-color: #e8e8e8 !important;}\u00bb][vc_column][\/vc_column][\/vc_row]","og_url":"https:\/\/www.camping-lyon.com\/es\/politica-de-proteccion-de-datos-personales\/","og_site_name":"Camping de Lyon","article_modified_time":"2023-01-05T09:43:31+00:00","twitter_card":"summary_large_image","twitter_misc":{"Est. reading time":"9 minutos"},"schema":{"@context":"https:\/\/schema.org","@graph":[{"@type":"WebPage","@id":"https:\/\/www.camping-lyon.com\/es\/politica-de-proteccion-de-datos-personales\/","url":"https:\/\/www.camping-lyon.com\/es\/politica-de-proteccion-de-datos-personales\/","name":"Pol\u00edtica de protecci\u00f3n de datos personales - Camping de Lyon","isPartOf":{"@id":"https:\/\/www.camping-lyon.com\/es\/#website"},"datePublished":"2018-05-31T13:38:01+00:00","dateModified":"2023-01-05T09:43:31+00:00","breadcrumb":{"@id":"https:\/\/www.camping-lyon.com\/es\/politica-de-proteccion-de-datos-personales\/#breadcrumb"},"inLanguage":"es","potentialAction":[{"@type":"ReadAction","target":["https:\/\/www.camping-lyon.com\/es\/politica-de-proteccion-de-datos-personales\/"]}]},{"@type":"BreadcrumbList","@id":"https:\/\/www.camping-lyon.com\/es\/politica-de-proteccion-de-datos-personales\/#breadcrumb","itemListElement":[{"@type":"ListItem","position":1,"name":"Accueil","item":"https:\/\/www.camping-lyon.com\/es\/"},{"@type":"ListItem","position":2,"name":"Pol\u00edtica de protecci\u00f3n de datos personales"}]},{"@type":"WebSite","@id":"https:\/\/www.camping-lyon.com\/es\/#website","url":"https:\/\/www.camping-lyon.com\/es\/","name":"Camping de Lyon","description":"Un site utilisant Citykamp","potentialAction":[{"@type":"SearchAction","target":{"@type":"EntryPoint","urlTemplate":"https:\/\/www.camping-lyon.com\/es\/?s={search_term_string}"},"query-input":{"@type":"PropertyValueSpecification","valueRequired":true,"valueName":"search_term_string"}}],"inLanguage":"es"}]}},"_links":{"self":[{"href":"https:\/\/www.camping-lyon.com\/es\/wp-json\/wp\/v2\/pages\/1342","targetHints":{"allow":["GET"]}}],"collection":[{"href":"https:\/\/www.camping-lyon.com\/es\/wp-json\/wp\/v2\/pages"}],"about":[{"href":"https:\/\/www.camping-lyon.com\/es\/wp-json\/wp\/v2\/types\/page"}],"author":[{"embeddable":true,"href":"https:\/\/www.camping-lyon.com\/es\/wp-json\/wp\/v2\/users\/1"}],"replies":[{"embeddable":true,"href":"https:\/\/www.camping-lyon.com\/es\/wp-json\/wp\/v2\/comments?post=1342"}],"version-history":[{"count":3,"href":"https:\/\/www.camping-lyon.com\/es\/wp-json\/wp\/v2\/pages\/1342\/revisions"}],"predecessor-version":[{"id":11755,"href":"https:\/\/www.camping-lyon.com\/es\/wp-json\/wp\/v2\/pages\/1342\/revisions\/11755"}],"wp:attachment":[{"href":"https:\/\/www.camping-lyon.com\/es\/wp-json\/wp\/v2\/media?parent=1342"}],"curies":[{"name":"wp","href":"https:\/\/api.w.org\/{rel}","templated":true}]}}