{"id":69,"date":"2018-01-04T17:29:18","date_gmt":"2018-01-04T16:29:18","guid":{"rendered":"http:\/\/www.citykamp.com\/lyon\/es\/accueil\/"},"modified":"2026-04-10T15:16:40","modified_gmt":"2026-04-10T13:16:40","slug":"home","status":"publish","type":"page","link":"https:\/\/www.camping-lyon.com\/es\/","title":{"rendered":"Home"},"content":{"rendered":"<div class=\"wpb-content-wrapper\"><p>[vc_row css=\u00bb.vc_custom_1775826483883{background-color: #E84E1B33 !important;}\u00bb][vc_column]<div class=\"wrappedcontent\">[vc_empty_space height=\u00bb15px\u00bb][vc_column_text css=\u00bb\u00bb]<\/p>\n<p style=\"text-align: center;\"><span style=\"font-size: 18pt; color: #e84e1b;\"><strong>CAMPING CARD GRATIS<\/strong><\/span><\/p>\n<p style=\"text-align: center;\"><strong>En abril, \u00a1la Camping Card (valor: 19 \u20ac) es gratis!<br \/>\n<\/strong>Recuerdos inolvidables que crear en familia, en pareja, entre amigos\u2026<br \/>\nV\u00e1lida en todos los campings de nuestras redes: Huttopia, CityKamp, OnlyCamp.<\/p>\n<p style=\"text-align: center;\"><span style=\"text-decoration: underline; font-size: 14pt;\"><strong><a style=\"text-decoration: underline;\" href=\"https:\/\/www.citykamp.com\/es\/camping-card\/\">Descubre la oferta<\/a><\/strong><\/span><\/p>\n<p>[\/vc_column_text]<\/div>[\/vc_column][\/vc_row][vc_row][vc_column]<div class=\"wrappedcontent\">[vc_column_text]<\/p>\n<h2 style=\"text-align: center;\"><span style=\"font-size: 24pt;\"><strong>SITUADO EN UN HERMOSO PARQUE NATURAL, MUY CERCA DE LYON<\/strong><\/span><\/h2>\n<p style=\"text-align: center;\"><span style=\"font-size: 12pt;\"><em><span style=\"color: #e84e1b;\">Abierto todo el a\u00f1o<\/span><\/em><\/span><\/p>\n<p style=\"text-align: center;\">El Camping de Lyon**** abre sus en un parque natural de 6 hect\u00e1reas con una ubicaci\u00f3n perfecta para visitar Lyon y Beaujolais&#8230;<br \/>\nServicios de calidad para relajarte despu\u00e9s de un largo d\u00eda en la ciudad.<br \/>\nDisfruta del entorno lleno de verdor del camping y de las instalaciones de calidad: un centro social, luminoso y moderno en una bonita terraza suspendida por encima del camping, una zona de juegos infantil, una piscina climatizada para refrescarse los d\u00edas buenos&#8230;<\/p>\n<p>&nbsp;<\/p>\n<h3 style=\"text-align: center;\">Opta por una parada natural a dos pasos de la ciudad<\/h3>\n<p style=\"text-align: center;\">Instala tu caravana, autocaravana o tienda en una bonita parcela u opta por un alojamiento con todas las comodidades: caravanas, casas m\u00f3viles o tiendas de Tela y Madera, \u00a1t\u00fa eliges! Un paraje ideal para una escala de descanso en la ruta de unas vacaciones o una etapa en la ciudad para descubrir la bonita ciudad de Lyon, inscrita en el Patrimonio Mundial de la Unesco.<\/p>\n<p>[\/vc_column_text][vc_empty_space height=\u00bb35px\u00bb]<div class=\"text-center btnwrap\"><a class=\"btn btn-huttopia-cta\" href=\"http:\/\/checkout.citykamp.com\/site\/es\/7\" role=\"button\" target=\"\" onclick=\"dataLayer.push({'event':'clickCity', 'clickText':'Reserva tu estancia'})\">Reserva tu estancia<\/a><\/div>[vc_empty_space height=\u00bb35px\u00bb][vc_row_inner gap=\u00bb15&#8243;][vc_column_inner width=\u00bb1\/4&#8243;][vc_masonry_media_grid element_width=\u00bb12&#8243; gap=\u00bb0&#8243; item=\u00bb848&#8243; grid_id=\u00bbvc_gid:1775826950101-46b53c34-70e6-3&#8243; include=\u00bb12267&#8243;][\/vc_column_inner][vc_column_inner width=\u00bb1\/4&#8243;][vc_masonry_media_grid element_width=\u00bb12&#8243; gap=\u00bb0&#8243; item=\u00bb850&#8243; grid_id=\u00bbvc_gid:1775826950102-7c10f306-624d-6&#8243; include=\u00bb11187&#8243;][\/vc_column_inner][vc_column_inner width=\u00bb1\/4&#8243;][vc_masonry_media_grid element_width=\u00bb12&#8243; gap=\u00bb0&#8243; item=\u00bb852&#8243; grid_id=\u00bbvc_gid:1775826950103-1f05516b-9ebc-6&#8243; include=\u00bb12273&#8243;][\/vc_column_inner][vc_column_inner width=\u00bb1\/4&#8243;][vc_masonry_media_grid element_width=\u00bb12&#8243; gap=\u00bb0&#8243; item=\u00bb845&#8243; grid_id=\u00bbvc_gid:1775826950103-36c84efc-722f-9&#8243; include=\u00bb11199&#8243;][\/vc_column_inner][\/vc_row_inner][vc_empty_space height=\u00bb50px\u00bb][vc_row_inner gap=\u00bb30&#8243; css=\u00bb.vc_custom_1678812812729{margin-left: -0.5px !important;background-color: rgba(232,78,27,0.2) !important;*background-color: rgb(232,78,27) !important;}\u00bb][vc_column_inner width=\u00bb1\/3&#8243;][vc_masonry_media_grid element_width=\u00bb12&#8243; gap=\u00bb0&#8243; grid_id=\u00bbvc_gid:1775826950104-c540c802-454a-9&#8243; include=\u00bb11946&#8243;][\/vc_column_inner][vc_column_inner width=\u00bb2\/3&#8243;][vc_column_text]<\/p>\n<h2><span style=\"color: #e94e1b;\">CAMPING CARD<\/span><\/h2>\n<p><span style=\"font-size: 12pt;\">Acampa a partir de <span style=\"color: #e84e1b;\"><strong>15\u20ac<\/strong><\/span>* la noche con la <span style=\"color: #e94e1b;\"><a style=\"color: #e94e1b;\" href=\"https:\/\/www.citykamp.com\/es\/camping-card\/\"><span style=\"text-decoration: underline;\">Camping Card<\/span><\/a><\/span>\u00a0Huttopia.<\/span><br \/>\n<span style=\"font-size: 12pt;\">Benef\u00edciate de precios reducidos y noches gratuitas durante temporada alta y baja, en todos los campings <span style=\"text-decoration: underline;\"><span style=\"color: #e94e1b;\"><a style=\"color: #e94e1b; text-decoration: underline;\" href=\"https:\/\/www.citykamp.com\/es\/destinos\/\">Citykamp<\/a><\/span>,<\/span> <span style=\"text-decoration: underline; color: #e94e1b;\"><a style=\"color: #e94e1b; text-decoration: underline;\" href=\"https:\/\/www.onlycamp.fr\/en\/\">Onlycamp<\/a><\/span> y todos los <span style=\"text-decoration: underline; color: #e94e1b;\"><a style=\"color: #e94e1b; text-decoration: underline;\" href=\"https:\/\/europe.huttopia.com\/es\/destinations\/campings\/\">campings Huttopia<\/a><\/span>.<\/span><\/p>\n<p><em><span style=\"font-size: 10pt;\">*Tarifa que incluye 1 parcela para 2 personas con electricidad (+ animal de compa\u00f1\u00eda gratis).<\/span><\/em>[\/vc_column_text]<div class=\" btnwrap\"><a class=\"btn btn-huttopia-cta\" href=\"https:\/\/www.citykamp.com\/es\/camping-card\/\" role=\"button\" target=\"\" onclick=\"dataLayer.push({'event':'clickCity', 'clickText':'Descubrir'})\">Descubrir<\/a><\/div>[\/vc_column_inner][\/vc_row_inner][vc_empty_space height=\u00bb50px\u00bb][vc_row_inner css=\u00bb.vc_custom_1515141529135{margin-bottom: -50px !important;}\u00bb][vc_column_inner][vc_icon icon_fontawesome=\u00bbfa fa-quote-left\u00bb color=\u00bbcustom\u00bb custom_color=\u00bb#e84e1b\u00bb][vc_column_text]<\/p>\n<p style=\"text-align: center;\"><span style=\"font-size: 12pt;\"><em><span style=\"font-size: 16pt;\">\u00a1Camping familiar, personal acogedor: estamos encantados!<\/span>\u00a0 \u00a0<\/em><\/span><span style=\"font-size: 10pt;\">\u00a0\u00a0Virginie F.<\/span>\u00a0\u00a0<span style=\"color: #e84e1b;\">\u2605\u2605\u2605\u2605\u2605<\/span><\/p>\n<p style=\"text-align: center;\"><em><span style=\"font-size: 16pt;\">Una estancia muy agradable. \u00a1Nuestro perro, Baxie, ha disfrutado a lo grande con el paisaje verde y nosotros tambi\u00e9n! <\/span><\/em><br \/>\n<span style=\"font-size: 10pt;\">Laurence D.<span style=\"font-size: 12pt;\"><span style=\"color: #e84e1b;\">\u00a0\u00a0\u2605\u2605\u2605\u2605<\/span><\/span><\/span><\/p>\n<p style=\"text-align: center;\"><em><span style=\"font-size: 16pt;\">Camping ideal para visitar Lyon y para dormir lejos de la ciudad. \u00a1Lo recomiendo!<\/span>\u00a0<\/em>\u00a0 \u00a0<span style=\"font-size: 10pt;\">Paul C.<\/span>\u00a0 \u00a0<span style=\"color: #e84e1b;\">\u2605\u2605\u2605\u2605\u2605<\/span><\/p>\n<p>[\/vc_column_text][vc_icon icon_fontawesome=\u00bbfa fa-quote-right\u00bb color=\u00bbcustom\u00bb align=\u00bbright\u00bb custom_color=\u00bb#e84e1b\u00bb][\/vc_column_inner][\/vc_row_inner][vc_empty_space height=\u00bb50px\u00bb][vc_row_inner equal_height=\u00bbyes\u00bb content_placement=\u00bbmiddle\u00bb gap=\u00bb20&#8243; css=\u00bb.vc_custom_1524658721266{margin-left: -0.5px !important;}\u00bb][vc_column_inner width=\u00bb1\/3&#8243; css=\u00bb.vc_custom_1524667083074{background-color: #e8e8e8 !important;}\u00bb][vc_icon icon_fontawesome=\u00bbfar fa-map\u00bb color=\u00bbcustom\u00bb size=\u00bblg\u00bb align=\u00bbcenter\u00bb css=\u00bb.vc_custom_1675951499790{margin-bottom: -10px !important;padding-top: 15px !important;}\u00bb custom_color=\u00bb#e84e1b\u00bb link=\u00bburl:https%3A%2F%2Fmedia.huttopia.com%2Fdestinations%2Flyon%2Fplan-camping-citykamp-lyon.pdf|target:_blank\u00bb][vc_column_text css=\u00bb.vc_custom_1675951505409{padding-top: 25px !important;padding-right: 15px !important;padding-bottom: 15px !important;padding-left: 15px !important;}\u00bb]<\/p>\n<p style=\"text-align: center;\"><a href=\"https:\/\/media.huttopia.com\/destinations\/lyon\/plan-camping-citykamp-lyon.pdf\" target=\"_blank\" rel=\"noopener noreferrer\"><strong>Plano del camping<\/strong><\/a><\/p>\n<p>[\/vc_column_text][\/vc_column_inner][vc_column_inner width=\u00bb1\/3&#8243; css=\u00bb.vc_custom_1524667091667{background-color: #e8e8e8 !important;}\u00bb][vc_icon icon_fontawesome=\u00bbfa fa-envelope-o\u00bb color=\u00bbcustom\u00bb size=\u00bblg\u00bb align=\u00bbcenter\u00bb css=\u00bb.vc_custom_1526313815663{margin-bottom: -10px !important;padding-top: 15px !important;}\u00bb custom_color=\u00bb#e84e1b\u00bb link=\u00bburl:https%3A%2F%2Fwww.camping-lyon.com%2Fes%2Fcontacto%2F||target:%20_blank|\u00bb][vc_column_text css=\u00bb.vc_custom_1526313826332{padding-top: 25px !important;padding-right: 15px !important;padding-bottom: 15px !important;padding-left: 15px !important;}\u00bb]<\/p>\n<p style=\"text-align: center;\"><a href=\"https:\/\/www.camping-lyon.com\/es\/contacto\/\"><strong>Contacto<\/strong><\/a><\/p>\n<p>[\/vc_column_text][\/vc_column_inner][vc_column_inner width=\u00bb1\/3&#8243; css=\u00bb.vc_custom_1524668872863{background-color: #e8e8e8 !important;}\u00bb][vc_icon icon_fontawesome=\u00bbfa fa-map-marker\u00bb color=\u00bbcustom\u00bb size=\u00bblg\u00bb align=\u00bbcenter\u00bb css=\u00bb.vc_custom_1524654636610{margin-bottom: -10px !important;padding-top: 15px !important;}\u00bb custom_color=\u00bb#e84e1b\u00bb link=\u00bburl:https%3A%2F%2Fgoo.gl%2Fmaps%2FHE8uVSAqvh52||target:%20_blank|\u00bb][vc_column_text css=\u00bb.vc_custom_1526046382409{padding-top: 25px !important;padding-right: 15px !important;padding-bottom: 15px !important;padding-left: 15px !important;}\u00bb]<\/p>\n<p style=\"text-align: center;\"><a href=\"https:\/\/goo.gl\/maps\/HE8uVSAqvh52\"><strong>Ruta<\/strong><\/a><\/p>\n<p>[\/vc_column_text][\/vc_column_inner][\/vc_row_inner][vc_empty_space height=\u00bb35px\u00bb]<\/div>[vc_row_inner][vc_column_inner][vc_column_text]<iframe loading=\"lazy\" style=\"width: 100%; height: 70vh; position: relative; border: 0;\" src=\"https:\/\/campmap.com\/frlyon\/\" width=\"100%\" height=\"70vh\"> <\/iframe>[\/vc_column_text][\/vc_column_inner][\/vc_row_inner][\/vc_column][\/vc_row][vc_row css=\u00bb.vc_custom_1515085139586{background-color: #e8e8e8 !important;}\u00bb][vc_column]<div class=\"wrappedcontent\">[vc_column_text]<\/p>\n<h3 style=\"text-align: center;\"><strong>\u00bfC\u00d3MO LLEGAR?<\/strong><\/h3>\n<p><strong>En tren:<\/strong> Estaci\u00f3n TGV \u2013 Lyon Perrache (11 km), Lyon Part-Dieu (15 km), Lyon Vaise (9 km)<br \/>\n<strong>En avi\u00f3n:<\/strong>\u00a0Aeropuerto Lyon Saint Exup\u00e9ry (44 km)<\/p>\n<p>Acceso por la autov\u00eda A6, salida Limonest\/Dardilly (viniendo desde el sur: salida 33.2\/viniendo desde el norte: salida 33).<br \/>\nTransportes p\u00fablicos a la entrada del camping.<br \/>\nF\u00e1cil acceso en la periferia de Lyon: 25 min de Bron y 30 min de Givors.[\/vc_column_text]<\/div>\n    <div id=\"map417688\" class=\"map\"><\/div>\n    <script type=\"text\/javascript\">\n        let iconType = L.icon({\n            iconUrl: baseDirectory + '\/img\/pin.png',\n            iconSize: [22, 48],\n            iconAnchor: [11, 46],\n            popupAnchor: [0, -46]\n        });\n        let map = L.map('map417688', {\n            center: L.latLng(45.818813, 4.762511),\n            zoom: 10.8,\n            layers: [L.tileLayer('https:\/\/cartodb-basemaps-b.global.ssl.fastly.net\/light_all\/{z}\/{x}\/{y}.png', {\n                attribution: '&copy; <a href=\"https:\/\/www.openstreetmap.org\/copyright\">OpenStreetMap<\/a>'\n            })],\n            zoomSnap: 0.2\n        });\n        setTimeout(map.invalidateSize.bind(map), 100);\n        let contentString = '<div id=\"content\">' +\n            '<div id=\"siteNotice\">' +\n            '<\/div>' +\n            '<h4 id=\"firstHeading\" class=\"firstHeading\">Camping de Lyon<\/h4>' +\n            '<div id=\"bodyContent\">' +\n            '<p>Porte de Lyon<\/p>' +\n            '<p>69570 DARDILLY<\/p>' +\n            '<\/div>' +\n            '<\/div>';\n        let marker = L.marker([45.818813, 4.762511], {icon: iconType}).addTo(map);\n        marker.bindPopup(contentString).openPopup();\n        let iwOuter = document.querySelector('.leaflet-popup-content-wrapper');\n        let iwArrow = document.querySelector('.leaflet-popup-tip');\n        iwOuter.style.backgroundColor = '#E84E1B';\n        iwArrow.style.backgroundColor = '#E84E1B';\n    <\/script>\n    <div class=\"wrappedcontent\">[vc_row_inner css=\u00bb.vc_custom_1515084882006{margin-bottom: -90px !important;}\u00bb][vc_column_inner width=\u00bb1\/4&#8243;][vc_column_text]<\/p>\n<p style=\"text-align: center;\"><span style=\"font-size: 10pt;\"> 4 estrellas<\/span><\/p>\n<p>[\/vc_column_text][vc_icon icon_fontawesome=\u00bbfa fa-star\u00bb color=\u00bbmulled_wine\u00bb size=\u00bbxs\u00bb align=\u00bbcenter\u00bb][\/vc_column_inner][vc_column_inner width=\u00bb1\/4&#8243;][vc_column_text]<\/p>\n<p style=\"text-align: center;\"><span style=\"font-size: 10pt;\">Superficie: 6\u00a0ha<\/span><\/p>\n<p>[\/vc_column_text][vc_icon type=\u00bbtypicons\u00bb icon_typicons=\u00bbtypcn typcn-leaf\u00bb color=\u00bbmulled_wine\u00bb size=\u00bbxs\u00bb align=\u00bbcenter\u00bb][\/vc_column_inner][vc_column_inner width=\u00bb1\/4&#8243;][vc_column_text]<\/p>\n<p style=\"text-align: center;\"><span style=\"font-size: 10pt;\">239 parcelas<\/span><\/p>\n<p>[\/vc_column_text][vc_icon type=\u00bbmaterial\u00bb icon_material=\u00bbvc-material vc-material-home\u00bb color=\u00bbmulled_wine\u00bb size=\u00bbxs\u00bb align=\u00bbcenter\u00bb][\/vc_column_inner][vc_column_inner width=\u00bb1\/4&#8243;][vc_column_text]<\/p>\n<p style=\"text-align: center;\"><span style=\"font-size: 10pt;\">Con acceso adaptado para personas con movilidad reducida.<\/span><\/p>\n<p>[\/vc_column_text][vc_icon icon_fontawesome=\u00bbfa fa-wheelchair\u00bb color=\u00bbmulled_wine\u00bb size=\u00bbxs\u00bb align=\u00bbcenter\u00bb][\/vc_column_inner][\/vc_row_inner]<\/div>[\/vc_column][\/vc_row][vc_row][vc_column]<div class=\"wrappedcontent\">[vc_row_inner css=\u00bb.vc_custom_1646040015689{margin-left: -0.5px !important;}\u00bb][vc_column_inner width=\u00bb1\/4&#8243;][vc_single_image image=\u00bb11126&#8243; img_size=\u00bb150&#215;150&#8243; alignment=\u00bbcenter\u00bb][\/vc_column_inner][vc_column_inner width=\u00bb1\/4&#8243;][vc_single_image image=\u00bb11087&#8243; img_size=\u00bb150&#215;150&#8243; alignment=\u00bbcenter\u00bb][\/vc_column_inner][vc_column_inner width=\u00bb1\/4&#8243;][vc_single_image image=\u00bb11099&#8243; img_size=\u00bb150&#215;150&#8243; alignment=\u00bbcenter\u00bb][\/vc_column_inner][vc_column_inner width=\u00bb1\/4&#8243;][vc_single_image image=\u00bb11093&#8243; img_size=\u00bb150&#215;150&#8243; alignment=\u00bbcenter\u00bb][\/vc_column_inner][\/vc_row_inner]<\/div>[\/vc_column][\/vc_row]<\/p>\n<\/div>","protected":false},"excerpt":{"rendered":"<p>[vc_row css=\u00bb.vc_custom_1775826483883{background-color: #E84E1B33 !important;}\u00bb][vc_column][\/vc_column][\/vc_row][vc_row][vc_column][vc_row_inner][vc_column_inner][vc_column_text] [\/vc_column_text][\/vc_column_inner][\/vc_row_inner][\/vc_column][\/vc_row][vc_row css=\u00bb.vc_custom_1515085139586{background-color: #e8e8e8 !important;}\u00bb][vc_column][\/vc_column][\/vc_row][vc_row][vc_column][\/vc_column][\/vc_row]<\/p>\n","protected":false},"author":1,"featured_media":0,"parent":0,"menu_order":0,"comment_status":"closed","ping_status":"closed","template":"templates\/page-home.php","meta":{"footnotes":""},"class_list":["post-69","page","type-page","status-publish","hentry"],"yoast_head":"<!-- This site is optimized with the Yoast SEO plugin v25.6 - https:\/\/yoast.com\/wordpress\/plugins\/seo\/ -->\n<title>Camping de Lyon - Al\u00f3jate en un parque natural<\/title>\n<meta name=\"description\" content=\"Campamento durante todo el a\u00f1o en un \u00e1rea de 6 hect\u00e1reas, ideal para visitar Lyon y Beaujolais.\" \/>\n<meta name=\"robots\" content=\"index, follow, max-snippet:-1, max-image-preview:large, max-video-preview:-1\" \/>\n<link rel=\"canonical\" href=\"https:\/\/www.camping-lyon.com\/es\/\" \/>\n<meta property=\"og:locale\" content=\"es_ES\" \/>\n<meta property=\"og:type\" content=\"article\" \/>\n<meta property=\"og:title\" content=\"Camping de Lyon - Al\u00f3jate en un parque natural\" \/>\n<meta property=\"og:description\" content=\"Campamento durante todo el a\u00f1o en un \u00e1rea de 6 hect\u00e1reas, ideal para visitar Lyon y Beaujolais.\" \/>\n<meta property=\"og:url\" content=\"https:\/\/www.camping-lyon.com\/es\/\" \/>\n<meta property=\"og:site_name\" content=\"Camping de Lyon\" \/>\n<meta property=\"article:modified_time\" content=\"2026-04-10T13:16:40+00:00\" \/>\n<meta property=\"og:image\" content=\"https:\/\/www.camping-lyon.com\/uploads\/sites\/3\/2023\/05\/citykamp-camping-lyon-header-desktop-centre-de-vie.jpg\" \/>\n\t<meta property=\"og:image:width\" content=\"1440\" \/>\n\t<meta property=\"og:image:height\" content=\"908\" \/>\n\t<meta property=\"og:image:type\" content=\"image\/jpeg\" \/>\n<meta name=\"twitter:card\" content=\"summary_large_image\" \/>\n<meta name=\"twitter:label1\" content=\"Est. reading time\" \/>\n\t<meta name=\"twitter:data1\" content=\"4 minutos\" \/>\n<script type=\"application\/ld+json\" class=\"yoast-schema-graph\">{\"@context\":\"https:\/\/schema.org\",\"@graph\":[{\"@type\":\"WebPage\",\"@id\":\"https:\/\/www.camping-lyon.com\/es\/\",\"url\":\"https:\/\/www.camping-lyon.com\/es\/\",\"name\":\"Camping de Lyon - Al\u00f3jate en un parque natural\",\"isPartOf\":{\"@id\":\"https:\/\/www.camping-lyon.com\/es\/#website\"},\"datePublished\":\"2018-01-04T16:29:18+00:00\",\"dateModified\":\"2026-04-10T13:16:40+00:00\",\"description\":\"Campamento durante todo el a\u00f1o en un \u00e1rea de 6 hect\u00e1reas, ideal para visitar Lyon y Beaujolais.\",\"breadcrumb\":{\"@id\":\"https:\/\/www.camping-lyon.com\/es\/#breadcrumb\"},\"inLanguage\":\"es\",\"potentialAction\":[{\"@type\":\"ReadAction\",\"target\":[\"https:\/\/www.camping-lyon.com\/es\/\"]}]},{\"@type\":\"BreadcrumbList\",\"@id\":\"https:\/\/www.camping-lyon.com\/es\/#breadcrumb\",\"itemListElement\":[{\"@type\":\"ListItem\",\"position\":1,\"name\":\"Accueil\",\"item\":\"https:\/\/www.camping-lyon.com\/es\/\"},{\"@type\":\"ListItem\",\"position\":2,\"name\":\"Home\"}]},{\"@type\":\"WebSite\",\"@id\":\"https:\/\/www.camping-lyon.com\/es\/#website\",\"url\":\"https:\/\/www.camping-lyon.com\/es\/\",\"name\":\"Camping de Lyon\",\"description\":\"Un site utilisant Citykamp\",\"potentialAction\":[{\"@type\":\"SearchAction\",\"target\":{\"@type\":\"EntryPoint\",\"urlTemplate\":\"https:\/\/www.camping-lyon.com\/es\/?s={search_term_string}\"},\"query-input\":{\"@type\":\"PropertyValueSpecification\",\"valueRequired\":true,\"valueName\":\"search_term_string\"}}],\"inLanguage\":\"es\"}]}<\/script>\n<!-- \/ Yoast SEO plugin. -->","yoast_head_json":{"title":"Camping de Lyon - Al\u00f3jate en un parque natural","description":"Campamento durante todo el a\u00f1o en un \u00e1rea de 6 hect\u00e1reas, ideal para visitar Lyon y Beaujolais.","robots":{"index":"index","follow":"follow","max-snippet":"max-snippet:-1","max-image-preview":"max-image-preview:large","max-video-preview":"max-video-preview:-1"},"canonical":"https:\/\/www.camping-lyon.com\/es\/","og_locale":"es_ES","og_type":"article","og_title":"Camping de Lyon - Al\u00f3jate en un parque natural","og_description":"Campamento durante todo el a\u00f1o en un \u00e1rea de 6 hect\u00e1reas, ideal para visitar Lyon y Beaujolais.","og_url":"https:\/\/www.camping-lyon.com\/es\/","og_site_name":"Camping de Lyon","article_modified_time":"2026-04-10T13:16:40+00:00","og_image":[{"width":1440,"height":908,"url":"https:\/\/www.camping-lyon.com\/uploads\/sites\/3\/2023\/05\/citykamp-camping-lyon-header-desktop-centre-de-vie.jpg","type":"image\/jpeg"}],"twitter_card":"summary_large_image","twitter_misc":{"Est. reading time":"4 minutos"},"schema":{"@context":"https:\/\/schema.org","@graph":[{"@type":"WebPage","@id":"https:\/\/www.camping-lyon.com\/es\/","url":"https:\/\/www.camping-lyon.com\/es\/","name":"Camping de Lyon - Al\u00f3jate en un parque natural","isPartOf":{"@id":"https:\/\/www.camping-lyon.com\/es\/#website"},"datePublished":"2018-01-04T16:29:18+00:00","dateModified":"2026-04-10T13:16:40+00:00","description":"Campamento durante todo el a\u00f1o en un \u00e1rea de 6 hect\u00e1reas, ideal para visitar Lyon y Beaujolais.","breadcrumb":{"@id":"https:\/\/www.camping-lyon.com\/es\/#breadcrumb"},"inLanguage":"es","potentialAction":[{"@type":"ReadAction","target":["https:\/\/www.camping-lyon.com\/es\/"]}]},{"@type":"BreadcrumbList","@id":"https:\/\/www.camping-lyon.com\/es\/#breadcrumb","itemListElement":[{"@type":"ListItem","position":1,"name":"Accueil","item":"https:\/\/www.camping-lyon.com\/es\/"},{"@type":"ListItem","position":2,"name":"Home"}]},{"@type":"WebSite","@id":"https:\/\/www.camping-lyon.com\/es\/#website","url":"https:\/\/www.camping-lyon.com\/es\/","name":"Camping de Lyon","description":"Un site utilisant Citykamp","potentialAction":[{"@type":"SearchAction","target":{"@type":"EntryPoint","urlTemplate":"https:\/\/www.camping-lyon.com\/es\/?s={search_term_string}"},"query-input":{"@type":"PropertyValueSpecification","valueRequired":true,"valueName":"search_term_string"}}],"inLanguage":"es"}]}},"_links":{"self":[{"href":"https:\/\/www.camping-lyon.com\/es\/wp-json\/wp\/v2\/pages\/69","targetHints":{"allow":["GET"]}}],"collection":[{"href":"https:\/\/www.camping-lyon.com\/es\/wp-json\/wp\/v2\/pages"}],"about":[{"href":"https:\/\/www.camping-lyon.com\/es\/wp-json\/wp\/v2\/types\/page"}],"author":[{"embeddable":true,"href":"https:\/\/www.camping-lyon.com\/es\/wp-json\/wp\/v2\/users\/1"}],"replies":[{"embeddable":true,"href":"https:\/\/www.camping-lyon.com\/es\/wp-json\/wp\/v2\/comments?post=69"}],"version-history":[{"count":8,"href":"https:\/\/www.camping-lyon.com\/es\/wp-json\/wp\/v2\/pages\/69\/revisions"}],"predecessor-version":[{"id":13495,"href":"https:\/\/www.camping-lyon.com\/es\/wp-json\/wp\/v2\/pages\/69\/revisions\/13495"}],"wp:attachment":[{"href":"https:\/\/www.camping-lyon.com\/es\/wp-json\/wp\/v2\/media?parent=69"}],"curies":[{"name":"wp","href":"https:\/\/api.w.org\/{rel}","templated":true}]}}