{"id":85,"date":"2018-01-04T17:31:38","date_gmt":"2018-01-04T16:31:38","guid":{"rendered":"http:\/\/www.citykamp.com\/lyon\/es\/activites-services\/"},"modified":"2025-03-10T14:21:42","modified_gmt":"2025-03-10T13:21:42","slug":"actividades-servicios","status":"publish","type":"page","link":"https:\/\/www.camping-lyon.com\/es\/actividades-servicios\/","title":{"rendered":"ACTIVIDADES \/ SERVICIOS"},"content":{"rendered":"<div class=\"wpb-content-wrapper\"><p>[vc_row][vc_column][vc_single_image image=\u00bb12285&#8243; img_size=\u00bb1900&#215;500&#8243; alignment=\u00bbcenter\u00bb][\/vc_column][\/vc_row][vc_row][vc_column]<div class=\"wrappedcontent\">[vc_empty_space height=\u00bb30px\u00bb][vc_column_text]<span style=\"font-size: 14pt;\"><strong>En el camping, descanso y ocio<\/strong><\/span>[\/vc_column_text][vc_empty_space height=\u00bb30px\u00bb][vc_row_inner equal_height=\u00bbyes\u00bb gap=\u00bb35&#8243; css=\u00bb.vc_custom_1652105921913{margin-left: -0.5px !important;}\u00bb][vc_column_inner width=\u00bb1\/3&#8243;][vc_masonry_media_grid element_width=\u00bb12&#8243; gap=\u00bb0&#8243; grid_id=\u00bbvc_gid:1741612912602-1c7ede26-4671-1&#8243; include=\u00bb11251&#8243;][vc_empty_space height=\u00bb15px\u00bb][vc_column_text css=\u00bb\u00bb]<span style=\"color: #e94e1b;\"><strong>Bonita piscina climatizada<\/strong><\/span><br \/>\nPara disfrutar del sol y relajarte despu\u00e9s de un largo d\u00eda en la ciudad. Tumbonas y sombrillas a tu disposici\u00f3n y una piscina infantil para los m\u00e1s peques. (del 28\/04 al 28\/09)[\/vc_column_text][\/vc_column_inner][vc_column_inner width=\u00bb1\/3&#8243;][vc_masonry_media_grid element_width=\u00bb12&#8243; gap=\u00bb0&#8243; grid_id=\u00bbvc_gid:1741612912606-976a90b3-46ac-4&#8243; include=\u00bb11257&#8243;][vc_empty_space height=\u00bb15px\u00bb][vc_column_text]<span style=\"color: #e94e1b;\"><strong>Ping-pong, petanca, zona de juegos<\/strong><\/span><br \/>\n\u00a1Para reunirte en familia o con amigos![\/vc_column_text][\/vc_column_inner][vc_column_inner width=\u00bb1\/3&#8243;][vc_masonry_media_grid element_width=\u00bb12&#8243; gap=\u00bb0&#8243; grid_id=\u00bbvc_gid:1741612912607-7c9986b7-8fa8-10&#8243; include=\u00bb11263&#8243;][vc_empty_space height=\u00bb15px\u00bb][vc_column_text]<span style=\"color: #e94e1b;\"><strong>Actividades cerca del camping<\/strong><\/span><br \/>\nPista de tenis (400 m), golf (4 km), equitaci\u00f3n (6 km)\u2026 \u00a1Sin olvidar la imprescindible visita de la ciudad de Lyon![\/vc_column_text][\/vc_column_inner][\/vc_row_inner][vc_empty_space height=\u00bb30px\u00bb][vc_empty_space height=\u00bb30px\u00bb][vc_column_text]<\/p>\n<h4 style=\"text-align: center;\"><span style=\"color: #333333;\">\u2014<\/span> Encontrar\u00e1s en el Camping de Lyon <span style=\"color: #333333;\">\u2014<\/span><\/h4>\n<p>[\/vc_column_text][vc_empty_space height=\u00bb30px\u00bb][vc_row_inner equal_height=\u00bbyes\u00bb gap=\u00bb35&#8243; css=\u00bb.vc_custom_1652105921913{margin-left: -0.5px !important;}\u00bb][vc_column_inner width=\u00bb1\/3&#8243;][vc_masonry_media_grid element_width=\u00bb12&#8243; gap=\u00bb0&#8243; grid_id=\u00bbvc_gid:1741612912608-70b5ee4f-34eb-10&#8243; include=\u00bb11269&#8243;][vc_empty_space height=\u00bb15px\u00bb][vc_column_text]<span style=\"color: #e94e1b;\"><strong>Una recepti\u00f3n acogedora<\/strong><\/span><br \/>\nCon toda la informaci\u00f3n necesaria para el buen desarrollo de su estancia: somos un Punto de Informaci\u00f3n de la Oficina de Turismo de Lyon.[\/vc_column_text][\/vc_column_inner][vc_column_inner width=\u00bb1\/3&#8243;][vc_masonry_media_grid element_width=\u00bb12&#8243; gap=\u00bb0&#8243; grid_id=\u00bbvc_gid:1741612912610-f6452306-bb64-10&#8243; include=\u00bb11275&#8243;][vc_empty_space height=\u00bb15px\u00bb][vc_column_text css=\u00bb\u00bb]<span style=\"color: #e94e1b;\"><strong>Un caf\u00e9-restaurante<\/strong><\/span><br \/>\nVen a relajarte tomando algo en la terraza o disfruta de una pizza casera en familia. El restaurante permanecer\u00e1 cerrado desde el 30\/09\/2024 hasta el puente de mayo de 2025. Abierto: todas las tardes en verano y durante las vacaciones de mayo. 6 d\u00edas a la semana por las tardes en mayo, junio, septiembre y octubre y durante las vacaciones de primavera y oto\u00f1o.[\/vc_column_text][\/vc_column_inner][vc_column_inner width=\u00bb1\/3&#8243;][vc_masonry_media_grid element_width=\u00bb12&#8243; gap=\u00bb0&#8243; grid_id=\u00bbvc_gid:1741612912613-4cfc0b7d-7865-3&#8243; include=\u00bb11281&#8243;][vc_empty_space height=\u00bb15px\u00bb][vc_column_text]<span style=\"color: #e94e1b;\"><strong>Un centro social acogedor<\/strong><\/span><br \/>\nAbierto durante toda la estaci\u00f3n, donde siempre podr\u00e1s tomar un caf\u00e9, leer un libro sobre la zona, jugar una partida de juego de mesa, ver la televisi\u00f3n\u2026<br \/>\nGratis Wifi;[\/vc_column_text][\/vc_column_inner][\/vc_row_inner][vc_empty_space height=\u00bb30px\u00bb][vc_row_inner equal_height=\u00bbyes\u00bb gap=\u00bb35&#8243; css=\u00bb.vc_custom_1652105921913{margin-left: -0.5px !important;}\u00bb][vc_column_inner width=\u00bb1\/3&#8243;][vc_masonry_media_grid element_width=\u00bb12&#8243; gap=\u00bb0&#8243; grid_id=\u00bbvc_gid:1741612912616-bf35942f-5f48-4&#8243; include=\u00bb12217&#8243;][vc_empty_space height=\u00bb15px\u00bb][vc_column_text]<span style=\"color: #e94e1b;\"><strong>Pan y bolleria todas las ma\u00f1anas<\/strong><\/span><br \/>\nA la orden, \u00a1para un verdadero desayuno!<br \/>\nHay un rinc\u00f3n de comestibles con productos de emergencia.[\/vc_column_text][\/vc_column_inner][vc_column_inner width=\u00bb1\/3&#8243;][vc_masonry_media_grid element_width=\u00bb12&#8243; gap=\u00bb0&#8243; grid_id=\u00bbvc_gid:1741612912618-89704767-98f7-0&#8243; include=\u00bb12292&#8243;][vc_empty_space height=\u00bb15px\u00bb][vc_column_text css=\u00bb\u00bb]<span style=\"color: #e94e1b;\"><strong>Un servicio de alquiler<\/strong><\/span><br \/>\nSeg\u00fan disponibilidad.<br \/>\nAlquiler de bicicletas el\u00e9ctricas<br \/>\nAlquiler de barbacoas, utensilios para raclette y cr\u00eapes-party, kit beb\u00e9 (trona y cuna).<br \/>\nUna zona de lavander\u00eda con lavadora (fichas a la venta en recepci\u00f3n).<br \/>\nUna zona de servicio para autocaravanas (gratuita con su parcela).[\/vc_column_text][\/vc_column_inner][vc_column_inner width=\u00bb1\/3&#8243;][vc_masonry_media_grid element_width=\u00bb12&#8243; gap=\u00bb0&#8243; grid_id=\u00bbvc_gid:1741612912622-8acd0542-0d11-0&#8243; include=\u00bb11299&#8243;][vc_empty_space height=\u00bb15px\u00bb][vc_column_text]<span style=\"color: #e94e1b;\"><strong>Servicios pr\u00e1cticos cerca del camping<\/strong><\/span><br \/>\nParada de autob\u00fas para visitar Lyon a 50 m<br \/>\nBanco a 50 m<br \/>\nSupermercado a 500 m[\/vc_column_text][\/vc_column_inner][\/vc_row_inner][vc_empty_space height=\u00bb60px\u00bb][vc_row_inner][vc_column_inner width=\u00bb1\/6&#8243;][vc_icon type=\u00bbmaterial\u00bb icon_material=\u00bbvc-material vc-material-home\u00bb color=\u00bbcustom\u00bb size=\u00bblg\u00bb align=\u00bbcenter\u00bb custom_color=\u00bb#e84e1b\u00bb][\/vc_column_inner][vc_column_inner width=\u00bb1\/6&#8243;][vc_icon type=\u00bbmaterial\u00bb icon_material=\u00bbvc-material vc-material-wifi\u00bb color=\u00bbcustom\u00bb size=\u00bblg\u00bb align=\u00bbcenter\u00bb custom_color=\u00bb#e84e1b\u00bb][\/vc_column_inner][vc_column_inner width=\u00bb1\/6&#8243;][vc_icon type=\u00bbmaterial\u00bb icon_material=\u00bbvc-material vc-material-pool\u00bb color=\u00bbcustom\u00bb size=\u00bblg\u00bb align=\u00bbcenter\u00bb custom_color=\u00bb#e84e1b\u00bb][\/vc_column_inner][vc_column_inner width=\u00bb1\/6&#8243;][vc_icon type=\u00bbtypicons\u00bb icon_typicons=\u00bbtypcn typcn-leaf\u00bb color=\u00bbcustom\u00bb size=\u00bblg\u00bb align=\u00bbcenter\u00bb custom_color=\u00bb#e84e1b\u00bb][\/vc_column_inner][vc_column_inner width=\u00bb1\/6&#8243;][vc_icon type=\u00bbmaterial\u00bb icon_material=\u00bbvc-material vc-material-restaurant\u00bb color=\u00bbcustom\u00bb size=\u00bblg\u00bb align=\u00bbcenter\u00bb custom_color=\u00bb#e84e1b\u00bb][\/vc_column_inner][vc_column_inner width=\u00bb1\/6&#8243;][vc_icon type=\u00bbmaterial\u00bb icon_material=\u00bbvc-material vc-material-local_bar\u00bb color=\u00bbcustom\u00bb size=\u00bblg\u00bb align=\u00bbcenter\u00bb custom_color=\u00bb#e84e1b\u00bb][\/vc_column_inner][\/vc_row_inner][vc_empty_space height=\u00bb40px\u00bb][vc_row_inner equal_height=\u00bbyes\u00bb content_placement=\u00bbmiddle\u00bb gap=\u00bb20&#8243; css=\u00bb.vc_custom_1524658721266{margin-left: -0.5px !important;}\u00bb][vc_column_inner width=\u00bb1\/3&#8243; css=\u00bb.vc_custom_1524667083074{background-color: #e8e8e8 !important;}\u00bb][vc_icon icon_fontawesome=\u00bbfar fa-map\u00bb color=\u00bbcustom\u00bb size=\u00bblg\u00bb align=\u00bbcenter\u00bb css=\u00bb.vc_custom_1675951675577{margin-bottom: -10px !important;padding-top: 15px !important;}\u00bb custom_color=\u00bb#e84e1b\u00bb link=\u00bburl:https%3A%2F%2Fmedia.huttopia.com%2Fdestinations%2Flyon%2Fplan-camping-citykamp-lyon.pdf|target:_blank\u00bb][vc_column_text css=\u00bb.vc_custom_1675951682195{padding-top: 25px !important;padding-right: 15px !important;padding-bottom: 15px !important;padding-left: 15px !important;}\u00bb]<\/p>\n<p style=\"text-align: center;\"><a href=\"https:\/\/media.huttopia.com\/destinations\/lyon\/plan-camping-citykamp-lyon.pdf\" target=\"_blank\" rel=\"noopener noreferrer\"><strong>Plano del camping<\/strong><\/a><\/p>\n<p>[\/vc_column_text][\/vc_column_inner][vc_column_inner width=\u00bb1\/3&#8243; css=\u00bb.vc_custom_1524667091667{background-color: #e8e8e8 !important;}\u00bb][vc_icon icon_fontawesome=\u00bbfar fa-calendar-check\u00bb color=\u00bbcustom\u00bb size=\u00bblg\u00bb align=\u00bbcenter\u00bb css=\u00bb.vc_custom_1652188684604{margin-bottom: -10px !important;padding-top: 15px !important;}\u00bb custom_color=\u00bb#e84e1b\u00bb link=\u00bburl:http%3A%2F%2Fcheckout.citykamp.com%2Fsite%2Fes%2F7|target:_blank\u00bb][vc_column_text css=\u00bb.vc_custom_1652188668281{padding-top: 25px !important;padding-right: 15px !important;padding-bottom: 15px !important;padding-left: 15px !important;}\u00bb]<\/p>\n<p style=\"text-align: center;\"><a href=\"http:\/\/checkout.citykamp.com\/site\/es\/7\"><strong>Reserva tu estancia<\/strong><\/a><\/p>\n<p>[\/vc_column_text][\/vc_column_inner][vc_column_inner width=\u00bb1\/3&#8243; css=\u00bb.vc_custom_1524668568121{background-color: #e8e8e8 !important;}\u00bb][vc_icon icon_fontawesome=\u00bbfa fa-map-marker\u00bb color=\u00bbcustom\u00bb size=\u00bblg\u00bb align=\u00bbcenter\u00bb css=\u00bb.vc_custom_1524654636610{margin-bottom: -10px !important;padding-top: 15px !important;}\u00bb custom_color=\u00bb#e84e1b\u00bb link=\u00bburl:https%3A%2F%2Fgoo.gl%2Fmaps%2FHE8uVSAqvh52||target:%20_blank|\u00bb][vc_column_text css=\u00bb.vc_custom_1652188719425{padding-top: 25px !important;padding-right: 15px !important;padding-bottom: 15px !important;padding-left: 15px !important;}\u00bb]<\/p>\n<p style=\"text-align: center;\"><a href=\"https:\/\/goo.gl\/maps\/HE8uVSAqvh52\"><strong>Ruta<\/strong><\/a><\/p>\n<p>[\/vc_column_text][\/vc_column_inner][\/vc_row_inner]<\/div>[\/vc_column][\/vc_row][vc_row css=\u00bb.vc_custom_1524668593898{background-color: #e8e8e8 !important;}\u00bb][vc_column css=\u00bb.vc_custom_1524658156681{margin-top: -30px !important;margin-bottom: -30px !important;}\u00bb]<div class=\"wrappedcontent\">[vc_column_text]<\/p>\n<h4>Fotos de las parcelas del Camping de Lyon<\/h4>\n<p>[\/vc_column_text][vc_empty_space height=\u00bb18px\u00bb][vc_masonry_media_grid style=\u00bbload-more\u00bb items_per_page=\u00bb4&#8243; element_width=\u00bb3&#8243; gap=\u00bb10&#8243; item=\u00bb1083&#8243; btn_title=\u00bbVER MAS\u00bb btn_style=\u00bbmodern\u00bb btn_shape=\u00bbsquare\u00bb btn_color=\u00bbdefault\u00bb btn_size=\u00bbxs\u00bb btn_i_icon_fontawesome=\u00bbfas fa-camera\u00bb btn_add_icon=\u00bbtrue\u00bb grid_id=\u00bbvc_gid:1741612912627-c9166de3-cef5-0&#8243; include=\u00bb11305,11311,11317,11323,11329,11335,11341,11347,11353,11359,11365,11371,11377,11383,11389,11395,12308,12326,12320,12314&#8243;]<\/div>[\/vc_column][\/vc_row]<\/p>\n<\/div>","protected":false},"excerpt":{"rendered":"<p>[vc_row][vc_column][vc_single_image image=\u00bb12285&#8243; img_size=\u00bb1900&#215;500&#8243; alignment=\u00bbcenter\u00bb][\/vc_column][\/vc_row][vc_row][vc_column][\/vc_column][\/vc_row][vc_row css=\u00bb.vc_custom_1524668593898{background-color: #e8e8e8 !important;}\u00bb][vc_column css=\u00bb.vc_custom_1524658156681{margin-top: -30px !important;margin-bottom: -30px !important;}\u00bb][\/vc_column][\/vc_row]<\/p>\n","protected":false},"author":1,"featured_media":0,"parent":0,"menu_order":0,"comment_status":"closed","ping_status":"closed","template":"","meta":{"footnotes":""},"class_list":["post-85","page","type-page","status-publish","hentry"],"yoast_head":"<!-- This site is optimized with the Yoast SEO plugin v25.6 - https:\/\/yoast.com\/wordpress\/plugins\/seo\/ -->\n<title>Actividades y servicios - Camping de Lyon<\/title>\n<meta name=\"description\" content=\"Descubra los numerosos servicios y actividades que se ofrecen en el Camping de Lyon para una estancia entre la relajaci\u00f3n y el ocio.\" \/>\n<meta name=\"robots\" content=\"index, follow, max-snippet:-1, max-image-preview:large, max-video-preview:-1\" \/>\n<link rel=\"canonical\" href=\"https:\/\/www.camping-lyon.com\/es\/actividades-servicios\/\" \/>\n<meta property=\"og:locale\" content=\"es_ES\" \/>\n<meta property=\"og:type\" content=\"article\" \/>\n<meta property=\"og:title\" content=\"Actividades y servicios - Camping de Lyon\" \/>\n<meta property=\"og:description\" content=\"Descubra los numerosos servicios y actividades que se ofrecen en el Camping de Lyon para una estancia entre la relajaci\u00f3n y el ocio.\" \/>\n<meta property=\"og:url\" content=\"https:\/\/www.camping-lyon.com\/es\/actividades-servicios\/\" \/>\n<meta property=\"og:site_name\" content=\"Camping de Lyon\" \/>\n<meta property=\"article:modified_time\" content=\"2025-03-10T13:21:42+00:00\" \/>\n<meta name=\"twitter:card\" content=\"summary_large_image\" \/>\n<meta name=\"twitter:label1\" content=\"Est. reading time\" \/>\n\t<meta name=\"twitter:data1\" content=\"3 minutos\" \/>\n<script type=\"application\/ld+json\" class=\"yoast-schema-graph\">{\"@context\":\"https:\/\/schema.org\",\"@graph\":[{\"@type\":\"WebPage\",\"@id\":\"https:\/\/www.camping-lyon.com\/es\/actividades-servicios\/\",\"url\":\"https:\/\/www.camping-lyon.com\/es\/actividades-servicios\/\",\"name\":\"Actividades y servicios - Camping de Lyon\",\"isPartOf\":{\"@id\":\"https:\/\/www.camping-lyon.com\/es\/#website\"},\"datePublished\":\"2018-01-04T16:31:38+00:00\",\"dateModified\":\"2025-03-10T13:21:42+00:00\",\"description\":\"Descubra los numerosos servicios y actividades que se ofrecen en el Camping de Lyon para una estancia entre la relajaci\u00f3n y el ocio.\",\"breadcrumb\":{\"@id\":\"https:\/\/www.camping-lyon.com\/es\/actividades-servicios\/#breadcrumb\"},\"inLanguage\":\"es\",\"potentialAction\":[{\"@type\":\"ReadAction\",\"target\":[\"https:\/\/www.camping-lyon.com\/es\/actividades-servicios\/\"]}]},{\"@type\":\"BreadcrumbList\",\"@id\":\"https:\/\/www.camping-lyon.com\/es\/actividades-servicios\/#breadcrumb\",\"itemListElement\":[{\"@type\":\"ListItem\",\"position\":1,\"name\":\"Accueil\",\"item\":\"https:\/\/www.camping-lyon.com\/es\/\"},{\"@type\":\"ListItem\",\"position\":2,\"name\":\"ACTIVIDADES \/ SERVICIOS\"}]},{\"@type\":\"WebSite\",\"@id\":\"https:\/\/www.camping-lyon.com\/es\/#website\",\"url\":\"https:\/\/www.camping-lyon.com\/es\/\",\"name\":\"Camping de Lyon\",\"description\":\"Un site utilisant Citykamp\",\"potentialAction\":[{\"@type\":\"SearchAction\",\"target\":{\"@type\":\"EntryPoint\",\"urlTemplate\":\"https:\/\/www.camping-lyon.com\/es\/?s={search_term_string}\"},\"query-input\":{\"@type\":\"PropertyValueSpecification\",\"valueRequired\":true,\"valueName\":\"search_term_string\"}}],\"inLanguage\":\"es\"}]}<\/script>\n<!-- \/ Yoast SEO plugin. -->","yoast_head_json":{"title":"Actividades y servicios - Camping de Lyon","description":"Descubra los numerosos servicios y actividades que se ofrecen en el Camping de Lyon para una estancia entre la relajaci\u00f3n y el ocio.","robots":{"index":"index","follow":"follow","max-snippet":"max-snippet:-1","max-image-preview":"max-image-preview:large","max-video-preview":"max-video-preview:-1"},"canonical":"https:\/\/www.camping-lyon.com\/es\/actividades-servicios\/","og_locale":"es_ES","og_type":"article","og_title":"Actividades y servicios - Camping de Lyon","og_description":"Descubra los numerosos servicios y actividades que se ofrecen en el Camping de Lyon para una estancia entre la relajaci\u00f3n y el ocio.","og_url":"https:\/\/www.camping-lyon.com\/es\/actividades-servicios\/","og_site_name":"Camping de Lyon","article_modified_time":"2025-03-10T13:21:42+00:00","twitter_card":"summary_large_image","twitter_misc":{"Est. reading time":"3 minutos"},"schema":{"@context":"https:\/\/schema.org","@graph":[{"@type":"WebPage","@id":"https:\/\/www.camping-lyon.com\/es\/actividades-servicios\/","url":"https:\/\/www.camping-lyon.com\/es\/actividades-servicios\/","name":"Actividades y servicios - Camping de Lyon","isPartOf":{"@id":"https:\/\/www.camping-lyon.com\/es\/#website"},"datePublished":"2018-01-04T16:31:38+00:00","dateModified":"2025-03-10T13:21:42+00:00","description":"Descubra los numerosos servicios y actividades que se ofrecen en el Camping de Lyon para una estancia entre la relajaci\u00f3n y el ocio.","breadcrumb":{"@id":"https:\/\/www.camping-lyon.com\/es\/actividades-servicios\/#breadcrumb"},"inLanguage":"es","potentialAction":[{"@type":"ReadAction","target":["https:\/\/www.camping-lyon.com\/es\/actividades-servicios\/"]}]},{"@type":"BreadcrumbList","@id":"https:\/\/www.camping-lyon.com\/es\/actividades-servicios\/#breadcrumb","itemListElement":[{"@type":"ListItem","position":1,"name":"Accueil","item":"https:\/\/www.camping-lyon.com\/es\/"},{"@type":"ListItem","position":2,"name":"ACTIVIDADES \/ SERVICIOS"}]},{"@type":"WebSite","@id":"https:\/\/www.camping-lyon.com\/es\/#website","url":"https:\/\/www.camping-lyon.com\/es\/","name":"Camping de Lyon","description":"Un site utilisant Citykamp","potentialAction":[{"@type":"SearchAction","target":{"@type":"EntryPoint","urlTemplate":"https:\/\/www.camping-lyon.com\/es\/?s={search_term_string}"},"query-input":{"@type":"PropertyValueSpecification","valueRequired":true,"valueName":"search_term_string"}}],"inLanguage":"es"}]}},"_links":{"self":[{"href":"https:\/\/www.camping-lyon.com\/es\/wp-json\/wp\/v2\/pages\/85","targetHints":{"allow":["GET"]}}],"collection":[{"href":"https:\/\/www.camping-lyon.com\/es\/wp-json\/wp\/v2\/pages"}],"about":[{"href":"https:\/\/www.camping-lyon.com\/es\/wp-json\/wp\/v2\/types\/page"}],"author":[{"embeddable":true,"href":"https:\/\/www.camping-lyon.com\/es\/wp-json\/wp\/v2\/users\/1"}],"replies":[{"embeddable":true,"href":"https:\/\/www.camping-lyon.com\/es\/wp-json\/wp\/v2\/comments?post=85"}],"version-history":[{"count":5,"href":"https:\/\/www.camping-lyon.com\/es\/wp-json\/wp\/v2\/pages\/85\/revisions"}],"predecessor-version":[{"id":13286,"href":"https:\/\/www.camping-lyon.com\/es\/wp-json\/wp\/v2\/pages\/85\/revisions\/13286"}],"wp:attachment":[{"href":"https:\/\/www.camping-lyon.com\/es\/wp-json\/wp\/v2\/media?parent=85"}],"curies":[{"name":"wp","href":"https:\/\/api.w.org\/{rel}","templated":true}]}}