{"id":90,"date":"2018-01-04T17:29:32","date_gmt":"2018-01-04T16:29:32","guid":{"rendered":"http:\/\/www.citykamp.com\/lyon\/es\/emplacements\/"},"modified":"2024-03-27T09:21:34","modified_gmt":"2024-03-27T08:21:34","slug":"parcelas","status":"publish","type":"page","link":"https:\/\/www.camping-lyon.com\/es\/parcelas\/","title":{"rendered":"Parcelas"},"content":{"rendered":"<div class=\"wpb-content-wrapper\"><p>[vc_row][vc_column][vc_single_image image=\u00bb12338&#8243; img_size=\u00bb1900&#215;500&#8243; alignment=\u00bbcenter\u00bb][\/vc_column][\/vc_row][vc_row][vc_column]<div class=\"wrappedcontent\">[vc_column_text]<\/p>\n<h3><span style=\"color: #333333;\">Durante todo el a\u00f1o podra disfrutar de nuestras grandes parcelas arboladas y de facil acceso\u2026<\/span><\/h3>\n<p>[\/vc_column_text][vc_empty_space height=\u00bb35px\u00bb][vc_column_text]<\/p>\n<p style=\"text-align: left;\">El Camping de Lyon pone a tu disposici\u00f3n durante todo el a\u00f1o 6 hect\u00e1reas repartidas en 239 magn\u00edficas parcelas arboladas.<\/p>\n<p>[\/vc_column_text][vc_empty_space][vc_row_inner equal_height=\u00bbyes\u00bb gap=\u00bb35&#8243; css=\u00bb.vc_custom_1651482464755{margin-left: -0.5px !important;}\u00bb][vc_column_inner width=\u00bb1\/3&#8243;][vc_masonry_media_grid element_width=\u00bb12&#8243; gap=\u00bb0&#8243; grid_id=\u00bbvc_gid:1711527635759-47902835-44ac-2&#8243; include=\u00bb12344&#8243;][vc_empty_space height=\u00bb15px\u00bb][vc_column_text]<span style=\"font-size: 14pt; color: #e94e1b;\"><strong>El camping<\/strong><\/span><br \/>\nLas parcelas tienen un f\u00e1cil acceso. Aceptamos tiendas, caravanas y autocaravanas durante todo el a\u00f1o.<br \/>\nServicios tambi\u00e9n disponibles en alquiler previa reserva y sujeto a disponibilidad: barbacoas\u2026[\/vc_column_text][\/vc_column_inner][vc_column_inner width=\u00bb1\/3&#8243;][vc_masonry_media_grid element_width=\u00bb12&#8243; gap=\u00bb0&#8243; grid_id=\u00bbvc_gid:1711527635761-8b7f6297-c1ce-5&#8243; include=\u00bb2340&#8243;][vc_empty_space height=\u00bb15px\u00bb][vc_column_text]<span style=\"font-size: 14pt; color: #e94e1b;\"><strong>Autocaravanas<\/strong><\/span><br \/>\nPara una estancia a\u00fan m\u00e1s agradable, tendr\u00e1s a tu disposici\u00f3n numerosos servicios: la panader\u00eda, un peque\u00f1o ultramarinos donde podr\u00e1s conseguir directamente en el camping los productos de primera necesidad, \u2026[\/vc_column_text][\/vc_column_inner][vc_column_inner width=\u00bb1\/3&#8243;][vc_masonry_media_grid element_width=\u00bb12&#8243; gap=\u00bb0&#8243; grid_id=\u00bbvc_gid:1711527635764-fd0f4c09-2c15-8&#8243; include=\u00bb9843&#8243;][vc_empty_space height=\u00bb15px\u00bb][vc_column_text]<span style=\"font-size: 14pt; color: #e94e1b;\"><strong>Los sanitarios<\/strong><\/span><br \/>\n\u00a1Disfruta de las instalaciones sanitarias totalmente nuevas! Espaciosas, c\u00f3modas, climatizadas y abiertas todo el a\u00f1o\u2026 Las aseos est\u00e1n adaptados para las familias (zona de beb\u00e9 y ba\u00f1o familiar) y para personas con movilidad reducida.[\/vc_column_text][\/vc_column_inner][\/vc_row_inner][vc_empty_space height=\u00bb10px\u00bb]<div class=\"text-center btnwrap\"><a class=\"btn btn-huttopia-cta\" href=\"http:\/\/checkout.citykamp.com\/site\/es\/7\" role=\"button\" target=\"\" onclick=\"dataLayer.push({'event':'clickCity', 'clickText':'Reserva tu estancia'})\">Reserva tu estancia<\/a><\/div>[vc_empty_space][vc_separator color=\u00bbcustom\u00bb el_width=\u00bb90&#8243; accent_color=\u00bb#e84e1b\u00bb][vc_empty_space][vc_row_inner equal_height=\u00bbyes\u00bb gap=\u00bb30&#8243; css=\u00bb.vc_custom_1678726818962{margin-left: -0.5px !important;background-color: rgba(232,78,27,0.2) !important;*background-color: rgb(232,78,27) !important;}\u00bb][vc_column_inner width=\u00bb1\/3&#8243;][vc_single_image image=\u00bb11946&#8243; img_size=\u00bb600*500&#8243; alignment=\u00bbcenter\u00bb][\/vc_column_inner][vc_column_inner width=\u00bb2\/3&#8243;][vc_column_text]<\/p>\n<h2><span style=\"color: #e94e1b;\">CAMPING CARD<\/span><\/h2>\n<p><span style=\"font-size: 12pt;\">Acampa a partir de <span style=\"color: #e84e1b;\"><strong>15\u20ac<\/strong><\/span>* la noche con la <span style=\"color: #e94e1b;\"><a style=\"color: #e94e1b;\" href=\"https:\/\/www.citykamp.com\/es\/camping-card\/\"><span style=\"text-decoration: underline;\">Camping Card<\/span><\/a><\/span>\u00a0Huttopia.<\/span><br \/>\n<span style=\"font-size: 12pt;\">Benef\u00edciate de precios reducidos y noches gratuitas durante temporada alta y baja, en todos los campings <span style=\"text-decoration: underline;\"><span style=\"color: #e94e1b;\"><a style=\"color: #e94e1b; text-decoration: underline;\" href=\"https:\/\/www.citykamp.com\/es\/destinos\/\">Citykamp<\/a><\/span>,<\/span> <span style=\"text-decoration: underline; color: #e94e1b;\"><a style=\"color: #e94e1b; text-decoration: underline;\" href=\"https:\/\/www.onlycamp.fr\/en\/\">Onlycamp<\/a><\/span> y todos los <span style=\"text-decoration: underline; color: #e94e1b;\"><a style=\"color: #e94e1b; text-decoration: underline;\" href=\"https:\/\/europe.huttopia.com\/es\/destinations\/campings\/\">campings Huttopia<\/a><\/span>.<\/span><\/p>\n<p><em><span style=\"font-size: 10pt;\">*Tarifa que incluye 1 parcela para 2 personas con electricidad (+ animal de compa\u00f1\u00eda gratis).<\/span><\/em>[\/vc_column_text]<div class=\" btnwrap\"><a class=\"btn btn-huttopia-cta\" href=\"https:\/\/www.citykamp.com\/es\/camping-card\/\" role=\"button\" target=\"true\" onclick=\"dataLayer.push({'event':'clickCity', 'clickText':'SABER M\u00c1S'})\">SABER M\u00c1S<\/a><\/div>[\/vc_column_inner][\/vc_row_inner][vc_empty_space][vc_separator color=\u00bbcustom\u00bb el_width=\u00bb90&#8243; accent_color=\u00bb#e84e1b\u00bb][vc_empty_space height=\u00bb40px\u00bb][vc_row_inner equal_height=\u00bbyes\u00bb content_placement=\u00bbmiddle\u00bb gap=\u00bb20&#8243; css=\u00bb.vc_custom_1524658721266{margin-left: -0.5px !important;}\u00bb][vc_column_inner width=\u00bb1\/3&#8243; css=\u00bb.vc_custom_1524667083074{background-color: #e8e8e8 !important;}\u00bb][vc_icon icon_fontawesome=\u00bbfar fa-map\u00bb color=\u00bbcustom\u00bb size=\u00bblg\u00bb align=\u00bbcenter\u00bb custom_color=\u00bb#e84e1b\u00bb link=\u00bburl:https%3A%2F%2Fmedia.huttopia.com%2Fdestinations%2Flyon%2Fplan-camping-citykamp-lyon.pdf|target:_blank\u00bb css=\u00bb.vc_custom_1675954281061{margin-bottom: -10px !important;padding-top: 15px !important;}\u00bb][vc_column_text css=\u00bb.vc_custom_1675954286835{padding-top: 25px !important;padding-right: 15px !important;padding-bottom: 15px !important;padding-left: 15px !important;}\u00bb]<\/p>\n<p style=\"text-align: center;\"><a href=\"https:\/\/media.huttopia.com\/destinations\/lyon\/plan-camping-citykamp-lyon.pdf\" target=\"_blank\" rel=\"noopener noreferrer\"><strong>Plano del camping<\/strong><\/a><\/p>\n<p>[\/vc_column_text][\/vc_column_inner][vc_column_inner width=\u00bb1\/3&#8243; css=\u00bb.vc_custom_1524667091667{background-color: #e8e8e8 !important;}\u00bb][vc_icon icon_fontawesome=\u00bbfa fa-calendar-check-o\u00bb color=\u00bbcustom\u00bb size=\u00bblg\u00bb align=\u00bbcenter\u00bb custom_color=\u00bb#e84e1b\u00bb link=\u00bburl:http%3A%2F%2Fcheckout.citykamp.com%2Fsite%2Fes%2F7||target:%20_blank|\u00bb css=\u00bb.vc_custom_1526046340547{margin-bottom: -10px !important;padding-top: 15px !important;}\u00bb][vc_column_text css=\u00bb.vc_custom_1526046324652{padding-top: 25px !important;padding-right: 15px !important;padding-bottom: 15px !important;padding-left: 15px !important;}\u00bb]<\/p>\n<p style=\"text-align: center;\"><a href=\"http:\/\/checkout.citykamp.com\/site\/es\/7\"><strong>Reserva tu estancia<\/strong><\/a><\/p>\n<p>[\/vc_column_text][\/vc_column_inner][vc_column_inner width=\u00bb1\/3&#8243; css=\u00bb.vc_custom_1524668872863{background-color: #e8e8e8 !important;}\u00bb][vc_icon icon_fontawesome=\u00bbfa fa-map-marker\u00bb color=\u00bbcustom\u00bb size=\u00bblg\u00bb align=\u00bbcenter\u00bb custom_color=\u00bb#e84e1b\u00bb link=\u00bburl:https%3A%2F%2Fgoo.gl%2Fmaps%2FHE8uVSAqvh52||target:%20_blank|\u00bb css=\u00bb.vc_custom_1524654636610{margin-bottom: -10px !important;padding-top: 15px !important;}\u00bb][vc_column_text css=\u00bb.vc_custom_1526046382409{padding-top: 25px !important;padding-right: 15px !important;padding-bottom: 15px !important;padding-left: 15px !important;}\u00bb]<\/p>\n<p style=\"text-align: center;\"><a href=\"https:\/\/goo.gl\/maps\/HE8uVSAqvh52\"><strong>Ruta<\/strong><\/a><\/p>\n<p>[\/vc_column_text][\/vc_column_inner][\/vc_row_inner]<\/div>[\/vc_column][\/vc_row][vc_row css=\u00bb.vc_custom_1524659443949{background-color: #e8e8e8 !important;}\u00bb][vc_column css=\u00bb.vc_custom_1524658156681{margin-top: -30px !important;margin-bottom: -30px !important;}\u00bb]<div class=\"wrappedcontent\">[vc_column_text]<\/p>\n<h4>Fotos de las parcelas del camping en Lyon<\/h4>\n<p>[\/vc_column_text][vc_empty_space height=\u00bb18px\u00bb][vc_masonry_media_grid style=\u00bbload-more\u00bb items_per_page=\u00bb4&#8243; element_width=\u00bb3&#8243; gap=\u00bb10&#8243; item=\u00bb1083&#8243; btn_title=\u00bbVER M\u00c1S\u00bb btn_style=\u00bbcustom\u00bb btn_custom_background=\u00bb#e84e1b\u00bb btn_custom_text=\u00bb#ffffff\u00bb btn_shape=\u00bbsquare\u00bb btn_i_icon_fontawesome=\u00bbfa fa-camera\u00bb btn_add_icon=\u00bbtrue\u00bb grid_id=\u00bbvc_gid:1711527635768-b2de67d0-6610-7&#8243; include=\u00bb2915,2930,2920,2970,2925,2935,2940,2945&#8243;]<\/div>[\/vc_column][\/vc_row]<\/p>\n<\/div>","protected":false},"excerpt":{"rendered":"<p>[vc_row][vc_column][vc_single_image image=\u00bb12338&#8243; img_size=\u00bb1900&#215;500&#8243; alignment=\u00bbcenter\u00bb][\/vc_column][\/vc_row][vc_row][vc_column][\/vc_column][\/vc_row][vc_row css=\u00bb.vc_custom_1524659443949{background-color: #e8e8e8 !important;}\u00bb][vc_column css=\u00bb.vc_custom_1524658156681{margin-top: -30px !important;margin-bottom: -30px !important;}\u00bb][\/vc_column][\/vc_row]<\/p>\n","protected":false},"author":1,"featured_media":0,"parent":0,"menu_order":0,"comment_status":"closed","ping_status":"closed","template":"","meta":{"footnotes":""},"class_list":["post-90","page","type-page","status-publish","hentry"],"yoast_head":"<!-- This site is optimized with the Yoast SEO plugin v25.6 - https:\/\/yoast.com\/wordpress\/plugins\/seo\/ -->\n<title>Descubra nuestras parcelas de camping - Camping de Lyon<\/title>\n<meta name=\"description\" content=\"El Camping de Lyon tiene 135 parcelas sombreadas y verdes en 6 hect\u00e1reas, con todos los servicios asociados con los campistas para una estancia agradable.\" \/>\n<meta name=\"robots\" content=\"index, follow, max-snippet:-1, max-image-preview:large, max-video-preview:-1\" \/>\n<link rel=\"canonical\" href=\"https:\/\/www.camping-lyon.com\/es\/parcelas\/\" \/>\n<meta property=\"og:locale\" content=\"es_ES\" \/>\n<meta property=\"og:type\" content=\"article\" \/>\n<meta property=\"og:title\" content=\"Descubra nuestras parcelas de camping - Camping de Lyon\" \/>\n<meta property=\"og:description\" content=\"El Camping de Lyon tiene 135 parcelas sombreadas y verdes en 6 hect\u00e1reas, con todos los servicios asociados con los campistas para una estancia agradable.\" \/>\n<meta property=\"og:url\" content=\"https:\/\/www.camping-lyon.com\/es\/parcelas\/\" \/>\n<meta property=\"og:site_name\" content=\"Camping de Lyon\" \/>\n<meta property=\"article:modified_time\" content=\"2024-03-27T08:21:34+00:00\" \/>\n<meta name=\"twitter:card\" content=\"summary_large_image\" \/>\n<meta name=\"twitter:label1\" content=\"Est. reading time\" \/>\n\t<meta name=\"twitter:data1\" content=\"2 minutos\" \/>\n<script type=\"application\/ld+json\" class=\"yoast-schema-graph\">{\"@context\":\"https:\/\/schema.org\",\"@graph\":[{\"@type\":\"WebPage\",\"@id\":\"https:\/\/www.camping-lyon.com\/es\/parcelas\/\",\"url\":\"https:\/\/www.camping-lyon.com\/es\/parcelas\/\",\"name\":\"Descubra nuestras parcelas de camping - Camping de Lyon\",\"isPartOf\":{\"@id\":\"https:\/\/www.camping-lyon.com\/es\/#website\"},\"datePublished\":\"2018-01-04T16:29:32+00:00\",\"dateModified\":\"2024-03-27T08:21:34+00:00\",\"description\":\"El Camping de Lyon tiene 135 parcelas sombreadas y verdes en 6 hect\u00e1reas, con todos los servicios asociados con los campistas para una estancia agradable.\",\"breadcrumb\":{\"@id\":\"https:\/\/www.camping-lyon.com\/es\/parcelas\/#breadcrumb\"},\"inLanguage\":\"es\",\"potentialAction\":[{\"@type\":\"ReadAction\",\"target\":[\"https:\/\/www.camping-lyon.com\/es\/parcelas\/\"]}]},{\"@type\":\"BreadcrumbList\",\"@id\":\"https:\/\/www.camping-lyon.com\/es\/parcelas\/#breadcrumb\",\"itemListElement\":[{\"@type\":\"ListItem\",\"position\":1,\"name\":\"Accueil\",\"item\":\"https:\/\/www.camping-lyon.com\/es\/\"},{\"@type\":\"ListItem\",\"position\":2,\"name\":\"Parcelas\"}]},{\"@type\":\"WebSite\",\"@id\":\"https:\/\/www.camping-lyon.com\/es\/#website\",\"url\":\"https:\/\/www.camping-lyon.com\/es\/\",\"name\":\"Camping de Lyon\",\"description\":\"Un site utilisant Citykamp\",\"potentialAction\":[{\"@type\":\"SearchAction\",\"target\":{\"@type\":\"EntryPoint\",\"urlTemplate\":\"https:\/\/www.camping-lyon.com\/es\/?s={search_term_string}\"},\"query-input\":{\"@type\":\"PropertyValueSpecification\",\"valueRequired\":true,\"valueName\":\"search_term_string\"}}],\"inLanguage\":\"es\"}]}<\/script>\n<!-- \/ Yoast SEO plugin. -->","yoast_head_json":{"title":"Descubra nuestras parcelas de camping - Camping de Lyon","description":"El Camping de Lyon tiene 135 parcelas sombreadas y verdes en 6 hect\u00e1reas, con todos los servicios asociados con los campistas para una estancia agradable.","robots":{"index":"index","follow":"follow","max-snippet":"max-snippet:-1","max-image-preview":"max-image-preview:large","max-video-preview":"max-video-preview:-1"},"canonical":"https:\/\/www.camping-lyon.com\/es\/parcelas\/","og_locale":"es_ES","og_type":"article","og_title":"Descubra nuestras parcelas de camping - Camping de Lyon","og_description":"El Camping de Lyon tiene 135 parcelas sombreadas y verdes en 6 hect\u00e1reas, con todos los servicios asociados con los campistas para una estancia agradable.","og_url":"https:\/\/www.camping-lyon.com\/es\/parcelas\/","og_site_name":"Camping de Lyon","article_modified_time":"2024-03-27T08:21:34+00:00","twitter_card":"summary_large_image","twitter_misc":{"Est. reading time":"2 minutos"},"schema":{"@context":"https:\/\/schema.org","@graph":[{"@type":"WebPage","@id":"https:\/\/www.camping-lyon.com\/es\/parcelas\/","url":"https:\/\/www.camping-lyon.com\/es\/parcelas\/","name":"Descubra nuestras parcelas de camping - Camping de Lyon","isPartOf":{"@id":"https:\/\/www.camping-lyon.com\/es\/#website"},"datePublished":"2018-01-04T16:29:32+00:00","dateModified":"2024-03-27T08:21:34+00:00","description":"El Camping de Lyon tiene 135 parcelas sombreadas y verdes en 6 hect\u00e1reas, con todos los servicios asociados con los campistas para una estancia agradable.","breadcrumb":{"@id":"https:\/\/www.camping-lyon.com\/es\/parcelas\/#breadcrumb"},"inLanguage":"es","potentialAction":[{"@type":"ReadAction","target":["https:\/\/www.camping-lyon.com\/es\/parcelas\/"]}]},{"@type":"BreadcrumbList","@id":"https:\/\/www.camping-lyon.com\/es\/parcelas\/#breadcrumb","itemListElement":[{"@type":"ListItem","position":1,"name":"Accueil","item":"https:\/\/www.camping-lyon.com\/es\/"},{"@type":"ListItem","position":2,"name":"Parcelas"}]},{"@type":"WebSite","@id":"https:\/\/www.camping-lyon.com\/es\/#website","url":"https:\/\/www.camping-lyon.com\/es\/","name":"Camping de Lyon","description":"Un site utilisant Citykamp","potentialAction":[{"@type":"SearchAction","target":{"@type":"EntryPoint","urlTemplate":"https:\/\/www.camping-lyon.com\/es\/?s={search_term_string}"},"query-input":{"@type":"PropertyValueSpecification","valueRequired":true,"valueName":"search_term_string"}}],"inLanguage":"es"}]}},"_links":{"self":[{"href":"https:\/\/www.camping-lyon.com\/es\/wp-json\/wp\/v2\/pages\/90","targetHints":{"allow":["GET"]}}],"collection":[{"href":"https:\/\/www.camping-lyon.com\/es\/wp-json\/wp\/v2\/pages"}],"about":[{"href":"https:\/\/www.camping-lyon.com\/es\/wp-json\/wp\/v2\/types\/page"}],"author":[{"embeddable":true,"href":"https:\/\/www.camping-lyon.com\/es\/wp-json\/wp\/v2\/users\/1"}],"replies":[{"embeddable":true,"href":"https:\/\/www.camping-lyon.com\/es\/wp-json\/wp\/v2\/comments?post=90"}],"version-history":[{"count":5,"href":"https:\/\/www.camping-lyon.com\/es\/wp-json\/wp\/v2\/pages\/90\/revisions"}],"predecessor-version":[{"id":12794,"href":"https:\/\/www.camping-lyon.com\/es\/wp-json\/wp\/v2\/pages\/90\/revisions\/12794"}],"wp:attachment":[{"href":"https:\/\/www.camping-lyon.com\/es\/wp-json\/wp\/v2\/media?parent=90"}],"curies":[{"name":"wp","href":"https:\/\/api.w.org\/{rel}","templated":true}]}}