{"id":104,"date":"2018-01-04T17:29:53","date_gmt":"2018-01-04T16:29:53","guid":{"rendered":"http:\/\/www.citykamp.com\/lyon\/it\/region\/"},"modified":"2023-10-26T12:28:19","modified_gmt":"2023-10-26T10:28:19","slug":"regione","status":"publish","type":"page","link":"https:\/\/www.camping-lyon.com\/it\/regione\/","title":{"rendered":"R\u00e9gion"},"content":{"rendered":"<div class=\"wpb-content-wrapper\"><p>[vc_row][vc_column][vc_single_image image=&#8221;12458&#8243; img_size=&#8221;1900&#215;500&#8243;][\/vc_column][\/vc_row][vc_row][vc_column]<div class=\"wrappedcontent\">[vc_column_text]<\/p>\n<h1 style=\"text-align: center;\"><strong>PARTITE ALLA SCOPERTA DI LIONE !<\/strong><\/h1>\n<p style=\"text-align: center;\">La Citt\u00e0 di Lione, la pi\u00f9 importante della regione Rh\u00f4ne-Alpes, occupa una posizione privilegiata nel cuore della valle del Rodano. La citt\u00e0 confina a nord con la regione di Beaujolais, a ovest con i Monts du Lyonnais, e a est e a ovest con la pianura della Dombes e dell\u2019is\u00e8re. Lione \u00e8 arte e cultura, tradizioni e gastronomia. Gironzolando nella citt\u00e0, attraverso i musei e i siti storici risalenti a duemila anni fa, potrai scoprire un patrimonio architettonico eccezionale.<\/p>\n<p>[\/vc_column_text]<\/div>[\/vc_column][\/vc_row][vc_row css=&#8221;.vc_custom_1698246115393{background-color: rgba(232,78,27,0.2) !important;*background-color: rgb(232,78,27) !important;}&#8221;][vc_column]<div class=\"wrappedcontent\">[vc_column_text]<\/p>\n<h2 style=\"text-align: center;\"><strong>I LUOGHI DA NON PERDERE A LIONE<\/strong><\/h2>\n<p>[\/vc_column_text][vc_empty_space][vc_row_inner gap=&#8221;30&#8243; css=&#8221;.vc_custom_1698246799371{margin-left: -0.5px !important;}&#8221;][vc_column_inner width=&#8221;1\/4&#8243;][vc_single_image image=&#8221;1709&#8243; img_size=&#8221;600*400&#8243; alignment=&#8221;center&#8221;][vc_empty_space][vc_column_text]<\/p>\n<h3 style=\"text-align: center;\"><strong><span style=\"font-size: 14pt;\">CATTEDRALE DI SAINT-JEAN<\/span><\/strong><\/h3>\n<p>[\/vc_column_text][vc_empty_space][vc_column_text]<\/p>\n<p style=\"text-align: center;\">Grande monumento medievale che si trova nel cuore del quartiere della Vecchia Lione.<\/p>\n<p>[\/vc_column_text][\/vc_column_inner][vc_column_inner width=&#8221;1\/4&#8243;][vc_single_image image=&#8221;12476&#8243; img_size=&#8221;600*400&#8243; alignment=&#8221;center&#8221;][vc_empty_space][vc_column_text]<\/p>\n<h3 style=\"text-align: center;\"><strong><span style=\"font-size: 14pt;\">TH\u00c9\u00c2TRE DES C\u00c9LESTINS<\/span><\/strong><\/h3>\n<p>[\/vc_column_text][vc_empty_space][vc_column_text]<\/p>\n<p style=\"text-align: center;\">Porta i tuoi bambini in uno dei teatri di Lione: Croix-Rousse, Saint-Jean\u2026<\/p>\n<p>[\/vc_column_text][\/vc_column_inner][vc_column_inner width=&#8221;1\/4&#8243;][vc_single_image image=&#8221;12464&#8243; img_size=&#8221;600*400&#8243; alignment=&#8221;center&#8221;][vc_empty_space][vc_column_text]<\/p>\n<h3 style=\"text-align: center;\"><strong><span style=\"font-size: 14pt;\">LA COLLINA FOURVI\u00c8RE<\/span><\/strong><\/h3>\n<p>[\/vc_column_text][vc_empty_space][vc_column_text]<\/p>\n<p style=\"text-align: center;\">La sua basilica e i suoi teatri romani.<\/p>\n<p>[\/vc_column_text][\/vc_column_inner][vc_column_inner width=&#8221;1\/4&#8243;][vc_single_image image=&#8221;12470&#8243; img_size=&#8221;600*400&#8243; alignment=&#8221;center&#8221;][vc_empty_space][vc_column_text]<\/p>\n<h3 style=\"text-align: center;\"><strong><span style=\"font-size: 14pt;\">MUSEO DELLE BELLE ARTI<br \/>\nPLACE DES TERREAUX<\/span><\/strong><\/h3>\n<p>[\/vc_column_text][vc_empty_space][vc_column_text]<\/p>\n<p style=\"text-align: center;\">Senza dimenticare il museo di Arte Contemporanea, l&#8217;Istituto Lumi\u00e8re, il museo Gallo-romano&#8230;<\/p>\n<p>[\/vc_column_text][\/vc_column_inner][\/vc_row_inner]<\/div>[\/vc_column][\/vc_row][vc_row][vc_column]<div class=\"wrappedcontent\">[vc_column_text]<\/p>\n<h2 style=\"text-align: center;\"><strong>LIONE, DICHIARATA DALL&#8217;UNESCO PATRIMONIO MONDIALE DELL&#8217;UMANIT\u00c0<\/strong><\/h2>\n<p>[\/vc_column_text][vc_empty_space][vc_row_inner gap=&#8221;30&#8243; css=&#8221;.vc_custom_1698246052464{margin-left: -0.5px !important;}&#8221;][vc_column_inner width=&#8221;1\/3&#8243;][vc_single_image image=&#8221;12483&#8243; img_size=&#8221;600*400&#8243; alignment=&#8221;center&#8221;][vc_empty_space][vc_column_text]<\/p>\n<h3 style=\"text-align: center;\"><strong><span style=\"font-size: 14pt;\">MUSEO DELLE CONFLUENZE<\/span><\/strong><\/h3>\n<p>[\/vc_column_text][vc_empty_space][vc_column_text]<\/p>\n<p style=\"text-align: center;\">Un&#8217;architettura singolare, il Museo delle Confluenze si trova sul punto di confluenza del Rodano e della Saona. Un Museo di storia naturale, di antropologia che parla anche delle societ\u00e0 e delle civilt\u00e0 e che sedurr\u00e0 tutta la famiglia.<\/p>\n<p>[\/vc_column_text][\/vc_column_inner][vc_column_inner width=&#8221;1\/3&#8243;][vc_single_image image=&#8221;1739&#8243; img_size=&#8221;600*400&#8243; alignment=&#8221;center&#8221;][vc_empty_space][vc_column_text]<\/p>\n<h3 style=\"text-align: center;\"><span style=\"font-size: 14pt;\"><strong>FESTA ELLE LUCI<\/strong><br \/>\n<\/span><\/h3>\n<p>[\/vc_column_text][vc_empty_space][vc_column_text]<\/p>\n<p style=\"text-align: center;\">Celebrazione religiosa del XIX secolo che si svolge tutti gli anni nei giorni intorno all&#8217;8 dicembre. Diventata un appuntamento unico da non perdere, oggi conta circa 4 milioni di visitatori. Spettacoli notturni e lumini che illuminano la citt\u00e0 con migliaia di fiammelle!<\/p>\n<p>[\/vc_column_text][\/vc_column_inner][vc_column_inner width=&#8221;1\/3&#8243;][vc_single_image image=&#8221;12490&#8243; img_size=&#8221;600*400&#8243; alignment=&#8221;center&#8221;][vc_empty_space][vc_column_text]<\/p>\n<h3 style=\"text-align: center;\"><strong><span style=\"font-size: 14pt;\">BEAUJOLAIS E PIETRE DORATE<\/span><\/strong><\/h3>\n<p>[\/vc_column_text][vc_empty_space][vc_column_text]<\/p>\n<p style=\"text-align: center;\">Conosciuta in tutto il mondo per il suo vino novello I piccoli villaggi dalle pietre dorate, i castelli fortificati, le vigne&#8230; Una regione magnifica da esplorare!<\/p>\n<p>[\/vc_column_text][\/vc_column_inner][\/vc_row_inner][vc_row_inner gap=&#8221;30&#8243; css=&#8221;.vc_custom_1698246046578{margin-left: -0.5px !important;}&#8221;][vc_column_inner width=&#8221;1\/3&#8243;][vc_single_image image=&#8221;12496&#8243; img_size=&#8221;600*400&#8243; alignment=&#8221;center&#8221;][vc_empty_space][vc_column_text]<\/p>\n<h3 style=\"text-align: center;\"><strong><span style=\"font-size: 14pt;\">LO SHOPPING<\/span><\/strong><\/h3>\n<p>[\/vc_column_text][vc_empty_space][vc_column_text]<\/p>\n<p style=\"text-align: center;\">Potrai trovare 2600 negozi di una straordinaria variet\u00e0 tra la Penisola, La Part-Dieu e il recentissimo centro commerciale Confluence.<\/p>\n<p>[\/vc_column_text][\/vc_column_inner][vc_column_inner width=&#8221;1\/3&#8243;][vc_single_image image=&#8221;1699&#8243; img_size=&#8221;600*400&#8243; alignment=&#8221;center&#8221;][vc_empty_space][vc_column_text]<\/p>\n<h3 style=\"text-align: center;\"><span style=\"font-size: 14pt;\"><strong>SPONDE DEL RODANO<\/strong><br \/>\n<\/span><\/h3>\n<p>[\/vc_column_text][vc_empty_space][vc_column_text]<\/p>\n<p style=\"text-align: center;\">Tra il Rodano e la Saona ci sono delle sponde riorganizzate che ti consentiranno di godere del fascino dell&#8217;acqua!<\/p>\n<p>[\/vc_column_text][\/vc_column_inner][vc_column_inner width=&#8221;1\/3&#8243;][vc_single_image image=&#8221;12502&#8243; img_size=&#8221;600*400&#8243; alignment=&#8221;center&#8221;][vc_empty_space][vc_column_text]<\/p>\n<h3 style=\"text-align: center;\"><span style=\"font-size: 14pt;\"><strong>FONTANA BARTHOLDI<\/strong><br \/>\n<\/span><\/h3>\n<p>[\/vc_column_text][vc_empty_space][vc_column_text]<\/p>\n<p style=\"text-align: center;\">La Penisola \u00e8 ricca di piccoli tesori&#8230;<br \/>\nLa fontana si trova in Place des Terreaux.<\/p>\n<p>[\/vc_column_text][\/vc_column_inner][\/vc_row_inner]<\/div>[\/vc_column][\/vc_row][vc_row css=&#8221;.vc_custom_1698246230611{background-color: rgba(232,78,27,0.2) !important;*background-color: rgb(232,78,27) !important;}&#8221;][vc_column]<div class=\"wrappedcontent\">[vc_column_text]<\/p>\n<h2 style=\"text-align: center;\"><strong>UNA CITT\u00c0 DA SCOPRIRE INSIEME A TUTTA LA FAMIGLIA<\/strong><\/h2>\n<p>[\/vc_column_text][vc_empty_space][vc_row_inner gap=&#8221;30&#8243; css=&#8221;.vc_custom_1698246835298{margin-left: -0.5px !important;}&#8221;][vc_column_inner width=&#8221;1\/4&#8243;][vc_single_image image=&#8221;12508&#8243; img_size=&#8221;600*400&#8243; alignment=&#8221;center&#8221;][vc_empty_space][vc_column_text]<\/p>\n<h3 style=\"text-align: center;\"><span style=\"font-size: 14pt;\"><strong>PARCO DELLA T\u00caTE D\u2019OR<\/strong><br \/>\n<\/span><\/h3>\n<p>[\/vc_column_text][vc_empty_space][vc_column_text]<\/p>\n<p style=\"text-align: center;\">In questo parco potrai trovare un bellissimo giardino zoologico e serre tropicali.<\/p>\n<p>[\/vc_column_text][\/vc_column_inner][vc_column_inner width=&#8221;1\/4&#8243;][vc_single_image image=&#8221;12514&#8243; img_size=&#8221;600*400&#8243; alignment=&#8221;center&#8221;][vc_empty_space][vc_column_text]<\/p>\n<h3 style=\"text-align: center;\"><span style=\"font-size: 14pt;\"><strong>QUARTIERE DELLA VECCHIA LIONE<\/strong><br \/>\n<\/span><\/h3>\n<p>[\/vc_column_text][vc_empty_space][vc_column_text]<\/p>\n<p style=\"text-align: center;\">Bouchon lionesi, visita dei &#8220;traboule&#8221;, tradizioni e accoglienza!<\/p>\n<p>[\/vc_column_text][\/vc_column_inner][vc_column_inner width=&#8221;1\/4&#8243;][vc_single_image image=&#8221;1704&#8243; img_size=&#8221;600*400&#8243; alignment=&#8221;center&#8221;][vc_empty_space][vc_column_text]<\/p>\n<h3 style=\"text-align: center;\"><span style=\"font-size: 14pt;\"><strong>PRALINE<\/strong><br \/>\n<\/span><\/h3>\n<p>[\/vc_column_text][vc_empty_space][vc_column_text]<\/p>\n<p style=\"text-align: center;\">Nella brioche, nel croccante, su una torta, oppure &#8220;nature&#8221;, da degustare in tutte le sue forme.<\/p>\n<p>[\/vc_column_text][\/vc_column_inner][vc_column_inner width=&#8221;1\/4&#8243;][vc_single_image image=&#8221;1719&#8243; img_size=&#8221;600*400&#8243; alignment=&#8221;center&#8221;][vc_empty_space][vc_column_text]<\/p>\n<h3 style=\"text-align: center;\"><span style=\"font-size: 14pt;\"><strong>GUIGNOL<\/strong><br \/>\n<\/span><\/h3>\n<p>[\/vc_column_text][vc_empty_space][vc_column_text]<\/p>\n<p style=\"text-align: center;\">Vero patrimonio culturale, Guignol \u00e8 un personaggio emblematico di Lione.<\/p>\n<p>[\/vc_column_text][\/vc_column_inner][\/vc_row_inner]<\/div>[\/vc_column][\/vc_row][vc_row][vc_column]<div class=\"wrappedcontent\">[vc_row_inner equal_height=&#8221;yes&#8221; content_placement=&#8221;middle&#8221; gap=&#8221;20&#8243; css=&#8221;.vc_custom_1524658721266{margin-left: -0.5px !important;}&#8221;][vc_column_inner width=&#8221;1\/3&#8243; css=&#8221;.vc_custom_1698246857337{background-color: rgba(232,78,27,0.2) !important;*background-color: rgb(232,78,27) !important;}&#8221;][vc_single_image image=&#8221;12538&#8243; img_size=&#8221;71*71&#8243; alignment=&#8221;center&#8221; onclick=&#8221;custom_link&#8221; link=&#8221;https:\/\/media.huttopia.com\/destinations\/lyon\/plan-camping-citykamp-lyon.pdf&#8221;][vc_column_text css=&#8221;.vc_custom_1698315871732{padding-top: 25px !important;padding-right: 15px !important;padding-bottom: 15px !important;padding-left: 15px !important;}&#8221;]<\/p>\n<p style=\"text-align: center;\"><a href=\"https:\/\/media.huttopia.com\/destinations\/lyon\/plan-camping-citykamp-lyon.pdf\" target=\"_blank\" rel=\"noopener\"><strong>Pianta del camping<\/strong><\/a><\/p>\n<p>[\/vc_column_text][\/vc_column_inner][vc_column_inner width=&#8221;1\/3&#8243; css=&#8221;.vc_custom_1698246870350{background-color: rgba(232,78,27,0.2) !important;*background-color: rgb(232,78,27) !important;}&#8221;][vc_single_image image=&#8221;12532&#8243; img_size=&#8221;71*71&#8243; alignment=&#8221;center&#8221; onclick=&#8221;custom_link&#8221; link=&#8221;https:\/\/checkout.citykamp.com\/7\/it\/&#8221;][vc_column_text css=&#8221;.vc_custom_1698315893083{padding-top: 25px !important;padding-right: 15px !important;padding-bottom: 15px !important;padding-left: 15px !important;}&#8221;]<\/p>\n<p style=\"text-align: center;\"><a href=\"https:\/\/checkout.citykamp.com\/7\/it\/\"><strong>Prenota il tuo soggiorno<\/strong><\/a><\/p>\n<p>[\/vc_column_text][\/vc_column_inner][vc_column_inner width=&#8221;1\/3&#8243; css=&#8221;.vc_custom_1698246878940{background-color: rgba(232,78,27,0.2) !important;*background-color: rgb(232,78,27) !important;}&#8221;][vc_single_image image=&#8221;12544&#8243; img_size=&#8221;71*71&#8243; alignment=&#8221;center&#8221; onclick=&#8221;custom_link&#8221; link=&#8221;https:\/\/goo.gl\/maps\/HE8uVSAqvh52&#8243;][vc_column_text css=&#8221;.vc_custom_1698315915421{padding-top: 25px !important;padding-right: 15px !important;padding-bottom: 15px !important;padding-left: 15px !important;}&#8221;]<\/p>\n<p style=\"text-align: center;\"><a href=\"https:\/\/goo.gl\/maps\/HE8uVSAqvh52\"><strong>Percorso<\/strong><\/a><\/p>\n<p>[\/vc_column_text][\/vc_column_inner][\/vc_row_inner]<\/div>[\/vc_column][\/vc_row][vc_row css=&#8221;.vc_custom_1698246912338{background-color: rgba(232,78,27,0.2) !important;*background-color: rgb(232,78,27) !important;}&#8221;][vc_column css=&#8221;.vc_custom_1524658156681{margin-top: -30px !important;margin-bottom: -30px !important;}&#8221;]<div class=\"wrappedcontent\">[vc_column_text]<strong><span style=\"font-size: 14pt;\">Foto della regione del camping di Lione<\/span><\/strong>[\/vc_column_text][vc_empty_space height=&#8221;18px&#8221;][vc_masonry_media_grid style=&#8221;load-more&#8221; items_per_page=&#8221;4&#8243; element_width=&#8221;3&#8243; gap=&#8221;10&#8243; item=&#8221;1083&#8243; btn_title=&#8221;VERDERE DI PI\u00d9&#8221; btn_style=&#8221;custom&#8221; btn_custom_background=&#8221;#e84e1b&#8221; btn_custom_text=&#8221;#ffffff&#8221; btn_shape=&#8221;square&#8221; btn_i_icon_fontawesome=&#8221;fab fa-accessible-icon&#8221; btn_add_icon=&#8221;true&#8221; grid_id=&#8221;vc_gid:1698315338264-d31c2eae-bfb6-10&#8243; include=&#8221;12521,3269,3249,3319,3259,3349,3264,3324,3244,3254,3304,3284,3279,3274,3314,3329,3294,3334,3309,3339,3344&#8243;]<\/div>[\/vc_column][\/vc_row]<\/p>\n<\/div>","protected":false},"excerpt":{"rendered":"<p>[vc_row][vc_column][vc_single_image image=&#8221;12458&#8243; img_size=&#8221;1900&#215;500&#8243;][\/vc_column][\/vc_row][vc_row][vc_column][\/vc_column][\/vc_row][vc_row css=&#8221;.vc_custom_1698246115393{background-color: rgba(232,78,27,0.2) !important;*background-color: rgb(232,78,27) !important;}&#8221;][vc_column][\/vc_column][\/vc_row][vc_row][vc_column][\/vc_column][\/vc_row][vc_row css=&#8221;.vc_custom_1698246230611{background-color: rgba(232,78,27,0.2) !important;*background-color: rgb(232,78,27) !important;}&#8221;][vc_column][\/vc_column][\/vc_row][vc_row][vc_column][\/vc_column][\/vc_row][vc_row css=&#8221;.vc_custom_1698246912338{background-color: rgba(232,78,27,0.2) !important;*background-color: rgb(232,78,27) !important;}&#8221;][vc_column css=&#8221;.vc_custom_1524658156681{margin-top: -30px !important;margin-bottom: -30px !important;}&#8221;][\/vc_column][\/vc_row]<\/p>\n","protected":false},"author":1,"featured_media":0,"parent":0,"menu_order":0,"comment_status":"closed","ping_status":"closed","template":"","meta":{"footnotes":""},"class_list":["post-104","page","type-page","status-publish","hentry"],"yoast_head":"<!-- This site is optimized with the Yoast SEO plugin v25.6 - https:\/\/yoast.com\/wordpress\/plugins\/seo\/ -->\n<title>Scopri la regione di Lione | Camping de Lyon<\/title>\n<meta name=\"description\" content=\"La citt\u00e0 di Lione, patrimonio mondiale dell&#039;UNESCO, occupa una posizione privilegiata nel cuore della Valle del Rodano. Scopri questa citt\u00e0 unica!\" \/>\n<meta name=\"robots\" content=\"index, follow, max-snippet:-1, max-image-preview:large, max-video-preview:-1\" \/>\n<link rel=\"canonical\" href=\"https:\/\/www.camping-lyon.com\/it\/regione\/\" \/>\n<meta property=\"og:locale\" content=\"it_IT\" \/>\n<meta property=\"og:type\" content=\"article\" \/>\n<meta property=\"og:title\" content=\"Scopri la regione di Lione | Camping de Lyon\" \/>\n<meta property=\"og:description\" content=\"La citt\u00e0 di Lione, patrimonio mondiale dell&#039;UNESCO, occupa una posizione privilegiata nel cuore della Valle del Rodano. Scopri questa citt\u00e0 unica!\" \/>\n<meta property=\"og:url\" content=\"https:\/\/www.camping-lyon.com\/it\/regione\/\" \/>\n<meta property=\"og:site_name\" content=\"Camping de Lyon\" \/>\n<meta property=\"article:modified_time\" content=\"2023-10-26T10:28:19+00:00\" \/>\n<meta name=\"twitter:card\" content=\"summary_large_image\" \/>\n<meta name=\"twitter:label1\" content=\"Est. reading time\" \/>\n\t<meta name=\"twitter:data1\" content=\"4 minuti\" \/>\n<script type=\"application\/ld+json\" class=\"yoast-schema-graph\">{\"@context\":\"https:\/\/schema.org\",\"@graph\":[{\"@type\":\"WebPage\",\"@id\":\"https:\/\/www.camping-lyon.com\/it\/regione\/\",\"url\":\"https:\/\/www.camping-lyon.com\/it\/regione\/\",\"name\":\"Scopri la regione di Lione | Camping de Lyon\",\"isPartOf\":{\"@id\":\"https:\/\/www.camping-lyon.com\/it\/#website\"},\"datePublished\":\"2018-01-04T16:29:53+00:00\",\"dateModified\":\"2023-10-26T10:28:19+00:00\",\"description\":\"La citt\u00e0 di Lione, patrimonio mondiale dell'UNESCO, occupa una posizione privilegiata nel cuore della Valle del Rodano. Scopri questa citt\u00e0 unica!\",\"breadcrumb\":{\"@id\":\"https:\/\/www.camping-lyon.com\/it\/regione\/#breadcrumb\"},\"inLanguage\":\"it-IT\",\"potentialAction\":[{\"@type\":\"ReadAction\",\"target\":[\"https:\/\/www.camping-lyon.com\/it\/regione\/\"]}]},{\"@type\":\"BreadcrumbList\",\"@id\":\"https:\/\/www.camping-lyon.com\/it\/regione\/#breadcrumb\",\"itemListElement\":[{\"@type\":\"ListItem\",\"position\":1,\"name\":\"Accueil\",\"item\":\"https:\/\/www.camping-lyon.com\/it\/\"},{\"@type\":\"ListItem\",\"position\":2,\"name\":\"R\u00e9gion\"}]},{\"@type\":\"WebSite\",\"@id\":\"https:\/\/www.camping-lyon.com\/it\/#website\",\"url\":\"https:\/\/www.camping-lyon.com\/it\/\",\"name\":\"Camping de Lyon\",\"description\":\"Un site utilisant Citykamp\",\"potentialAction\":[{\"@type\":\"SearchAction\",\"target\":{\"@type\":\"EntryPoint\",\"urlTemplate\":\"https:\/\/www.camping-lyon.com\/it\/?s={search_term_string}\"},\"query-input\":{\"@type\":\"PropertyValueSpecification\",\"valueRequired\":true,\"valueName\":\"search_term_string\"}}],\"inLanguage\":\"it-IT\"}]}<\/script>\n<!-- \/ Yoast SEO plugin. -->","yoast_head_json":{"title":"Scopri la regione di Lione | Camping de Lyon","description":"La citt\u00e0 di Lione, patrimonio mondiale dell'UNESCO, occupa una posizione privilegiata nel cuore della Valle del Rodano. Scopri questa citt\u00e0 unica!","robots":{"index":"index","follow":"follow","max-snippet":"max-snippet:-1","max-image-preview":"max-image-preview:large","max-video-preview":"max-video-preview:-1"},"canonical":"https:\/\/www.camping-lyon.com\/it\/regione\/","og_locale":"it_IT","og_type":"article","og_title":"Scopri la regione di Lione | Camping de Lyon","og_description":"La citt\u00e0 di Lione, patrimonio mondiale dell'UNESCO, occupa una posizione privilegiata nel cuore della Valle del Rodano. Scopri questa citt\u00e0 unica!","og_url":"https:\/\/www.camping-lyon.com\/it\/regione\/","og_site_name":"Camping de Lyon","article_modified_time":"2023-10-26T10:28:19+00:00","twitter_card":"summary_large_image","twitter_misc":{"Est. reading time":"4 minuti"},"schema":{"@context":"https:\/\/schema.org","@graph":[{"@type":"WebPage","@id":"https:\/\/www.camping-lyon.com\/it\/regione\/","url":"https:\/\/www.camping-lyon.com\/it\/regione\/","name":"Scopri la regione di Lione | Camping de Lyon","isPartOf":{"@id":"https:\/\/www.camping-lyon.com\/it\/#website"},"datePublished":"2018-01-04T16:29:53+00:00","dateModified":"2023-10-26T10:28:19+00:00","description":"La citt\u00e0 di Lione, patrimonio mondiale dell'UNESCO, occupa una posizione privilegiata nel cuore della Valle del Rodano. Scopri questa citt\u00e0 unica!","breadcrumb":{"@id":"https:\/\/www.camping-lyon.com\/it\/regione\/#breadcrumb"},"inLanguage":"it-IT","potentialAction":[{"@type":"ReadAction","target":["https:\/\/www.camping-lyon.com\/it\/regione\/"]}]},{"@type":"BreadcrumbList","@id":"https:\/\/www.camping-lyon.com\/it\/regione\/#breadcrumb","itemListElement":[{"@type":"ListItem","position":1,"name":"Accueil","item":"https:\/\/www.camping-lyon.com\/it\/"},{"@type":"ListItem","position":2,"name":"R\u00e9gion"}]},{"@type":"WebSite","@id":"https:\/\/www.camping-lyon.com\/it\/#website","url":"https:\/\/www.camping-lyon.com\/it\/","name":"Camping de Lyon","description":"Un site utilisant Citykamp","potentialAction":[{"@type":"SearchAction","target":{"@type":"EntryPoint","urlTemplate":"https:\/\/www.camping-lyon.com\/it\/?s={search_term_string}"},"query-input":{"@type":"PropertyValueSpecification","valueRequired":true,"valueName":"search_term_string"}}],"inLanguage":"it-IT"}]}},"_links":{"self":[{"href":"https:\/\/www.camping-lyon.com\/it\/wp-json\/wp\/v2\/pages\/104","targetHints":{"allow":["GET"]}}],"collection":[{"href":"https:\/\/www.camping-lyon.com\/it\/wp-json\/wp\/v2\/pages"}],"about":[{"href":"https:\/\/www.camping-lyon.com\/it\/wp-json\/wp\/v2\/types\/page"}],"author":[{"embeddable":true,"href":"https:\/\/www.camping-lyon.com\/it\/wp-json\/wp\/v2\/users\/1"}],"replies":[{"embeddable":true,"href":"https:\/\/www.camping-lyon.com\/it\/wp-json\/wp\/v2\/comments?post=104"}],"version-history":[{"count":3,"href":"https:\/\/www.camping-lyon.com\/it\/wp-json\/wp\/v2\/pages\/104\/revisions"}],"predecessor-version":[{"id":12563,"href":"https:\/\/www.camping-lyon.com\/it\/wp-json\/wp\/v2\/pages\/104\/revisions\/12563"}],"wp:attachment":[{"href":"https:\/\/www.camping-lyon.com\/it\/wp-json\/wp\/v2\/media?parent=104"}],"curies":[{"name":"wp","href":"https:\/\/api.w.org\/{rel}","templated":true}]}}