{"id":12701,"date":"2023-11-07T14:36:54","date_gmt":"2023-11-07T13:36:54","guid":{"rendered":"https:\/\/www.camping-lyon.com\/fete-des-lumieres-lyon-8-decembre\/"},"modified":"2025-10-13T17:52:46","modified_gmt":"2025-10-13T15:52:46","slug":"festa-delle-luci-lione-8-dicembre","status":"publish","type":"page","link":"https:\/\/www.camping-lyon.com\/it\/festa-delle-luci-lione-8-dicembre\/","title":{"rendered":"F\u00eate des Lumi\u00e8res"},"content":{"rendered":"<div class=\"wpb-content-wrapper\"><p>[vc_row][vc_column][vc_empty_space]<img decoding=\"async\" class=\"header-img\" src=\"https:\/\/www.camping-lyon.com\/uploads\/sites\/3\/2023\/11\/citykamp-lyon-fete-des-lumieres-header.jpeg\"><div class=\"wrappedcontent\">[vc_column_text css=&#8221;&#8221;]<\/p>\n<h1 style=\"text-align: center;\"><strong>FESTA DELLE LUCI A LIONE<br \/>\n<span style=\"font-size: 24pt;\">INFORMAZIONI E PROGRAMMA DELL\u2019EDIZIONE 2025<\/span><br \/>\n<\/strong><\/h1>\n<p>[\/vc_column_text]<\/div>[\/vc_column][\/vc_row][vc_row css=&#8221;.vc_custom_1699363666591{background-color: rgba(232,78,27,0.2) !important;*background-color: rgb(232,78,27) !important;}&#8221;][vc_column]<div class=\"wrappedcontent\">[vc_column_text css=&#8221;&#8221;]<\/p>\n<h2 style=\"text-align: center;\"><strong>L\u20198 DICEMBRE: UN EVENTO EMBLEMATICO DELLA CITT\u00c0 DI LIONE<\/strong><\/h2>\n<p style=\"text-align: center;\"><span style=\"color: #e84e1b;\">dal 5 al 18 dicembre 2025<\/span><\/p>\n<p style=\"text-align: center;\"><span style=\"font-size: 14pt;\">Ogni anno, a inizio dicembre, <strong>Lione<\/strong>, la ville lumi\u00e8re nel dipartimento francese del Rodano, <strong>diventa teatro di un grande spettacolo di luci all\u2019aperto gratuito<\/strong>, con gigantesche installazioni e spettacoli mozzafiato. <\/span><\/p>\n<p style=\"text-align: center;\"><span style=\"font-size: 14pt;\">La Festa delle Luci di Lione (F\u00eate des Lumi\u00e8res) \u00e8 molto pi\u00f9 di un semplice evento: \u00e8 un\u2019esperienza sensoriale, culturale ed emozionante indimenticabile, che attira ogni anno milioni di visitatori. Preparati per rimanere a bocca aperta e vivere un\u2019esperienza indimenticabile!<\/span><\/p>\n<p>[\/vc_column_text]<div class=\"text-center btnwrap\"><a class=\"btn btn-huttopia-cta\" href=\"http:\/\/checkout.citykamp.com\/site\/it\/890\" role=\"button\" target=\"\" onclick=\"dataLayer.push({'event':'clickCity', 'clickText':'PRENOTA'})\">PRENOTA<\/a><\/div><\/div>[\/vc_column][\/vc_row][vc_row][vc_column]<div class=\"wrappedcontent\">[vc_column_text css=&#8221;&#8221;]<\/p>\n<h2 style=\"text-align: center;\">PROGRAMMA DELL\u2019EDIZIONE 2025<\/h2>\n<h3 style=\"text-align: center;\"><strong>ORARI E DATE DELLA FESTA DELLE LUCI 2025<\/strong><\/h3>\n<p style=\"text-align: center;\"><strong>Quest\u2019anno la Festa delle Luci si svolger\u00e0<\/strong><br \/>\n&#8211; da gioved\u00ec 5 a sabato 8 dicembre dalle 19 alle 23.<br \/>\n&#8211; e domenica 7 dicembre dalle 18 alle 22.<\/p>\n<p>[\/vc_column_text]<\/div>[\/vc_column][\/vc_row][vc_row css=&#8221;.vc_custom_1699364768644{background-color: rgba(232,78,27,0.2) !important;*background-color: rgb(232,78,27) !important;}&#8221;][vc_column]<div class=\"wrappedcontent\">[vc_column_text]<\/p>\n<h3 style=\"text-align: center;\"><strong>QUALI SONO I LUOGHI E GLI EVENTI DA NON PERDERE DELLA FESTA DELLE LUCI?<\/strong><\/h3>\n<p style=\"text-align: center;\"><span style=\"font-size: 14pt;\">Ecco l\u2019itinerario ideale per godersi al massimo la Festa: <\/span><\/p>\n<p>[\/vc_column_text][vc_row_inner gap=&#8221;30&#8243; css=&#8221;.vc_custom_1699435468668{margin-left: -0.5px !important;}&#8221;][vc_column_inner width=&#8221;1\/3&#8243;][vc_single_image image=&#8221;12601&#8243; img_size=&#8221;600*400&#8243; alignment=&#8221;center&#8221;][\/vc_column_inner][vc_column_inner width=&#8221;1\/3&#8243;][vc_single_image image=&#8221;12607&#8243; img_size=&#8221;600*400&#8243; alignment=&#8221;center&#8221;][\/vc_column_inner][vc_column_inner width=&#8221;1\/3&#8243;][vc_single_image image=&#8221;12613&#8243; img_size=&#8221;600*400&#8243; alignment=&#8221;center&#8221;][\/vc_column_inner][\/vc_row_inner][vc_empty_space][vc_column_text]<\/p>\n<ul>\n<li style=\"text-align: left;\"><em>Dalle 19<\/em>: Nel <strong>Vieux Lyon<\/strong>, la citt\u00e0 vecchia, passeggiando tra le caratteristiche stradine potrai ammirare le installazioni luminose sulla <strong>Cattedrale Saint-Jean<\/strong>.<\/li>\n<li style=\"text-align: left;\">In <strong>Place Bellecour<\/strong>, gli spettacoli di luci vengono proiettati su tutta la piazza e sulla grande ruota illuminata.<\/li>\n<li style=\"text-align: left;\">Altri spot da non perdere in citt\u00e0 sono la <strong>Rue de la Republique<\/strong>, la <strong>Place des Jacobins<\/strong>, la <strong>Place des C\u00e9lestins<\/strong> e il <strong>Grand H\u00f4tel-Dieu<\/strong>.<\/li>\n<li style=\"text-align: left;\">Troverai altre proiezioni in <strong>Place Louis-Pradel<\/strong>, accanto all\u2019<strong>Opera di Lione<\/strong>, sull\u2019<strong>H\u00f4tel de Ville<\/strong> e in <strong>Place des Terreaux<\/strong>, il nostro spot preferito: qui gli spettacoli sono sempre straordinari!<\/li>\n<li style=\"text-align: left;\">Potrai chiudere la serata in bellezza recandoti sulle <strong>rive della Saona<\/strong> per guardare le installazioni luminose sul <strong>Palazzo di Giustizia<\/strong> e godere di una vista unica sulla <strong>Basilica di Fourvi\u00e8re<\/strong>.<\/li>\n<\/ul>\n<p>[\/vc_column_text]<\/div>[\/vc_column][\/vc_row][vc_row][vc_column]<div class=\"wrappedcontent\">[vc_column_text]<\/p>\n<h3 style=\"text-align: center;\"><strong>ATTIVIT\u00c0 IN FAMIGLIA L\u20198 DICEMBRE<\/strong><\/h3>\n<p style=\"text-align: center;\">Partecipa alla <strong>fiaccolata<\/strong> che parte ogni anno davanti alla <strong>Cattedrale Saint-Jean<\/strong> verso le 18:30 e sale fino alla <strong>Basilica Notre-Dame de Fourvi\u00e8re<\/strong>, in cima all&#8217;omonima collinetta!<\/p>\n<p>[\/vc_column_text]<\/div>[\/vc_column][\/vc_row][vc_row css=&#8221;.vc_custom_1699365501258{background-color: rgba(232,78,27,0.2) !important;*background-color: rgb(232,78,27) !important;}&#8221;][vc_column]<div class=\"wrappedcontent\">[vc_column_text]<\/p>\n<h2 style=\"text-align: center;\">PREPARATIVI E CONSIGLI<\/h2>\n<h3 style=\"text-align: center;\"><strong>DOVE DORMIRE A LIONE DURANTE LA FESTA DELLE LUCI?<\/strong><\/h3>\n<p>[\/vc_column_text][vc_empty_space height=&#8221;60px&#8221;][vc_row_inner gap=&#8221;30&#8243; css=&#8221;.vc_custom_1699435490102{margin-left: -0.5px !important;}&#8221;][vc_column_inner width=&#8221;1\/6&#8243;][\/vc_column_inner][vc_column_inner width=&#8221;2\/6&#8243;][vc_single_image image=&#8221;12621&#8243; img_size=&#8221;600*400&#8243; alignment=&#8221;center&#8221; css=&#8221;.vc_custom_1699368315646{padding-bottom: 20px !important;}&#8221;][vc_single_image image=&#8221;12633&#8243; img_size=&#8221;600*400&#8243; alignment=&#8221;center&#8221; css=&#8221;.vc_custom_1699368328829{padding-top: 20px !important;}&#8221;][\/vc_column_inner][vc_column_inner width=&#8221;2\/6&#8243;][vc_single_image image=&#8221;12627&#8243; img_size=&#8221;600*400&#8243; alignment=&#8221;center&#8221; css=&#8221;.vc_custom_1699368321361{padding-bottom: 20px !important;}&#8221;][vc_single_image image=&#8221;12639&#8243; img_size=&#8221;600*400&#8243; alignment=&#8221;center&#8221; css=&#8221;.vc_custom_1699368334498{padding-top: 20px !important;}&#8221;][\/vc_column_inner][vc_column_inner width=&#8221;1\/6&#8243;][\/vc_column_inner][\/vc_row_inner][vc_empty_space][vc_column_text]<\/p>\n<h4 style=\"text-align: center;\"><strong>ALLOGGI O PIAZZOLE DA CAMPEGGIO DURANTE LA FESTA DELLE LUCI<\/strong><\/h4>\n<p style=\"text-align: center;\">Hai in programma di visitare la splendida citt\u00e0 di Lione per l\u20198 dicembre, durante la Festa delle Luci? Per il pernottamento, scegli il Camping de Lyon!<\/p>\n<p style=\"text-align: center;\"><a href=\"https:\/\/www.camping-lyon.com\/it\/alloggi-2\/\">Apprezza tutto il comfort dei nostri chalet, roulotte e mobil-home<\/a> che possono accogliere fino a 6 persone!<br \/>\nUn soggiorno spazioso, una cucina attrezzata e lenzuola e asciugamani inclusi. <strong>Tutto il comfort di una camera d\u2019albergo con in pi\u00f9 lo spazio e la natura!<\/strong><br \/>\nSe cerchi un soggiorno economico vicino alla natura, <a href=\"https:\/\/www.camping-lyon.com\/it\/piazzole\/\">scegli le nostre piazzole da campeggio<\/a> per parcheggiare il tuo van o camper durante la tua vacanza a Lione.<\/p>\n<p>[\/vc_column_text]<div class=\"text-center btnwrap\"><a class=\"btn btn-huttopia-cta\" href=\"http:\/\/checkout.citykamp.com\/site\/it\/890\" role=\"button\" target=\"\" onclick=\"dataLayer.push({'event':'clickCity', 'clickText':'PRENOTA'})\">PRENOTA<\/a><\/div><\/div>[\/vc_column][\/vc_row][vc_row][vc_column]<div class=\"wrappedcontent\">[vc_row_inner gap=&#8221;30&#8243; css=&#8221;.vc_custom_1699435497928{margin-left: -0.5px !important;}&#8221;][vc_column_inner width=&#8221;1\/3&#8243;][vc_single_image image=&#8221;12651&#8243; img_size=&#8221;600*400&#8243; alignment=&#8221;center&#8221;][\/vc_column_inner][vc_column_inner width=&#8221;2\/3&#8243;][vc_column_text]<\/p>\n<h4><strong><br \/>\nIL CENTRE DE VIE<\/strong><\/h4>\n<p>Dopo una giornata carica di visite e scoperte, <a href=\"https:\/\/www.camping-lyon.com\/it\/attivita-servizi\/\">potrai apprezzare il nostro Centre de Vie (l\u2019area comune)<\/a> accogliente e conviviale. Vieni al trovarci al bar del campeggio per riscaldarti con una buona cioccolata calda tra amici o in famiglia, e condividi momenti di qualit\u00e0 davanti a un <strong>gioco di societ\u00e0<\/strong> o una partita al <strong>biliardino<\/strong>![\/vc_column_text][\/vc_column_inner][\/vc_row_inner]<\/div>[\/vc_column][\/vc_row][vc_row css=&#8221;.vc_custom_1699371130227{background-color: rgba(232,78,27,0.2) !important;*background-color: rgb(232,78,27) !important;}&#8221;][vc_column]<div class=\"wrappedcontent\">[vc_column_text]<\/p>\n<h3 style=\"text-align: center;\"><strong>MUOVERSI IN TUTTA SEMPLICIT\u00c0, A DUE PASSI DALLA FESTA DELLE LUCI<\/strong><\/h3>\n<p>[\/vc_column_text][vc_row_inner gap=&#8221;30&#8243; css=&#8221;.vc_custom_1699435503892{margin-left: -0.5px !important;}&#8221;][vc_column_inner width=&#8221;1\/6&#8243;][\/vc_column_inner][vc_column_inner width=&#8221;2\/6&#8243;][vc_single_image image=&#8221;12657&#8243; img_size=&#8221;71*71&#8243; alignment=&#8221;center&#8221;][vc_column_text css=&#8221;.vc_custom_1699442129256{padding-top: 20px !important;}&#8221;]<\/p>\n<h4 style=\"text-align: center;\"><span style=\"font-size: 14pt;\"><strong>MEZZI PUBBLICI (rete TLC)<\/strong><\/span><\/h4>\n<p>[\/vc_column_text][vc_empty_space][vc_column_text css=&#8221;&#8221;]Il campeggio si trova nelle immediate vicinanze delle fermate dei mezzi pubblici.<br \/>\n8 dicembre i mezzi pubblici di Lione (rete TLC) sono gratuiti dalle ore 16.<br \/>\n&#8211; Dal 5 al 8 dicembre: i biglietti \u201cTLC en F\u00eate\u201d sono proposti (viaggi illimitati dalle ore 16).<br \/>\n&#8211; Altre opzioni: Biglietti per 24 ore, 48 ore o 72 ore : viaggi giornalieri illimitati.<br \/>\n&#8211; Biglietto famiglia 24 ore : viaggi giornalieri illimitati.<br \/>\n&#8211; Lyon City Card: valida per 1, 2, 3 o 4 giorni sui mezzi pubblici e per visitare la citt\u00e0.<br \/>\nMaggiori informazioni alla reception del campeggio.[\/vc_column_text][\/vc_column_inner][vc_column_inner width=&#8221;2\/6&#8243;][vc_single_image image=&#8221;12663&#8243; img_size=&#8221;71*71&#8243; alignment=&#8221;center&#8221;][vc_column_text css=&#8221;.vc_custom_1699442144932{padding-top: 20px !important;}&#8221;]<\/p>\n<h4 style=\"text-align: center;\"><span style=\"font-size: 14pt;\"><strong>IN AUTO<\/strong><\/span><\/h4>\n<p>[\/vc_column_text][vc_empty_space][vc_column_text]I parcheggi aperti durante la Festa delle Luci:<br \/>\n&#8211; Parking Op\u00e9ra <em>(Tholozan)<\/em><br \/>\n&#8211; Cordeliers <em>(uscita dei veicoli da Place des Cordeliers verso Quai Jean Moulin)<\/em><br \/>\n&#8211; Confluence<br \/>\n&#8211; Gros Caillou <em>(Croix-Rousse)<\/em><br \/>\n&#8211; Rozier<br \/>\n&#8211; Saint-Just<\/p>\n<p>Oltre ai 24 parcheggi di interscambio TCL aperti agli utenti della rete TCL.[\/vc_column_text][\/vc_column_inner][vc_column_inner width=&#8221;1\/6&#8243;][\/vc_column_inner][\/vc_row_inner]<\/div>[\/vc_column][\/vc_row][vc_row][vc_column]<div class=\"wrappedcontent\">[vc_column_text]<\/p>\n<h3 style=\"text-align: center;\"><strong>ORIGINE E SIGNIFICATO DELLA FESTA DELLE LUCI <\/strong><\/h3>\n<p>[\/vc_column_text][vc_empty_space][vc_column_text]Secondo la leggenda popolare, l&#8217;8 settembre 1643 il popolo di Lione implor\u00f2 la Vergine Maria di proteggere la citt\u00e0 dai terribili effetti della peste, che all&#8217;epoca dilagava. Lione venne effettivamente risparmiata dall\u2019epidemia: in segno di gratitudine, venne organizzato un pellegrinaggio annuale segnato dall\u20198 settembre.<\/p>\n<p>Nel 1850, le autorit\u00e0 religiose della citt\u00e0 decisero di organizzare un concorso per la creazione di una statua dedicata alla Vergine Maria, come simbolo della gratitudine del popolo lionese per la protezione ricevuta. Lo scultore Joseph-Hugues Fabisch si aggiudic\u00f2 la realizzazione della statua, che venne poi eretta sulla collina di Fourvi\u00e8re. La sua inaugurazione era stata inizialmente prevista per l\u20198 settembre 1852, una data simbolica nel calendario religioso. Tuttavia, i preparativi furono disturbati da un evento imprevisto: l\u2019esondazione della Saona, che allag\u00f2 la citt\u00e0 obbligando le autorit\u00e0 a rimandare l\u2019inaugurazione all\u20198 dicembre 1852.<\/p>\n<p>Arrivato il giorno tanto atteso dell\u2019inaugurazione, il maltempo sembrava minacciare nuovamente le celebrazioni. Le autorit\u00e0 religiose pensarono di annullare l\u2019evento a causa delle condizioni meteorologiche sfavorevoli. Tuttavia, con grande stupore di tutti, il cielo si schiar\u00ec improvvisamente. Sembrava che il cielo stesso volesse approvare l\u2019inaugurazione della statua! Con un gesto spontaneo, gli abitanti di Lione reagirono posizionando delle candele alle finestre, illuminando cos\u00ec tutta la citt\u00e0. Al calare della notte, Lione si era trasformata in un vero oceano di luci. Le autorit\u00e0 religiose seguirono rapidamente questa iniziativa illuminando la maestosa Basilica di Fourvi\u00e8re, e creando cos\u00ec una scena abbagliante nel buio della notte.<\/p>\n<p>Questo evento segner\u00e0 la nascita della Festa delle Luci, che da allora si svolge ogni anno l\u20198 dicembre.<\/p>\n<p>Dall\u20198 dicembre 1989, la citt\u00e0 inizi\u00f2 a illuminare anche i suoi monumenti pi\u00f9 emblematici. Dal 1999, la Festa delle Luci \u00e8 stata estesa a un periodo di 4 giorni in dicembre, diventando cos\u00ec una delle principali feste della citt\u00e0. Nel corso degli anni le installazioni sono diventate sempre pi\u00f9 spettacolari, vere prodezze artistiche realizzate da artisti di talento, specialisti delle luci, designer e registi di grande fama. La Festa delle Luci \u00e8 oggi un\u2019occasione imperdibile per i creatori del mondo intero, un evento che trasforma Lione in un palcoscenico di primo piano per l&#8217;arte della luce. La Festa \u00e8 diventata il principale evento mondiale dedicato alla luce, che attira a Lione visitatori da tutto il mondo per festeggiarne l\u2019arte e la bellezza.[\/vc_column_text][vc_empty_space][vc_row_inner gap=&#8221;30&#8243; css=&#8221;.vc_custom_1699435512018{margin-left: -0.5px !important;}&#8221;][vc_column_inner width=&#8221;1\/4&#8243;][\/vc_column_inner][vc_column_inner width=&#8221;1\/4&#8243;][vc_single_image image=&#8221;12669&#8243; img_size=&#8221;600*400&#8243; alignment=&#8221;center&#8221;][\/vc_column_inner][vc_column_inner width=&#8221;1\/4&#8243;][vc_single_image image=&#8221;12675&#8243; img_size=&#8221;600*400&#8243; alignment=&#8221;center&#8221;][\/vc_column_inner][vc_column_inner width=&#8221;1\/4&#8243;][\/vc_column_inner][\/vc_row_inner][vc_empty_space]<\/div>[\/vc_column][\/vc_row][vc_row css=&#8221;.vc_custom_1699372057076{background-color: rgba(232,78,27,0.2) !important;*background-color: rgb(232,78,27) !important;}&#8221;][vc_column]<div class=\"wrappedcontent\">[vc_column_text]<\/p>\n<h3 style=\"text-align: center;\"><strong>UNA TRADIZIONE CHE SI TRAMANDA<\/strong><\/h3>\n<p>[\/vc_column_text][vc_empty_space][vc_column_text]Dal 1852, ogni 8 dicembre gli abitanti di Lione accendono e posano sul davanzale delle finestre dei lumignon, ovvero lumini che vengono infilati in piccoli portacandele.<\/p>\n<p>Come ogni anno, la Festa delle Luci organizza la raccolta fondi Lumignons du Coeur a favore di un ente di beneficenza.[\/vc_column_text][vc_column_text]Vivi pienamente l\u2019esperienza della Festa delle Luci e impregnati della tradizione lionese! Per l\u2019occasione, pernotta nei pressi dell\u2019atmosfera incantata del centro citt\u00e0 e delle installazioni luminose, approfittando allo stesso tempo della tranquillit\u00e0 e del silenzio del Camping de Lyon, lontano dall\u2019agitazione delle masse.[\/vc_column_text]<div class=\"text-center btnwrap\"><a class=\"btn btn-huttopia-cta\" href=\"http:\/\/checkout.citykamp.com\/site\/it\/890\" role=\"button\" target=\"\" onclick=\"dataLayer.push({'event':'clickCity', 'clickText':'PRENOTA'})\">PRENOTA<\/a><\/div><\/div>[\/vc_column][\/vc_row]<\/p>\n<\/div>","protected":false},"excerpt":{"rendered":"<p>[vc_row][vc_column][vc_empty_space][\/vc_column][\/vc_row][vc_row css=&#8221;.vc_custom_1699363666591{background-color: rgba(232,78,27,0.2) !important;*background-color: rgb(232,78,27) !important;}&#8221;][vc_column][\/vc_column][\/vc_row][vc_row][vc_column][\/vc_column][\/vc_row][vc_row css=&#8221;.vc_custom_1699364768644{background-color: rgba(232,78,27,0.2) !important;*background-color: rgb(232,78,27) !important;}&#8221;][vc_column][\/vc_column][\/vc_row][vc_row][vc_column][\/vc_column][\/vc_row][vc_row css=&#8221;.vc_custom_1699365501258{background-color: rgba(232,78,27,0.2) !important;*background-color: rgb(232,78,27) !important;}&#8221;][vc_column][\/vc_column][\/vc_row][vc_row][vc_column][\/vc_column][\/vc_row][vc_row css=&#8221;.vc_custom_1699371130227{background-color: rgba(232,78,27,0.2) !important;*background-color: rgb(232,78,27) !important;}&#8221;][vc_column][\/vc_column][\/vc_row][vc_row][vc_column][\/vc_column][\/vc_row][vc_row css=&#8221;.vc_custom_1699372057076{background-color: rgba(232,78,27,0.2) !important;*background-color: rgb(232,78,27) !important;}&#8221;][vc_column][\/vc_column][\/vc_row]<\/p>\n","protected":false},"author":1,"featured_media":0,"parent":0,"menu_order":0,"comment_status":"closed","ping_status":"closed","template":"","meta":{"footnotes":""},"class_list":["post-12701","page","type-page","status-publish","hentry"],"yoast_head":"<!-- This site is optimized with the Yoast SEO plugin v25.6 - https:\/\/yoast.com\/wordpress\/plugins\/seo\/ -->\n<title>F\u00eate des Lumi\u00e8res a Lione, attivit\u00e0 e alloggi | Camping de Lyon<\/title>\n<meta name=\"description\" content=\"Volete vivere appieno l&#039;esperienza della F\u00eate des Lumi\u00e8res a Lione? Soggiornate in una piazzola o in un alloggio del campeggio di Lione.\" \/>\n<meta name=\"robots\" content=\"index, follow, max-snippet:-1, max-image-preview:large, max-video-preview:-1\" \/>\n<link rel=\"canonical\" href=\"https:\/\/www.camping-lyon.com\/it\/festa-delle-luci-lione-8-dicembre\/\" \/>\n<meta property=\"og:locale\" content=\"it_IT\" \/>\n<meta property=\"og:type\" content=\"article\" \/>\n<meta property=\"og:title\" content=\"F\u00eate des Lumi\u00e8res a Lione, attivit\u00e0 e alloggi | Camping de Lyon\" \/>\n<meta property=\"og:description\" content=\"Volete vivere appieno l&#039;esperienza della F\u00eate des Lumi\u00e8res a Lione? Soggiornate in una piazzola o in un alloggio del campeggio di Lione.\" \/>\n<meta property=\"og:url\" content=\"https:\/\/www.camping-lyon.com\/it\/festa-delle-luci-lione-8-dicembre\/\" \/>\n<meta property=\"og:site_name\" content=\"Camping de Lyon\" \/>\n<meta property=\"article:modified_time\" content=\"2025-10-13T15:52:46+00:00\" \/>\n<meta name=\"twitter:card\" content=\"summary_large_image\" \/>\n<meta name=\"twitter:label1\" content=\"Est. reading time\" \/>\n\t<meta name=\"twitter:data1\" content=\"10 minuti\" \/>\n<script type=\"application\/ld+json\" class=\"yoast-schema-graph\">{\"@context\":\"https:\/\/schema.org\",\"@graph\":[{\"@type\":\"WebPage\",\"@id\":\"https:\/\/www.camping-lyon.com\/it\/festa-delle-luci-lione-8-dicembre\/\",\"url\":\"https:\/\/www.camping-lyon.com\/it\/festa-delle-luci-lione-8-dicembre\/\",\"name\":\"F\u00eate des Lumi\u00e8res a Lione, attivit\u00e0 e alloggi | Camping de Lyon\",\"isPartOf\":{\"@id\":\"https:\/\/www.camping-lyon.com\/it\/#website\"},\"datePublished\":\"2023-11-07T13:36:54+00:00\",\"dateModified\":\"2025-10-13T15:52:46+00:00\",\"description\":\"Volete vivere appieno l'esperienza della F\u00eate des Lumi\u00e8res a Lione? Soggiornate in una piazzola o in un alloggio del campeggio di Lione.\",\"breadcrumb\":{\"@id\":\"https:\/\/www.camping-lyon.com\/it\/festa-delle-luci-lione-8-dicembre\/#breadcrumb\"},\"inLanguage\":\"it-IT\",\"potentialAction\":[{\"@type\":\"ReadAction\",\"target\":[\"https:\/\/www.camping-lyon.com\/it\/festa-delle-luci-lione-8-dicembre\/\"]}]},{\"@type\":\"BreadcrumbList\",\"@id\":\"https:\/\/www.camping-lyon.com\/it\/festa-delle-luci-lione-8-dicembre\/#breadcrumb\",\"itemListElement\":[{\"@type\":\"ListItem\",\"position\":1,\"name\":\"Accueil\",\"item\":\"https:\/\/www.camping-lyon.com\/it\/\"},{\"@type\":\"ListItem\",\"position\":2,\"name\":\"F\u00eate des Lumi\u00e8res\"}]},{\"@type\":\"WebSite\",\"@id\":\"https:\/\/www.camping-lyon.com\/it\/#website\",\"url\":\"https:\/\/www.camping-lyon.com\/it\/\",\"name\":\"Camping de Lyon\",\"description\":\"Un site utilisant Citykamp\",\"potentialAction\":[{\"@type\":\"SearchAction\",\"target\":{\"@type\":\"EntryPoint\",\"urlTemplate\":\"https:\/\/www.camping-lyon.com\/it\/?s={search_term_string}\"},\"query-input\":{\"@type\":\"PropertyValueSpecification\",\"valueRequired\":true,\"valueName\":\"search_term_string\"}}],\"inLanguage\":\"it-IT\"}]}<\/script>\n<!-- \/ Yoast SEO plugin. -->","yoast_head_json":{"title":"F\u00eate des Lumi\u00e8res a Lione, attivit\u00e0 e alloggi | Camping de Lyon","description":"Volete vivere appieno l'esperienza della F\u00eate des Lumi\u00e8res a Lione? Soggiornate in una piazzola o in un alloggio del campeggio di Lione.","robots":{"index":"index","follow":"follow","max-snippet":"max-snippet:-1","max-image-preview":"max-image-preview:large","max-video-preview":"max-video-preview:-1"},"canonical":"https:\/\/www.camping-lyon.com\/it\/festa-delle-luci-lione-8-dicembre\/","og_locale":"it_IT","og_type":"article","og_title":"F\u00eate des Lumi\u00e8res a Lione, attivit\u00e0 e alloggi | Camping de Lyon","og_description":"Volete vivere appieno l'esperienza della F\u00eate des Lumi\u00e8res a Lione? Soggiornate in una piazzola o in un alloggio del campeggio di Lione.","og_url":"https:\/\/www.camping-lyon.com\/it\/festa-delle-luci-lione-8-dicembre\/","og_site_name":"Camping de Lyon","article_modified_time":"2025-10-13T15:52:46+00:00","twitter_card":"summary_large_image","twitter_misc":{"Est. reading time":"10 minuti"},"schema":{"@context":"https:\/\/schema.org","@graph":[{"@type":"WebPage","@id":"https:\/\/www.camping-lyon.com\/it\/festa-delle-luci-lione-8-dicembre\/","url":"https:\/\/www.camping-lyon.com\/it\/festa-delle-luci-lione-8-dicembre\/","name":"F\u00eate des Lumi\u00e8res a Lione, attivit\u00e0 e alloggi | Camping de Lyon","isPartOf":{"@id":"https:\/\/www.camping-lyon.com\/it\/#website"},"datePublished":"2023-11-07T13:36:54+00:00","dateModified":"2025-10-13T15:52:46+00:00","description":"Volete vivere appieno l'esperienza della F\u00eate des Lumi\u00e8res a Lione? Soggiornate in una piazzola o in un alloggio del campeggio di Lione.","breadcrumb":{"@id":"https:\/\/www.camping-lyon.com\/it\/festa-delle-luci-lione-8-dicembre\/#breadcrumb"},"inLanguage":"it-IT","potentialAction":[{"@type":"ReadAction","target":["https:\/\/www.camping-lyon.com\/it\/festa-delle-luci-lione-8-dicembre\/"]}]},{"@type":"BreadcrumbList","@id":"https:\/\/www.camping-lyon.com\/it\/festa-delle-luci-lione-8-dicembre\/#breadcrumb","itemListElement":[{"@type":"ListItem","position":1,"name":"Accueil","item":"https:\/\/www.camping-lyon.com\/it\/"},{"@type":"ListItem","position":2,"name":"F\u00eate des Lumi\u00e8res"}]},{"@type":"WebSite","@id":"https:\/\/www.camping-lyon.com\/it\/#website","url":"https:\/\/www.camping-lyon.com\/it\/","name":"Camping de Lyon","description":"Un site utilisant Citykamp","potentialAction":[{"@type":"SearchAction","target":{"@type":"EntryPoint","urlTemplate":"https:\/\/www.camping-lyon.com\/it\/?s={search_term_string}"},"query-input":{"@type":"PropertyValueSpecification","valueRequired":true,"valueName":"search_term_string"}}],"inLanguage":"it-IT"}]}},"_links":{"self":[{"href":"https:\/\/www.camping-lyon.com\/it\/wp-json\/wp\/v2\/pages\/12701","targetHints":{"allow":["GET"]}}],"collection":[{"href":"https:\/\/www.camping-lyon.com\/it\/wp-json\/wp\/v2\/pages"}],"about":[{"href":"https:\/\/www.camping-lyon.com\/it\/wp-json\/wp\/v2\/types\/page"}],"author":[{"embeddable":true,"href":"https:\/\/www.camping-lyon.com\/it\/wp-json\/wp\/v2\/users\/1"}],"replies":[{"embeddable":true,"href":"https:\/\/www.camping-lyon.com\/it\/wp-json\/wp\/v2\/comments?post=12701"}],"version-history":[{"count":3,"href":"https:\/\/www.camping-lyon.com\/it\/wp-json\/wp\/v2\/pages\/12701\/revisions"}],"predecessor-version":[{"id":13348,"href":"https:\/\/www.camping-lyon.com\/it\/wp-json\/wp\/v2\/pages\/12701\/revisions\/13348"}],"wp:attachment":[{"href":"https:\/\/www.camping-lyon.com\/it\/wp-json\/wp\/v2\/media?parent=12701"}],"curies":[{"name":"wp","href":"https:\/\/api.w.org\/{rel}","templated":true}]}}