{"id":101,"date":"2018-01-04T17:29:53","date_gmt":"2018-01-04T16:29:53","guid":{"rendered":"http:\/\/www.citykamp.com\/lyon\/nl\/region\/"},"modified":"2023-10-26T11:38:28","modified_gmt":"2023-10-26T09:38:28","slug":"regio","status":"publish","type":"page","link":"https:\/\/www.camping-lyon.com\/nl\/regio\/","title":{"rendered":"R\u00e9gion"},"content":{"rendered":"<div class=\"wpb-content-wrapper\"><p>[vc_row][vc_column][vc_single_image image=&#8221;12455&#8243; img_size=&#8221;1900&#215;500&#8243;][\/vc_column][\/vc_row][vc_row][vc_column]<div class=\"wrappedcontent\">[vc_column_text]<\/p>\n<h1 style=\"text-align: center;\"><strong>OP ONTDEKKINGSTOCHT IN LYON EN OMGEVING!<\/strong><\/h1>\n<p style=\"text-align: center;\">Lyon is de belangrijkste stad in de regio Rh\u00f4ne-Alpes en is gunstig gelegen in het hart van de Rh\u00f4ne-vallei. In het noorden grenst de stad aan de Beaujolaisstreek, in het westen aan de \u2018Monts du Lyonnais\u2019, en in het oosten en noorden aan de laagvlakte van de Dombes en de Is\u00e8re. Lyon is kunst en cultuur, tradities, maar ook gastronomie. Als u door de stad flaneert, ontdekt u via de musea en historische locaties twee duizend jaar buitengewoon architecturaal erfgoed.<\/p>\n<p>[\/vc_column_text]<\/div>[\/vc_column][\/vc_row][vc_row css=&#8221;.vc_custom_1698246115393{background-color: rgba(232,78,27,0.2) !important;*background-color: rgb(232,78,27) !important;}&#8221;][vc_column]<div class=\"wrappedcontent\">[vc_column_text]<\/p>\n<h2 style=\"text-align: center;\"><strong>DE MUST-SEES IN LYON<\/strong><\/h2>\n<p>[\/vc_column_text][vc_empty_space][vc_row_inner gap=&#8221;30&#8243; css=&#8221;.vc_custom_1698246799371{margin-left: -0.5px !important;}&#8221;][vc_column_inner width=&#8221;1\/4&#8243;][vc_single_image image=&#8221;1706&#8243; img_size=&#8221;600*400&#8243; alignment=&#8221;center&#8221;][vc_empty_space][vc_column_text]<\/p>\n<h3 style=\"text-align: center;\"><strong><span style=\"font-size: 14pt;\">SAINT-JEAN KATHEDRAAL<\/span><\/strong><\/h3>\n<p>[\/vc_column_text][vc_empty_space][vc_column_text]<\/p>\n<p style=\"text-align: center;\">Groot middeleeuws monument in de wijk Vieux Lyon.<\/p>\n<p>[\/vc_column_text][\/vc_column_inner][vc_column_inner width=&#8221;1\/4&#8243;][vc_single_image image=&#8221;12473&#8243; img_size=&#8221;600*400&#8243; alignment=&#8221;center&#8221;][vc_empty_space][vc_column_text]<\/p>\n<h3 style=\"text-align: center;\"><strong><span style=\"font-size: 14pt;\">TH\u00c9\u00c2TRE DES C\u00c9LESTINS<\/span><\/strong><\/h3>\n<p>[\/vc_column_text][vc_empty_space][vc_column_text]<\/p>\n<p style=\"text-align: center;\">Neem uw kinderen mee naar een van de theaters in Lyon: Croix-Rousse, Saint-Jean\u2026<\/p>\n<p>[\/vc_column_text][\/vc_column_inner][vc_column_inner width=&#8221;1\/4&#8243;][vc_single_image image=&#8221;12461&#8243; img_size=&#8221;600*400&#8243; alignment=&#8221;center&#8221;][vc_empty_space][vc_column_text]<\/p>\n<h3 style=\"text-align: center;\"><strong><span style=\"font-size: 14pt;\">DE FOURVI\u00c8RE HEUVEL<\/span><\/strong><\/h3>\n<p>[\/vc_column_text][vc_empty_space][vc_column_text]<\/p>\n<p style=\"text-align: center;\">De basiliek en de Romeinse theaters.<\/p>\n<p>[\/vc_column_text][\/vc_column_inner][vc_column_inner width=&#8221;1\/4&#8243;][vc_single_image image=&#8221;12467&#8243; img_size=&#8221;600*400&#8243; alignment=&#8221;center&#8221;][vc_empty_space][vc_column_text]<\/p>\n<h3 style=\"text-align: center;\"><strong><span style=\"font-size: 14pt;\">MUSEUM VAN DE SCHONE KUNSTEN<br \/>\nPLACE DES TERREAUX<\/span><\/strong><\/h3>\n<p>[\/vc_column_text][vc_empty_space][vc_column_text]<\/p>\n<p style=\"text-align: center;\">En natuurlijke het museum voor eigentijdse kunst, het Institut Lumi\u00e8re, het Gallo-Romeins museum&#8230;<\/p>\n<p>[\/vc_column_text][\/vc_column_inner][\/vc_row_inner]<\/div>[\/vc_column][\/vc_row][vc_row][vc_column]<div class=\"wrappedcontent\">[vc_column_text]<\/p>\n<h2 style=\"text-align: center;\"><strong>LYON STAAT OP DE UNESCO LIJST VAN WERELDERFGOED<\/strong><\/h2>\n<p>[\/vc_column_text][vc_empty_space][vc_row_inner gap=&#8221;30&#8243; css=&#8221;.vc_custom_1698246052464{margin-left: -0.5px !important;}&#8221;][vc_column_inner width=&#8221;1\/3&#8243;][vc_single_image image=&#8221;12480&#8243; img_size=&#8221;600*400&#8243; alignment=&#8221;center&#8221;][vc_empty_space][vc_column_text]<\/p>\n<h3 style=\"text-align: center;\"><strong><span style=\"font-size: 14pt;\">MUS\u00c9E DES CONFLUENCES<\/span><\/strong><\/h3>\n<p>[\/vc_column_text][vc_empty_space][vc_column_text]<\/p>\n<p style=\"text-align: center;\">Het Mus\u00e9e des Confluences heeft een bijzondere architectuur en ligt op het punt waar de Rh\u00f4ne en de Sa\u00f4ne samenkomen. Een natuurhistorisch, antropologisch, maatschappelijk en volkeren museum, dat leuk is voor het hele gezin met talloze exposities.<\/p>\n<p>[\/vc_column_text][\/vc_column_inner][vc_column_inner width=&#8221;1\/3&#8243;][vc_single_image image=&#8221;1736&#8243; img_size=&#8221;600*400&#8243; alignment=&#8221;center&#8221;][vc_empty_space][vc_column_text]<\/p>\n<h3 style=\"text-align: center;\"><span style=\"font-size: 14pt;\"><strong>F\u00caTE DES LUMI\u00c8RES<\/strong><br \/>\n<\/span><\/h3>\n<p>[\/vc_column_text][vc_empty_space][vc_column_text]<\/p>\n<p style=\"text-align: center;\">Een religieuze viering uit de 19e eeuw die elk jaar rond 8 december plaatsvindt. Dit is een evenement dat jaarlijks 4 miljoen bezoekers trekt. Avondvoorstellingen en lichtjes laten de stad prachtig schitteren!<\/p>\n<p>[\/vc_column_text][\/vc_column_inner][vc_column_inner width=&#8221;1\/3&#8243;][vc_single_image image=&#8221;12487&#8243; img_size=&#8221;600*400&#8243; alignment=&#8221;center&#8221;][vc_empty_space][vc_column_text]<\/p>\n<h3 style=\"text-align: center;\"><strong><span style=\"font-size: 14pt;\">BEAUJOLAIS EN GOUDGELE STENEN<\/span><\/strong><\/h3>\n<p>[\/vc_column_text][vc_empty_space][vc_column_text]<\/p>\n<p style=\"text-align: center;\">Wereldwijd beroemde primeur wijn Dorpjes met huizen van goudgele natuursteen, kastelen en vestingwerken, wijngaarden&#8230;. een prachtige regio om te ontdekken!<\/p>\n<p>[\/vc_column_text][\/vc_column_inner][\/vc_row_inner][vc_row_inner gap=&#8221;30&#8243; css=&#8221;.vc_custom_1698246046578{margin-left: -0.5px !important;}&#8221;][vc_column_inner width=&#8221;1\/3&#8243;][vc_single_image image=&#8221;12493&#8243; img_size=&#8221;600*400&#8243; alignment=&#8221;center&#8221;][vc_empty_space][vc_column_text]<\/p>\n<h3 style=\"text-align: center;\"><strong><span style=\"font-size: 14pt;\">SHOPPING UITSTAPJE<\/span><\/strong><\/h3>\n<p>[\/vc_column_text][vc_empty_space][vc_column_text]<\/p>\n<p style=\"text-align: center;\">2600 heel diverse winkels die u kunt vinden op het Presqu\u2019\u00eele, in Part-Dieu en in het nieuwe commerci\u00eble centrum van Confluence.<\/p>\n<p>[\/vc_column_text][\/vc_column_inner][vc_column_inner width=&#8221;1\/3&#8243;][vc_single_image image=&#8221;1696&#8243; img_size=&#8221;600*400&#8243; alignment=&#8221;center&#8221;][vc_empty_space][vc_column_text]<\/p>\n<h3 style=\"text-align: center;\"><strong><span style=\"font-size: 14pt;\">DE OEVERS VAN DE RH\u00d4NE<\/span><\/strong><\/h3>\n<p>[\/vc_column_text][vc_empty_space][vc_column_text]<\/p>\n<p style=\"text-align: center;\">Tussen de Rh\u00f4ne en de Sa\u00f4ne kunt u op de aangelegde oevers genieten aan de waterkant!<\/p>\n<p>[\/vc_column_text][\/vc_column_inner][vc_column_inner width=&#8221;1\/3&#8243;][vc_single_image image=&#8221;12499&#8243; img_size=&#8221;600*400&#8243; alignment=&#8221;center&#8221;][vc_empty_space][vc_column_text]<\/p>\n<h3 style=\"text-align: center;\"><strong><span style=\"font-size: 14pt;\">BARTHOLDI FONTEIN<\/span><\/strong><\/h3>\n<p>[\/vc_column_text][vc_empty_space][vc_column_text]<\/p>\n<p style=\"text-align: center;\">Het Presqu&#8217;\u00eele heeft talloze schatten\u2026<br \/>\nDe fontein bevindt zich op de Place des Terreaux<\/p>\n<p>[\/vc_column_text][\/vc_column_inner][\/vc_row_inner]<\/div>[\/vc_column][\/vc_row][vc_row css=&#8221;.vc_custom_1698246230611{background-color: rgba(232,78,27,0.2) !important;*background-color: rgb(232,78,27) !important;}&#8221;][vc_column]<div class=\"wrappedcontent\">[vc_column_text]<\/p>\n<h2 style=\"text-align: center;\"><strong>EEN STAD OM MET HET GEZIN TE ONTDEKKEN<\/strong><\/h2>\n<p>[\/vc_column_text][vc_empty_space][vc_row_inner gap=&#8221;30&#8243; css=&#8221;.vc_custom_1698246835298{margin-left: -0.5px !important;}&#8221;][vc_column_inner width=&#8221;1\/4&#8243;][vc_single_image image=&#8221;12505&#8243; img_size=&#8221;600*400&#8243; alignment=&#8221;center&#8221;][vc_empty_space][vc_column_text]<\/p>\n<h3 style=\"text-align: center;\"><span style=\"font-size: 14pt;\"><strong>PARC DE LA T\u00caTE D\u2019OR<\/strong><br \/>\n<\/span><\/h3>\n<p>[\/vc_column_text][vc_empty_space][vc_column_text]<\/p>\n<p style=\"text-align: center;\">Dit is een park met een mooie dierentuin en tropische kassen.<\/p>\n<p>[\/vc_column_text][\/vc_column_inner][vc_column_inner width=&#8221;1\/4&#8243;][vc_single_image image=&#8221;12511&#8243; img_size=&#8221;600*400&#8243; alignment=&#8221;center&#8221;][vc_empty_space][vc_column_text]<\/p>\n<h3 style=\"text-align: center;\"><span style=\"font-size: 14pt;\"><strong>DE WIJK VIEUX LYON<\/strong><br \/>\n<\/span><\/h3>\n<p>[\/vc_column_text][vc_empty_space][vc_column_text]<\/p>\n<p style=\"text-align: center;\">De &#8216;bouchons lyonnais&#8217;, de &#8216;traboules&#8217; staan garant voor een bezoek vol tradities en gezelligheid!<\/p>\n<p>[\/vc_column_text][\/vc_column_inner][vc_column_inner width=&#8221;1\/4&#8243;][vc_single_image image=&#8221;1701&#8243; img_size=&#8221;600*400&#8243; alignment=&#8221;center&#8221;][vc_empty_space][vc_column_text]<\/p>\n<h3 style=\"text-align: center;\"><span style=\"font-size: 14pt;\"><strong>PRALINES<\/strong><br \/>\n<\/span><\/h3>\n<p>[\/vc_column_text][vc_empty_space][vc_column_text]<\/p>\n<p style=\"text-align: center;\">In een brioche, een &#8216;croquant&#8217;, een taart of &#8216;natuur&#8217;, overheerlijk in elke vorm!<\/p>\n<p>[\/vc_column_text][\/vc_column_inner][vc_column_inner width=&#8221;1\/4&#8243;][vc_single_image image=&#8221;1716&#8243; img_size=&#8221;600*400&#8243; alignment=&#8221;center&#8221;][vc_empty_space][vc_column_text]<\/p>\n<h3 style=\"text-align: center;\"><span style=\"font-size: 14pt;\"><strong>GUIGNOL<\/strong><br \/>\n<\/span><\/h3>\n<p>[\/vc_column_text][vc_empty_space][vc_column_text]<\/p>\n<p style=\"text-align: center;\">Deze poppenkastvoorstelling maakt deel uit van het culturele erfgoed en Guignol is een emblematisch personage in Lyon.<\/p>\n<p>[\/vc_column_text][\/vc_column_inner][\/vc_row_inner]<\/div>[\/vc_column][\/vc_row][vc_row][vc_column]<div class=\"wrappedcontent\">[vc_row_inner equal_height=&#8221;yes&#8221; content_placement=&#8221;middle&#8221; gap=&#8221;20&#8243; css=&#8221;.vc_custom_1524658721266{margin-left: -0.5px !important;}&#8221;][vc_column_inner width=&#8221;1\/3&#8243; css=&#8221;.vc_custom_1698246857337{background-color: rgba(232,78,27,0.2) !important;*background-color: rgb(232,78,27) !important;}&#8221;][vc_single_image image=&#8221;12535&#8243; img_size=&#8221;71*71&#8243; alignment=&#8221;center&#8221; onclick=&#8221;custom_link&#8221; link=&#8221;https:\/\/media.huttopia.com\/destinations\/lyon\/plan-camping-citykamp-lyon.pdf&#8221;][vc_column_text css=&#8221;.vc_custom_1698310287590{padding-top: 25px !important;padding-right: 15px !important;padding-bottom: 15px !important;padding-left: 15px !important;}&#8221;]<\/p>\n<p style=\"text-align: center;\"><a href=\"https:\/\/media.huttopia.com\/destinations\/lyon\/plan-camping-citykamp-lyon.pdf\" target=\"_blank\" rel=\"noopener\"><strong>Plattegrond van de camping<\/strong><\/a><\/p>\n<p>[\/vc_column_text][\/vc_column_inner][vc_column_inner width=&#8221;1\/3&#8243; css=&#8221;.vc_custom_1698246870350{background-color: rgba(232,78,27,0.2) !important;*background-color: rgb(232,78,27) !important;}&#8221;][vc_single_image image=&#8221;12529&#8243; img_size=&#8221;71*71&#8243; alignment=&#8221;center&#8221; onclick=&#8221;custom_link&#8221; link=&#8221;https:\/\/checkout.citykamp.com\/7\/nl\/&#8221;][vc_column_text css=&#8221;.vc_custom_1698312528575{padding-top: 25px !important;padding-right: 15px !important;padding-bottom: 15px !important;padding-left: 15px !important;}&#8221;]<\/p>\n<p style=\"text-align: center;\"><a href=\"https:\/\/checkout.citykamp.com\/7\/nl\/\"><strong>Reserveer uw verblijf<\/strong><\/a><\/p>\n<p>[\/vc_column_text][\/vc_column_inner][vc_column_inner width=&#8221;1\/3&#8243; css=&#8221;.vc_custom_1698246878940{background-color: rgba(232,78,27,0.2) !important;*background-color: rgb(232,78,27) !important;}&#8221;][vc_single_image image=&#8221;12541&#8243; img_size=&#8221;71*71&#8243; alignment=&#8221;center&#8221; onclick=&#8221;custom_link&#8221; link=&#8221;https:\/\/goo.gl\/maps\/HE8uVSAqvh52&#8243;][vc_column_text css=&#8221;.vc_custom_1698310615853{padding-top: 25px !important;padding-right: 15px !important;padding-bottom: 15px !important;padding-left: 15px !important;}&#8221;]<\/p>\n<p style=\"text-align: center;\"><a href=\"https:\/\/goo.gl\/maps\/HE8uVSAqvh52\"><strong>Route<\/strong><\/a><\/p>\n<p>[\/vc_column_text][\/vc_column_inner][\/vc_row_inner]<\/div>[\/vc_column][\/vc_row][vc_row css=&#8221;.vc_custom_1698246912338{background-color: rgba(232,78,27,0.2) !important;*background-color: rgb(232,78,27) !important;}&#8221;][vc_column css=&#8221;.vc_custom_1524658156681{margin-top: -30px !important;margin-bottom: -30px !important;}&#8221;]<div class=\"wrappedcontent\">[vc_column_text]<\/p>\n<p style=\"text-align: left;\"><strong><span style=\"font-size: 14pt;\">Foto\u2019s van de regio het Camping van Lyon<\/span><\/strong><\/p>\n<p>[\/vc_column_text][vc_empty_space height=&#8221;18px&#8221;][vc_masonry_media_grid style=&#8221;load-more&#8221; items_per_page=&#8221;4&#8243; element_width=&#8221;3&#8243; gap=&#8221;10&#8243; item=&#8221;1083&#8243; btn_title=&#8221;MEER ZIEN&#8221; btn_style=&#8221;custom&#8221; btn_custom_background=&#8221;#e84e1b&#8221; btn_custom_text=&#8221;#ffffff&#8221; btn_shape=&#8221;square&#8221; btn_i_icon_fontawesome=&#8221;fab fa-accessible-icon&#8221; btn_add_icon=&#8221;true&#8221; grid_id=&#8221;vc_gid:1698313059171-b3ff84c6-aafd-2&#8243; include=&#8221;12518,3266,3246,3316,3256,3346,3261,3321,3241,3251,3301,3281,3276,3271,3311,3326,3291,3331,3306,3336,3341&#8243;]<\/div>[\/vc_column][\/vc_row]<\/p>\n<\/div>","protected":false},"excerpt":{"rendered":"<p>[vc_row][vc_column][vc_single_image image=&#8221;12455&#8243; img_size=&#8221;1900&#215;500&#8243;][\/vc_column][\/vc_row][vc_row][vc_column][\/vc_column][\/vc_row][vc_row css=&#8221;.vc_custom_1698246115393{background-color: rgba(232,78,27,0.2) !important;*background-color: rgb(232,78,27) !important;}&#8221;][vc_column][\/vc_column][\/vc_row][vc_row][vc_column][\/vc_column][\/vc_row][vc_row css=&#8221;.vc_custom_1698246230611{background-color: rgba(232,78,27,0.2) !important;*background-color: rgb(232,78,27) !important;}&#8221;][vc_column][\/vc_column][\/vc_row][vc_row][vc_column][\/vc_column][\/vc_row][vc_row css=&#8221;.vc_custom_1698246912338{background-color: rgba(232,78,27,0.2) !important;*background-color: rgb(232,78,27) !important;}&#8221;][vc_column css=&#8221;.vc_custom_1524658156681{margin-top: -30px !important;margin-bottom: -30px !important;}&#8221;][\/vc_column][\/vc_row]<\/p>\n","protected":false},"author":1,"featured_media":0,"parent":0,"menu_order":0,"comment_status":"closed","ping_status":"closed","template":"","meta":{"footnotes":""},"class_list":["post-101","page","type-page","status-publish","hentry"],"yoast_head":"<!-- This site is optimized with the Yoast SEO plugin v25.6 - https:\/\/yoast.com\/wordpress\/plugins\/seo\/ -->\n<title>Ontdek de regio Lyon | De camping van Lyon<\/title>\n<meta name=\"description\" content=\"De stad Lyon staat op de Werelderfgoedlijst van UNESCO en geniet een bevoorrechte positie in het hart van de Rh\u00f4ne-vallei. Ontdek deze unieke stad!\" \/>\n<meta name=\"robots\" content=\"index, follow, max-snippet:-1, max-image-preview:large, max-video-preview:-1\" \/>\n<link rel=\"canonical\" href=\"https:\/\/www.camping-lyon.com\/nl\/regio\/\" \/>\n<meta property=\"og:locale\" content=\"nl_NL\" \/>\n<meta property=\"og:type\" content=\"article\" \/>\n<meta property=\"og:title\" content=\"Ontdek de regio Lyon | De camping van Lyon\" \/>\n<meta property=\"og:description\" content=\"De stad Lyon staat op de Werelderfgoedlijst van UNESCO en geniet een bevoorrechte positie in het hart van de Rh\u00f4ne-vallei. Ontdek deze unieke stad!\" \/>\n<meta property=\"og:url\" content=\"https:\/\/www.camping-lyon.com\/nl\/regio\/\" \/>\n<meta property=\"og:site_name\" content=\"Camping de Lyon\" \/>\n<meta property=\"article:modified_time\" content=\"2023-10-26T09:38:28+00:00\" \/>\n<meta name=\"twitter:card\" content=\"summary_large_image\" \/>\n<meta name=\"twitter:label1\" content=\"Est. reading time\" \/>\n\t<meta name=\"twitter:data1\" content=\"4 minuten\" \/>\n<script type=\"application\/ld+json\" class=\"yoast-schema-graph\">{\"@context\":\"https:\/\/schema.org\",\"@graph\":[{\"@type\":\"WebPage\",\"@id\":\"https:\/\/www.camping-lyon.com\/nl\/regio\/\",\"url\":\"https:\/\/www.camping-lyon.com\/nl\/regio\/\",\"name\":\"Ontdek de regio Lyon | De camping van Lyon\",\"isPartOf\":{\"@id\":\"https:\/\/www.camping-lyon.com\/nl\/#website\"},\"datePublished\":\"2018-01-04T16:29:53+00:00\",\"dateModified\":\"2023-10-26T09:38:28+00:00\",\"description\":\"De stad Lyon staat op de Werelderfgoedlijst van UNESCO en geniet een bevoorrechte positie in het hart van de Rh\u00f4ne-vallei. Ontdek deze unieke stad!\",\"breadcrumb\":{\"@id\":\"https:\/\/www.camping-lyon.com\/nl\/regio\/#breadcrumb\"},\"inLanguage\":\"nl\",\"potentialAction\":[{\"@type\":\"ReadAction\",\"target\":[\"https:\/\/www.camping-lyon.com\/nl\/regio\/\"]}]},{\"@type\":\"BreadcrumbList\",\"@id\":\"https:\/\/www.camping-lyon.com\/nl\/regio\/#breadcrumb\",\"itemListElement\":[{\"@type\":\"ListItem\",\"position\":1,\"name\":\"Accueil\",\"item\":\"https:\/\/www.camping-lyon.com\/nl\/\"},{\"@type\":\"ListItem\",\"position\":2,\"name\":\"R\u00e9gion\"}]},{\"@type\":\"WebSite\",\"@id\":\"https:\/\/www.camping-lyon.com\/nl\/#website\",\"url\":\"https:\/\/www.camping-lyon.com\/nl\/\",\"name\":\"Camping de Lyon\",\"description\":\"Un site utilisant Citykamp\",\"potentialAction\":[{\"@type\":\"SearchAction\",\"target\":{\"@type\":\"EntryPoint\",\"urlTemplate\":\"https:\/\/www.camping-lyon.com\/nl\/?s={search_term_string}\"},\"query-input\":{\"@type\":\"PropertyValueSpecification\",\"valueRequired\":true,\"valueName\":\"search_term_string\"}}],\"inLanguage\":\"nl\"}]}<\/script>\n<!-- \/ Yoast SEO plugin. -->","yoast_head_json":{"title":"Ontdek de regio Lyon | De camping van Lyon","description":"De stad Lyon staat op de Werelderfgoedlijst van UNESCO en geniet een bevoorrechte positie in het hart van de Rh\u00f4ne-vallei. Ontdek deze unieke stad!","robots":{"index":"index","follow":"follow","max-snippet":"max-snippet:-1","max-image-preview":"max-image-preview:large","max-video-preview":"max-video-preview:-1"},"canonical":"https:\/\/www.camping-lyon.com\/nl\/regio\/","og_locale":"nl_NL","og_type":"article","og_title":"Ontdek de regio Lyon | De camping van Lyon","og_description":"De stad Lyon staat op de Werelderfgoedlijst van UNESCO en geniet een bevoorrechte positie in het hart van de Rh\u00f4ne-vallei. Ontdek deze unieke stad!","og_url":"https:\/\/www.camping-lyon.com\/nl\/regio\/","og_site_name":"Camping de Lyon","article_modified_time":"2023-10-26T09:38:28+00:00","twitter_card":"summary_large_image","twitter_misc":{"Est. reading time":"4 minuten"},"schema":{"@context":"https:\/\/schema.org","@graph":[{"@type":"WebPage","@id":"https:\/\/www.camping-lyon.com\/nl\/regio\/","url":"https:\/\/www.camping-lyon.com\/nl\/regio\/","name":"Ontdek de regio Lyon | De camping van Lyon","isPartOf":{"@id":"https:\/\/www.camping-lyon.com\/nl\/#website"},"datePublished":"2018-01-04T16:29:53+00:00","dateModified":"2023-10-26T09:38:28+00:00","description":"De stad Lyon staat op de Werelderfgoedlijst van UNESCO en geniet een bevoorrechte positie in het hart van de Rh\u00f4ne-vallei. Ontdek deze unieke stad!","breadcrumb":{"@id":"https:\/\/www.camping-lyon.com\/nl\/regio\/#breadcrumb"},"inLanguage":"nl","potentialAction":[{"@type":"ReadAction","target":["https:\/\/www.camping-lyon.com\/nl\/regio\/"]}]},{"@type":"BreadcrumbList","@id":"https:\/\/www.camping-lyon.com\/nl\/regio\/#breadcrumb","itemListElement":[{"@type":"ListItem","position":1,"name":"Accueil","item":"https:\/\/www.camping-lyon.com\/nl\/"},{"@type":"ListItem","position":2,"name":"R\u00e9gion"}]},{"@type":"WebSite","@id":"https:\/\/www.camping-lyon.com\/nl\/#website","url":"https:\/\/www.camping-lyon.com\/nl\/","name":"Camping de Lyon","description":"Un site utilisant Citykamp","potentialAction":[{"@type":"SearchAction","target":{"@type":"EntryPoint","urlTemplate":"https:\/\/www.camping-lyon.com\/nl\/?s={search_term_string}"},"query-input":{"@type":"PropertyValueSpecification","valueRequired":true,"valueName":"search_term_string"}}],"inLanguage":"nl"}]}},"_links":{"self":[{"href":"https:\/\/www.camping-lyon.com\/nl\/wp-json\/wp\/v2\/pages\/101","targetHints":{"allow":["GET"]}}],"collection":[{"href":"https:\/\/www.camping-lyon.com\/nl\/wp-json\/wp\/v2\/pages"}],"about":[{"href":"https:\/\/www.camping-lyon.com\/nl\/wp-json\/wp\/v2\/types\/page"}],"author":[{"embeddable":true,"href":"https:\/\/www.camping-lyon.com\/nl\/wp-json\/wp\/v2\/users\/1"}],"replies":[{"embeddable":true,"href":"https:\/\/www.camping-lyon.com\/nl\/wp-json\/wp\/v2\/comments?post=101"}],"version-history":[{"count":4,"href":"https:\/\/www.camping-lyon.com\/nl\/wp-json\/wp\/v2\/pages\/101\/revisions"}],"predecessor-version":[{"id":12556,"href":"https:\/\/www.camping-lyon.com\/nl\/wp-json\/wp\/v2\/pages\/101\/revisions\/12556"}],"wp:attachment":[{"href":"https:\/\/www.camping-lyon.com\/nl\/wp-json\/wp\/v2\/media?parent=101"}],"curies":[{"name":"wp","href":"https:\/\/api.w.org\/{rel}","templated":true}]}}