{"id":11026,"date":"2021-11-07T15:50:38","date_gmt":"2021-11-07T14:50:38","guid":{"rendered":"https:\/\/www.camping-lyon.com\/sejour\/"},"modified":"2025-03-07T10:43:04","modified_gmt":"2025-03-07T09:43:04","slug":"sejour","status":"publish","type":"page","link":"https:\/\/www.camping-lyon.com\/nl\/sejour\/","title":{"rendered":"Mijn verblijf"},"content":{"rendered":"<div class=\"wpb-content-wrapper\"><p>[vc_row css=&#8221;.vc_custom_1636383389128{background-color: #e8e8e8 !important;}&#8221;][vc_column]<div class=\"wrappedcontent\">[vc_empty_space height=&#8221;40px&#8221;][vc_column_text]<\/p>\n<h2>Alle praktische informatie voor uw verblijf<\/h2>\n<p>[\/vc_column_text]<\/div>[\/vc_column][\/vc_row][vc_row][vc_column]<div class=\"wrappedcontent\">[vc_row_inner equal_height=&#8221;yes&#8221; gap=&#8221;35&#8243; css=&#8221;.vc_custom_1643901256717{margin-left: -0.5px !important;}&#8221;][vc_column_inner width=&#8221;1\/2&#8243;][vc_icon icon_fontawesome=&#8221;fas fa-campground&#8221; color=&#8221;custom&#8221; align=&#8221;center&#8221; custom_color=&#8221;#e94e1b&#8221;][vc_column_text]<\/p>\n<p style=\"text-align: center;\"><span style=\"color: #e94e1b;\"><strong><span style=\"font-size: 20pt;\">Mijn verblijf op een kampeerplaats<\/span><\/strong><\/span><\/p>\n<p>[\/vc_column_text][vc_empty_space height=&#8221;35px&#8221;][vc_column_text]<span style=\"font-size: 14pt;\"><strong>Wat is inbegrepen bij mijn camping boeking?\u00a0<\/strong><\/span><\/p>\n<ul>\n<li>2 personen<\/li>\n<li>1 instalatie (tent of caravan)<\/li>\n<li>1 voertuig (1 auto of motor) OF 1 camper\/busje<\/li>\n<li>Een camper serviceruimte<\/li>\n<li>Wifi<\/li>\n<\/ul>\n<p><span style=\"font-size: 12pt;\"><b>\u00a0 \u00a0 \u00a0 Met als extra&#8217;s:<\/b><\/span><\/p>\n<ul>\n<li>Elektrische aansluiting<\/li>\n<li>Tot 6 personen (volwassenen, kinderen en baby&#8217;s) per kampeerplaats<\/li>\n<li>Slechts 1 huisdier toegestaan<\/li>\n<li>1 bijzettentje (2m x 2m)<\/li>\n<li>Voorkeurskosten (Reserveer een specifiek plaatsnummer)<\/li>\n<\/ul>\n<p><span style=\"font-size: 14pt;\"><strong>Betalingsvoorwaarden<\/strong><\/span><\/p>\n<ul>\n<li><span style=\"font-size: 12pt;\">Voor 3 nachten of meer: Aanbetaling van 40% bij de reservering, betaling van het resterende bedrag \u00e9\u00e9n maand v\u00f3\u00f3r de aankomstdatum.<\/span><\/li>\n<li><span style=\"font-size: 12pt;\">Voor 1 of 2 nachten, 100% van de kosten van het verblijf bij reservering.<\/span><\/li>\n<\/ul>\n<p><strong>Wijziging<\/strong>: tot 30 dagen voor aankomst kost een wijziging \u20ac50.<br \/>\n<strong>Annulering:\u00a0<\/strong> tot 30 dagen met reserveringskosten: aanbetaling van 40% van de totale verblijfskosten + verzekeringspolis + reserveringskosten. Na D-30 wordt het verblijf niet terugbetaald.<\/p>\n<p><span style=\"font-size: 14pt;\"><strong>Aankomst- en vertrektijden<\/strong><\/span><br \/>\n<span style=\"font-size: 12pt;\">Aankomsttijd: 14.00 uur \/ Vertrektijd: 12.00 uur<\/span>[\/vc_column_text][\/vc_column_inner][vc_column_inner width=&#8221;1\/2&#8243;][vc_icon icon_fontawesome=&#8221;fas fa-home&#8221; color=&#8221;custom&#8221; align=&#8221;center&#8221; custom_color=&#8221;#e94e1b&#8221;][vc_column_text]<\/p>\n<p style=\"text-align: center;\"><span style=\"color: #e94e1b;\"><strong><span style=\"font-size: 20pt;\">Mijn verblijf in een accommodatie<\/span><\/strong><\/span><\/p>\n<p>[\/vc_column_text][vc_empty_space height=&#8221;35px&#8221;][vc_column_text]<span style=\"font-size: 14pt;\"><strong>Wat is inbegrepen bij mijn accommodatie:<\/strong><\/span><\/p>\n<ul>\n<li>Lakens en handdoeken<\/li>\n<li>Schoonmaakset (spons, afwasmiddel, allesreiniger)<\/li>\n<li>TV (met uitzondering van ingerichte tenten en Cahuttes)<\/li>\n<li>Wifi<\/li>\n<li>Elektriciteit<\/li>\n<li>1 voertuig<\/li>\n<\/ul>\n<p><span style=\"font-size: 12pt;\"><b>\u00a0 \u00a0 \u00a0 Met als extra&#8217;s:<\/b><\/span><\/p>\n<ul>\n<li>Slechts 1 dier toegestaan<\/li>\n<li>Schoonmaak aan het einde van het verblijf<\/li>\n<li>Voorkeurskosten (Boek een specifiek accommodatienummer)<\/li>\n<\/ul>\n<p><span style=\"font-size: 14pt;\"><strong>Betalingsvoorwaarden<\/strong><\/span><\/p>\n<ul>\n<li>Aanbetaling van 40% bij reservering, restant te betalen \u00e9\u00e9n maand voor aankomst.<\/li>\n<\/ul>\n<p><strong>Wijziging<\/strong>: tot 30 dagen voor aankomst kost een wijziging \u20ac50.<br \/>\n<strong>Annulering:\u00a0<\/strong> tot 30 dagen met reserveringskosten: aanbetaling van 40% van de totale verblijfskosten + verzekeringspolis + reserveringskosten. Na D-30 wordt het verblijf niet terugbetaald.<\/p>\n<p><span style=\"font-size: 14pt;\"><strong>Aankomst- en vertrektijden<\/strong><\/span><br \/>\n<span style=\"font-size: 12pt;\">Aankomsttijd: 16.00 uur \/ Vertrektijd: 10.00 uur<\/span>[\/vc_column_text][vc_empty_space height=&#8221;35px&#8221;][\/vc_column_inner][\/vc_row_inner][vc_column_text]<\/p>\n<p><em><span style=\"font-size: 10pt;\">\u00a0Voor de rust op onze terreinen is het parkeren van slechts \u00e9\u00e9n voertuig op de camping toegestaan (op de parkeerplaats of op de staanplaats). Alle extra voertuigen moeten buiten parkeren.<\/span><\/em><\/p>\n<p>[\/vc_column_text][vc_empty_space height=&#8221;45px&#8221;][vc_column_text]<\/p>\n<p style=\"text-align: center;\"><span style=\"font-size: 18pt; color: #e94e1b;\"><strong>BIJKOMENDE TARIEVEN<\/strong><\/span><\/p>\n<p>[\/vc_column_text][vc_empty_space height=&#8221;35px&#8221;][vc_row_inner equal_height=&#8221;yes&#8221; gap=&#8221;35&#8243; css=&#8221;.vc_custom_1637327881153{margin-left: -0.5px !important;}&#8221;][vc_column_inner width=&#8221;1\/5&#8243;][vc_icon icon_fontawesome=&#8221;fas fa-bed&#8221; color=&#8221;custom&#8221; align=&#8221;center&#8221; custom_color=&#8221;#e84e1b&#8221;][vc_column_text]<\/p>\n<p style=\"text-align: center;\"><strong>Mogelijkheid om de bedden op te laten maken bij aankomst<\/strong><\/p>\n<p>[\/vc_column_text][\/vc_column_inner][vc_column_inner width=&#8221;1\/5&#8243;][vc_icon type=&#8221;material&#8221; icon_material=&#8221;vc-material vc-material-kitchen&#8221; color=&#8221;custom&#8221; align=&#8221;center&#8221; custom_color=&#8221;#e84e1b&#8221;][vc_column_text]<\/p>\n<p style=\"text-align: center;\"><strong>Verhuur van barbecue en koelkast<\/strong><\/p>\n<p>[\/vc_column_text][\/vc_column_inner][vc_column_inner width=&#8221;1\/5&#8243;][vc_icon icon_fontawesome=&#8221;fas fa-baby-carriage&#8221; color=&#8221;custom&#8221; align=&#8221;center&#8221; custom_color=&#8221;#e84e1b&#8221;][vc_column_text]<\/p>\n<p style=\"text-align: center;\"><strong>Baby-pakket (opklapbed + kinderstoel)<\/strong><\/p>\n<p>[\/vc_column_text][\/vc_column_inner][vc_column_inner width=&#8221;1\/5&#8243;][vc_icon type=&#8221;material&#8221; icon_material=&#8221;vc-material vc-material-local_laundry_service&#8221; color=&#8221;custom&#8221; align=&#8221;center&#8221; custom_color=&#8221;#e84e1b&#8221;][vc_column_text]<\/p>\n<p style=\"text-align: center;\"><strong>Wasserette<\/strong><\/p>\n<p>[\/vc_column_text][\/vc_column_inner][vc_column_inner width=&#8221;1\/5&#8243;][vc_icon icon_fontawesome=&#8221;fas fa-broom&#8221; color=&#8221;custom&#8221; align=&#8221;center&#8221; custom_color=&#8221;#e84e1b&#8221;][vc_column_text]<\/p>\n<p style=\"text-align: center;\"><strong>Huishoudpakket<\/strong><\/p>\n<p>[\/vc_column_text][\/vc_column_inner][\/vc_row_inner]<div class=\"text-center btnwrap\"><a class=\"btn btn-huttopia-cta\" href=\"http:\/\/checkout.citykamp.com\/site\/nl\/7\" role=\"button\" target=\"\" onclick=\"dataLayer.push({'event':'clickCity', 'clickText':'Boek uw verblijf'})\">Boek uw verblijf<\/a><\/div><\/div>[vc_single_image image=&#8221;10944&#8243; img_size=&#8221;1900&#215;300&#8243; alignment=&#8221;center&#8221;][\/vc_column][\/vc_row][vc_row][vc_column]<div class=\"wrappedcontent\">[vc_row_inner equal_height=&#8221;yes&#8221; gap=&#8221;35&#8243; css=&#8221;.vc_custom_1637316477647{margin-left: -0.5px !important;}&#8221;][vc_column_inner width=&#8221;1\/3&#8243;][vc_masonry_media_grid element_width=&#8221;12&#8243; gap=&#8221;0&#8243; grid_id=&#8221;vc_gid:1741340523517-22bb683e-d0d7-2&#8243; include=&#8221;10908&#8243;][\/vc_column_inner][vc_column_inner width=&#8221;2\/3&#8243;][vc_column_text]<span style=\"color: #e94e1b;\"><strong><span style=\"font-size: 16pt;\">Huisdieren zijn welkom!<\/span><\/strong><\/span><\/p>\n<p><span style=\"font-size: 14pt;\">Wij accepteren \u00e9\u00e9n huisdier per kampeerplaats of accommodatie.<\/span><br \/>\n<span style=\"font-size: 14pt;\">Ze moeten aangelijnd en gevaccineerd zijn.<\/span>[\/vc_column_text][\/vc_column_inner][\/vc_row_inner]<\/div>[\/vc_column][\/vc_row][vc_row css=&#8221;.vc_custom_1636382868053{background-color: #e94e1b !important;}&#8221;][vc_column css=&#8221;.vc_custom_1636383118822{margin-top: -40px !important;margin-bottom: -40px !important;}&#8221;]<div class=\"wrappedcontent\">[vc_row_inner equal_height=&#8221;yes&#8221; gap=&#8221;35&#8243; css=&#8221;.vc_custom_1636381152938{margin-top: -10px !important;margin-bottom: -10px !important;margin-left: -0.5px !important;}&#8221;][vc_column_inner width=&#8221;1\/3&#8243;][vc_icon icon_fontawesome=&#8221;fas fa-wallet&#8221; color=&#8221;custom&#8221; align=&#8221;center&#8221; css=&#8221;.vc_custom_1636380904594{margin-bottom: -5px !important;}&#8221; custom_color=&#8221;#ffffff&#8221;][vc_column_text]<\/p>\n<p style=\"text-align: center;\"><span style=\"font-size: 14pt; color: #ffffff;\"><strong>RESERVERINGSKOSTEN<\/strong><\/span><\/p>\n<p style=\"text-align: center;\"><span style=\"color: #ffffff;\">22\u20ac voor een verblijf tussen 28\/06 en 31\/08<br \/>\nDe rest van het jaar gratis<\/span><\/p>\n<p>[\/vc_column_text][\/vc_column_inner][vc_column_inner width=&#8221;1\/3&#8243;][vc_icon icon_fontawesome=&#8221;fas fa-briefcase&#8221; color=&#8221;custom&#8221; align=&#8221;center&#8221; css=&#8221;.vc_custom_1637314778995{margin-bottom: -5px !important;}&#8221; custom_color=&#8221;#ffffff&#8221;][vc_column_text]<\/p>\n<p style=\"text-align: center;\"><span style=\"font-size: 14pt; color: #ffffff;\"><strong>ANNULERINGSVERZEKERING<\/strong><\/span><\/p>\n<p style=\"text-align: center;\"><span style=\"color: #ffffff;\">Annulerings- en verblijfsonderbrekingsverzekering<br \/>\n4,5% van het totaalbedrag van uw verblijf (exclusief reserveringskosten en toeristenbelasting).<\/span><\/p>\n<p>[\/vc_column_text][\/vc_column_inner][vc_column_inner width=&#8221;1\/3&#8243;][vc_icon icon_fontawesome=&#8221;fas fa-tags&#8221; color=&#8221;custom&#8221; align=&#8221;center&#8221; css=&#8221;.vc_custom_1636380925042{margin-bottom: -5px !important;}&#8221; custom_color=&#8221;#ffffff&#8221;][vc_column_text]<\/p>\n<p style=\"text-align: center;\"><span style=\"font-size: 14pt; color: #ffffff;\"><strong>BIJKOMENDE TARIEVEN<\/strong><\/span><\/p>\n<p style=\"text-align: center;\"><a href=\"https:\/\/media.huttopia.com\/tarifs-annexes-citykamp-nl.pdf\" target=\"_blank\" rel=\"noopener noreferrer\"><span style=\"color: #ffffff;\"><u>Raadpleeg de bijgevoegde tarievenlijst<\/u><\/span><\/a><\/p>\n<p>[\/vc_column_text][\/vc_column_inner][\/vc_row_inner]<\/div>[\/vc_column][\/vc_row][vc_row][vc_column css=&#8221;.vc_custom_1636383246509{margin-top: -40px !important;margin-bottom: -40px !important;}&#8221;]<div class=\"wrappedcontent\">[vc_row_inner equal_height=&#8221;yes&#8221; gap=&#8221;30&#8243; css=&#8221;.vc_custom_1678817983585{background-color: rgba(232,78,27,0.2) !important;*background-color: rgb(232,78,27) !important;}&#8221;][vc_column_inner width=&#8221;1\/3&#8243;][vc_masonry_media_grid element_width=&#8221;12&#8243; gap=&#8221;0&#8243; grid_id=&#8221;vc_gid:1741340523523-11614668-99c0-9&#8243; include=&#8221;11942&#8243;][\/vc_column_inner][vc_column_inner width=&#8221;2\/3&#8243;][vc_column_text css=&#8221;&#8221;]<\/p>\n<h2><span style=\"color: #e94e1b;\">CAMPING CARD<\/span><\/h2>\n<p><span style=\"font-size: 12pt;\">Kamperen vanaf <span style=\"color: #e84e1b;\"><strong>15\u20ac<\/strong><\/span>* per nacht met de <a href=\"https:\/\/www.citykamp.com\/nl\/camping-card\/\"><span style=\"text-decoration: underline;\"><span style=\"color: #e84e1b;\">Camping Card<\/span><\/span><\/a>\u00a0Huttopia.<\/span><br \/>\n<span style=\"font-size: 12pt;\">Profiteer van voordeeltarieven en gratis nachten in het voor- en naseizoen, bij alle campings <span style=\"text-decoration: underline;\"><span style=\"color: #e94e1b; text-decoration: underline;\"><a style=\"color: #e94e1b; text-decoration: underline;\" href=\"https:\/\/www.citykamp.com\/nl\/bestemmingen\/\">Citykamp<\/a><\/span><\/span>, <span style=\"text-decoration: underline;\"><span style=\"color: #e94e1b; text-decoration: underline;\"><a style=\"color: #e94e1b; text-decoration: underline;\" href=\"https:\/\/www.onlycamp.fr\/nl\/\">Onlycamp<\/a><\/span><\/span> en <span style=\"text-decoration: underline; color: #e94e1b;\"><a style=\"color: #e94e1b; text-decoration: underline;\" href=\"https:\/\/europe.huttopia.com\/nl\/destinations\/campings\/\">Huttopia campings<\/a><\/span>.<\/span><\/p>\n<p><span style=\"font-size: 10pt;\"><em>*Inclusief: 1 standplaats met elektriciteit voor 2 personen (+ gratis huisdier)<\/em><\/span>[\/vc_column_text][vc_empty_space]<div class=\" btnwrap\"><a class=\"btn btn-huttopia-cta\" href=\"https:\/\/www.citykamp.com\/camping-card\/nl\" role=\"button\" target=\"true\" onclick=\"dataLayer.push({'event':'clickCity', 'clickText':'IK GENIET ERVAN'})\">IK GENIET ERVAN<\/a><\/div>[\/vc_column_inner][\/vc_row_inner]<\/div>[\/vc_column][\/vc_row]<\/p>\n<\/div>","protected":false},"excerpt":{"rendered":"<p>[vc_row css=&#8221;.vc_custom_1636383389128{background-color: #e8e8e8 !important;}&#8221;][vc_column][\/vc_column][\/vc_row][vc_row][vc_column][vc_single_image image=&#8221;10944&#8243; img_size=&#8221;1900&#215;300&#8243; alignment=&#8221;center&#8221;][\/vc_column][\/vc_row][vc_row][vc_column][\/vc_column][\/vc_row][vc_row css=&#8221;.vc_custom_1636382868053{background-color: #e94e1b !important;}&#8221;][vc_column css=&#8221;.vc_custom_1636383118822{margin-top: -40px !important;margin-bottom: -40px !important;}&#8221;][\/vc_column][\/vc_row][vc_row][vc_column css=&#8221;.vc_custom_1636383246509{margin-top: -40px !important;margin-bottom: -40px !important;}&#8221;][\/vc_column][\/vc_row]<\/p>\n","protected":false},"author":1,"featured_media":0,"parent":0,"menu_order":0,"comment_status":"closed","ping_status":"closed","template":"","meta":{"footnotes":""},"class_list":["post-11026","page","type-page","status-publish","hentry"],"yoast_head":"<!-- This site is optimized with the Yoast SEO plugin v25.6 - https:\/\/yoast.com\/wordpress\/plugins\/seo\/ -->\n<title>Mijn verblijf - Camping de Lyon<\/title>\n<meta name=\"description\" content=\"Alle praktische informatie voor uw verblijf\" \/>\n<meta name=\"robots\" content=\"noindex, nofollow\" \/>\n<meta property=\"og:locale\" content=\"nl_NL\" \/>\n<meta property=\"og:type\" content=\"article\" \/>\n<meta property=\"og:title\" content=\"Mijn verblijf - Camping de Lyon\" \/>\n<meta property=\"og:description\" content=\"Alle praktische informatie voor uw verblijf\" \/>\n<meta property=\"og:url\" content=\"https:\/\/www.camping-lyon.com\/nl\/sejour\/\" \/>\n<meta property=\"og:site_name\" content=\"Camping de Lyon\" \/>\n<meta property=\"article:modified_time\" content=\"2025-03-07T09:43:04+00:00\" \/>\n<meta name=\"twitter:card\" content=\"summary_large_image\" \/>\n<meta name=\"twitter:label1\" content=\"Est. reading time\" \/>\n\t<meta name=\"twitter:data1\" content=\"4 minuten\" \/>\n<script type=\"application\/ld+json\" class=\"yoast-schema-graph\">{\"@context\":\"https:\/\/schema.org\",\"@graph\":[{\"@type\":\"WebPage\",\"@id\":\"https:\/\/www.camping-lyon.com\/nl\/sejour\/\",\"url\":\"https:\/\/www.camping-lyon.com\/nl\/sejour\/\",\"name\":\"Mijn verblijf - Camping de Lyon\",\"isPartOf\":{\"@id\":\"https:\/\/www.camping-lyon.com\/nl\/#website\"},\"datePublished\":\"2021-11-07T14:50:38+00:00\",\"dateModified\":\"2025-03-07T09:43:04+00:00\",\"description\":\"Alle praktische informatie voor uw verblijf\",\"breadcrumb\":{\"@id\":\"https:\/\/www.camping-lyon.com\/nl\/sejour\/#breadcrumb\"},\"inLanguage\":\"nl\",\"potentialAction\":[{\"@type\":\"ReadAction\",\"target\":[\"https:\/\/www.camping-lyon.com\/nl\/sejour\/\"]}]},{\"@type\":\"BreadcrumbList\",\"@id\":\"https:\/\/www.camping-lyon.com\/nl\/sejour\/#breadcrumb\",\"itemListElement\":[{\"@type\":\"ListItem\",\"position\":1,\"name\":\"Accueil\",\"item\":\"https:\/\/www.camping-lyon.com\/nl\/\"},{\"@type\":\"ListItem\",\"position\":2,\"name\":\"Mijn verblijf\"}]},{\"@type\":\"WebSite\",\"@id\":\"https:\/\/www.camping-lyon.com\/nl\/#website\",\"url\":\"https:\/\/www.camping-lyon.com\/nl\/\",\"name\":\"Camping de Lyon\",\"description\":\"Un site utilisant Citykamp\",\"potentialAction\":[{\"@type\":\"SearchAction\",\"target\":{\"@type\":\"EntryPoint\",\"urlTemplate\":\"https:\/\/www.camping-lyon.com\/nl\/?s={search_term_string}\"},\"query-input\":{\"@type\":\"PropertyValueSpecification\",\"valueRequired\":true,\"valueName\":\"search_term_string\"}}],\"inLanguage\":\"nl\"}]}<\/script>\n<!-- \/ Yoast SEO plugin. -->","yoast_head_json":{"title":"Mijn verblijf - Camping de Lyon","description":"Alle praktische informatie voor uw verblijf","robots":{"index":"noindex","follow":"nofollow"},"og_locale":"nl_NL","og_type":"article","og_title":"Mijn verblijf - Camping de Lyon","og_description":"Alle praktische informatie voor uw verblijf","og_url":"https:\/\/www.camping-lyon.com\/nl\/sejour\/","og_site_name":"Camping de Lyon","article_modified_time":"2025-03-07T09:43:04+00:00","twitter_card":"summary_large_image","twitter_misc":{"Est. reading time":"4 minuten"},"schema":{"@context":"https:\/\/schema.org","@graph":[{"@type":"WebPage","@id":"https:\/\/www.camping-lyon.com\/nl\/sejour\/","url":"https:\/\/www.camping-lyon.com\/nl\/sejour\/","name":"Mijn verblijf - Camping de Lyon","isPartOf":{"@id":"https:\/\/www.camping-lyon.com\/nl\/#website"},"datePublished":"2021-11-07T14:50:38+00:00","dateModified":"2025-03-07T09:43:04+00:00","description":"Alle praktische informatie voor uw verblijf","breadcrumb":{"@id":"https:\/\/www.camping-lyon.com\/nl\/sejour\/#breadcrumb"},"inLanguage":"nl","potentialAction":[{"@type":"ReadAction","target":["https:\/\/www.camping-lyon.com\/nl\/sejour\/"]}]},{"@type":"BreadcrumbList","@id":"https:\/\/www.camping-lyon.com\/nl\/sejour\/#breadcrumb","itemListElement":[{"@type":"ListItem","position":1,"name":"Accueil","item":"https:\/\/www.camping-lyon.com\/nl\/"},{"@type":"ListItem","position":2,"name":"Mijn verblijf"}]},{"@type":"WebSite","@id":"https:\/\/www.camping-lyon.com\/nl\/#website","url":"https:\/\/www.camping-lyon.com\/nl\/","name":"Camping de Lyon","description":"Un site utilisant Citykamp","potentialAction":[{"@type":"SearchAction","target":{"@type":"EntryPoint","urlTemplate":"https:\/\/www.camping-lyon.com\/nl\/?s={search_term_string}"},"query-input":{"@type":"PropertyValueSpecification","valueRequired":true,"valueName":"search_term_string"}}],"inLanguage":"nl"}]}},"_links":{"self":[{"href":"https:\/\/www.camping-lyon.com\/nl\/wp-json\/wp\/v2\/pages\/11026","targetHints":{"allow":["GET"]}}],"collection":[{"href":"https:\/\/www.camping-lyon.com\/nl\/wp-json\/wp\/v2\/pages"}],"about":[{"href":"https:\/\/www.camping-lyon.com\/nl\/wp-json\/wp\/v2\/types\/page"}],"author":[{"embeddable":true,"href":"https:\/\/www.camping-lyon.com\/nl\/wp-json\/wp\/v2\/users\/1"}],"replies":[{"embeddable":true,"href":"https:\/\/www.camping-lyon.com\/nl\/wp-json\/wp\/v2\/comments?post=11026"}],"version-history":[{"count":5,"href":"https:\/\/www.camping-lyon.com\/nl\/wp-json\/wp\/v2\/pages\/11026\/revisions"}],"predecessor-version":[{"id":13275,"href":"https:\/\/www.camping-lyon.com\/nl\/wp-json\/wp\/v2\/pages\/11026\/revisions\/13275"}],"wp:attachment":[{"href":"https:\/\/www.camping-lyon.com\/nl\/wp-json\/wp\/v2\/media?parent=11026"}],"curies":[{"name":"wp","href":"https:\/\/api.w.org\/{rel}","templated":true}]}}